{"id":46184,"date":"2026-01-14T10:19:57","date_gmt":"2026-01-14T10:19:57","guid":{"rendered":"https:\/\/mps.digital-monkey.in\/product\/volvo-penta-umwaelzpumpe-dichtungssatz-826870-md21b-aqd21b\/"},"modified":"2026-01-14T10:19:57","modified_gmt":"2026-01-14T10:19:57","slug":"volvo-penta-umwaelzpumpe-dichtungssatz-826870-md21b-aqd21b","status":"publish","type":"product","link":"https:\/\/mps.digital-monkey.in\/de\/product\/volvo-penta-umwaelzpumpe-dichtungssatz-826870-md21b-aqd21b\/","title":{"rendered":"Volvo Penta Umw\u00e4lzpumpe Dichtungssatz 826870 | MD21B \/ AQD21B"},"content":{"rendered":"<p data-start=\"488\" data-end=\"833\">Der <strong data-start=\"492\" data-end=\"544\">Volvo Penta Dichtungssatz 826870 f\u00fcr die Umw\u00e4lzpumpe<\/strong> wurde entwickelt, um eine zuverl\u00e4ssige Abdichtung zu gew\u00e4hrleisten, wenn die <strong data-start=\"618\" data-end=\"645\">Umw\u00e4lzpumpe<\/strong> von <strong data-start=\"649\" data-end=\"703\">Volvo Penta MD21B und AQD21B Schiffsdieselmotoren<\/strong> gewartet oder umgebaut wird. Dieser Dichtungssatz enth\u00e4lt die erforderlichen Dichtungen, um ein Auslaufen der K\u00fchlfl\u00fcssigkeit zu verhindern und eine ordnungsgem\u00e4\u00dfe Zirkulation der K\u00fchlfl\u00fcssigkeit durch den Motor zu gew\u00e4hrleisten. <\/p>\n<p data-start=\"835\" data-end=\"1127\">Die korrekte Abdichtung der Umw\u00e4lzpumpe ist entscheidend f\u00fcr die Aufrechterhaltung der korrekten Motortemperatur und die Vermeidung von K\u00fchlmittelverlusten. Dieser Dichtungssatz wird nach OEM-\u00e4quivalenten Spezifikationen hergestellt und gew\u00e4hrleistet eine genaue Passgenauigkeit, dauerhafte Leistung und einen zuverl\u00e4ssigen Betrieb in anspruchsvollen Marineumgebungen. <\/p>\n<h2 data-start=\"1134\" data-end=\"1151\">Produkttyp<\/h2>\n<p data-start=\"1152\" data-end=\"1181\">Dichtungssatz f\u00fcr die Umw\u00e4lzpumpe<\/p>\n<h2 data-start=\"1188\" data-end=\"1204\">Teilenummer<\/h2>\n<p data-start=\"1205\" data-end=\"1213\">826870<\/p>\n<h2 data-start=\"1220\" data-end=\"1238\">Kompatibilit\u00e4t<\/h2>\n<p data-start=\"1239\" data-end=\"1274\">Geeignet f\u00fcr Volvo Penta Motoren:<\/p>\n<ul data-start=\"1275\" data-end=\"1301\">\n<li data-start=\"1275\" data-end=\"1288\">\n<p data-start=\"1277\" data-end=\"1288\"><strong data-start=\"1277\" data-end=\"1286\">MD21B<\/strong><\/p>\n<\/li>\n<li data-start=\"1289\" data-end=\"1301\">\n<p data-start=\"1291\" data-end=\"1301\"><strong data-start=\"1291\" data-end=\"1301\">AQD21B<\/strong><\/p>\n<\/li>\n<\/ul>\n<h2 data-start=\"1308\" data-end=\"1324\">Anwendung<\/h2>\n<ul data-start=\"1325\" data-end=\"1441\">\n<li data-start=\"1325\" data-end=\"1368\">\n<p data-start=\"1327\" data-end=\"1368\">Wartung und \u00dcberholung der Zirkulationspumpe<\/p>\n<\/li>\n<li data-start=\"1369\" data-end=\"1412\">\n<p data-start=\"1371\" data-end=\"1412\">Austausch der Dichtungen der Umw\u00e4lzpumpe<\/p>\n<\/li>\n<li data-start=\"1413\" data-end=\"1441\">\n<p data-start=\"1415\" data-end=\"1441\">Verhindert das Auslaufen von K\u00fchlmittel<\/p>\n<\/li>\n<\/ul>\n","protected":false},"excerpt":{"rendered":"<p>Der Volvo Penta Dichtungssatz 826870 f\u00fcr die Umw\u00e4lzpumpe wurde entwickelt, um eine zuverl\u00e4ssige Abdichtung zu gew\u00e4hrleisten, wenn die Umw\u00e4lzpumpe von Volvo Penta MD21B und AQD21B Schiffsdieselmotoren gewartet oder umgebaut wird. Dieser Dichtungssatz enth\u00e4lt die erforderlichen Dichtungen, um ein Auslaufen der K\u00fchlfl\u00fcssigkeit zu verhindern und eine ordnungsgem\u00e4\u00dfe Zirkulation der K\u00fchlfl\u00fcssigkeit durch den Motor zu gew\u00e4hrleisten. Die [&hellip;]<\/p>\n","protected":false},"featured_media":46185,"comment_status":"open","ping_status":"closed","template":"","meta":[],"product_brand":[4230],"product_cat":[2498,3037,3038,3215],"product_tag":[],"class_list":{"0":"post-46184","1":"product","2":"type-product","3":"status-publish","4":"has-post-thumbnail","6":"product_brand-volvo-penta","7":"product_cat-ersatzteile-fur-motoren","8":"product_cat-kits-fur-wartung-und-reparatur","9":"product_cat-motor-dichtungen","10":"product_cat-wasserpumpen-teile","11":"pa_condition-neu","12":"pa_model-aqd21b","13":"pa_model-md21","14":"pa_model-md21b","15":"pa_oem-or-aftermarket-aftermarket","17":"first","18":"instock","19":"taxable","20":"shipping-taxable","21":"purchasable","22":"product-type-simple"},"supplier_id":7294,"supplier_sku":"REC22126","barcode":null,"atum_controlled":true,"out_stock_date":null,"out_stock_threshold":null,"inheritable":false,"inbound_stock":0,"stock_on_hold":0,"sold_today":0,"sales_last_days":0,"reserved_stock":0,"customer_returns":0,"warehouse_damage":0,"lost_in_post":0,"other_logs":0,"out_stock_days":0,"lost_sales":0,"has_location":false,"update_date":"2026-03-05T15:28:14","atum_locations":[],"atum_stock_status":"instock","restock_status":false,"low_stock_amount":1,"sales_update_date":"2026-03-05T15:28:14","calc_backorders":0,"_links":{"self":[{"href":"https:\/\/mps.digital-monkey.in\/de\/wp-json\/wp\/v2\/product\/46184","targetHints":{"allow":["GET"]}}],"collection":[{"href":"https:\/\/mps.digital-monkey.in\/de\/wp-json\/wp\/v2\/product"}],"about":[{"href":"https:\/\/mps.digital-monkey.in\/de\/wp-json\/wp\/v2\/types\/product"}],"replies":[{"embeddable":true,"href":"https:\/\/mps.digital-monkey.in\/de\/wp-json\/wp\/v2\/comments?post=46184"}],"wp:featuredmedia":[{"embeddable":true,"href":"https:\/\/mps.digital-monkey.in\/de\/wp-json\/wp\/v2\/media\/46185"}],"wp:attachment":[{"href":"https:\/\/mps.digital-monkey.in\/de\/wp-json\/wp\/v2\/media?parent=46184"}],"wp:term":[{"taxonomy":"product_brand","embeddable":true,"href":"https:\/\/mps.digital-monkey.in\/de\/wp-json\/wp\/v2\/product_brand?post=46184"},{"taxonomy":"product_cat","embeddable":true,"href":"https:\/\/mps.digital-monkey.in\/de\/wp-json\/wp\/v2\/product_cat?post=46184"},{"taxonomy":"product_tag","embeddable":true,"href":"https:\/\/mps.digital-monkey.in\/de\/wp-json\/wp\/v2\/product_tag?post=46184"}],"curies":[{"name":"wp","href":"https:\/\/api.w.org\/{rel}","templated":true}]}}