{"id":46197,"date":"2026-01-14T13:07:38","date_gmt":"2026-01-14T13:07:38","guid":{"rendered":"https:\/\/mps.digital-monkey.in\/product\/volvo-penta-pleuellager-satz-std-875302-md21-aqd21\/"},"modified":"2026-01-14T13:07:38","modified_gmt":"2026-01-14T13:07:38","slug":"volvo-penta-pleuellager-satz-std-875302-md21-aqd21","status":"publish","type":"product","link":"https:\/\/mps.digital-monkey.in\/de\/produkt\/volvo-penta-pleuellager-satz-std-875302-md21-aqd21\/","title":{"rendered":"Volvo Penta Pleuellager-Satz STD 875302 | MD21 \/ AQD21"},"content":{"rendered":"<p data-start=\"544\" data-end=\"884\">Das <strong data-start=\"548\" data-end=\"610\">Volvo Penta Pleuellager-Set - Standard 875302 <\/strong>wurde entwickelt, um den zuverl\u00e4ssigen Betrieb der Pleuelstangen und der Kurbelwelle in den <strong data-start=\"693\" data-end=\"745\">Volvo Penta MD21 und AQD21 Schiffsdieselmotoren<\/strong> zu gew\u00e4hrleisten. Die Pleuellager sind wichtige Komponenten, die das korrekte \u00d6lspiel aufrechterhalten, die Reibung reduzieren und die reibungslose Kolbenbewegung unterst\u00fctzen. <\/p>\n<p data-start=\"886\" data-end=\"1252\">Dieser <strong data-start=\"891\" data-end=\"926\">Lagersatz in Standardgr\u00f6\u00dfe (STD)<\/strong> eignet sich f\u00fcr Motoren mit Kurbelwellen innerhalb der originalen Werkstoleranzen und ist ideal f\u00fcr die Verwendung bei Motor\u00fcberholungen, \u00dcberholungen des unteren Endes oder den Austausch von Lagern. Diese nach OEM-\u00e4quivalenten Spezifikationen gefertigten Lager bieten exakte Passgenauigkeit, Langlebigkeit und verl\u00e4ssliche Leistung unter maritimen Betriebsbedingungen. <\/p>\n<h2 data-start=\"1259\" data-end=\"1276\">Produkttyp<\/h2>\n<p data-start=\"1277\" data-end=\"1305\">Pleuellager-Satz<\/p>\n<h2 data-start=\"1312\" data-end=\"1329\">Gr\u00f6\u00dfe des Lagers<\/h2>\n<p data-start=\"1330\" data-end=\"1344\">Standard (STD)<\/p>\n<h2 data-start=\"1351\" data-end=\"1385\">Volvo Penta Referenz-Nummern<\/h2>\n<ul data-start=\"1386\" data-end=\"1428\">\n<li data-start=\"1386\" data-end=\"1400\">\n<p data-start=\"1388\" data-end=\"1400\"><strong data-start=\"1388\" data-end=\"1398\">875302<\/strong><\/p>\n<\/li>\n<li data-start=\"1401\" data-end=\"1415\">\n<p data-start=\"1403\" data-end=\"1415\"><strong data-start=\"1403\" data-end=\"1413\">818184<\/strong><\/p>\n<\/li>\n<li data-start=\"1416\" data-end=\"1428\">\n<p data-start=\"1418\" data-end=\"1428\"><strong data-start=\"1418\" data-end=\"1428\">875330<\/strong><\/p>\n<\/li>\n<\/ul>\n<h2 data-start=\"1435\" data-end=\"1453\">Kompatibilit\u00e4t<\/h2>\n<p data-start=\"1454\" data-end=\"1489\">Geeignet f\u00fcr Volvo Penta Motoren:<\/p>\n<ul data-start=\"1490\" data-end=\"1514\">\n<li data-start=\"1490\" data-end=\"1502\">\n<p data-start=\"1492\" data-end=\"1502\"><strong data-start=\"1492\" data-end=\"1500\">MD21<\/strong><\/p>\n<\/li>\n<li data-start=\"1503\" data-end=\"1514\">\n<p data-start=\"1505\" data-end=\"1514\"><strong data-start=\"1505\" data-end=\"1514\">AQD21<\/strong><\/p>\n<\/li>\n<\/ul>\n","protected":false},"excerpt":{"rendered":"<p>Das Volvo Penta Pleuellager-Set - Standard 875302 wurde entwickelt, um den zuverl\u00e4ssigen Betrieb der Pleuelstangen und der Kurbelwelle in den Volvo Penta MD21 und AQD21 Schiffsdieselmotoren zu gew\u00e4hrleisten. Die Pleuellager sind wichtige Komponenten, die das korrekte \u00d6lspiel aufrechterhalten, die Reibung reduzieren und die reibungslose Kolbenbewegung unterst\u00fctzen. Dieser Lagersatz in Standardgr\u00f6\u00dfe (STD) eignet sich f\u00fcr Motoren [&hellip;]<\/p>\n","protected":false},"featured_media":46198,"comment_status":"open","ping_status":"closed","template":"","meta":[],"product_brand":[4230],"product_cat":[2532],"product_tag":[],"class_list":{"0":"post-46197","1":"product","2":"type-product","3":"status-publish","4":"has-post-thumbnail","6":"product_brand-volvo-penta","7":"product_cat-motorenteile","8":"pa_condition-neu","9":"pa_model-aqd21","10":"pa_model-aqd21a","11":"pa_model-aqd21b","12":"pa_model-md21","13":"pa_model-md21a","14":"pa_model-md21b","15":"pa_oem-or-aftermarket-aftermarket","17":"first","18":"onbackorder","19":"taxable","20":"shipping-taxable","21":"purchasable","22":"product-type-simple"},"supplier_id":7294,"supplier_sku":"REC875302","barcode":null,"atum_controlled":true,"out_stock_date":"2026-01-14 13:07:42","out_stock_threshold":null,"inheritable":false,"inbound_stock":null,"stock_on_hold":null,"sold_today":null,"sales_last_days":null,"reserved_stock":null,"customer_returns":null,"warehouse_damage":null,"lost_in_post":null,"other_logs":null,"out_stock_days":0,"lost_sales":null,"has_location":false,"update_date":"2026-01-14T13:07:46","atum_locations":[],"atum_stock_status":"onbackorder","restock_status":false,"low_stock_amount":0,"sales_update_date":null,"calc_backorders":null,"_links":{"self":[{"href":"https:\/\/mps.digital-monkey.in\/de\/wp-json\/wp\/v2\/product\/46197","targetHints":{"allow":["GET"]}}],"collection":[{"href":"https:\/\/mps.digital-monkey.in\/de\/wp-json\/wp\/v2\/product"}],"about":[{"href":"https:\/\/mps.digital-monkey.in\/de\/wp-json\/wp\/v2\/types\/product"}],"replies":[{"embeddable":true,"href":"https:\/\/mps.digital-monkey.in\/de\/wp-json\/wp\/v2\/comments?post=46197"}],"wp:featuredmedia":[{"embeddable":true,"href":"https:\/\/mps.digital-monkey.in\/de\/wp-json\/wp\/v2\/media\/46198"}],"wp:attachment":[{"href":"https:\/\/mps.digital-monkey.in\/de\/wp-json\/wp\/v2\/media?parent=46197"}],"wp:term":[{"taxonomy":"product_brand","embeddable":true,"href":"https:\/\/mps.digital-monkey.in\/de\/wp-json\/wp\/v2\/product_brand?post=46197"},{"taxonomy":"product_cat","embeddable":true,"href":"https:\/\/mps.digital-monkey.in\/de\/wp-json\/wp\/v2\/product_cat?post=46197"},{"taxonomy":"product_tag","embeddable":true,"href":"https:\/\/mps.digital-monkey.in\/de\/wp-json\/wp\/v2\/product_tag?post=46197"}],"curies":[{"name":"wp","href":"https:\/\/api.w.org\/{rel}","templated":true}]}}