{"id":46233,"date":"2026-01-14T15:00:20","date_gmt":"2026-01-14T15:00:20","guid":{"rendered":"https:\/\/mps.digital-monkey.in\/product\/volvo-penta-pleuellager-satz-0-030%e2%80%b3-875331\/"},"modified":"2026-01-14T15:00:20","modified_gmt":"2026-01-14T15:00:20","slug":"volvo-penta-pleuellager-satz-0-030%e2%80%b3-875331","status":"publish","type":"product","link":"https:\/\/mps.digital-monkey.in\/de\/produkt\/volvo-penta-pleuellager-satz-0-030%e2%80%b3-875331\/","title":{"rendered":"Volvo Penta Pleuellager Satz 0.030\u2033- 875331"},"content":{"rendered":"<p data-start=\"541\" data-end=\"909\">Der <strong data-start=\"545\" data-end=\"614\">Volvo Penta Pleuellager-Satz - 0,030\u2033 \u00dcberma\u00df (875331)<\/strong> wurde f\u00fcr <strong data-start=\"631\" data-end=\"686\">Volvo Penta Schiffsdieselmotoren der Serien 29 und 32<\/strong> entwickelt, bei denen die Kurbelwellenzapfen <strong data-start=\"727\" data-end=\"755\">um 0,030 nachgeschliffen<\/strong> wurden. Pleuellager sind wichtige Komponenten, die das korrekte \u00d6lspiel aufrechterhalten, die Reibung reduzieren und einen reibungslosen Betrieb von Kolben und Kurbelwelle gew\u00e4hrleisten. <\/p>\n<p data-start=\"911\" data-end=\"1225\">Dieser <strong data-start=\"916\" data-end=\"947\">Lagersatz mit 0,030\u2033 \u00dcbergr\u00f6\u00dfe<\/strong> ist f\u00fcr professionelle Motor\u00fcberholungen und \u00dcberholungen des unteren Endes gedacht, wenn die Standardlager nicht mehr geeignet sind. Hergestellt nach OEM-\u00e4quivalenten Spezifikationen, bieten diese Lager exakte Passgenauigkeit, Langlebigkeit und verl\u00e4ssliche Leistung in anspruchsvollen maritimen Umgebungen. <\/p>\n<h2 data-start=\"1232\" data-end=\"1249\">Produkttyp<\/h2>\n<p data-start=\"1250\" data-end=\"1278\">Pleuellager-Satz<\/p>\n<h2 data-start=\"1285\" data-end=\"1301\">Teilenummer<\/h2>\n<p data-start=\"1302\" data-end=\"1310\">875331<\/p>\n<h2 data-start=\"1317\" data-end=\"1334\">Gr\u00f6\u00dfe des Lagers<\/h2>\n<p data-start=\"1335\" data-end=\"1366\">\u00dcberma\u00df <strong data-start=\"1344\" data-end=\"1364\">0,030\u2033. <\/strong> <\/p>\n<h2 data-start=\"1373\" data-end=\"1391\">Kompatibilit\u00e4t<\/h2>\n<p data-start=\"1392\" data-end=\"1427\">Geeignet f\u00fcr Volvo Penta Motoren:<\/p>\n<ul data-start=\"1428\" data-end=\"1510\">\n<li data-start=\"1428\" data-end=\"1441\">\n<p data-start=\"1430\" data-end=\"1441\"><strong data-start=\"1430\" data-end=\"1439\">AQD29<\/strong><\/p>\n<\/li>\n<li data-start=\"1442\" data-end=\"1456\">\n<p data-start=\"1444\" data-end=\"1456\"><strong data-start=\"1444\" data-end=\"1454\">AQD29A<\/strong><\/p>\n<\/li>\n<li data-start=\"1457\" data-end=\"1469\">\n<p data-start=\"1459\" data-end=\"1469\"><strong data-start=\"1459\" data-end=\"1467\">MD29<\/strong><\/p>\n<\/li>\n<li data-start=\"1470\" data-end=\"1483\">\n<p data-start=\"1472\" data-end=\"1483\"><strong data-start=\"1472\" data-end=\"1481\">MD29A<\/strong><\/p>\n<\/li>\n<li data-start=\"1484\" data-end=\"1498\">\n<p data-start=\"1486\" data-end=\"1498\"><strong data-start=\"1486\" data-end=\"1496\">AQD32A<\/strong><\/p>\n<\/li>\n<li data-start=\"1499\" data-end=\"1510\">\n<p data-start=\"1501\" data-end=\"1510\"><strong data-start=\"1501\" data-end=\"1510\">MD32A<\/strong><\/p>\n<\/li>\n<\/ul>\n","protected":false},"excerpt":{"rendered":"<p>Der Volvo Penta Pleuellager-Satz - 0,030\u2033 \u00dcberma\u00df (875331) wurde f\u00fcr Volvo Penta Schiffsdieselmotoren der Serien 29 und 32 entwickelt, bei denen die Kurbelwellenzapfen um 0,030 nachgeschliffen wurden. Pleuellager sind wichtige Komponenten, die das korrekte \u00d6lspiel aufrechterhalten, die Reibung reduzieren und einen reibungslosen Betrieb von Kolben und Kurbelwelle gew\u00e4hrleisten. Dieser Lagersatz mit 0,030\u2033 \u00dcbergr\u00f6\u00dfe ist f\u00fcr [&hellip;]<\/p>\n","protected":false},"featured_media":46234,"comment_status":"open","ping_status":"closed","template":"","meta":[],"product_brand":[4230],"product_cat":[2532],"product_tag":[],"class_list":{"0":"post-46233","1":"product","2":"type-product","3":"status-publish","4":"has-post-thumbnail","6":"product_brand-volvo-penta","7":"product_cat-motorenteile","8":"pa_condition-neu","9":"pa_model-aqd29","10":"pa_model-aqd32","11":"pa_model-md29","12":"pa_model-md32","13":"pa_oem-or-aftermarket-aftermarket","15":"first","16":"onbackorder","17":"taxable","18":"shipping-taxable","19":"purchasable","20":"product-type-simple"},"supplier_id":7294,"supplier_sku":"REC875331","barcode":null,"atum_controlled":true,"out_stock_date":"2026-01-14 15:00:26","out_stock_threshold":null,"inheritable":false,"inbound_stock":null,"stock_on_hold":null,"sold_today":null,"sales_last_days":null,"reserved_stock":null,"customer_returns":null,"warehouse_damage":null,"lost_in_post":null,"other_logs":null,"out_stock_days":0,"lost_sales":null,"has_location":false,"update_date":"2026-01-14T15:00:31","atum_locations":[],"atum_stock_status":"onbackorder","restock_status":false,"low_stock_amount":0,"sales_update_date":null,"calc_backorders":null,"_links":{"self":[{"href":"https:\/\/mps.digital-monkey.in\/de\/wp-json\/wp\/v2\/product\/46233","targetHints":{"allow":["GET"]}}],"collection":[{"href":"https:\/\/mps.digital-monkey.in\/de\/wp-json\/wp\/v2\/product"}],"about":[{"href":"https:\/\/mps.digital-monkey.in\/de\/wp-json\/wp\/v2\/types\/product"}],"replies":[{"embeddable":true,"href":"https:\/\/mps.digital-monkey.in\/de\/wp-json\/wp\/v2\/comments?post=46233"}],"wp:featuredmedia":[{"embeddable":true,"href":"https:\/\/mps.digital-monkey.in\/de\/wp-json\/wp\/v2\/media\/46234"}],"wp:attachment":[{"href":"https:\/\/mps.digital-monkey.in\/de\/wp-json\/wp\/v2\/media?parent=46233"}],"wp:term":[{"taxonomy":"product_brand","embeddable":true,"href":"https:\/\/mps.digital-monkey.in\/de\/wp-json\/wp\/v2\/product_brand?post=46233"},{"taxonomy":"product_cat","embeddable":true,"href":"https:\/\/mps.digital-monkey.in\/de\/wp-json\/wp\/v2\/product_cat?post=46233"},{"taxonomy":"product_tag","embeddable":true,"href":"https:\/\/mps.digital-monkey.in\/de\/wp-json\/wp\/v2\/product_tag?post=46233"}],"curies":[{"name":"wp","href":"https:\/\/api.w.org\/{rel}","templated":true}]}}