{"id":46243,"date":"2026-01-15T10:21:36","date_gmt":"2026-01-15T10:21:36","guid":{"rendered":"https:\/\/mps.digital-monkey.in\/product\/yanmar-auslassventil-1gm-2gm-3gm-serie-105225-11110\/"},"modified":"2026-02-10T16:43:18","modified_gmt":"2026-02-10T16:43:18","slug":"yanmar-auslassventil-1gm-2gm-3gm-serie-105225-11110","status":"publish","type":"product","link":"https:\/\/mps.digital-monkey.in\/de\/product\/yanmar-auslassventil-1gm-2gm-3gm-serie-105225-11110\/","title":{"rendered":"Yanmar Auslassventil 1GM \/ 2GM \/ 3GM Serie &#8211; 105225-11110"},"content":{"rendered":"<p data-start=\"484\" data-end=\"805\">as <strong data-start=\"488\" data-end=\"527\">Yanmar Auslassventil (105225-11110)<\/strong> wurde f\u00fcr den zuverl\u00e4ssigen Betrieb in <strong data-start=\"566\" data-end=\"608\">Yanmar-Schiffsdieselmotoren der GM-Serie<\/strong> entwickelt und gew\u00e4hrleistet eine ordnungsgem\u00e4\u00dfe Abgasabdichtung und eine effiziente Motorleistung. Auslassventile arbeiten unter hoher thermischer und mechanischer Belastung, so dass die Qualit\u00e4t der Materialien und die pr\u00e4zise Fertigung von entscheidender Bedeutung sind. <\/p>\n<p data-start=\"807\" data-end=\"1063\">Dieses Auslassventil wird nach OEM-\u00e4quivalenten Spezifikationen unter Verwendung hitzebest\u00e4ndiger Materialien hergestellt und bietet Haltbarkeit, korrekte Passform und lange Lebensdauer. Es eignet sich f\u00fcr den Einsatz bei der Wartung des Zylinderkopfs, dem Austausch von Ventilen oder der kompletten \u00dcberholung des Motors. <\/p>\n<hr data-start=\"1065\" data-end=\"1068\">\n<h2 data-start=\"1070\" data-end=\"1087\">Produkttyp<\/h2>\n<p data-start=\"1088\" data-end=\"1103\">Auslassventil<\/p>\n<h2 data-start=\"1110\" data-end=\"1126\">Teilenummer<\/h2>\n<p data-start=\"1127\" data-end=\"1141\">105225-11110<\/p>\n<h2 data-start=\"1148\" data-end=\"1166\">Kompatibilit\u00e4t<\/h2>\n<p data-start=\"1167\" data-end=\"1197\">Geeignet f\u00fcr Yanmar-Motoren:<\/p>\n<ul>\n<li>1GM<\/li>\n<li>1GM10<\/li>\n<li>1GM10C<\/li>\n<li>1GML<\/li>\n<li>2GM(F)<\/li>\n<li>2GM20<\/li>\n<li>2GM20-YEU<\/li>\n<li>2GM20F<\/li>\n<li>2GM20FC-YEU<\/li>\n<li>2GMFL<\/li>\n<li>2GML<\/li>\n<li>3GM(F)<\/li>\n<li>3GM30<\/li>\n<li>3GM30-YEU<\/li>\n<li>3GM30C-YEU<\/li>\n<li>3GM30F<\/li>\n<li>3GM30F-YEU<\/li>\n<li>3GM30FC-YEU<\/li>\n<li>3GMD<\/li>\n<li>3HM<\/li>\n<li>3HMF<\/li>\n<\/ul>\n","protected":false},"excerpt":{"rendered":"<p>as Yanmar Auslassventil (105225-11110) wurde f\u00fcr den zuverl\u00e4ssigen Betrieb in Yanmar-Schiffsdieselmotoren der GM-Serie entwickelt und gew\u00e4hrleistet eine ordnungsgem\u00e4\u00dfe Abgasabdichtung und eine effiziente Motorleistung. Auslassventile arbeiten unter hoher thermischer und mechanischer Belastung, so dass die Qualit\u00e4t der Materialien und die pr\u00e4zise Fertigung von entscheidender Bedeutung sind. Dieses Auslassventil wird nach OEM-\u00e4quivalenten Spezifikationen unter Verwendung hitzebest\u00e4ndiger Materialien [&hellip;]<\/p>\n","protected":false},"featured_media":46244,"comment_status":"open","ping_status":"closed","template":"","meta":[],"product_brand":[4236],"product_cat":[2796,2532,3155],"product_tag":[],"class_list":{"0":"post-46243","1":"product","2":"type-product","3":"status-publish","4":"has-post-thumbnail","6":"product_brand-yanmar","7":"product_cat-motorblock","8":"product_cat-motorenteile","9":"product_cat-ventile-zubehor","10":"pa_condition-neu","11":"pa_model-1gm","12":"pa_model-1gm10","13":"pa_model-1gm10c","14":"pa_model-1gmc","15":"pa_model-1gml","16":"pa_model-2gm","17":"pa_model-2gmf","18":"pa_model-2gm20","19":"pa_model-2gm20-yeu","20":"pa_model-2gm20f","21":"pa_model-2gm20f-yeu","22":"pa_model-2gm20fc-yeu","23":"pa_model-2gm20fv","24":"pa_model-2gm20fve","25":"pa_model-2gm20v","26":"pa_model-2gm20ve","28":"pa_model-2gmf-yeu","29":"pa_model-2gmfl","30":"pa_model-2gmfye","31":"pa_model-3gm","32":"pa_model-3gm30","33":"pa_model-3gm30-yeu","34":"pa_model-3gm30b","35":"pa_model-3gm30c","36":"pa_model-3gm30c-yeu","37":"pa_model-3gm30f","38":"pa_model-3gm30f-yeu","39":"pa_model-3gm30fc-yeu","40":"pa_model-3gm30fv","41":"pa_model-3gm30fve","42":"pa_model-3gm30v","43":"pa_model-3gm30ve","44":"pa_model-3gmd","45":"pa_model-3gmdf","46":"pa_model-3gmf","47":"pa_model-3gmfle","48":"pa_model-3gmfy-e","49":"pa_model-3gmfye-e","50":"pa_model-3hm","51":"pa_model-3hmf","52":"pa_oem-or-aftermarket-aftermarket","54":"first","55":"instock","56":"taxable","57":"shipping-taxable","58":"purchasable","59":"product-type-simple"},"supplier_id":7294,"supplier_sku":"REC105225-11110","barcode":null,"atum_controlled":true,"out_stock_date":null,"out_stock_threshold":null,"inheritable":false,"inbound_stock":0,"stock_on_hold":1,"sold_today":0,"sales_last_days":0,"reserved_stock":0,"customer_returns":0,"warehouse_damage":0,"lost_in_post":0,"other_logs":0,"out_stock_days":0,"lost_sales":0,"has_location":false,"update_date":"2026-03-05T15:28:14","atum_locations":[],"atum_stock_status":"instock","restock_status":false,"low_stock_amount":0,"sales_update_date":"2026-03-05T15:28:14","calc_backorders":0,"_links":{"self":[{"href":"https:\/\/mps.digital-monkey.in\/de\/wp-json\/wp\/v2\/product\/46243","targetHints":{"allow":["GET"]}}],"collection":[{"href":"https:\/\/mps.digital-monkey.in\/de\/wp-json\/wp\/v2\/product"}],"about":[{"href":"https:\/\/mps.digital-monkey.in\/de\/wp-json\/wp\/v2\/types\/product"}],"replies":[{"embeddable":true,"href":"https:\/\/mps.digital-monkey.in\/de\/wp-json\/wp\/v2\/comments?post=46243"}],"wp:featuredmedia":[{"embeddable":true,"href":"https:\/\/mps.digital-monkey.in\/de\/wp-json\/wp\/v2\/media\/46244"}],"wp:attachment":[{"href":"https:\/\/mps.digital-monkey.in\/de\/wp-json\/wp\/v2\/media?parent=46243"}],"wp:term":[{"taxonomy":"product_brand","embeddable":true,"href":"https:\/\/mps.digital-monkey.in\/de\/wp-json\/wp\/v2\/product_brand?post=46243"},{"taxonomy":"product_cat","embeddable":true,"href":"https:\/\/mps.digital-monkey.in\/de\/wp-json\/wp\/v2\/product_cat?post=46243"},{"taxonomy":"product_tag","embeddable":true,"href":"https:\/\/mps.digital-monkey.in\/de\/wp-json\/wp\/v2\/product_tag?post=46243"}],"curies":[{"name":"wp","href":"https:\/\/api.w.org\/{rel}","templated":true}]}}