{"id":46252,"date":"2026-01-15T12:11:52","date_gmt":"2026-01-15T12:11:52","guid":{"rendered":"https:\/\/mps.digital-monkey.in\/product\/volvo-penta-vorderer-kurbelwellendichtring-3580026\/"},"modified":"2026-01-15T12:11:52","modified_gmt":"2026-01-15T12:11:52","slug":"volvo-penta-vorderer-kurbelwellendichtring-3580026","status":"publish","type":"product","link":"https:\/\/mps.digital-monkey.in\/de\/produkt\/volvo-penta-vorderer-kurbelwellendichtring-3580026\/","title":{"rendered":"Volvo Penta Vorderer Kurbelwellendichtring 3580026"},"content":{"rendered":"<p data-start=\"520\" data-end=\"888\">Die vordere Kurbelwellendichtung von Volvo Penta (3580026) wurde entwickelt, um eine zuverl\u00e4ssige, \u00f6ldichte Dichtung an der Vorderseite der Kurbelwelle zu gew\u00e4hrleisten, die ein Auslaufen des Motor\u00f6ls verhindert und die internen Motorkomponenten vor Verschmutzung sch\u00fctzt. Diese Dichtung ist f\u00fcr die Aufrechterhaltung einer korrekten Schmierung und langfristigen Zuverl\u00e4ssigkeit in einer Vielzahl von Volvo Penta Schiffsdieselmotoren unerl\u00e4sslich. <\/p>\n<p data-start=\"890\" data-end=\"1169\">Diese vordere Kurbelwellendichtung wird nach OEM-\u00e4quivalenten Spezifikationen aus haltbaren, \u00f6l- und hitzebest\u00e4ndigen Materialien hergestellt und gew\u00e4hrleistet eine genaue Passgenauigkeit und zuverl\u00e4ssige Leistung. Sie eignet sich f\u00fcr den Austausch bei der Wartung des Motors, dem Ausbau des Steuergeh\u00e4uses oder der vorbeugenden Wartung. <\/p>\n<h2 data-start=\"1176\" data-end=\"1193\">Produkttyp<\/h2>\n<p data-start=\"1194\" data-end=\"1215\">Wellendichtring der Kurbelwelle<\/p>\n<h2 data-start=\"1222\" data-end=\"1248\">Installationsort<\/h2>\n<p data-start=\"1249\" data-end=\"1258\">Vorderseite<\/p>\n<h2 data-start=\"1265\" data-end=\"1296\">Original \/ OEM Teilenummer<\/h2>\n<p data-start=\"1297\" data-end=\"1320\">Volvo Penta 3580026<\/p>\n<h2 data-start=\"1327\" data-end=\"1345\">Kompatibilit\u00e4t<\/h2>\n<p data-start=\"1346\" data-end=\"1385\">Geeignet f\u00fcr Volvo Penta Motoren:<\/p>\n<h3 data-start=\"1387\" data-end=\"1402\">Serie D1<\/h3>\n<ul data-start=\"1403\" data-end=\"1466\">\n<li data-start=\"1403\" data-end=\"1412\">\n<p data-start=\"1405\" data-end=\"1412\">D1-13<\/p>\n<\/li>\n<li data-start=\"1413\" data-end=\"1423\">\n<p data-start=\"1415\" data-end=\"1423\">D1-13B<\/p>\n<\/li>\n<li data-start=\"1424\" data-end=\"1434\">\n<p data-start=\"1426\" data-end=\"1434\">D1-13F<\/p>\n<\/li>\n<li data-start=\"1435\" data-end=\"1444\">\n<p data-start=\"1437\" data-end=\"1444\">D1-20<\/p>\n<\/li>\n<li data-start=\"1445\" data-end=\"1455\">\n<p data-start=\"1447\" data-end=\"1455\">D1-20B<\/p>\n<\/li>\n<li data-start=\"1456\" data-end=\"1466\">\n<p data-start=\"1458\" data-end=\"1466\">D1-20F<\/p>\n<\/li>\n<li data-start=\"1456\" data-end=\"1466\">D1-30B<\/li>\n<\/ul>\n<h3 data-start=\"1468\" data-end=\"1483\">Serie D2<\/h3>\n<ul data-start=\"1484\" data-end=\"1526\">\n<li data-start=\"1484\" data-end=\"1498\">\n<p data-start=\"1486\" data-end=\"1498\">D2-40A<\/p>\n<\/li>\n<li data-start=\"1499\" data-end=\"1513\">\n<p data-start=\"1501\" data-end=\"1513\">D2-40B<\/p>\n<\/li>\n<li data-start=\"1514\" data-end=\"1526\">\n<p data-start=\"1516\" data-end=\"1526\">D2-40F<\/p>\n<\/li>\n<\/ul>\n<h3 data-start=\"1528\" data-end=\"1547\">MD2010 Serie<\/h3>\n<ul data-start=\"1548\" data-end=\"1596\">\n<li data-start=\"1548\" data-end=\"1558\">\n<p data-start=\"1550\" data-end=\"1558\">MD2010<\/p>\n<\/li>\n<li data-start=\"1559\" data-end=\"1570\">\n<p data-start=\"1561\" data-end=\"1570\">MD2010B<\/p>\n<\/li>\n<li data-start=\"1571\" data-end=\"1583\">\n<p data-start=\"1573\" data-end=\"1583\">MD2010-C<\/p>\n<\/li>\n<li data-start=\"1584\" data-end=\"1596\">\n<p data-start=\"1586\" data-end=\"1596\">MD2010-D<\/p>\n<\/li>\n<\/ul>\n<h3 data-start=\"1598\" data-end=\"1617\">MD2020 Serie<\/h3>\n<ul data-start=\"1618\" data-end=\"1666\">\n<li data-start=\"1618\" data-end=\"1628\">\n<p data-start=\"1620\" data-end=\"1628\">MD2020<\/p>\n<\/li>\n<li data-start=\"1629\" data-end=\"1640\">\n<p data-start=\"1631\" data-end=\"1640\">MD2020B<\/p>\n<\/li>\n<li data-start=\"1641\" data-end=\"1653\">\n<p data-start=\"1643\" data-end=\"1653\">MD2020-C<\/p>\n<\/li>\n<li data-start=\"1654\" data-end=\"1666\">\n<p data-start=\"1656\" data-end=\"1666\">MD2020-D<\/p>\n<\/li>\n<\/ul>\n<h3 data-start=\"1668\" data-end=\"1687\">MD2030 Serie<\/h3>\n<ul data-start=\"1688\" data-end=\"1736\">\n<li data-start=\"1688\" data-end=\"1698\">\n<p data-start=\"1690\" data-end=\"1698\">MD2030<\/p>\n<\/li>\n<li data-start=\"1699\" data-end=\"1710\">\n<p data-start=\"1701\" data-end=\"1710\">MD2030B<\/p>\n<\/li>\n<li data-start=\"1711\" data-end=\"1723\">\n<p data-start=\"1713\" data-end=\"1723\">MD2030-C<\/p>\n<\/li>\n<li data-start=\"1724\" data-end=\"1736\">\n<p data-start=\"1726\" data-end=\"1736\">MD2030-D<\/p>\n<\/li>\n<\/ul>\n","protected":false},"excerpt":{"rendered":"<p>Die vordere Kurbelwellendichtung von Volvo Penta (3580026) wurde entwickelt, um eine zuverl\u00e4ssige, \u00f6ldichte Dichtung an der Vorderseite der Kurbelwelle zu gew\u00e4hrleisten, die ein Auslaufen des Motor\u00f6ls verhindert und die internen Motorkomponenten vor Verschmutzung sch\u00fctzt. Diese Dichtung ist f\u00fcr die Aufrechterhaltung einer korrekten Schmierung und langfristigen Zuverl\u00e4ssigkeit in einer Vielzahl von Volvo Penta Schiffsdieselmotoren unerl\u00e4sslich. Diese [&hellip;]<\/p>\n","protected":false},"featured_media":46253,"comment_status":"open","ping_status":"closed","template":"","meta":[],"product_brand":[4230],"product_cat":[4488,2498,3037,3038,4308,4321,4295,4290,4289],"product_tag":[],"class_list":{"0":"post-46252","1":"product","2":"type-product","3":"status-publish","4":"has-post-thumbnail","6":"product_brand-volvo-penta","7":"product_cat-brauchen-sie-volvo-penta-teile","8":"product_cat-ersatzteile-fur-motoren","9":"product_cat-kits-fur-wartung-und-reparatur","10":"product_cat-motor-dichtungen","11":"product_cat-volvo-penta","12":"product_cat-volvo-penta-d1-serie","13":"product_cat-volvo-penta-d1-13-teile","14":"product_cat-volvo-penta-d1-20-teile","15":"product_cat-volvo-penta-d1-30-teile","16":"pa_condition-neu","17":"pa_model-d1-13","18":"pa_model-d1-20","19":"pa_model-d1-30","20":"pa_model-d1-30b","21":"pa_model-d1-30f","22":"pa_model-d2-40","23":"pa_model-d2-40b","24":"pa_model-d2-40f","25":"pa_model-md2010","26":"pa_model-md2020","27":"pa_model-md2030","28":"pa_oem-or-aftermarket-aftermarket","30":"first","31":"instock","32":"taxable","33":"shipping-taxable","34":"purchasable","35":"product-type-simple"},"supplier_id":7294,"supplier_sku":"REC3580026","barcode":null,"atum_controlled":true,"out_stock_date":null,"out_stock_threshold":null,"inheritable":false,"inbound_stock":0,"stock_on_hold":0,"sold_today":0,"sales_last_days":0,"reserved_stock":0,"customer_returns":0,"warehouse_damage":0,"lost_in_post":0,"other_logs":0,"out_stock_days":0,"lost_sales":0,"has_location":false,"update_date":"2026-03-05T15:28:14","atum_locations":[],"atum_stock_status":"instock","restock_status":false,"low_stock_amount":0,"sales_update_date":"2026-03-05T15:28:14","calc_backorders":null,"_links":{"self":[{"href":"https:\/\/mps.digital-monkey.in\/de\/wp-json\/wp\/v2\/product\/46252","targetHints":{"allow":["GET"]}}],"collection":[{"href":"https:\/\/mps.digital-monkey.in\/de\/wp-json\/wp\/v2\/product"}],"about":[{"href":"https:\/\/mps.digital-monkey.in\/de\/wp-json\/wp\/v2\/types\/product"}],"replies":[{"embeddable":true,"href":"https:\/\/mps.digital-monkey.in\/de\/wp-json\/wp\/v2\/comments?post=46252"}],"wp:featuredmedia":[{"embeddable":true,"href":"https:\/\/mps.digital-monkey.in\/de\/wp-json\/wp\/v2\/media\/46253"}],"wp:attachment":[{"href":"https:\/\/mps.digital-monkey.in\/de\/wp-json\/wp\/v2\/media?parent=46252"}],"wp:term":[{"taxonomy":"product_brand","embeddable":true,"href":"https:\/\/mps.digital-monkey.in\/de\/wp-json\/wp\/v2\/product_brand?post=46252"},{"taxonomy":"product_cat","embeddable":true,"href":"https:\/\/mps.digital-monkey.in\/de\/wp-json\/wp\/v2\/product_cat?post=46252"},{"taxonomy":"product_tag","embeddable":true,"href":"https:\/\/mps.digital-monkey.in\/de\/wp-json\/wp\/v2\/product_tag?post=46252"}],"curies":[{"name":"wp","href":"https:\/\/api.w.org\/{rel}","templated":true}]}}