{"id":46270,"date":"2026-01-15T12:41:06","date_gmt":"2026-01-15T12:41:06","guid":{"rendered":"https:\/\/mps.digital-monkey.in\/product\/volvo-penta-kraftstoffpumpe-3580100\/"},"modified":"2026-01-15T12:41:06","modified_gmt":"2026-01-15T12:41:06","slug":"volvo-penta-kraftstoffpumpe-3580100","status":"publish","type":"product","link":"https:\/\/mps.digital-monkey.in\/de\/product\/volvo-penta-kraftstoffpumpe-3580100\/","title":{"rendered":"Volvo Penta Kraftstoffpumpe 3580100"},"content":{"rendered":"<p data-start=\"519\" data-end=\"829\">Die <strong data-start=\"523\" data-end=\"558\">Volvo Penta Kraftstoffpumpe (3580100)<\/strong> wurde entwickelt, um eine zuverl\u00e4ssige und gleichm\u00e4\u00dfige Kraftstoffzufuhr f\u00fcr eine breite Palette von <strong data-start=\"640\" data-end=\"677\">Volvo Penta Schiffsdieselmotoren<\/strong> zu gew\u00e4hrleisten. Diese mechanische Kraftstoffpumpe sorgt f\u00fcr einen korrekten Kraftstofffluss vom Tank zum Einspritzsystem und unterst\u00fctzt so einen stabilen Motorbetrieb und optimale Leistung. <\/p>\n<p data-start=\"831\" data-end=\"1120\">Hergestellt nach OEM-\u00e4quivalenten Spezifikationen.<\/p>\n<h2 data-start=\"1127\" data-end=\"1144\">Produkttyp<\/h2>\n<p data-start=\"1145\" data-end=\"1167\">Mechanische Kraftstoffpumpe<\/p>\n<h2 data-start=\"1174\" data-end=\"1205\">Original \/ OEM Teilenummer<\/h2>\n<p data-start=\"1206\" data-end=\"1229\"><strong data-start=\"1206\" data-end=\"1229\">Volvo Penta 3580100<\/strong><\/p>\n<h2 data-start=\"1236\" data-end=\"1254\">Kompatibilit\u00e4t<\/h2>\n<p data-start=\"1255\" data-end=\"1294\"><strong data-start=\"1255\" data-end=\"1292\">Geeignet f\u00fcr Volvo Penta Motoren:<\/strong><\/p>\n<h3 data-start=\"1296\" data-end=\"1315\">Serie MD2000<\/h3>\n<ul data-start=\"1316\" data-end=\"1565\">\n<li data-start=\"1316\" data-end=\"1330\">\n<p data-start=\"1318\" data-end=\"1330\">MD2010<\/p>\n<\/li>\n<li data-start=\"1331\" data-end=\"1346\">\n<p data-start=\"1333\" data-end=\"1346\">MD2010A<\/p>\n<\/li>\n<li data-start=\"1347\" data-end=\"1362\">\n<p data-start=\"1349\" data-end=\"1362\">MD2010B<\/p>\n<\/li>\n<li data-start=\"1363\" data-end=\"1378\">\n<p data-start=\"1365\" data-end=\"1378\">MD2010C<\/p>\n<\/li>\n<li data-start=\"1379\" data-end=\"1394\">\n<p data-start=\"1381\" data-end=\"1394\">MD2010D<\/p>\n<\/li>\n<li data-start=\"1395\" data-end=\"1409\">\n<p data-start=\"1397\" data-end=\"1409\">MD2020<\/p>\n<\/li>\n<li data-start=\"1410\" data-end=\"1425\">\n<p data-start=\"1412\" data-end=\"1425\">MD2020A<\/p>\n<\/li>\n<li data-start=\"1426\" data-end=\"1441\">\n<p data-start=\"1428\" data-end=\"1441\">MD2020B<\/p>\n<\/li>\n<li data-start=\"1442\" data-end=\"1457\">\n<p data-start=\"1444\" data-end=\"1457\">MD2020C<\/p>\n<\/li>\n<li data-start=\"1458\" data-end=\"1473\">\n<p data-start=\"1460\" data-end=\"1473\">MD2020D<\/p>\n<\/li>\n<li data-start=\"1474\" data-end=\"1488\">\n<p data-start=\"1476\" data-end=\"1488\">MD2030<\/p>\n<\/li>\n<li data-start=\"1489\" data-end=\"1504\">\n<p data-start=\"1491\" data-end=\"1504\">MD2030A<\/p>\n<\/li>\n<li data-start=\"1505\" data-end=\"1520\">\n<p data-start=\"1507\" data-end=\"1520\">MD2030B<\/p>\n<\/li>\n<li data-start=\"1521\" data-end=\"1536\">\n<p data-start=\"1523\" data-end=\"1536\">MD2030C<\/p>\n<\/li>\n<li data-start=\"1537\" data-end=\"1552\">\n<p data-start=\"1539\" data-end=\"1552\">MD2030D<\/p>\n<\/li>\n<li data-start=\"1553\" data-end=\"1565\">\n<p data-start=\"1555\" data-end=\"1565\">MD2040<\/p>\n<\/li>\n<\/ul>\n<h3 data-start=\"1567\" data-end=\"1582\">Serie D2<\/h3>\n<ul data-start=\"1583\" data-end=\"1670\">\n<li data-start=\"1583\" data-end=\"1597\">\n<p data-start=\"1585\" data-end=\"1597\">D2-55A<\/p>\n<\/li>\n<li data-start=\"1598\" data-end=\"1612\">\n<p data-start=\"1600\" data-end=\"1612\">D2-55B<\/p>\n<\/li>\n<li data-start=\"1613\" data-end=\"1627\">\n<p data-start=\"1615\" data-end=\"1627\">D2-55C<\/p>\n<\/li>\n<li data-start=\"1628\" data-end=\"1642\">\n<p data-start=\"1630\" data-end=\"1642\">D2-55D<\/p>\n<\/li>\n<li data-start=\"1643\" data-end=\"1657\">\n<p data-start=\"1645\" data-end=\"1657\">D2-55E<\/p>\n<\/li>\n<li data-start=\"1658\" data-end=\"1670\">\n<p data-start=\"1660\" data-end=\"1670\">D2-55F<\/p>\n<\/li>\n<\/ul>\n","protected":false},"excerpt":{"rendered":"<p>Die Volvo Penta Kraftstoffpumpe (3580100) wurde entwickelt, um eine zuverl\u00e4ssige und gleichm\u00e4\u00dfige Kraftstoffzufuhr f\u00fcr eine breite Palette von Volvo Penta Schiffsdieselmotoren zu gew\u00e4hrleisten. Diese mechanische Kraftstoffpumpe sorgt f\u00fcr einen korrekten Kraftstofffluss vom Tank zum Einspritzsystem und unterst\u00fctzt so einen stabilen Motorbetrieb und optimale Leistung. Hergestellt nach OEM-\u00e4quivalenten Spezifikationen. Produkttyp Mechanische Kraftstoffpumpe Original \/ OEM Teilenummer [&hellip;]<\/p>\n","protected":false},"featured_media":46271,"comment_status":"open","ping_status":"closed","template":"","meta":[],"product_brand":[4230],"product_cat":[2929,2928,2532,4335,4309,4310,4312,4316,4318,4331],"product_tag":[],"class_list":{"0":"post-46270","1":"product","2":"type-product","3":"status-publish","4":"has-post-thumbnail","6":"product_brand-volvo-penta","7":"product_cat-kraftstoffforderpumpen","8":"product_cat-kraftstoffsysteme","9":"product_cat-motorenteile","10":"product_cat-volvo-penta-d2-55-teile","11":"product_cat-volvo-penta-md-serie","12":"product_cat-volvo-penta-md2010-teile","13":"product_cat-volvo-penta-md2020-teile","14":"product_cat-volvo-penta-md2030-teile","15":"product_cat-volvo-penta-md2040-teile","16":"product_cat-volvo-penta-serie-d2","17":"pa_condition-neu","18":"pa_model-d2-55","19":"pa_model-md2010","20":"pa_model-md2020","21":"pa_model-md2030","22":"pa_model-md2040","23":"pa_oem-or-aftermarket-aftermarket","25":"first","26":"instock","27":"taxable","28":"shipping-taxable","29":"purchasable","30":"product-type-simple"},"supplier_id":7294,"supplier_sku":"REC3580100","barcode":null,"atum_controlled":true,"out_stock_date":null,"out_stock_threshold":null,"inheritable":false,"inbound_stock":0,"stock_on_hold":0,"sold_today":0,"sales_last_days":0,"reserved_stock":0,"customer_returns":0,"warehouse_damage":0,"lost_in_post":0,"other_logs":0,"out_stock_days":0,"lost_sales":0,"has_location":false,"update_date":"2026-03-05T15:28:14","atum_locations":[],"atum_stock_status":"instock","restock_status":false,"low_stock_amount":0,"sales_update_date":"2026-03-05T15:28:14","calc_backorders":null,"_links":{"self":[{"href":"https:\/\/mps.digital-monkey.in\/de\/wp-json\/wp\/v2\/product\/46270","targetHints":{"allow":["GET"]}}],"collection":[{"href":"https:\/\/mps.digital-monkey.in\/de\/wp-json\/wp\/v2\/product"}],"about":[{"href":"https:\/\/mps.digital-monkey.in\/de\/wp-json\/wp\/v2\/types\/product"}],"replies":[{"embeddable":true,"href":"https:\/\/mps.digital-monkey.in\/de\/wp-json\/wp\/v2\/comments?post=46270"}],"wp:featuredmedia":[{"embeddable":true,"href":"https:\/\/mps.digital-monkey.in\/de\/wp-json\/wp\/v2\/media\/46271"}],"wp:attachment":[{"href":"https:\/\/mps.digital-monkey.in\/de\/wp-json\/wp\/v2\/media?parent=46270"}],"wp:term":[{"taxonomy":"product_brand","embeddable":true,"href":"https:\/\/mps.digital-monkey.in\/de\/wp-json\/wp\/v2\/product_brand?post=46270"},{"taxonomy":"product_cat","embeddable":true,"href":"https:\/\/mps.digital-monkey.in\/de\/wp-json\/wp\/v2\/product_cat?post=46270"},{"taxonomy":"product_tag","embeddable":true,"href":"https:\/\/mps.digital-monkey.in\/de\/wp-json\/wp\/v2\/product_tag?post=46270"}],"curies":[{"name":"wp","href":"https:\/\/api.w.org\/{rel}","templated":true}]}}