{"id":46279,"date":"2026-01-15T13:42:33","date_gmt":"2026-01-15T13:42:33","guid":{"rendered":"https:\/\/mps.digital-monkey.in\/product\/volvo-penta-ventilschaftdichtung-md2030-md2040-d1-d2-22393048\/"},"modified":"2026-01-15T13:42:33","modified_gmt":"2026-01-15T13:42:33","slug":"volvo-penta-ventilschaftdichtung-md2030-md2040-d1-d2-22393048","status":"publish","type":"product","link":"https:\/\/mps.digital-monkey.in\/de\/produkt\/volvo-penta-ventilschaftdichtung-md2030-md2040-d1-d2-22393048\/","title":{"rendered":"Volvo Penta Ventilschaftdichtung | MD2030 \/ MD2040 \/ D1 \/ D2 | 22393048"},"content":{"rendered":"<p data-start=\"525\" data-end=\"867\">Die <strong data-start=\"529\" data-end=\"571\">Volvo Penta Ventilschaftdichtung (22393048)<\/strong> wurde entwickelt, um zu verhindern, dass Motor\u00f6l \u00fcber die Ventilf\u00fchrungen in den Verbrennungsraum von <strong data-start=\"667\" data-end=\"704\">Volvo Penta Schiffsdieselmotoren<\/strong> gelangt. Eine ordnungsgem\u00e4\u00dfe Ventilschaftabdichtung ist wichtig, um den \u00d6lverbrauch zu kontrollieren, eine saubere Verbrennung zu gew\u00e4hrleisten und die Ventile und Ventilf\u00fchrungen vor \u00fcberm\u00e4\u00dfigem Verschlei\u00df zu sch\u00fctzen. <\/p>\n<p data-start=\"869\" data-end=\"1138\">Diese Ventilschaftdichtung wird nach OEM-\u00e4quivalenten Spezifikationen aus hochwertigen, \u00f6l- und hitzebest\u00e4ndigen Materialien hergestellt und gew\u00e4hrleistet eine genaue Passgenauigkeit und lange Lebensdauer. Sie eignet sich f\u00fcr den Einsatz bei der Wartung des Zylinderkopfs, dem Austausch von Ventilen oder der kompletten \u00dcberholung des Motors. <\/p>\n<h2 data-start=\"1145\" data-end=\"1162\">Produkttyp<\/h2>\n<p data-start=\"1163\" data-end=\"1199\">Ventilschaftdichtung \/ Ventilf\u00fchrungsdichtung<\/p>\n<h2 data-start=\"1206\" data-end=\"1237\">Original \/ OEM Teilenummer<\/h2>\n<p data-start=\"1238\" data-end=\"1262\">Volvo Penta 22393048<\/p>\n<h2 data-start=\"1269\" data-end=\"1287\">Kompatibilit\u00e4t<\/h2>\n<p data-start=\"1289\" data-end=\"1328\">Geeignet f\u00fcr Volvo Penta Motoren:<\/p>\n<h3 data-start=\"1330\" data-end=\"1349\">Serie MD2000<\/h3>\n<ul data-start=\"1350\" data-end=\"1475\">\n<li data-start=\"1350\" data-end=\"1365\">\n<p data-start=\"1352\" data-end=\"1365\">MD2030A<\/p>\n<\/li>\n<li data-start=\"1366\" data-end=\"1381\">\n<p data-start=\"1368\" data-end=\"1381\">MD2030B<\/p>\n<\/li>\n<li data-start=\"1382\" data-end=\"1397\">\n<p data-start=\"1384\" data-end=\"1397\">MD2030C<\/p>\n<\/li>\n<li data-start=\"1398\" data-end=\"1413\">\n<p data-start=\"1400\" data-end=\"1413\">MD2030D<\/p>\n<\/li>\n<li data-start=\"1414\" data-end=\"1429\">\n<p data-start=\"1416\" data-end=\"1429\">MD2040A<\/p>\n<\/li>\n<li data-start=\"1430\" data-end=\"1445\">\n<p data-start=\"1432\" data-end=\"1445\">MD2040B<\/p>\n<\/li>\n<li data-start=\"1446\" data-end=\"1461\">\n<p data-start=\"1448\" data-end=\"1461\">MD2040C<\/p>\n<\/li>\n<li data-start=\"1462\" data-end=\"1475\">\n<p data-start=\"1464\" data-end=\"1475\">MD2040D<\/p>\n<\/li>\n<\/ul>\n<h3 data-start=\"1477\" data-end=\"1492\">Serie D1<\/h3>\n<ul data-start=\"1493\" data-end=\"1534\">\n<li data-start=\"1493\" data-end=\"1506\">\n<p data-start=\"1495\" data-end=\"1506\">D1-30<\/p>\n<\/li>\n<li data-start=\"1507\" data-end=\"1521\">\n<p data-start=\"1509\" data-end=\"1521\">D1-30B<\/p>\n<\/li>\n<li data-start=\"1522\" data-end=\"1534\">\n<p data-start=\"1524\" data-end=\"1534\">D1-30F<\/p>\n<\/li>\n<\/ul>\n<h3 data-start=\"1536\" data-end=\"1551\">Serie D2<\/h3>\n<ul data-start=\"1552\" data-end=\"1728\">\n<li data-start=\"1552\" data-end=\"1565\">\n<p data-start=\"1554\" data-end=\"1565\">D2-40<\/p>\n<\/li>\n<li data-start=\"1566\" data-end=\"1580\">\n<p data-start=\"1568\" data-end=\"1580\">D2-40B<\/p>\n<\/li>\n<li data-start=\"1581\" data-end=\"1595\">\n<p data-start=\"1583\" data-end=\"1595\">D2-40F<\/p>\n<\/li>\n<li data-start=\"1596\" data-end=\"1610\">\n<p data-start=\"1598\" data-end=\"1610\">D2-55B<\/p>\n<\/li>\n<li data-start=\"1611\" data-end=\"1625\">\n<p data-start=\"1613\" data-end=\"1625\">D2-55C<\/p>\n<\/li>\n<li data-start=\"1626\" data-end=\"1640\">\n<p data-start=\"1628\" data-end=\"1640\">D2-55D<\/p>\n<\/li>\n<li data-start=\"1641\" data-end=\"1655\">\n<p data-start=\"1643\" data-end=\"1655\">D2-55E<\/p>\n<\/li>\n<li data-start=\"1656\" data-end=\"1670\">\n<p data-start=\"1658\" data-end=\"1670\">D2-55F<\/p>\n<\/li>\n<li data-start=\"1671\" data-end=\"1685\">\n<p data-start=\"1673\" data-end=\"1685\">D2-60F<\/p>\n<\/li>\n<li data-start=\"1686\" data-end=\"1700\">\n<p data-start=\"1688\" data-end=\"1700\">D2-75B<\/p>\n<\/li>\n<li data-start=\"1701\" data-end=\"1715\">\n<p data-start=\"1703\" data-end=\"1715\">D2-75C<\/p>\n<\/li>\n<li data-start=\"1716\" data-end=\"1728\">\n<p data-start=\"1718\" data-end=\"1728\">D2-75F<\/p>\n<\/li>\n<\/ul>\n<h2 data-start=\"1735\" data-end=\"1748\">Funktion<\/h2>\n<ul data-start=\"1749\" data-end=\"1890\">\n<li data-start=\"1749\" data-end=\"1784\">\n<p data-start=\"1751\" data-end=\"1784\">Dichtet Ventilschaft und Ventilf\u00fchrung ab<\/p>\n<\/li>\n<li data-start=\"1785\" data-end=\"1844\">\n<p data-start=\"1787\" data-end=\"1844\">Verhindert das Eindringen von Motor\u00f6l in den Brennraum<\/p>\n<\/li>\n<li data-start=\"1845\" data-end=\"1890\">\n<p data-start=\"1847\" data-end=\"1890\">Reduziert \u00d6lverbrauch und Abgasrauch<\/p>\n<\/li>\n<\/ul>\n","protected":false},"excerpt":{"rendered":"<p>Die Volvo Penta Ventilschaftdichtung (22393048) wurde entwickelt, um zu verhindern, dass Motor\u00f6l \u00fcber die Ventilf\u00fchrungen in den Verbrennungsraum von Volvo Penta Schiffsdieselmotoren gelangt. Eine ordnungsgem\u00e4\u00dfe Ventilschaftabdichtung ist wichtig, um den \u00d6lverbrauch zu kontrollieren, eine saubere Verbrennung zu gew\u00e4hrleisten und die Ventile und Ventilf\u00fchrungen vor \u00fcberm\u00e4\u00dfigem Verschlei\u00df zu sch\u00fctzen. Diese Ventilschaftdichtung wird nach OEM-\u00e4quivalenten Spezifikationen aus [&hellip;]<\/p>\n","protected":false},"featured_media":46280,"comment_status":"open","ping_status":"closed","template":"","meta":[],"product_brand":[4230],"product_cat":[4488,3037,3038,4308,4321,4289,4332,4335,4336,4309,4316,4318,4331],"product_tag":[],"class_list":{"0":"post-46279","1":"product","2":"type-product","3":"status-publish","4":"has-post-thumbnail","6":"product_brand-volvo-penta","7":"product_cat-brauchen-sie-volvo-penta-teile","8":"product_cat-kits-fur-wartung-und-reparatur","9":"product_cat-motor-dichtungen","10":"product_cat-volvo-penta","11":"product_cat-volvo-penta-d1-serie","12":"product_cat-volvo-penta-d1-30-teile","13":"product_cat-volvo-penta-d2-40-teile","14":"product_cat-volvo-penta-d2-55-teile","15":"product_cat-volvo-penta-d2-75-teile","16":"product_cat-volvo-penta-md-serie","17":"product_cat-volvo-penta-md2030-teile","18":"product_cat-volvo-penta-md2040-teile","19":"product_cat-volvo-penta-serie-d2","20":"pa_condition-neu","21":"pa_model-d1-30","22":"pa_model-d1-30b","23":"pa_model-d1-30f","24":"pa_model-d2-40","25":"pa_model-d2-40b","26":"pa_model-d2-40f","27":"pa_model-d2-55","28":"pa_model-d2-60","29":"pa_model-d2-75","30":"pa_model-md2030","31":"pa_model-md2040","32":"pa_oem-or-aftermarket-aftermarket","34":"first","35":"instock","36":"taxable","37":"shipping-taxable","38":"purchasable","39":"product-type-simple"},"supplier_id":7294,"supplier_sku":"REC22393048","barcode":null,"atum_controlled":true,"out_stock_date":null,"out_stock_threshold":null,"inheritable":false,"inbound_stock":0,"stock_on_hold":0,"sold_today":0,"sales_last_days":0,"reserved_stock":0,"customer_returns":0,"warehouse_damage":0,"lost_in_post":0,"other_logs":0,"out_stock_days":0,"lost_sales":0,"has_location":false,"update_date":"2026-03-05T15:28:14","atum_locations":[],"atum_stock_status":"instock","restock_status":false,"low_stock_amount":0,"sales_update_date":"2026-03-05T15:28:14","calc_backorders":null,"_links":{"self":[{"href":"https:\/\/mps.digital-monkey.in\/de\/wp-json\/wp\/v2\/product\/46279","targetHints":{"allow":["GET"]}}],"collection":[{"href":"https:\/\/mps.digital-monkey.in\/de\/wp-json\/wp\/v2\/product"}],"about":[{"href":"https:\/\/mps.digital-monkey.in\/de\/wp-json\/wp\/v2\/types\/product"}],"replies":[{"embeddable":true,"href":"https:\/\/mps.digital-monkey.in\/de\/wp-json\/wp\/v2\/comments?post=46279"}],"wp:featuredmedia":[{"embeddable":true,"href":"https:\/\/mps.digital-monkey.in\/de\/wp-json\/wp\/v2\/media\/46280"}],"wp:attachment":[{"href":"https:\/\/mps.digital-monkey.in\/de\/wp-json\/wp\/v2\/media?parent=46279"}],"wp:term":[{"taxonomy":"product_brand","embeddable":true,"href":"https:\/\/mps.digital-monkey.in\/de\/wp-json\/wp\/v2\/product_brand?post=46279"},{"taxonomy":"product_cat","embeddable":true,"href":"https:\/\/mps.digital-monkey.in\/de\/wp-json\/wp\/v2\/product_cat?post=46279"},{"taxonomy":"product_tag","embeddable":true,"href":"https:\/\/mps.digital-monkey.in\/de\/wp-json\/wp\/v2\/product_tag?post=46279"}],"curies":[{"name":"wp","href":"https:\/\/api.w.org\/{rel}","templated":true}]}}