{"id":46288,"date":"2026-01-15T13:58:29","date_gmt":"2026-01-15T13:58:29","guid":{"rendered":"https:\/\/mps.digital-monkey.in\/product\/volvo-penta-zylinderkopfdichtungssatz-md2040\/"},"modified":"2026-01-15T13:59:56","modified_gmt":"2026-01-15T13:59:56","slug":"volvo-penta-zylinderkopfdichtungssatz-md2040","status":"publish","type":"product","link":"https:\/\/mps.digital-monkey.in\/de\/produkt\/volvo-penta-zylinderkopfdichtungssatz-md2040\/","title":{"rendered":"Volvo Penta Zylinderkopfdichtungssatz MD2040"},"content":{"rendered":"<p data-start=\"426\" data-end=\"719\">Dieser <strong data-start=\"431\" data-end=\"468\">komplette Zylinderkopfdichtungssatz<\/strong> ist f\u00fcr die Wartung von Volvo Penta MD2040 Schiffsdieselmotoren bestimmt. Das Set enth\u00e4lt alle wichtigen Dichtungen, Dichtungen und O-Ringe, die f\u00fcr den Aus- und Einbau des Zylinderkopfes ben\u00f6tigt werden, um eine ordnungsgem\u00e4\u00dfe Abdichtung von \u00d6l, K\u00fchlmittel und Abgaskomponenten zu gew\u00e4hrleisten. <\/p>\n<p data-start=\"721\" data-end=\"799\">Ideal f\u00fcr die \u00dcberholung von Motoren, den Austausch von Kopfdichtungen oder gr\u00f6\u00dfere Wartungsarbeiten.<\/p>\n<h3 data-start=\"806\" data-end=\"838\">Inhalt des Dichtungssatzes<\/h3>\n<ul data-start=\"839\" data-end=\"1075\">\n<li data-start=\"839\" data-end=\"891\">\n<p data-start=\"841\" data-end=\"891\">Zylinderkopfdichtung (OEM <strong data-start=\"867\" data-end=\"888\">3584202 \/ 3580482<\/strong>)<\/p>\n<\/li>\n<li data-start=\"892\" data-end=\"915\">\n<p data-start=\"894\" data-end=\"915\">Ventildeckeldichtungen<\/p>\n<\/li>\n<li data-start=\"916\" data-end=\"938\">\n<p data-start=\"918\" data-end=\"938\">Dichtungen f\u00fcr die Wasserpumpe<\/p>\n<\/li>\n<li data-start=\"939\" data-end=\"959\">\n<p data-start=\"941\" data-end=\"959\">Ventilschaftdichtungen<\/p>\n<\/li>\n<li data-start=\"960\" data-end=\"987\">\n<p data-start=\"962\" data-end=\"987\">Dichtung Auspuffkr\u00fcmmer<\/p>\n<\/li>\n<li data-start=\"988\" data-end=\"1011\">\n<p data-start=\"990\" data-end=\"1011\">Auspuffkr\u00fcmmer Dichtung<\/p>\n<\/li>\n<li data-start=\"1012\" data-end=\"1038\">\n<p data-start=\"1014\" data-end=\"1038\">Ansaugkr\u00fcmmer Dichtung<\/p>\n<\/li>\n<li data-start=\"1039\" data-end=\"1075\">\n<p data-start=\"1041\" data-end=\"1075\">Verschiedene O-Ringe und Gummidichtungen<\/p>\n<\/li>\n<\/ul>\n<h3 data-start=\"1082\" data-end=\"1101\">Kompatibilit\u00e4t<\/h3>\n<p data-start=\"1102\" data-end=\"1137\">Geeignet f\u00fcr Volvo Penta Motoren:<\/p>\n<ul data-start=\"1138\" data-end=\"1200\">\n<li data-start=\"1138\" data-end=\"1152\">\n<p data-start=\"1140\" data-end=\"1152\"><strong data-start=\"1140\" data-end=\"1150\">MD2040<\/strong><\/p>\n<\/li>\n<li data-start=\"1153\" data-end=\"1168\">\n<p data-start=\"1155\" data-end=\"1168\"><strong data-start=\"1155\" data-end=\"1166\">MD2040B<\/strong><\/p>\n<\/li>\n<li data-start=\"1169\" data-end=\"1185\">\n<p data-start=\"1171\" data-end=\"1185\"><strong data-start=\"1171\" data-end=\"1183\">MD2040-C<\/strong><\/p>\n<\/li>\n<li data-start=\"1186\" data-end=\"1200\">\n<p data-start=\"1188\" data-end=\"1200\"><strong data-start=\"1188\" data-end=\"1200\">MD2040-D<\/strong><\/p>\n<\/li>\n<\/ul>\n","protected":false},"excerpt":{"rendered":"<p>Dieser komplette Zylinderkopfdichtungssatz ist f\u00fcr die Wartung von Volvo Penta MD2040 Schiffsdieselmotoren bestimmt. Das Set enth\u00e4lt alle wichtigen Dichtungen, Dichtungen und O-Ringe, die f\u00fcr den Aus- und Einbau des Zylinderkopfes ben\u00f6tigt werden, um eine ordnungsgem\u00e4\u00dfe Abdichtung von \u00d6l, K\u00fchlmittel und Abgaskomponenten zu gew\u00e4hrleisten. Ideal f\u00fcr die \u00dcberholung von Motoren, den Austausch von Kopfdichtungen oder gr\u00f6\u00dfere [&hellip;]<\/p>\n","protected":false},"featured_media":46289,"comment_status":"open","ping_status":"closed","template":"","meta":[],"product_brand":[4230],"product_cat":[4488,2498,3037,3038,4308,4309,4318],"product_tag":[],"class_list":{"0":"post-46288","1":"product","2":"type-product","3":"status-publish","4":"has-post-thumbnail","6":"product_brand-volvo-penta","7":"product_cat-brauchen-sie-volvo-penta-teile","8":"product_cat-ersatzteile-fur-motoren","9":"product_cat-kits-fur-wartung-und-reparatur","10":"product_cat-motor-dichtungen","11":"product_cat-volvo-penta","12":"product_cat-volvo-penta-md-serie","13":"product_cat-volvo-penta-md2040-teile","14":"pa_condition-neu","15":"pa_model-md2040","16":"pa_oem-or-aftermarket-aftermarket","18":"first","19":"instock","20":"taxable","21":"shipping-taxable","22":"purchasable","23":"product-type-simple"},"supplier_id":7294,"supplier_sku":"REC21761","barcode":null,"atum_controlled":true,"out_stock_date":null,"out_stock_threshold":null,"inheritable":false,"inbound_stock":0,"stock_on_hold":0,"sold_today":0,"sales_last_days":0,"reserved_stock":0,"customer_returns":0,"warehouse_damage":0,"lost_in_post":0,"other_logs":0,"out_stock_days":0,"lost_sales":0,"has_location":false,"update_date":"2026-03-05T15:28:14","atum_locations":[],"atum_stock_status":"instock","restock_status":false,"low_stock_amount":0,"sales_update_date":"2026-03-05T15:28:14","calc_backorders":null,"_links":{"self":[{"href":"https:\/\/mps.digital-monkey.in\/de\/wp-json\/wp\/v2\/product\/46288","targetHints":{"allow":["GET"]}}],"collection":[{"href":"https:\/\/mps.digital-monkey.in\/de\/wp-json\/wp\/v2\/product"}],"about":[{"href":"https:\/\/mps.digital-monkey.in\/de\/wp-json\/wp\/v2\/types\/product"}],"replies":[{"embeddable":true,"href":"https:\/\/mps.digital-monkey.in\/de\/wp-json\/wp\/v2\/comments?post=46288"}],"wp:featuredmedia":[{"embeddable":true,"href":"https:\/\/mps.digital-monkey.in\/de\/wp-json\/wp\/v2\/media\/46289"}],"wp:attachment":[{"href":"https:\/\/mps.digital-monkey.in\/de\/wp-json\/wp\/v2\/media?parent=46288"}],"wp:term":[{"taxonomy":"product_brand","embeddable":true,"href":"https:\/\/mps.digital-monkey.in\/de\/wp-json\/wp\/v2\/product_brand?post=46288"},{"taxonomy":"product_cat","embeddable":true,"href":"https:\/\/mps.digital-monkey.in\/de\/wp-json\/wp\/v2\/product_cat?post=46288"},{"taxonomy":"product_tag","embeddable":true,"href":"https:\/\/mps.digital-monkey.in\/de\/wp-json\/wp\/v2\/product_tag?post=46288"}],"curies":[{"name":"wp","href":"https:\/\/api.w.org\/{rel}","templated":true}]}}