{"id":46301,"date":"2026-01-15T14:21:27","date_gmt":"2026-01-15T14:21:27","guid":{"rendered":"https:\/\/mps.digital-monkey.in\/product\/volvo-penta-md2030-wasserpumpen-dichtung-3580369\/"},"modified":"2026-01-15T14:21:27","modified_gmt":"2026-01-15T14:21:27","slug":"volvo-penta-md2030-wasserpumpen-dichtung-3580369","status":"publish","type":"product","link":"https:\/\/mps.digital-monkey.in\/de\/produkt\/volvo-penta-md2030-wasserpumpen-dichtung-3580369\/","title":{"rendered":"Volvo Penta MD2030 Wasserpumpen-Dichtung - 3580369"},"content":{"rendered":"<p data-start=\"358\" data-end=\"613\">Die <strong data-start=\"362\" data-end=\"412\">Volvo Penta MD2030 Wasserpumpendichtung 3580369<\/strong> wurde entwickelt, um eine sichere, leckagefreie Abdichtung zwischen der Wasserpumpe und dem Motorblock zu gew\u00e4hrleisten. Wenn Sie die Dichtung bei der Wartung der Wasserpumpe auswechseln, verhindern Sie den Austritt von K\u00fchlmittel und sorgen f\u00fcr eine gute K\u00fchlung des Motors. <\/p>\n<p data-start=\"615\" data-end=\"705\">Hergestellt nach OEM-\u00e4quivalenten Spezifikationen f\u00fcr genaue Passform und zuverl\u00e4ssige Leistung.<\/p>\n<h2 data-start=\"712\" data-end=\"729\">Produkttyp<\/h2>\n<p data-start=\"730\" data-end=\"747\">Dichtung der Wasserpumpe<\/p>\n<h2 data-start=\"754\" data-end=\"781\">OEM \/ Referenznummer<\/h2>\n<ul data-start=\"782\" data-end=\"795\">\n<li data-start=\"782\" data-end=\"795\">\n<p data-start=\"784\" data-end=\"795\">3580369<\/p>\n<\/li>\n<\/ul>\n<h2 data-start=\"802\" data-end=\"820\">Kompatibilit\u00e4t<\/h2>\n<p data-start=\"821\" data-end=\"886\">Geeignet f\u00fcr <strong data-start=\"834\" data-end=\"875\"><span class=\"hover:entity-accent entity-underline inline cursor-pointer align-baseline\"><span class=\"whitespace-normal\">Volvo Penta<\/span><\/span><\/strong> Motoren:<\/p>\n<ul data-start=\"887\" data-end=\"949\">\n<li data-start=\"887\" data-end=\"901\">\n<p data-start=\"889\" data-end=\"901\">MD2030<\/p>\n<\/li>\n<li data-start=\"902\" data-end=\"917\">\n<p data-start=\"904\" data-end=\"917\">MD2030B<\/p>\n<\/li>\n<li data-start=\"918\" data-end=\"934\">\n<p data-start=\"920\" data-end=\"934\">MD2030-C<\/p>\n<\/li>\n<li data-start=\"935\" data-end=\"949\">\n<p data-start=\"937\" data-end=\"949\">MD2030-D<\/p>\n<\/li>\n<\/ul>\n","protected":false},"excerpt":{"rendered":"<p>Die Volvo Penta MD2030 Wasserpumpendichtung 3580369 wurde entwickelt, um eine sichere, leckagefreie Abdichtung zwischen der Wasserpumpe und dem Motorblock zu gew\u00e4hrleisten. Wenn Sie die Dichtung bei der Wartung der Wasserpumpe auswechseln, verhindern Sie den Austritt von K\u00fchlmittel und sorgen f\u00fcr eine gute K\u00fchlung des Motors. Hergestellt nach OEM-\u00e4quivalenten Spezifikationen f\u00fcr genaue Passform und zuverl\u00e4ssige Leistung. [&hellip;]<\/p>\n","protected":false},"featured_media":46302,"comment_status":"open","ping_status":"closed","template":"","meta":[],"product_brand":[4230],"product_cat":[2498,3037,3038,4309,4316],"product_tag":[],"class_list":{"0":"post-46301","1":"product","2":"type-product","3":"status-publish","4":"has-post-thumbnail","6":"product_brand-volvo-penta","7":"product_cat-ersatzteile-fur-motoren","8":"product_cat-kits-fur-wartung-und-reparatur","9":"product_cat-motor-dichtungen","10":"product_cat-volvo-penta-md-serie","11":"product_cat-volvo-penta-md2030-teile","12":"pa_condition-neu","13":"pa_model-md2030","14":"pa_oem-or-aftermarket-aftermarket","16":"first","17":"instock","18":"taxable","19":"shipping-taxable","20":"purchasable","21":"product-type-simple"},"supplier_id":7294,"supplier_sku":"REC3580369","barcode":null,"atum_controlled":true,"out_stock_date":null,"out_stock_threshold":null,"inheritable":false,"inbound_stock":0,"stock_on_hold":0,"sold_today":0,"sales_last_days":0,"reserved_stock":0,"customer_returns":0,"warehouse_damage":0,"lost_in_post":0,"other_logs":0,"out_stock_days":0,"lost_sales":0,"has_location":false,"update_date":"2026-03-05T15:28:14","atum_locations":[],"atum_stock_status":"instock","restock_status":false,"low_stock_amount":0,"sales_update_date":"2026-03-05T15:28:14","calc_backorders":null,"_links":{"self":[{"href":"https:\/\/mps.digital-monkey.in\/de\/wp-json\/wp\/v2\/product\/46301","targetHints":{"allow":["GET"]}}],"collection":[{"href":"https:\/\/mps.digital-monkey.in\/de\/wp-json\/wp\/v2\/product"}],"about":[{"href":"https:\/\/mps.digital-monkey.in\/de\/wp-json\/wp\/v2\/types\/product"}],"replies":[{"embeddable":true,"href":"https:\/\/mps.digital-monkey.in\/de\/wp-json\/wp\/v2\/comments?post=46301"}],"wp:featuredmedia":[{"embeddable":true,"href":"https:\/\/mps.digital-monkey.in\/de\/wp-json\/wp\/v2\/media\/46302"}],"wp:attachment":[{"href":"https:\/\/mps.digital-monkey.in\/de\/wp-json\/wp\/v2\/media?parent=46301"}],"wp:term":[{"taxonomy":"product_brand","embeddable":true,"href":"https:\/\/mps.digital-monkey.in\/de\/wp-json\/wp\/v2\/product_brand?post=46301"},{"taxonomy":"product_cat","embeddable":true,"href":"https:\/\/mps.digital-monkey.in\/de\/wp-json\/wp\/v2\/product_cat?post=46301"},{"taxonomy":"product_tag","embeddable":true,"href":"https:\/\/mps.digital-monkey.in\/de\/wp-json\/wp\/v2\/product_tag?post=46301"}],"curies":[{"name":"wp","href":"https:\/\/api.w.org\/{rel}","templated":true}]}}