{"id":46312,"date":"2026-01-15T15:01:38","date_gmt":"2026-01-15T15:01:38","guid":{"rendered":"https:\/\/mps.digital-monkey.in\/product\/volvo-penta-thermostatgehaeuse-dichtung-md2040-d2-55-3583780\/"},"modified":"2026-01-15T15:01:38","modified_gmt":"2026-01-15T15:01:38","slug":"volvo-penta-thermostatgehaeuse-dichtung-md2040-d2-55-3583780","status":"publish","type":"product","link":"https:\/\/mps.digital-monkey.in\/de\/product\/volvo-penta-thermostatgehaeuse-dichtung-md2040-d2-55-3583780\/","title":{"rendered":"Volvo Penta Thermostatgeh\u00e4use Dichtung MD2040 \/ D2-55 &#8211; 3583780"},"content":{"rendered":"<p data-start=\"398\" data-end=\"636\">Die <strong data-start=\"402\" data-end=\"453\">Volvo Penta Thermostatgeh\u00e4usedichtung 3583780<\/strong> sorgt f\u00fcr eine sichere, leckfreie Abdichtung zwischen dem Thermostatgeh\u00e4use und dem Motor. Eine ordnungsgem\u00e4\u00dfe Abdichtung ist wichtig, um einen korrekten K\u00fchlmittelfluss und eine stabile Betriebstemperatur des Motors zu gew\u00e4hrleisten. <\/p>\n<p data-start=\"638\" data-end=\"793\">Diese nach OEM-\u00e4quivalenten Spezifikationen gefertigte Dichtung gew\u00e4hrleistet eine genaue Passgenauigkeit und zuverl\u00e4ssige Leistung bei der Wartung von Thermostat oder K\u00fchlsystem.<\/p>\n<h2 data-start=\"800\" data-end=\"817\">Produkttyp<\/h2>\n<p data-start=\"818\" data-end=\"843\">Dichtung Thermostatgeh\u00e4use<\/p>\n<h2 data-start=\"850\" data-end=\"877\">OEM \/ Referenznummer<\/h2>\n<ul data-start=\"878\" data-end=\"891\">\n<li data-start=\"878\" data-end=\"891\">\n<p data-start=\"880\" data-end=\"891\">3583780<\/p>\n<\/li>\n<\/ul>\n<h2 data-start=\"898\" data-end=\"916\">Kompatibilit\u00e4t<\/h2>\n<p data-start=\"917\" data-end=\"982\">Geeignet f\u00fcr <strong data-start=\"930\" data-end=\"971\"><span class=\"hover:entity-accent entity-underline inline cursor-pointer align-baseline\"><span class=\"whitespace-normal\">Volvo Penta<\/span><\/span><\/strong> Motoren:<\/p>\n<ul data-start=\"983\" data-end=\"1009\">\n<li data-start=\"983\" data-end=\"997\">\n<p data-start=\"985\" data-end=\"997\">MD2040<\/p>\n<\/li>\n<li data-start=\"998\" data-end=\"1009\">\n<p data-start=\"1000\" data-end=\"1009\">D2-55<\/p>\n<\/li>\n<\/ul>\n","protected":false},"excerpt":{"rendered":"<p>Die Volvo Penta Thermostatgeh\u00e4usedichtung 3583780 sorgt f\u00fcr eine sichere, leckfreie Abdichtung zwischen dem Thermostatgeh\u00e4use und dem Motor. Eine ordnungsgem\u00e4\u00dfe Abdichtung ist wichtig, um einen korrekten K\u00fchlmittelfluss und eine stabile Betriebstemperatur des Motors zu gew\u00e4hrleisten. Diese nach OEM-\u00e4quivalenten Spezifikationen gefertigte Dichtung gew\u00e4hrleistet eine genaue Passgenauigkeit und zuverl\u00e4ssige Leistung bei der Wartung von Thermostat oder K\u00fchlsystem. Produkttyp [&hellip;]<\/p>\n","protected":false},"featured_media":46313,"comment_status":"open","ping_status":"closed","template":"","meta":[],"product_brand":[4230],"product_cat":[2498,3037,3038,4335,4309,4318,4331],"product_tag":[],"class_list":{"0":"post-46312","1":"product","2":"type-product","3":"status-publish","4":"has-post-thumbnail","6":"product_brand-volvo-penta","7":"product_cat-ersatzteile-fur-motoren","8":"product_cat-kits-fur-wartung-und-reparatur","9":"product_cat-motor-dichtungen","10":"product_cat-volvo-penta-d2-55-teile","11":"product_cat-volvo-penta-md-serie","12":"product_cat-volvo-penta-md2040-teile","13":"product_cat-volvo-penta-serie-d2","14":"pa_condition-neu","15":"pa_model-d2-55","16":"pa_model-md2040","17":"pa_oem-or-aftermarket-oem","19":"first","20":"onbackorder","21":"taxable","22":"shipping-taxable","23":"purchasable","24":"product-type-simple"},"supplier_id":7294,"supplier_sku":"REC3583780","barcode":null,"atum_controlled":true,"out_stock_date":"2026-01-15 15:01:43","out_stock_threshold":null,"inheritable":false,"inbound_stock":0,"stock_on_hold":0,"sold_today":0,"sales_last_days":0,"reserved_stock":0,"customer_returns":0,"warehouse_damage":0,"lost_in_post":0,"other_logs":0,"out_stock_days":13,"lost_sales":0,"has_location":false,"update_date":"2026-01-29T09:10:01","atum_locations":[],"atum_stock_status":"onbackorder","restock_status":false,"low_stock_amount":0,"sales_update_date":"2026-01-29T09:10:01","calc_backorders":null,"_links":{"self":[{"href":"https:\/\/mps.digital-monkey.in\/de\/wp-json\/wp\/v2\/product\/46312","targetHints":{"allow":["GET"]}}],"collection":[{"href":"https:\/\/mps.digital-monkey.in\/de\/wp-json\/wp\/v2\/product"}],"about":[{"href":"https:\/\/mps.digital-monkey.in\/de\/wp-json\/wp\/v2\/types\/product"}],"replies":[{"embeddable":true,"href":"https:\/\/mps.digital-monkey.in\/de\/wp-json\/wp\/v2\/comments?post=46312"}],"wp:featuredmedia":[{"embeddable":true,"href":"https:\/\/mps.digital-monkey.in\/de\/wp-json\/wp\/v2\/media\/46313"}],"wp:attachment":[{"href":"https:\/\/mps.digital-monkey.in\/de\/wp-json\/wp\/v2\/media?parent=46312"}],"wp:term":[{"taxonomy":"product_brand","embeddable":true,"href":"https:\/\/mps.digital-monkey.in\/de\/wp-json\/wp\/v2\/product_brand?post=46312"},{"taxonomy":"product_cat","embeddable":true,"href":"https:\/\/mps.digital-monkey.in\/de\/wp-json\/wp\/v2\/product_cat?post=46312"},{"taxonomy":"product_tag","embeddable":true,"href":"https:\/\/mps.digital-monkey.in\/de\/wp-json\/wp\/v2\/product_tag?post=46312"}],"curies":[{"name":"wp","href":"https:\/\/api.w.org\/{rel}","templated":true}]}}