{"id":46320,"date":"2026-01-15T15:10:59","date_gmt":"2026-01-15T15:10:59","guid":{"rendered":"https:\/\/mps.digital-monkey.in\/product\/volvo-penta-thermostatgehaeuse-dichtung-md2040-d2-55-3580514\/"},"modified":"2026-01-15T15:10:59","modified_gmt":"2026-01-15T15:10:59","slug":"volvo-penta-thermostatgehaeuse-dichtung-md2040-d2-55-3580514","status":"publish","type":"product","link":"https:\/\/mps.digital-monkey.in\/de\/produkt\/volvo-penta-thermostatgehaeuse-dichtung-md2040-d2-55-3580514\/","title":{"rendered":"Volvo Penta Thermostatgeh\u00e4use Dichtung MD2040 \/ D2-55 - 3580514"},"content":{"rendered":"<p data-start=\"393\" data-end=\"632\">Die <strong data-start=\"397\" data-end=\"448\">Volvo Penta Thermostatgeh\u00e4usedichtung 3580514 <\/strong>sorgt f\u00fcr eine zuverl\u00e4ssige, leckfreie Abdichtung zwischen dem Thermostatgeh\u00e4use und dem Motor. Eine korrekte Abdichtung ist f\u00fcr eine ordnungsgem\u00e4\u00dfe K\u00fchlmittelzirkulation und eine stabile Betriebstemperatur des Motors unerl\u00e4sslich. <\/p>\n<p data-start=\"634\" data-end=\"788\">Diese Dichtung wird nach OEM-\u00e4quivalenten Spezifikationen hergestellt und bietet eine genaue Passgenauigkeit und zuverl\u00e4ssige Leistung bei der Wartung des Thermostats oder des K\u00fchlsystems.<\/p>\n<h2 data-start=\"795\" data-end=\"812\">Produkttyp<\/h2>\n<p data-start=\"813\" data-end=\"838\">Dichtung Thermostatgeh\u00e4use<\/p>\n<h2 data-start=\"845\" data-end=\"872\">OEM \/ Referenznummer<\/h2>\n<ul data-start=\"873\" data-end=\"886\">\n<li data-start=\"873\" data-end=\"886\">\n<p data-start=\"875\" data-end=\"886\">3580514<\/p>\n<\/li>\n<\/ul>\n<h2 data-start=\"893\" data-end=\"911\">Kompatibilit\u00e4t<\/h2>\n<p data-start=\"912\" data-end=\"977\">Geeignet f\u00fcr <strong data-start=\"925\" data-end=\"966\"><span class=\"hover:entity-accent entity-underline inline cursor-pointer align-baseline\"><span class=\"whitespace-normal\">Volvo Penta<\/span><\/span><\/strong> Motoren:<\/p>\n<ul data-start=\"978\" data-end=\"1004\">\n<li data-start=\"978\" data-end=\"992\">\n<p data-start=\"980\" data-end=\"992\">MD2040<\/p>\n<\/li>\n<li data-start=\"993\" data-end=\"1004\">\n<p data-start=\"995\" data-end=\"1004\">D2-55<\/p>\n<\/li>\n<\/ul>\n","protected":false},"excerpt":{"rendered":"<p>Die Volvo Penta Thermostatgeh\u00e4usedichtung 3580514 sorgt f\u00fcr eine zuverl\u00e4ssige, leckfreie Abdichtung zwischen dem Thermostatgeh\u00e4use und dem Motor. Eine korrekte Abdichtung ist f\u00fcr eine ordnungsgem\u00e4\u00dfe K\u00fchlmittelzirkulation und eine stabile Betriebstemperatur des Motors unerl\u00e4sslich. Diese Dichtung wird nach OEM-\u00e4quivalenten Spezifikationen hergestellt und bietet eine genaue Passgenauigkeit und zuverl\u00e4ssige Leistung bei der Wartung des Thermostats oder des K\u00fchlsystems. [&hellip;]<\/p>\n","protected":false},"featured_media":46321,"comment_status":"open","ping_status":"closed","template":"","meta":[],"product_brand":[4230],"product_cat":[4488,3037,3038,4308,4335,4309,4318,4331],"product_tag":[],"class_list":{"0":"post-46320","1":"product","2":"type-product","3":"status-publish","4":"has-post-thumbnail","6":"product_brand-volvo-penta","7":"product_cat-brauchen-sie-volvo-penta-teile","8":"product_cat-kits-fur-wartung-und-reparatur","9":"product_cat-motor-dichtungen","10":"product_cat-volvo-penta","11":"product_cat-volvo-penta-d2-55-teile","12":"product_cat-volvo-penta-md-serie","13":"product_cat-volvo-penta-md2040-teile","14":"product_cat-volvo-penta-serie-d2","15":"pa_condition-neu","16":"pa_model-d2-55","17":"pa_model-md2040","18":"pa_oem-or-aftermarket-aftermarket","20":"first","21":"instock","22":"taxable","23":"shipping-taxable","24":"purchasable","25":"product-type-simple"},"supplier_id":7294,"supplier_sku":"REC3580514","barcode":null,"atum_controlled":true,"out_stock_date":null,"out_stock_threshold":null,"inheritable":false,"inbound_stock":0,"stock_on_hold":0,"sold_today":0,"sales_last_days":0,"reserved_stock":0,"customer_returns":0,"warehouse_damage":0,"lost_in_post":0,"other_logs":0,"out_stock_days":0,"lost_sales":0,"has_location":false,"update_date":"2026-03-05T15:28:14","atum_locations":[],"atum_stock_status":"instock","restock_status":false,"low_stock_amount":0,"sales_update_date":"2026-03-05T15:28:14","calc_backorders":null,"_links":{"self":[{"href":"https:\/\/mps.digital-monkey.in\/de\/wp-json\/wp\/v2\/product\/46320","targetHints":{"allow":["GET"]}}],"collection":[{"href":"https:\/\/mps.digital-monkey.in\/de\/wp-json\/wp\/v2\/product"}],"about":[{"href":"https:\/\/mps.digital-monkey.in\/de\/wp-json\/wp\/v2\/types\/product"}],"replies":[{"embeddable":true,"href":"https:\/\/mps.digital-monkey.in\/de\/wp-json\/wp\/v2\/comments?post=46320"}],"wp:featuredmedia":[{"embeddable":true,"href":"https:\/\/mps.digital-monkey.in\/de\/wp-json\/wp\/v2\/media\/46321"}],"wp:attachment":[{"href":"https:\/\/mps.digital-monkey.in\/de\/wp-json\/wp\/v2\/media?parent=46320"}],"wp:term":[{"taxonomy":"product_brand","embeddable":true,"href":"https:\/\/mps.digital-monkey.in\/de\/wp-json\/wp\/v2\/product_brand?post=46320"},{"taxonomy":"product_cat","embeddable":true,"href":"https:\/\/mps.digital-monkey.in\/de\/wp-json\/wp\/v2\/product_cat?post=46320"},{"taxonomy":"product_tag","embeddable":true,"href":"https:\/\/mps.digital-monkey.in\/de\/wp-json\/wp\/v2\/product_tag?post=46320"}],"curies":[{"name":"wp","href":"https:\/\/api.w.org\/{rel}","templated":true}]}}