{"id":46346,"date":"2026-01-16T11:02:09","date_gmt":"2026-01-16T11:02:09","guid":{"rendered":"https:\/\/mps.digital-monkey.in\/product\/yanmar-auspuffkruemmer-dichtung-1gm-1gm10-2gm-2gm20-128170-13201\/"},"modified":"2026-01-16T11:15:09","modified_gmt":"2026-01-16T11:15:09","slug":"yanmar-auspuffkruemmer-dichtung-1gm-1gm10-2gm-2gm20-128170-13201","status":"publish","type":"product","link":"https:\/\/mps.digital-monkey.in\/de\/product\/yanmar-auspuffkruemmer-dichtung-1gm-1gm10-2gm-2gm20-128170-13201\/","title":{"rendered":"Yanmar Auspuffkr\u00fcmmer Dichtung 1GM \/ 1GM10 \/ 2GM \/ 2GM20 &#8211; 128170-13201"},"content":{"rendered":"<p data-start=\"457\" data-end=\"720\">Die <strong data-start=\"461\" data-end=\"507\">Yanmar Auspuffkr\u00fcmmerdichtung (128170-13201)<\/strong> ist f\u00fcr <strong data-start=\"524\" data-end=\"570\">direktgek\u00fchlte Yanmar Schiffsdieselmotoren<\/strong> konzipiert. Sie sorgt f\u00fcr eine zuverl\u00e4ssige, gasdichte Abdichtung zwischen dem Auspuffkr\u00fcmmer und dem Motor, verhindert Abgaslecks und sch\u00fctzt die umliegenden Komponenten. <\/p>\n<h2 data-start=\"887\" data-end=\"904\">Produkttyp<\/h2>\n<p data-start=\"905\" data-end=\"925\">Auspuffkr\u00fcmmer Dichtung<\/p>\n<h2 data-start=\"932\" data-end=\"959\">OEM \/ Referenznummer<\/h2>\n<ul data-start=\"960\" data-end=\"978\">\n<li data-start=\"960\" data-end=\"978\">\n<p data-start=\"962\" data-end=\"978\"><strong data-start=\"962\" data-end=\"978\">128170-13201<\/strong><\/p>\n<\/li>\n<\/ul>\n<h2 data-start=\"985\" data-end=\"1003\">Kompatibilit\u00e4t<\/h2>\n<p data-start=\"1004\" data-end=\"1087\">Geeignet f\u00fcr <strong data-start=\"1017\" data-end=\"1034\">direkt gek\u00fchlte<\/strong> <strong data-start=\"1035\" data-end=\"1076\"><span class=\"hover:entity-accent entity-underline inline cursor-pointer align-baseline\"><span class=\"whitespace-normal\">Yanmar<\/span><\/span><\/strong> Motoren:<\/p>\n<ul data-start=\"1088\" data-end=\"1137\">\n<li data-start=\"1088\" data-end=\"1099\">\n<p data-start=\"1090\" data-end=\"1099\"><strong data-start=\"1090\" data-end=\"1097\">1GM<\/strong><\/p>\n<\/li>\n<li data-start=\"1100\" data-end=\"1113\">\n<p data-start=\"1102\" data-end=\"1113\"><strong data-start=\"1102\" data-end=\"1111\">1GM10<\/strong><\/p>\n<\/li>\n<li data-start=\"1114\" data-end=\"1125\">\n<p data-start=\"1116\" data-end=\"1125\"><strong data-start=\"1116\" data-end=\"1123\">2GM<\/strong><\/p>\n<\/li>\n<li data-start=\"1126\" data-end=\"1137\">\n<p data-start=\"1128\" data-end=\"1137\"><strong data-start=\"1128\" data-end=\"1137\">2GM20<\/strong><\/p>\n<\/li>\n<\/ul>\n<h2 data-start=\"1144\" data-end=\"1161\"><\/h2>\n","protected":false},"excerpt":{"rendered":"<p>Die Yanmar Auspuffkr\u00fcmmerdichtung (128170-13201) ist f\u00fcr direktgek\u00fchlte Yanmar Schiffsdieselmotoren konzipiert. Sie sorgt f\u00fcr eine zuverl\u00e4ssige, gasdichte Abdichtung zwischen dem Auspuffkr\u00fcmmer und dem Motor, verhindert Abgaslecks und sch\u00fctzt die umliegenden Komponenten. Produkttyp Auspuffkr\u00fcmmer Dichtung OEM \/ Referenznummer 128170-13201 Kompatibilit\u00e4t Geeignet f\u00fcr direkt gek\u00fchlte Yanmar Motoren: 1GM 1GM10 2GM 2GM20<\/p>\n","protected":false},"featured_media":46350,"comment_status":"open","ping_status":"closed","template":"","meta":[],"product_brand":[4236],"product_cat":[4452,4442,2498,3037,3038,4441],"product_tag":[],"class_list":{"0":"post-46346","1":"product","2":"type-product","3":"status-publish","4":"has-post-thumbnail","6":"product_brand-yanmar","7":"product_cat-1gm-1gm10-teile","8":"product_cat-2gm-2gm20-teile","9":"product_cat-ersatzteile-fur-motoren","10":"product_cat-kits-fur-wartung-und-reparatur","11":"product_cat-motor-dichtungen","12":"product_cat-yanmar","13":"pa_condition-neu","14":"pa_model-1gm","15":"pa_model-1gm10","16":"pa_model-1gm10c","17":"pa_model-1gmc","18":"pa_model-1gml","19":"pa_model-2gm","20":"pa_model-2gm20","21":"pa_model-2gm20-yeu","22":"pa_model-2gm20v","23":"pa_model-2gm20ve","24":"pa_oem-or-aftermarket-aftermarket","26":"first","27":"onbackorder","28":"taxable","29":"shipping-taxable","30":"purchasable","31":"product-type-simple"},"supplier_id":7294,"supplier_sku":"REC128170-13201","barcode":null,"atum_controlled":true,"out_stock_date":"2026-01-16 11:14:30","out_stock_threshold":null,"inheritable":false,"inbound_stock":0,"stock_on_hold":0,"sold_today":0,"sales_last_days":0,"reserved_stock":0,"customer_returns":0,"warehouse_damage":0,"lost_in_post":0,"other_logs":0,"out_stock_days":12,"lost_sales":0,"has_location":false,"update_date":"2026-01-29T09:10:01","atum_locations":[],"atum_stock_status":"onbackorder","restock_status":false,"low_stock_amount":0,"sales_update_date":"2026-01-29T09:10:01","calc_backorders":null,"_links":{"self":[{"href":"https:\/\/mps.digital-monkey.in\/de\/wp-json\/wp\/v2\/product\/46346","targetHints":{"allow":["GET"]}}],"collection":[{"href":"https:\/\/mps.digital-monkey.in\/de\/wp-json\/wp\/v2\/product"}],"about":[{"href":"https:\/\/mps.digital-monkey.in\/de\/wp-json\/wp\/v2\/types\/product"}],"replies":[{"embeddable":true,"href":"https:\/\/mps.digital-monkey.in\/de\/wp-json\/wp\/v2\/comments?post=46346"}],"wp:featuredmedia":[{"embeddable":true,"href":"https:\/\/mps.digital-monkey.in\/de\/wp-json\/wp\/v2\/media\/46350"}],"wp:attachment":[{"href":"https:\/\/mps.digital-monkey.in\/de\/wp-json\/wp\/v2\/media?parent=46346"}],"wp:term":[{"taxonomy":"product_brand","embeddable":true,"href":"https:\/\/mps.digital-monkey.in\/de\/wp-json\/wp\/v2\/product_brand?post=46346"},{"taxonomy":"product_cat","embeddable":true,"href":"https:\/\/mps.digital-monkey.in\/de\/wp-json\/wp\/v2\/product_cat?post=46346"},{"taxonomy":"product_tag","embeddable":true,"href":"https:\/\/mps.digital-monkey.in\/de\/wp-json\/wp\/v2\/product_tag?post=46346"}],"curies":[{"name":"wp","href":"https:\/\/api.w.org\/{rel}","templated":true}]}}