{"id":46366,"date":"2026-01-16T12:01:53","date_gmt":"2026-01-16T12:01:53","guid":{"rendered":"https:\/\/mps.digital-monkey.in\/product\/yanmar-impeller-pumpendeckel-dichtung-2gm-3gm-serie-104211-42090\/"},"modified":"2026-01-16T12:01:53","modified_gmt":"2026-01-16T12:01:53","slug":"yanmar-impeller-pumpendeckel-dichtung-2gm-3gm-serie-104211-42090","status":"publish","type":"product","link":"https:\/\/mps.digital-monkey.in\/de\/product\/yanmar-impeller-pumpendeckel-dichtung-2gm-3gm-serie-104211-42090\/","title":{"rendered":"Yanmar Impeller Pumpendeckel Dichtung 2GM \/ 3GM Serie &#8211; 104211-42090"},"content":{"rendered":"<p data-start=\"476\" data-end=\"745\">Die <strong data-start=\"480\" data-end=\"532\">Yanmar Impeller-Pumpenabdeckungsdichtung 104211-42090<\/strong> sorgt f\u00fcr eine zuverl\u00e4ssige, wasserdichte Abdichtung zwischen dem Impeller-Pumpendeckel und dem Pumpengeh\u00e4use. Eine korrekte Abdichtung ist wichtig, um Seewasserlecks zu verhindern und einen effizienten Betrieb des Seewasserk\u00fchlsystems zu gew\u00e4hrleisten. <\/p>\n<h2 data-start=\"1000\" data-end=\"1017\">Produkttyp<\/h2>\n<p data-start=\"1018\" data-end=\"1044\">Dichtung Impeller-Pumpenabdeckung<\/p>\n<h2 data-start=\"1051\" data-end=\"1078\">OEM \/ Referenznummer<\/h2>\n<ul data-start=\"1079\" data-end=\"1097\">\n<li data-start=\"1079\" data-end=\"1097\">\n<p data-start=\"1081\" data-end=\"1097\">104211-42090<\/p>\n<\/li>\n<\/ul>\n<p data-start=\"1124\" data-end=\"1189\"><strong data-start=\"1124\" data-end=\"1187\">Geeignet f\u00fcr <span class=\"hover:entity-accent entity-underline inline cursor-pointer align-baseline\"><span class=\"whitespace-normal\">Yanmar<\/span><\/span> Motoren:<\/strong><\/p>\n<h3 data-start=\"1191\" data-end=\"1207\">2GM Serie<\/h3>\n<ul data-start=\"1208\" data-end=\"1287\">\n<li data-start=\"1208\" data-end=\"1221\">\n<p data-start=\"1210\" data-end=\"1221\">2GM20<\/p>\n<\/li>\n<li data-start=\"1222\" data-end=\"1237\">\n<p data-start=\"1224\" data-end=\"1237\">2GM20-F<\/p>\n<\/li>\n<li data-start=\"1238\" data-end=\"1257\">\n<p data-start=\"1240\" data-end=\"1257\">2GM20-F-YEU<\/p>\n<\/li>\n<li data-start=\"1258\" data-end=\"1275\">\n<p data-start=\"1260\" data-end=\"1275\">2GH20-YEU<\/p>\n<\/li>\n<li data-start=\"1276\" data-end=\"1287\">\n<p data-start=\"1278\" data-end=\"1287\">2GMLP<\/p>\n<\/li>\n<\/ul>\n<h3 data-start=\"1289\" data-end=\"1305\">3GM-Serie<\/h3>\n<ul data-start=\"1306\" data-end=\"1393\">\n<li data-start=\"1306\" data-end=\"1317\">\n<p data-start=\"1308\" data-end=\"1317\">3GM<\/p>\n<\/li>\n<li data-start=\"1318\" data-end=\"1331\">\n<p data-start=\"1320\" data-end=\"1331\">3GM-D<\/p>\n<\/li>\n<li data-start=\"1332\" data-end=\"1345\">\n<p data-start=\"1334\" data-end=\"1345\">3GM-F<\/p>\n<\/li>\n<li data-start=\"1346\" data-end=\"1359\">\n<p data-start=\"1348\" data-end=\"1359\">3GM30<\/p>\n<\/li>\n<li data-start=\"1360\" data-end=\"1375\">\n<p data-start=\"1362\" data-end=\"1375\">3GM30-F<\/p>\n<\/li>\n<li data-start=\"1376\" data-end=\"1393\">\n<p data-start=\"1378\" data-end=\"1393\">3GM30-F-YEU<\/p>\n<\/li>\n<\/ul>\n","protected":false},"excerpt":{"rendered":"<p>Die Yanmar Impeller-Pumpenabdeckungsdichtung 104211-42090 sorgt f\u00fcr eine zuverl\u00e4ssige, wasserdichte Abdichtung zwischen dem Impeller-Pumpendeckel und dem Pumpengeh\u00e4use. Eine korrekte Abdichtung ist wichtig, um Seewasserlecks zu verhindern und einen effizienten Betrieb des Seewasserk\u00fchlsystems zu gew\u00e4hrleisten. Produkttyp Dichtung Impeller-Pumpenabdeckung OEM \/ Referenznummer 104211-42090 Geeignet f\u00fcr Yanmar Motoren: 2GM Serie 2GM20 2GM20-F 2GM20-F-YEU 2GH20-YEU 2GMLP 3GM-Serie 3GM 3GM-D 3GM-F [&hellip;]<\/p>\n","protected":false},"featured_media":46367,"comment_status":"open","ping_status":"closed","template":"","meta":[],"product_brand":[4236],"product_cat":[4442,4443,2498,3037,3038,3215,4441],"product_tag":[],"class_list":{"0":"post-46366","1":"product","2":"type-product","3":"status-publish","4":"has-post-thumbnail","6":"product_brand-yanmar","7":"product_cat-2gm-2gm20-teile","8":"product_cat-3gm-3gm30-teile","9":"product_cat-ersatzteile-fur-motoren","10":"product_cat-kits-fur-wartung-und-reparatur","11":"product_cat-motor-dichtungen","12":"product_cat-wasserpumpen-teile","13":"product_cat-yanmar","14":"pa_condition-neu","15":"pa_model-2gm","16":"pa_model-2gmf","17":"pa_model-2gm20","18":"pa_model-2gm20-yeu","19":"pa_model-2gm20f","20":"pa_model-2gm20f-yeu","21":"pa_model-2gm20fc-yeu","22":"pa_model-2gm20fv","23":"pa_model-2gm20fve","24":"pa_model-2gm20v","25":"pa_model-2gm20ve","27":"pa_model-2gmf-yeu","28":"pa_model-2gmfl","29":"pa_model-2gmfye","30":"pa_model-3gm","31":"pa_model-3gm30","32":"pa_model-3gm30-yeu","33":"pa_model-3gm30b","34":"pa_model-3gm30c","35":"pa_model-3gm30c-yeu","36":"pa_model-3gm30f","37":"pa_model-3gm30f-yeu","38":"pa_model-3gm30fc-yeu","39":"pa_model-3gm30fv","40":"pa_model-3gm30fve","41":"pa_model-3gm30v","42":"pa_model-3gm30ve","43":"pa_model-3gmd","44":"pa_model-3gmdf","45":"pa_model-3gmf","46":"pa_model-3gmfle","47":"pa_model-3gmfy-e","48":"pa_model-3gmfye-e","49":"pa_oem-or-aftermarket-aftermarket","51":"first","52":"instock","53":"taxable","54":"shipping-taxable","55":"purchasable","56":"product-type-simple"},"supplier_id":7294,"supplier_sku":"REC104211-42090","barcode":null,"atum_controlled":true,"out_stock_date":null,"out_stock_threshold":null,"inheritable":false,"inbound_stock":0,"stock_on_hold":0,"sold_today":0,"sales_last_days":0,"reserved_stock":0,"customer_returns":0,"warehouse_damage":0,"lost_in_post":0,"other_logs":0,"out_stock_days":0,"lost_sales":0,"has_location":false,"update_date":"2026-03-05T15:28:14","atum_locations":[],"atum_stock_status":"instock","restock_status":false,"low_stock_amount":0,"sales_update_date":"2026-03-05T15:28:14","calc_backorders":null,"_links":{"self":[{"href":"https:\/\/mps.digital-monkey.in\/de\/wp-json\/wp\/v2\/product\/46366","targetHints":{"allow":["GET"]}}],"collection":[{"href":"https:\/\/mps.digital-monkey.in\/de\/wp-json\/wp\/v2\/product"}],"about":[{"href":"https:\/\/mps.digital-monkey.in\/de\/wp-json\/wp\/v2\/types\/product"}],"replies":[{"embeddable":true,"href":"https:\/\/mps.digital-monkey.in\/de\/wp-json\/wp\/v2\/comments?post=46366"}],"wp:featuredmedia":[{"embeddable":true,"href":"https:\/\/mps.digital-monkey.in\/de\/wp-json\/wp\/v2\/media\/46367"}],"wp:attachment":[{"href":"https:\/\/mps.digital-monkey.in\/de\/wp-json\/wp\/v2\/media?parent=46366"}],"wp:term":[{"taxonomy":"product_brand","embeddable":true,"href":"https:\/\/mps.digital-monkey.in\/de\/wp-json\/wp\/v2\/product_brand?post=46366"},{"taxonomy":"product_cat","embeddable":true,"href":"https:\/\/mps.digital-monkey.in\/de\/wp-json\/wp\/v2\/product_cat?post=46366"},{"taxonomy":"product_tag","embeddable":true,"href":"https:\/\/mps.digital-monkey.in\/de\/wp-json\/wp\/v2\/product_tag?post=46366"}],"curies":[{"name":"wp","href":"https:\/\/api.w.org\/{rel}","templated":true}]}}