{"id":46373,"date":"2026-01-16T12:09:45","date_gmt":"2026-01-16T12:09:45","guid":{"rendered":"https:\/\/mps.digital-monkey.in\/product\/yanmar-kraftstofffilter-o-ring-24341-000440\/"},"modified":"2026-01-16T12:21:00","modified_gmt":"2026-01-16T12:21:00","slug":"yanmar-kraftstofffilter-o-ring-24341-000440","status":"publish","type":"product","link":"https:\/\/mps.digital-monkey.in\/de\/product\/yanmar-kraftstofffilter-o-ring-24341-000440\/","title":{"rendered":"Yanmar Kraftstofffilter O-Ring 24341-000440"},"content":{"rendered":"<p data-start=\"422\" data-end=\"711\">Der <strong data-start=\"426\" data-end=\"470\">Yanmar Kraftstofffilter-O-Ring (24341-000440)<\/strong> wurde entwickelt, um eine zuverl\u00e4ssige, leckagefreie Abdichtung des Kraftstofffiltergeh\u00e4uses bei einer Vielzahl von <strong data-start=\"568\" data-end=\"600\">Yanmar-Schiffsdieselmotoren<\/strong> zu gew\u00e4hrleisten. Eine ordnungsgem\u00e4\u00dfe Abdichtung des Kraftstofffilters ist unerl\u00e4sslich, um Kraftstofflecks, Lufteintritt und einen Verlust des Kraftstoffdrucks zu verhindern. <\/p>\n<h2 data-start=\"924\" data-end=\"941\">Produkttyp<\/h2>\n<p data-start=\"942\" data-end=\"960\">O-Ring f\u00fcr Kraftstofffilter<\/p>\n<h2 data-start=\"967\" data-end=\"994\">OEM \/ Referenznummer<\/h2>\n<ul data-start=\"995\" data-end=\"1013\">\n<li data-start=\"995\" data-end=\"1013\">\n<p data-start=\"997\" data-end=\"1013\">24341-000440<\/p>\n<\/li>\n<\/ul>\n<h2 data-start=\"1020\" data-end=\"1038\">Kompatibilit\u00e4t<\/h2>\n<p data-start=\"1040\" data-end=\"1097\"><strong data-start=\"1040\" data-end=\"1095\">Passt zu <span class=\"hover:entity-accent entity-underline inline cursor-pointer align-baseline\"><span class=\"whitespace-normal\">Yanmar<\/span><\/span> Motoren:<\/strong><\/p>\n<h3 data-start=\"1099\" data-end=\"1115\">YSM-Serie<\/h3>\n<ul data-start=\"1116\" data-end=\"1140\">\n<li data-start=\"1116\" data-end=\"1128\">\n<p data-start=\"1118\" data-end=\"1128\">YSM8<\/p>\n<\/li>\n<li data-start=\"1129\" data-end=\"1140\">\n<p data-start=\"1131\" data-end=\"1140\">YSM12<\/p>\n<\/li>\n<\/ul>\n<h3 data-start=\"1142\" data-end=\"1157\">QM-Serie<\/h3>\n<ul data-start=\"1158\" data-end=\"1197\">\n<li data-start=\"1158\" data-end=\"1171\">\n<p data-start=\"1160\" data-end=\"1171\">2QM15<\/p>\n<\/li>\n<li data-start=\"1172\" data-end=\"1185\">\n<p data-start=\"1174\" data-end=\"1185\">2QM20<\/p>\n<\/li>\n<li data-start=\"1186\" data-end=\"1197\">\n<p data-start=\"1188\" data-end=\"1197\">3QM30<\/p>\n<\/li>\n<\/ul>\n<h3 data-start=\"1199\" data-end=\"1214\">GM-Serie<\/h3>\n<ul data-start=\"1215\" data-end=\"1394\">\n<li data-start=\"1215\" data-end=\"1226\">\n<p data-start=\"1217\" data-end=\"1226\">1GM<\/p>\n<\/li>\n<li data-start=\"1227\" data-end=\"1240\">\n<p data-start=\"1229\" data-end=\"1240\">1GM10<\/p>\n<\/li>\n<li data-start=\"1241\" data-end=\"1252\">\n<p data-start=\"1243\" data-end=\"1252\">2GM<\/p>\n<\/li>\n<li data-start=\"1253\" data-end=\"1266\">\n<p data-start=\"1255\" data-end=\"1266\">2GM20<\/p>\n<\/li>\n<li data-start=\"1267\" data-end=\"1283\">\n<p data-start=\"1269\" data-end=\"1283\">2GM20 EU<\/p>\n<\/li>\n<li data-start=\"1284\" data-end=\"1299\">\n<p data-start=\"1286\" data-end=\"1299\">2GM20 F<\/p>\n<\/li>\n<li data-start=\"1300\" data-end=\"1318\">\n<p data-start=\"1302\" data-end=\"1318\">2GM20 F EU<\/p>\n<\/li>\n<li data-start=\"1319\" data-end=\"1330\">\n<p data-start=\"1321\" data-end=\"1330\">3GM<\/p>\n<\/li>\n<li data-start=\"1331\" data-end=\"1344\">\n<p data-start=\"1333\" data-end=\"1344\">3GM30<\/p>\n<\/li>\n<li data-start=\"1345\" data-end=\"1361\">\n<p data-start=\"1347\" data-end=\"1361\">3GM30 EU<\/p>\n<\/li>\n<li data-start=\"1362\" data-end=\"1377\">\n<p data-start=\"1364\" data-end=\"1377\">3GM30 F<\/p>\n<\/li>\n<li data-start=\"1378\" data-end=\"1394\">\n<p data-start=\"1380\" data-end=\"1394\">3GM30 F EU<\/p>\n<\/li>\n<\/ul>\n<h3 data-start=\"1396\" data-end=\"1411\">HM-Serie<\/h3>\n<ul data-start=\"1412\" data-end=\"1463\">\n<li data-start=\"1412\" data-end=\"1423\">\n<p data-start=\"1414\" data-end=\"1423\">3HM<\/p>\n<\/li>\n<li data-start=\"1424\" data-end=\"1436\">\n<p data-start=\"1426\" data-end=\"1436\">3HMF<\/p>\n<\/li>\n<li data-start=\"1437\" data-end=\"1450\">\n<p data-start=\"1439\" data-end=\"1450\">3HM35<\/p>\n<\/li>\n<li data-start=\"1451\" data-end=\"1463\">\n<p data-start=\"1453\" data-end=\"1463\">3HM35F<\/p>\n<\/li>\n<\/ul>\n<h3 data-start=\"1465\" data-end=\"1480\">YM-Serie<\/h3>\n<ul data-start=\"1481\" data-end=\"1536\">\n<li data-start=\"1481\" data-end=\"1494\">\n<p data-start=\"1483\" data-end=\"1494\">2YM15<\/p>\n<\/li>\n<li data-start=\"1495\" data-end=\"1508\">\n<p data-start=\"1497\" data-end=\"1508\">3YM20<\/p>\n<\/li>\n<li data-start=\"1509\" data-end=\"1522\">\n<p data-start=\"1511\" data-end=\"1522\">3YM30<\/p>\n<\/li>\n<li data-start=\"1523\" data-end=\"1536\">\n<p data-start=\"1525\" data-end=\"1536\">3YM30AE<\/p>\n<\/li>\n<\/ul>\n<h2 data-start=\"1543\" data-end=\"1556\"><\/h2>\n","protected":false},"excerpt":{"rendered":"<p>Der Yanmar Kraftstofffilter-O-Ring (24341-000440) wurde entwickelt, um eine zuverl\u00e4ssige, leckagefreie Abdichtung des Kraftstofffiltergeh\u00e4uses bei einer Vielzahl von Yanmar-Schiffsdieselmotoren zu gew\u00e4hrleisten. Eine ordnungsgem\u00e4\u00dfe Abdichtung des Kraftstofffilters ist unerl\u00e4sslich, um Kraftstofflecks, Lufteintritt und einen Verlust des Kraftstoffdrucks zu verhindern. Produkttyp O-Ring f\u00fcr Kraftstofffilter OEM \/ Referenznummer 24341-000440 Kompatibilit\u00e4t Passt zu Yanmar Motoren: YSM-Serie YSM8 YSM12 QM-Serie 2QM15 [&hellip;]<\/p>\n","protected":false},"featured_media":46377,"comment_status":"open","ping_status":"closed","template":"","meta":[],"product_brand":[4236],"product_cat":[2498,3037,2681,3038],"product_tag":[],"class_list":{"0":"post-46373","1":"product","2":"type-product","3":"status-publish","4":"has-post-thumbnail","6":"product_brand-yanmar","7":"product_cat-ersatzteile-fur-motoren","8":"product_cat-kits-fur-wartung-und-reparatur","9":"product_cat-kraftstofffilter","10":"product_cat-motor-dichtungen","11":"pa_condition-neu","12":"pa_model-1gm","13":"pa_model-1gm10","14":"pa_model-1gm10c","15":"pa_model-1gmc","16":"pa_model-1gml","17":"pa_model-2gm","18":"pa_model-2gmf","19":"pa_model-2gm20","20":"pa_model-2gm20-yeu","21":"pa_model-2gm20f","22":"pa_model-2gm20f-yeu","23":"pa_model-2gm20fc-yeu","24":"pa_model-2gm20fv","25":"pa_model-2gm20fve","26":"pa_model-2gm20v","27":"pa_model-2gm20ve","29":"pa_model-2gmf-yeu","30":"pa_model-2gmfl","31":"pa_model-2gmfye","32":"pa_model-2qm","33":"pa_model-2qm15","34":"pa_model-2qm20","35":"pa_model-2ym15","36":"pa_model-2ym20","37":"pa_model-3gm","38":"pa_model-3gm30","39":"pa_model-3gm30-yeu","40":"pa_model-3gm30b","41":"pa_model-3gm30c","42":"pa_model-3gm30c-yeu","43":"pa_model-3gm30f","44":"pa_model-3gm30f-yeu","45":"pa_model-3gm30fc-yeu","46":"pa_model-3gm30fv","47":"pa_model-3gm30fve","48":"pa_model-3gm30v","49":"pa_model-3gm30ve","50":"pa_model-3gmd","51":"pa_model-3gmdf","52":"pa_model-3gmf","53":"pa_model-3gmfle","54":"pa_model-3gmfy-e","55":"pa_model-3gmfye-e","56":"pa_model-3hm","57":"pa_model-3hm35","58":"pa_model-3hm35c","59":"pa_model-3hm35f","60":"pa_model-3hmf","61":"pa_model-3qm30","62":"pa_model-3ym30","63":"pa_model-ysm12","64":"pa_model-ysm8","65":"pa_oem-or-aftermarket-aftermarket","67":"first","68":"instock","69":"taxable","70":"shipping-taxable","71":"purchasable","72":"product-type-simple"},"supplier_id":7294,"supplier_sku":"REC24341-000440","barcode":null,"atum_controlled":true,"out_stock_date":null,"out_stock_threshold":null,"inheritable":false,"inbound_stock":0,"stock_on_hold":0,"sold_today":0,"sales_last_days":0,"reserved_stock":0,"customer_returns":0,"warehouse_damage":0,"lost_in_post":0,"other_logs":0,"out_stock_days":0,"lost_sales":0,"has_location":false,"update_date":"2026-03-05T15:28:14","atum_locations":[],"atum_stock_status":"instock","restock_status":false,"low_stock_amount":0,"sales_update_date":"2026-03-05T15:28:14","calc_backorders":null,"_links":{"self":[{"href":"https:\/\/mps.digital-monkey.in\/de\/wp-json\/wp\/v2\/product\/46373","targetHints":{"allow":["GET"]}}],"collection":[{"href":"https:\/\/mps.digital-monkey.in\/de\/wp-json\/wp\/v2\/product"}],"about":[{"href":"https:\/\/mps.digital-monkey.in\/de\/wp-json\/wp\/v2\/types\/product"}],"replies":[{"embeddable":true,"href":"https:\/\/mps.digital-monkey.in\/de\/wp-json\/wp\/v2\/comments?post=46373"}],"wp:featuredmedia":[{"embeddable":true,"href":"https:\/\/mps.digital-monkey.in\/de\/wp-json\/wp\/v2\/media\/46377"}],"wp:attachment":[{"href":"https:\/\/mps.digital-monkey.in\/de\/wp-json\/wp\/v2\/media?parent=46373"}],"wp:term":[{"taxonomy":"product_brand","embeddable":true,"href":"https:\/\/mps.digital-monkey.in\/de\/wp-json\/wp\/v2\/product_brand?post=46373"},{"taxonomy":"product_cat","embeddable":true,"href":"https:\/\/mps.digital-monkey.in\/de\/wp-json\/wp\/v2\/product_cat?post=46373"},{"taxonomy":"product_tag","embeddable":true,"href":"https:\/\/mps.digital-monkey.in\/de\/wp-json\/wp\/v2\/product_tag?post=46373"}],"curies":[{"name":"wp","href":"https:\/\/api.w.org\/{rel}","templated":true}]}}