{"id":46408,"date":"2026-01-16T15:20:18","date_gmt":"2026-01-16T15:20:18","guid":{"rendered":"https:\/\/mps.digital-monkey.in\/product\/yanmar-mehrrippenriemen-4jh-common-rail-129675-42280\/"},"modified":"2026-01-16T15:20:18","modified_gmt":"2026-01-16T15:20:18","slug":"yanmar-mehrrippenriemen-4jh-common-rail-129675-42280","status":"publish","type":"product","link":"https:\/\/mps.digital-monkey.in\/de\/produkt\/yanmar-mehrrippenriemen-4jh-common-rail-129675-42280\/","title":{"rendered":"Yanmar Mehrrippenriemen | 4JH Common-Rail | 129675-42280"},"content":{"rendered":"<p data-start=\"467\" data-end=\"737\">Der <strong data-start=\"471\" data-end=\"511\">Yanmar Multi-Rib Belt (129675-42280)<\/strong> ist ein <strong data-start=\"517\" data-end=\"552\">Ersatzriemen (nicht original)<\/strong> f\u00fcr <strong data-start=\"566\" data-end=\"646\">Yanmar 4JH Common-Rail-Schiffsdieselmotoren, die mit einer 120A Lichtmaschine ausgestattet sind<\/strong>. Dieser Riemen sorgt f\u00fcr eine zuverl\u00e4ssige Kraft\u00fcbertragung auf die Lichtmaschine und die Nebenaggregate. <\/p>\n<p data-start=\"739\" data-end=\"887\">Dieser nach pr\u00e4zisen Spezifikationen gefertigte Keilriemen bietet eine zuverl\u00e4ssige Leistung und eine korrekte Passform f\u00fcr die routinem\u00e4\u00dfige Wartung oder den Riemenwechsel.<\/p>\n<h2 data-start=\"894\" data-end=\"911\">Produkttyp<\/h2>\n<p data-start=\"912\" data-end=\"951\">Mehrrippenriemen \/ Hilfsantriebsriemen<\/p>\n<h2 data-start=\"958\" data-end=\"979\">Referenznummer<\/h2>\n<ul data-start=\"980\" data-end=\"998\">\n<li data-start=\"980\" data-end=\"998\">\n<p data-start=\"982\" data-end=\"998\"><strong data-start=\"982\" data-end=\"998\">129675-42280<\/strong><\/p>\n<\/li>\n<\/ul>\n<h2 data-start=\"1005\" data-end=\"1032\">Produkt Spezifikationen<\/h2>\n<ul data-start=\"1033\" data-end=\"1112\">\n<li data-start=\"1033\" data-end=\"1061\">\n<p data-start=\"1035\" data-end=\"1061\"><strong data-start=\"1035\" data-end=\"1051\">L\u00e4nge des G\u00fcrtels:<\/strong> 1240 mm<\/p>\n<\/li>\n<li data-start=\"1062\" data-end=\"1087\">\n<p data-start=\"1064\" data-end=\"1087\"><strong data-start=\"1064\" data-end=\"1083\">Anzahl der Rippen:<\/strong> 6<\/p>\n<\/li>\n<li data-start=\"1088\" data-end=\"1112\">\n<p data-start=\"1090\" data-end=\"1112\"><strong data-start=\"1090\" data-end=\"1105\">Lichtmaschine:<\/strong> 120A<\/p>\n<\/li>\n<\/ul>\n<h2 data-start=\"1119\" data-end=\"1137\">Kompatibilit\u00e4t<\/h2>\n<p data-start=\"1139\" data-end=\"1227\"><strong data-start=\"1139\" data-end=\"1225\">Geeignet f\u00fcr <span class=\"hover:entity-accent entity-underline inline cursor-pointer align-baseline\"><span class=\"whitespace-normal\">Yanmar<\/span><\/span> Motoren (mit 120A Lichtmaschine):<\/strong><\/p>\n<ul data-start=\"1228\" data-end=\"1294\">\n<li data-start=\"1228\" data-end=\"1244\">\n<p data-start=\"1230\" data-end=\"1244\">4JH45-CR<\/p>\n<\/li>\n<li data-start=\"1245\" data-end=\"1261\">\n<p data-start=\"1247\" data-end=\"1261\">4JH57-CR<\/p>\n<\/li>\n<li data-start=\"1262\" data-end=\"1278\">\n<p data-start=\"1264\" data-end=\"1278\">4JH80-CR<\/p>\n<\/li>\n<li data-start=\"1279\" data-end=\"1294\">\n<p data-start=\"1281\" data-end=\"1294\">4JH110-CR<\/p>\n<\/li>\n<\/ul>\n<h2 data-start=\"1301\" data-end=\"1320\"><\/h2>\n","protected":false},"excerpt":{"rendered":"<p>Der Yanmar Multi-Rib Belt (129675-42280) ist ein Ersatzriemen (nicht original) f\u00fcr Yanmar 4JH Common-Rail-Schiffsdieselmotoren, die mit einer 120A Lichtmaschine ausgestattet sind. Dieser Riemen sorgt f\u00fcr eine zuverl\u00e4ssige Kraft\u00fcbertragung auf die Lichtmaschine und die Nebenaggregate. Dieser nach pr\u00e4zisen Spezifikationen gefertigte Keilriemen bietet eine zuverl\u00e4ssige Leistung und eine korrekte Passform f\u00fcr die routinem\u00e4\u00dfige Wartung oder den Riemenwechsel. [&hellip;]<\/p>\n","protected":false},"featured_media":46409,"comment_status":"open","ping_status":"closed","template":"","meta":[],"product_brand":[4236],"product_cat":[2498,4119],"product_tag":[],"class_list":{"0":"post-46408","1":"product","2":"type-product","3":"status-publish","4":"has-post-thumbnail","6":"product_brand-yanmar","7":"product_cat-ersatzteile-fur-motoren","8":"product_cat-keilriemen","9":"pa_condition-neu","10":"pa_model-4jh110","11":"pa_model-4jh110-cr","12":"pa_model-4jh45","13":"pa_model-4jh45-cr","14":"pa_model-4jh57","15":"pa_model-4jh57-cr","16":"pa_model-4jh80","17":"pa_model-4jh80-cr","18":"pa_oem-or-aftermarket-aftermarket","20":"first","21":"instock","22":"taxable","23":"shipping-taxable","24":"purchasable","25":"product-type-simple"},"supplier_id":7294,"supplier_sku":"REC129675-42280","barcode":null,"atum_controlled":true,"out_stock_date":null,"out_stock_threshold":null,"inheritable":false,"inbound_stock":0,"stock_on_hold":0,"sold_today":0,"sales_last_days":0,"reserved_stock":0,"customer_returns":0,"warehouse_damage":0,"lost_in_post":0,"other_logs":0,"out_stock_days":0,"lost_sales":0,"has_location":false,"update_date":"2026-03-05T15:28:14","atum_locations":[],"atum_stock_status":"instock","restock_status":false,"low_stock_amount":0,"sales_update_date":"2026-03-05T15:28:14","calc_backorders":null,"_links":{"self":[{"href":"https:\/\/mps.digital-monkey.in\/de\/wp-json\/wp\/v2\/product\/46408","targetHints":{"allow":["GET"]}}],"collection":[{"href":"https:\/\/mps.digital-monkey.in\/de\/wp-json\/wp\/v2\/product"}],"about":[{"href":"https:\/\/mps.digital-monkey.in\/de\/wp-json\/wp\/v2\/types\/product"}],"replies":[{"embeddable":true,"href":"https:\/\/mps.digital-monkey.in\/de\/wp-json\/wp\/v2\/comments?post=46408"}],"wp:featuredmedia":[{"embeddable":true,"href":"https:\/\/mps.digital-monkey.in\/de\/wp-json\/wp\/v2\/media\/46409"}],"wp:attachment":[{"href":"https:\/\/mps.digital-monkey.in\/de\/wp-json\/wp\/v2\/media?parent=46408"}],"wp:term":[{"taxonomy":"product_brand","embeddable":true,"href":"https:\/\/mps.digital-monkey.in\/de\/wp-json\/wp\/v2\/product_brand?post=46408"},{"taxonomy":"product_cat","embeddable":true,"href":"https:\/\/mps.digital-monkey.in\/de\/wp-json\/wp\/v2\/product_cat?post=46408"},{"taxonomy":"product_tag","embeddable":true,"href":"https:\/\/mps.digital-monkey.in\/de\/wp-json\/wp\/v2\/product_tag?post=46408"}],"curies":[{"name":"wp","href":"https:\/\/api.w.org\/{rel}","templated":true}]}}