{"id":46427,"date":"2026-01-19T09:49:49","date_gmt":"2026-01-19T09:49:49","guid":{"rendered":"https:\/\/mps.digital-monkey.in\/product\/yanmar-luftfilter-3jh2-4jh-4jh2-4jh3-4jh4-129470-12330\/"},"modified":"2026-01-19T09:49:49","modified_gmt":"2026-01-19T09:49:49","slug":"yanmar-luftfilter-3jh2-4jh-4jh2-4jh3-4jh4-129470-12330","status":"publish","type":"product","link":"https:\/\/mps.digital-monkey.in\/de\/product\/yanmar-luftfilter-3jh2-4jh-4jh2-4jh3-4jh4-129470-12330\/","title":{"rendered":"Yanmar Luftfilter | 3JH2 \/ 4JH \/ 4JH2 \/ 4JH3 \/ 4JH4 | 129470-12330"},"content":{"rendered":"<p data-start=\"432\" data-end=\"721\">Der <strong data-start=\"436\" data-end=\"472\">Yanmar Luftfilter (129470-12330)<\/strong> wurde entwickelt, um die Ansaugluft f\u00fcr <strong data-start=\"522\" data-end=\"554\">Yanmar Schiffsdieselmotoren<\/strong> effektiv zu filtern und den Motor vor Staub, Schmutz und Luftverunreinigungen zu sch\u00fctzen. Saubere Ansaugluft ist eine wesentliche Voraussetzung f\u00fcr eine effiziente Verbrennung, geringeren Motorverschlei\u00df und eine lange Nutzungsdauer. <\/p>\n<p data-start=\"723\" data-end=\"926\">Dieser Luftfilter wird nach OEM-\u00e4quivalenten Spezifikationen hergestellt und ist ein direkter Ersatz f\u00fcr die <strong data-start=\"820\" data-end=\"864\">Yanmar-Originalteilnummer 129470-12330<\/strong>. Geeignet f\u00fcr die routinem\u00e4\u00dfige Wartung und den Austausch des Luftfilters. <\/p>\n<h2 data-start=\"933\" data-end=\"950\">Produkttyp<\/h2>\n<p data-start=\"951\" data-end=\"988\">Luftfilter \/ Motorluftansaugfilter<\/p>\n<h2 data-start=\"995\" data-end=\"1022\">OEM \/ Referenznummer<\/h2>\n<ul data-start=\"1023\" data-end=\"1041\">\n<li data-start=\"1023\" data-end=\"1041\">\n<p data-start=\"1025\" data-end=\"1041\">129470-12330<\/p>\n<\/li>\n<\/ul>\n<h2 data-start=\"1048\" data-end=\"1066\">Kompatibilit\u00e4t<\/h2>\n<p data-start=\"1068\" data-end=\"1133\"><strong data-start=\"1068\" data-end=\"1131\">Geeignet f\u00fcr <span class=\"hover:entity-accent entity-underline inline cursor-pointer align-baseline\"><span class=\"whitespace-normal\">Yanmar<\/span><\/span> Motoren:<\/strong><\/p>\n<ul data-start=\"1134\" data-end=\"1195\">\n<li data-start=\"1134\" data-end=\"1146\">\n<p data-start=\"1136\" data-end=\"1146\">3JH2<\/p>\n<\/li>\n<li data-start=\"1147\" data-end=\"1158\">\n<p data-start=\"1149\" data-end=\"1158\">4JH<\/p>\n<\/li>\n<li data-start=\"1159\" data-end=\"1171\">\n<p data-start=\"1161\" data-end=\"1171\">4JH2<\/p>\n<\/li>\n<li data-start=\"1172\" data-end=\"1184\">\n<p data-start=\"1174\" data-end=\"1184\">4JH3<\/p>\n<\/li>\n<li data-start=\"1185\" data-end=\"1195\">\n<p data-start=\"1187\" data-end=\"1195\">4JH4<\/p>\n<\/li>\n<\/ul>\n","protected":false},"excerpt":{"rendered":"<p>Der Yanmar Luftfilter (129470-12330) wurde entwickelt, um die Ansaugluft f\u00fcr Yanmar Schiffsdieselmotoren effektiv zu filtern und den Motor vor Staub, Schmutz und Luftverunreinigungen zu sch\u00fctzen. Saubere Ansaugluft ist eine wesentliche Voraussetzung f\u00fcr eine effiziente Verbrennung, geringeren Motorverschlei\u00df und eine lange Nutzungsdauer. Dieser Luftfilter wird nach OEM-\u00e4quivalenten Spezifikationen hergestellt und ist ein direkter Ersatz f\u00fcr die [&hellip;]<\/p>\n","protected":false},"featured_media":46428,"comment_status":"open","ping_status":"closed","template":"","meta":[],"product_brand":[4236],"product_cat":[2498,2663],"product_tag":[],"class_list":{"0":"post-46427","1":"product","2":"type-product","3":"status-publish","4":"has-post-thumbnail","6":"product_brand-yanmar","7":"product_cat-ersatzteile-fur-motoren","8":"product_cat-luftfilter","9":"pa_condition-neu","10":"pa_model-3jh2","11":"pa_model-4jh","12":"pa_model-4jh2","13":"pa_model-4jh3","14":"pa_model-4jh4","15":"pa_oem-or-aftermarket-aftermarket","17":"first","18":"onbackorder","19":"taxable","20":"shipping-taxable","21":"purchasable","22":"product-type-simple"},"supplier_id":7294,"supplier_sku":"REC129470-12330","barcode":null,"atum_controlled":true,"out_stock_date":"2026-01-19 09:49:54","out_stock_threshold":null,"inheritable":false,"inbound_stock":null,"stock_on_hold":null,"sold_today":null,"sales_last_days":null,"reserved_stock":null,"customer_returns":null,"warehouse_damage":null,"lost_in_post":null,"other_logs":null,"out_stock_days":0,"lost_sales":null,"has_location":false,"update_date":"2026-01-19T09:49:56","atum_locations":[],"atum_stock_status":"onbackorder","restock_status":false,"low_stock_amount":0,"sales_update_date":null,"calc_backorders":null,"_links":{"self":[{"href":"https:\/\/mps.digital-monkey.in\/de\/wp-json\/wp\/v2\/product\/46427","targetHints":{"allow":["GET"]}}],"collection":[{"href":"https:\/\/mps.digital-monkey.in\/de\/wp-json\/wp\/v2\/product"}],"about":[{"href":"https:\/\/mps.digital-monkey.in\/de\/wp-json\/wp\/v2\/types\/product"}],"replies":[{"embeddable":true,"href":"https:\/\/mps.digital-monkey.in\/de\/wp-json\/wp\/v2\/comments?post=46427"}],"wp:featuredmedia":[{"embeddable":true,"href":"https:\/\/mps.digital-monkey.in\/de\/wp-json\/wp\/v2\/media\/46428"}],"wp:attachment":[{"href":"https:\/\/mps.digital-monkey.in\/de\/wp-json\/wp\/v2\/media?parent=46427"}],"wp:term":[{"taxonomy":"product_brand","embeddable":true,"href":"https:\/\/mps.digital-monkey.in\/de\/wp-json\/wp\/v2\/product_brand?post=46427"},{"taxonomy":"product_cat","embeddable":true,"href":"https:\/\/mps.digital-monkey.in\/de\/wp-json\/wp\/v2\/product_cat?post=46427"},{"taxonomy":"product_tag","embeddable":true,"href":"https:\/\/mps.digital-monkey.in\/de\/wp-json\/wp\/v2\/product_tag?post=46427"}],"curies":[{"name":"wp","href":"https:\/\/api.w.org\/{rel}","templated":true}]}}