{"id":46446,"date":"2026-01-19T10:35:39","date_gmt":"2026-01-19T10:35:39","guid":{"rendered":"https:\/\/mps.digital-monkey.in\/product\/yanmar-stop-relais-12v-124617-91850\/"},"modified":"2026-01-19T10:35:39","modified_gmt":"2026-01-19T10:35:39","slug":"yanmar-stop-relais-12v-124617-91850","status":"publish","type":"product","link":"https:\/\/mps.digital-monkey.in\/de\/product\/yanmar-stop-relais-12v-124617-91850\/","title":{"rendered":"Yanmar Stop-Relais | 12V | 124617-91850"},"content":{"rendered":"<p data-start=\"410\" data-end=\"684\">Das <strong data-start=\"414\" data-end=\"450\">Yanmar Stop-Relais (124617-91850)<\/strong> ist ein elektrisches 12-Volt-Relais, das im <strong data-start=\"493\" data-end=\"516\">Motorstopp-Schaltkreis<\/strong> von Yanmar Schiffsdieselmotoren verwendet wird. Das Relais steuert das elektrische Signal, das das Motorabschaltsystem aktiviert und so ein sicheres und zuverl\u00e4ssiges Abstellen des Motors gew\u00e4hrleistet. <\/p>\n<p data-start=\"686\" data-end=\"959\">Dieses nach OEM-\u00e4quivalenten Spezifikationen gefertigte Relais bietet eine genaue Passgenauigkeit, eine stabile Schaltleistung und eine lange Lebensdauer in maritimen Umgebungen. Es eignet sich f\u00fcr den Austausch bei Wartungsarbeiten an der elektrischen Anlage oder bei der Diagnose von Fehlern im Motorabschaltkreis. <\/p>\n<h2 data-start=\"966\" data-end=\"983\">Produkttyp<\/h2>\n<p data-start=\"984\" data-end=\"1014\">Stopprelais \/ Motorstopprelais<\/p>\n<h2 data-start=\"1021\" data-end=\"1033\">Spannung<\/h2>\n<p data-start=\"1034\" data-end=\"1042\">12 V<\/p>\n<h2 data-start=\"1049\" data-end=\"1076\">OEM \/ Referenznummer<\/h2>\n<ul data-start=\"1077\" data-end=\"1095\">\n<li data-start=\"1077\" data-end=\"1095\">\n<p data-start=\"1079\" data-end=\"1095\">124617-91850<\/p>\n<\/li>\n<\/ul>\n<h2 data-start=\"1102\" data-end=\"1120\">Kompatibilit\u00e4t<\/h2>\n<p data-start=\"1122\" data-end=\"1187\"><strong data-start=\"1122\" data-end=\"1185\">Geeignet f\u00fcr <span class=\"hover:entity-accent entity-underline inline cursor-pointer align-baseline\"><span class=\"whitespace-normal\">Yanmar<\/span><\/span> Motoren:<\/strong><\/p>\n<h3 data-start=\"1189\" data-end=\"1204\">JH-Serie<\/h3>\n<ul data-start=\"1205\" data-end=\"1301\">\n<li data-start=\"1205\" data-end=\"1224\">\n<p data-start=\"1207\" data-end=\"1224\">Serie 3JH2<\/p>\n<\/li>\n<li data-start=\"1225\" data-end=\"1244\">\n<p data-start=\"1227\" data-end=\"1244\">Serie 3JH3<\/p>\n<\/li>\n<li data-start=\"1245\" data-end=\"1263\">\n<p data-start=\"1247\" data-end=\"1263\">Serie 4JH<\/p>\n<\/li>\n<li data-start=\"1264\" data-end=\"1283\">\n<p data-start=\"1266\" data-end=\"1283\">Serie 4JH2<\/p>\n<\/li>\n<li data-start=\"1284\" data-end=\"1301\">\n<p data-start=\"1286\" data-end=\"1301\">Serie 4JH3<\/p>\n<\/li>\n<\/ul>\n<h3 data-start=\"1303\" data-end=\"1318\">LH-Serie<\/h3>\n<ul data-start=\"1319\" data-end=\"1368\">\n<li data-start=\"1319\" data-end=\"1334\">\n<p data-start=\"1321\" data-end=\"1334\">4LH-DTE<\/p>\n<\/li>\n<li data-start=\"1335\" data-end=\"1350\">\n<p data-start=\"1337\" data-end=\"1350\">4LH-STE<\/p>\n<\/li>\n<li data-start=\"1351\" data-end=\"1368\">\n<p data-start=\"1353\" data-end=\"1368\">Serie 4LHA<\/p>\n<\/li>\n<\/ul>\n<h3 data-start=\"1370\" data-end=\"1390\">LP \/ LY Serie<\/h3>\n<ul data-start=\"1391\" data-end=\"1460\">\n<li data-start=\"1391\" data-end=\"1409\">\n<p data-start=\"1393\" data-end=\"1409\">6LP-Serie<\/p>\n<\/li>\n<li data-start=\"1410\" data-end=\"1429\">\n<p data-start=\"1412\" data-end=\"1429\">Serie 6LPA<\/p>\n<\/li>\n<li data-start=\"1430\" data-end=\"1460\">\n<p data-start=\"1432\" data-end=\"1460\">Serien 6LY \/ 6LY2 \/ 6LYA<\/p>\n<\/li>\n<\/ul>\n","protected":false},"excerpt":{"rendered":"<p>Das Yanmar Stop-Relais (124617-91850) ist ein elektrisches 12-Volt-Relais, das im Motorstopp-Schaltkreis von Yanmar Schiffsdieselmotoren verwendet wird. Das Relais steuert das elektrische Signal, das das Motorabschaltsystem aktiviert und so ein sicheres und zuverl\u00e4ssiges Abstellen des Motors gew\u00e4hrleistet. Dieses nach OEM-\u00e4quivalenten Spezifikationen gefertigte Relais bietet eine genaue Passgenauigkeit, eine stabile Schaltleistung und eine lange Lebensdauer in maritimen [&hellip;]<\/p>\n","protected":false},"featured_media":46447,"comment_status":"open","ping_status":"closed","template":"","meta":[],"product_brand":[4236],"product_cat":[2533,2532,2534],"product_tag":[],"class_list":{"0":"post-46446","1":"product","2":"type-product","3":"status-publish","4":"has-post-thumbnail","6":"product_brand-yanmar","7":"product_cat-elektrische-systeme","8":"product_cat-motorenteile","9":"product_cat-sensoren-temperatur-druck-position-etc","10":"pa_condition-neu","11":"pa_model-3jh2","12":"pa_model-3jh3","13":"pa_model-4jh","14":"pa_model-4jh2","15":"pa_model-4jh3","16":"pa_model-4lh-dte","17":"pa_model-4lh-ste","18":"pa_model-4lha","19":"pa_model-6ly2","20":"pa_oem-or-aftermarket-aftermarket","22":"first","23":"instock","24":"taxable","25":"shipping-taxable","26":"purchasable","27":"product-type-simple"},"supplier_id":7294,"supplier_sku":"REC124617-91850","barcode":null,"atum_controlled":true,"out_stock_date":null,"out_stock_threshold":null,"inheritable":false,"inbound_stock":0,"stock_on_hold":0,"sold_today":0,"sales_last_days":0,"reserved_stock":0,"customer_returns":0,"warehouse_damage":0,"lost_in_post":0,"other_logs":0,"out_stock_days":0,"lost_sales":0,"has_location":false,"update_date":"2026-03-05T15:28:14","atum_locations":[],"atum_stock_status":"instock","restock_status":false,"low_stock_amount":0,"sales_update_date":"2026-03-05T15:28:14","calc_backorders":null,"_links":{"self":[{"href":"https:\/\/mps.digital-monkey.in\/de\/wp-json\/wp\/v2\/product\/46446","targetHints":{"allow":["GET"]}}],"collection":[{"href":"https:\/\/mps.digital-monkey.in\/de\/wp-json\/wp\/v2\/product"}],"about":[{"href":"https:\/\/mps.digital-monkey.in\/de\/wp-json\/wp\/v2\/types\/product"}],"replies":[{"embeddable":true,"href":"https:\/\/mps.digital-monkey.in\/de\/wp-json\/wp\/v2\/comments?post=46446"}],"wp:featuredmedia":[{"embeddable":true,"href":"https:\/\/mps.digital-monkey.in\/de\/wp-json\/wp\/v2\/media\/46447"}],"wp:attachment":[{"href":"https:\/\/mps.digital-monkey.in\/de\/wp-json\/wp\/v2\/media?parent=46446"}],"wp:term":[{"taxonomy":"product_brand","embeddable":true,"href":"https:\/\/mps.digital-monkey.in\/de\/wp-json\/wp\/v2\/product_brand?post=46446"},{"taxonomy":"product_cat","embeddable":true,"href":"https:\/\/mps.digital-monkey.in\/de\/wp-json\/wp\/v2\/product_cat?post=46446"},{"taxonomy":"product_tag","embeddable":true,"href":"https:\/\/mps.digital-monkey.in\/de\/wp-json\/wp\/v2\/product_tag?post=46446"}],"curies":[{"name":"wp","href":"https:\/\/api.w.org\/{rel}","templated":true}]}}