{"id":46457,"date":"2026-01-19T11:03:37","date_gmt":"2026-01-19T11:03:37","guid":{"rendered":"https:\/\/mps.digital-monkey.in\/product\/yanmar-auspuffkruemmer-2qm-2qm20-724770-13200\/"},"modified":"2026-01-19T11:03:37","modified_gmt":"2026-01-19T11:03:37","slug":"yanmar-auspuffkruemmer-2qm-2qm20-724770-13200","status":"publish","type":"product","link":"https:\/\/mps.digital-monkey.in\/de\/produkt\/yanmar-auspuffkruemmer-2qm-2qm20-724770-13200\/","title":{"rendered":"Yanmar Auspuffkr\u00fcmmer | 2QM \/ 2QM20 | 724770-13200"},"content":{"rendered":"<p data-start=\"393\" data-end=\"671\">Der <strong data-start=\"397\" data-end=\"436\">Yanmar Auspuffkr\u00fcmmer (724770-13200)<\/strong> wurde entwickelt, um die Abgase bei <strong data-start=\"503\" data-end=\"549\">Yanmar 2QM und 2QM20 Schiffsdieselmotoren<\/strong> sicher vom Motor wegzuleiten. Der Auspuffkr\u00fcmmer ist eine kritische Komponente des Auspuffsystems und ist Hitze, Korrosion und dem Abgasstrom ausgesetzt. <\/p>\n<p data-start=\"673\" data-end=\"889\">Dieser nach OEM-Spezifikationen gefertigte Auspuffkr\u00fcmmer gew\u00e4hrleistet eine korrekte Passform und zuverl\u00e4ssige Leistung. Er eignet sich zum Austausch bei der Reparatur oder \u00dcberholung der Auspuffanlage oder wenn Korrosion oder Leckagen vorhanden sind. <\/p>\n<h2 data-start=\"896\" data-end=\"913\">Produkttyp<\/h2>\n<p data-start=\"914\" data-end=\"944\">Auspuffkr\u00fcmmer<\/p>\n<h2 data-start=\"951\" data-end=\"982\">Original \/ OEM Teilenummer<\/h2>\n<ul data-start=\"983\" data-end=\"1001\">\n<li data-start=\"983\" data-end=\"1001\">\n<p data-start=\"985\" data-end=\"1001\">724770-13200<\/p>\n<\/li>\n<\/ul>\n<h2 data-start=\"1008\" data-end=\"1026\">Kompatibilit\u00e4t<\/h2>\n<p data-start=\"1027\" data-end=\"1092\">Geeignet f\u00fcr <strong data-start=\"1040\" data-end=\"1081\"><span class=\"hover:entity-accent entity-underline inline cursor-pointer align-baseline\"><span class=\"whitespace-normal\">Yanmar<\/span><\/span><\/strong> Motoren:<\/p>\n<ul data-start=\"1093\" data-end=\"1116\">\n<li data-start=\"1093\" data-end=\"1104\">\n<p data-start=\"1095\" data-end=\"1104\">2QM<\/p>\n<\/li>\n<li data-start=\"1105\" data-end=\"1116\">\n<p data-start=\"1107\" data-end=\"1116\">2QM20<\/p>\n<\/li>\n<\/ul>\n","protected":false},"excerpt":{"rendered":"<p>Der Yanmar Auspuffkr\u00fcmmer (724770-13200) wurde entwickelt, um die Abgase bei Yanmar 2QM und 2QM20 Schiffsdieselmotoren sicher vom Motor wegzuleiten. Der Auspuffkr\u00fcmmer ist eine kritische Komponente des Auspuffsystems und ist Hitze, Korrosion und dem Abgasstrom ausgesetzt. Dieser nach OEM-Spezifikationen gefertigte Auspuffkr\u00fcmmer gew\u00e4hrleistet eine korrekte Passform und zuverl\u00e4ssige Leistung. Er eignet sich zum Austausch bei der Reparatur [&hellip;]<\/p>\n","protected":false},"featured_media":46458,"comment_status":"open","ping_status":"closed","template":"","meta":[],"product_brand":[4236],"product_cat":[3207,3208,2532],"product_tag":[],"class_list":{"0":"post-46457","1":"product","2":"type-product","3":"status-publish","4":"has-post-thumbnail","6":"product_brand-yanmar","7":"product_cat-auspuffanlagen","8":"product_cat-auspuffkrummer","9":"product_cat-motorenteile","10":"pa_condition-neu","11":"pa_model-2qm20","12":"pa_oem-or-aftermarket-aftermarket","14":"first","15":"onbackorder","16":"taxable","17":"shipping-taxable","18":"purchasable","19":"product-type-simple"},"supplier_id":7294,"supplier_sku":"MAR13200KIT","barcode":null,"atum_controlled":true,"out_stock_date":"2026-01-19 11:03:42","out_stock_threshold":null,"inheritable":false,"inbound_stock":null,"stock_on_hold":null,"sold_today":null,"sales_last_days":null,"reserved_stock":null,"customer_returns":null,"warehouse_damage":null,"lost_in_post":null,"other_logs":null,"out_stock_days":0,"lost_sales":null,"has_location":false,"update_date":"2026-01-19T11:04:12","atum_locations":[],"atum_stock_status":"onbackorder","restock_status":false,"low_stock_amount":0,"sales_update_date":null,"calc_backorders":null,"_links":{"self":[{"href":"https:\/\/mps.digital-monkey.in\/de\/wp-json\/wp\/v2\/product\/46457","targetHints":{"allow":["GET"]}}],"collection":[{"href":"https:\/\/mps.digital-monkey.in\/de\/wp-json\/wp\/v2\/product"}],"about":[{"href":"https:\/\/mps.digital-monkey.in\/de\/wp-json\/wp\/v2\/types\/product"}],"replies":[{"embeddable":true,"href":"https:\/\/mps.digital-monkey.in\/de\/wp-json\/wp\/v2\/comments?post=46457"}],"wp:featuredmedia":[{"embeddable":true,"href":"https:\/\/mps.digital-monkey.in\/de\/wp-json\/wp\/v2\/media\/46458"}],"wp:attachment":[{"href":"https:\/\/mps.digital-monkey.in\/de\/wp-json\/wp\/v2\/media?parent=46457"}],"wp:term":[{"taxonomy":"product_brand","embeddable":true,"href":"https:\/\/mps.digital-monkey.in\/de\/wp-json\/wp\/v2\/product_brand?post=46457"},{"taxonomy":"product_cat","embeddable":true,"href":"https:\/\/mps.digital-monkey.in\/de\/wp-json\/wp\/v2\/product_cat?post=46457"},{"taxonomy":"product_tag","embeddable":true,"href":"https:\/\/mps.digital-monkey.in\/de\/wp-json\/wp\/v2\/product_tag?post=46457"}],"curies":[{"name":"wp","href":"https:\/\/api.w.org\/{rel}","templated":true}]}}