{"id":46467,"date":"2026-01-20T10:49:31","date_gmt":"2026-01-20T10:49:31","guid":{"rendered":"https:\/\/mps.digital-monkey.in\/product\/yanmar-edelstahl-auspuffkruemmer-4lh-ht-hte-htz-te-119171-13490\/"},"modified":"2026-01-20T10:49:31","modified_gmt":"2026-01-20T10:49:31","slug":"yanmar-edelstahl-auspuffkruemmer-4lh-ht-hte-htz-te-119171-13490","status":"publish","type":"product","link":"https:\/\/mps.digital-monkey.in\/de\/product\/yanmar-edelstahl-auspuffkruemmer-4lh-ht-hte-htz-te-119171-13490\/","title":{"rendered":"Yanmar Edelstahl Auspuffkr\u00fcmmer | 4LH HT \/ HTE \/ HTZ \/ TE | 119171-13490"},"content":{"rendered":"<p data-start=\"448\" data-end=\"781\">Der <strong data-start=\"452\" data-end=\"507\">Yanmar Edelstahl-Abgaskr\u00fcmmer (119171-13490)<\/strong> wurde f\u00fcr eine zuverl\u00e4ssige Abgasf\u00fchrung bei <strong data-start=\"556\" data-end=\"599\">Yanmar-Schiffsdieselmotoren der 4LH-Serie<\/strong> entwickelt. Dieser aus <strong data-start=\"619\" data-end=\"638\">Edelstahl<\/strong> gefertigte Auspuffkr\u00fcmmer bietet eine hervorragende Best\u00e4ndigkeit gegen Korrosion und hohe Abgastemperaturen und gew\u00e4hrleistet eine lange Lebensdauer in maritimer Umgebung. <\/p>\n<p data-start=\"783\" data-end=\"935\">Mit einem <strong data-start=\"790\" data-end=\"825\">3-1\/2\u2033 (88,9 mm) Auspuffauslass<\/strong> sorgt dieser Kr\u00fcmmer f\u00fcr eine korrekte Passform und zuverl\u00e4ssige Leistung beim Austausch oder Upgrade der Auspuffanlage.<\/p>\n<h2 data-start=\"942\" data-end=\"959\">Produkttyp<\/h2>\n<p data-start=\"960\" data-end=\"990\">Auspuffkr\u00fcmmer \/ Auspuffkr\u00fcmmer<\/p>\n<h2 data-start=\"997\" data-end=\"1010\">Material<\/h2>\n<p data-start=\"1011\" data-end=\"1030\"><strong data-start=\"1011\" data-end=\"1030\">Rostfreier Stahl<\/strong><\/p>\n<h2 data-start=\"1037\" data-end=\"1065\">Durchmesser des Auslasses<\/h2>\n<p data-start=\"1066\" data-end=\"1086\"><strong data-start=\"1066\" data-end=\"1086\">3-1\/2\u2033 (88,9 mm)<\/strong><\/p>\n<h2 data-start=\"1093\" data-end=\"1120\">OEM \/ Referenznummer<\/h2>\n<ul data-start=\"1121\" data-end=\"1139\">\n<li data-start=\"1121\" data-end=\"1139\">\n<p data-start=\"1123\" data-end=\"1139\">119171-13490<\/p>\n<\/li>\n<\/ul>\n<h2 data-start=\"1146\" data-end=\"1164\">Kompatibilit\u00e4t<\/h2>\n<p data-start=\"1166\" data-end=\"1231\"><strong data-start=\"1166\" data-end=\"1229\">Geeignet f\u00fcr <span class=\"hover:entity-accent entity-underline inline cursor-pointer align-baseline\"><span class=\"whitespace-normal\">Yanmar<\/span><\/span> Motoren:<\/strong><\/p>\n<ul data-start=\"1232\" data-end=\"1357\">\n<li data-start=\"1232\" data-end=\"1247\">\n<p data-start=\"1234\" data-end=\"1247\">4LH-DTE<\/p>\n<\/li>\n<li data-start=\"1248\" data-end=\"1263\">\n<p data-start=\"1250\" data-end=\"1263\">4LH-DTZ<\/p>\n<\/li>\n<li data-start=\"1264\" data-end=\"1278\">\n<p data-start=\"1266\" data-end=\"1278\">4LH-HT<\/p>\n<\/li>\n<li data-start=\"1279\" data-end=\"1294\">\n<p data-start=\"1281\" data-end=\"1294\">4LH-HTE<\/p>\n<\/li>\n<li data-start=\"1295\" data-end=\"1310\">\n<p data-start=\"1297\" data-end=\"1310\">4LH-HTZ<\/p>\n<\/li>\n<li data-start=\"1311\" data-end=\"1328\">\n<p data-start=\"1313\" data-end=\"1328\">4LH-HTZAY<\/p>\n<\/li>\n<li data-start=\"1329\" data-end=\"1344\">\n<p data-start=\"1331\" data-end=\"1344\">4LH-STE<\/p>\n<\/li>\n<li data-start=\"1345\" data-end=\"1357\">\n<p data-start=\"1347\" data-end=\"1357\">4LH-TE<\/p>\n<\/li>\n<\/ul>\n<h2 data-start=\"1364\" data-end=\"1377\"><\/h2>\n","protected":false},"excerpt":{"rendered":"<p>Der Yanmar Edelstahl-Abgaskr\u00fcmmer (119171-13490) wurde f\u00fcr eine zuverl\u00e4ssige Abgasf\u00fchrung bei Yanmar-Schiffsdieselmotoren der 4LH-Serie entwickelt. Dieser aus Edelstahl gefertigte Auspuffkr\u00fcmmer bietet eine hervorragende Best\u00e4ndigkeit gegen Korrosion und hohe Abgastemperaturen und gew\u00e4hrleistet eine lange Lebensdauer in maritimer Umgebung. Mit einem 3-1\/2\u2033 (88,9 mm) Auspuffauslass sorgt dieser Kr\u00fcmmer f\u00fcr eine korrekte Passform und zuverl\u00e4ssige Leistung beim Austausch oder [&hellip;]<\/p>\n","protected":false},"featured_media":46468,"comment_status":"open","ping_status":"closed","template":"","meta":[],"product_brand":[4236],"product_cat":[3207,3208,2532],"product_tag":[],"class_list":{"0":"post-46467","1":"product","2":"type-product","3":"status-publish","4":"has-post-thumbnail","6":"product_brand-yanmar","7":"product_cat-auspuffanlagen","8":"product_cat-auspuffkrummer","9":"product_cat-motorenteile","10":"pa_condition-neu","11":"pa_model-4lh-dte","12":"pa_model-4lh-dtz","13":"pa_model-4lh-hte","14":"pa_model-4lh-htz","15":"pa_model-4lh-htzay","16":"pa_model-4lh-ste","17":"pa_model-4lh-te","18":"pa_oem-or-aftermarket-aftermarket","20":"first","21":"onbackorder","22":"taxable","23":"shipping-taxable","24":"purchasable","25":"product-type-simple"},"supplier_id":7294,"supplier_sku":"MAR119171-13490INOX","barcode":null,"atum_controlled":true,"out_stock_date":"2026-01-20 10:49:37","out_stock_threshold":null,"inheritable":false,"inbound_stock":null,"stock_on_hold":null,"sold_today":null,"sales_last_days":null,"reserved_stock":null,"customer_returns":null,"warehouse_damage":null,"lost_in_post":null,"other_logs":null,"out_stock_days":0,"lost_sales":null,"has_location":false,"update_date":"2026-01-20T10:49:40","atum_locations":[],"atum_stock_status":"onbackorder","restock_status":false,"low_stock_amount":0,"sales_update_date":null,"calc_backorders":null,"_links":{"self":[{"href":"https:\/\/mps.digital-monkey.in\/de\/wp-json\/wp\/v2\/product\/46467","targetHints":{"allow":["GET"]}}],"collection":[{"href":"https:\/\/mps.digital-monkey.in\/de\/wp-json\/wp\/v2\/product"}],"about":[{"href":"https:\/\/mps.digital-monkey.in\/de\/wp-json\/wp\/v2\/types\/product"}],"replies":[{"embeddable":true,"href":"https:\/\/mps.digital-monkey.in\/de\/wp-json\/wp\/v2\/comments?post=46467"}],"wp:featuredmedia":[{"embeddable":true,"href":"https:\/\/mps.digital-monkey.in\/de\/wp-json\/wp\/v2\/media\/46468"}],"wp:attachment":[{"href":"https:\/\/mps.digital-monkey.in\/de\/wp-json\/wp\/v2\/media?parent=46467"}],"wp:term":[{"taxonomy":"product_brand","embeddable":true,"href":"https:\/\/mps.digital-monkey.in\/de\/wp-json\/wp\/v2\/product_brand?post=46467"},{"taxonomy":"product_cat","embeddable":true,"href":"https:\/\/mps.digital-monkey.in\/de\/wp-json\/wp\/v2\/product_cat?post=46467"},{"taxonomy":"product_tag","embeddable":true,"href":"https:\/\/mps.digital-monkey.in\/de\/wp-json\/wp\/v2\/product_tag?post=46467"}],"curies":[{"name":"wp","href":"https:\/\/api.w.org\/{rel}","templated":true}]}}