{"id":46473,"date":"2026-01-20T11:24:29","date_gmt":"2026-01-20T11:24:29","guid":{"rendered":"https:\/\/mps.digital-monkey.in\/product\/yanmar-edelstahl-auspuffkruemmer-4jh-4jh2-4jh3-129792-13552\/"},"modified":"2026-01-20T11:24:29","modified_gmt":"2026-01-20T11:24:29","slug":"yanmar-edelstahl-auspuffkruemmer-4jh-4jh2-4jh3-129792-13552","status":"publish","type":"product","link":"https:\/\/mps.digital-monkey.in\/de\/produkt\/yanmar-edelstahl-auspuffkruemmer-4jh-4jh2-4jh3-129792-13552\/","title":{"rendered":"Yanmar Edelstahl Auspuffkr\u00fcmmer | 4JH \/ 4JH2 \/ 4JH3 | 129792-13552"},"content":{"rendered":"<p data-start=\"545\" data-end=\"897\">Der <strong data-start=\"549\" data-end=\"604\">Yanmar Auspuffkr\u00fcmmer aus Edelstahl (129792-13552)<\/strong> wurde entwickelt, um die Abgase von <strong data-start=\"671\" data-end=\"714\">Yanmar-Dieselmotoren der 4JH-Serie<\/strong> sicher vom Motor wegzuleiten. Dieser aus <strong data-start=\"734\" data-end=\"753\">Edelstahl<\/strong> gefertigte Auspuffkr\u00fcmmer bietet eine hervorragende Best\u00e4ndigkeit gegen Korrosion, Hitze und Abgaskondensation und ist somit ideal f\u00fcr die raue Umgebung auf See. <\/p>\n<p data-start=\"899\" data-end=\"1128\">Dieser Auspuffkr\u00fcmmer ist f\u00fcr eine Vielzahl von 4JH-, 4JH2- und 4JH3-Motorvarianten geeignet und ersetzt mehrere Yanmar OEM-Referenznummern. Er ist ideal f\u00fcr den Austausch des Auspuffsystems, die Reparatur von Korrosion oder die vorbeugende Wartung. <\/p>\n<h2 data-start=\"1135\" data-end=\"1152\">Produkttyp<\/h2>\n<p data-start=\"1153\" data-end=\"1183\">Auspuffkr\u00fcmmer \/ Auspuffkr\u00fcmmer<\/p>\n<h2 data-start=\"1190\" data-end=\"1203\">Material<\/h2>\n<p data-start=\"1204\" data-end=\"1223\">Rostfreier Stahl<\/p>\n<h2 data-start=\"1230\" data-end=\"1265\">Yanmar OEM \/ Referenz-Nummern<\/h2>\n<p data-start=\"1266\" data-end=\"1311\">Ersetzt die folgenden Yanmar-Teilenummern:<\/p>\n<ul data-start=\"1312\" data-end=\"1414\">\n<li data-start=\"1312\" data-end=\"1332\">\n<p data-start=\"1314\" data-end=\"1332\">129792-13552<\/p>\n<\/li>\n<li data-start=\"1333\" data-end=\"1353\">\n<p data-start=\"1335\" data-end=\"1353\">129792-13551<\/p>\n<\/li>\n<li data-start=\"1354\" data-end=\"1374\">\n<p data-start=\"1356\" data-end=\"1374\">129792-13550<\/p>\n<\/li>\n<li data-start=\"1375\" data-end=\"1395\">\n<p data-start=\"1377\" data-end=\"1395\">129671-13551<\/p>\n<\/li>\n<li data-start=\"1396\" data-end=\"1414\">\n<p data-start=\"1398\" data-end=\"1414\">129579-13551<\/p>\n<\/li>\n<\/ul>\n<h2 data-start=\"1421\" data-end=\"1439\">Kompatibilit\u00e4t<\/h2>\n<p data-start=\"1441\" data-end=\"1506\"><strong data-start=\"1441\" data-end=\"1504\">Geeignet f\u00fcr <span class=\"hover:entity-accent entity-underline inline cursor-pointer align-baseline\"><span class=\"whitespace-normal\">Yanmar<\/span><\/span> Motoren:<\/strong><\/p>\n<h3 data-start=\"1508\" data-end=\"1524\">Serie 4JH<\/h3>\n<ul data-start=\"1525\" data-end=\"1722\">\n<li data-start=\"1525\" data-end=\"1535\">\n<p data-start=\"1527\" data-end=\"1535\">4JH-DT<\/p>\n<\/li>\n<li data-start=\"1536\" data-end=\"1547\">\n<p data-start=\"1538\" data-end=\"1547\">4JH-DTZ<\/p>\n<\/li>\n<li data-start=\"1548\" data-end=\"1560\">\n<p data-start=\"1550\" data-end=\"1560\">4JH-DTZA<\/p>\n<\/li>\n<li data-start=\"1561\" data-end=\"1573\">\n<p data-start=\"1563\" data-end=\"1573\">4JH-DTZP<\/p>\n<\/li>\n<li data-start=\"1574\" data-end=\"1586\">\n<p data-start=\"1576\" data-end=\"1586\">4JH-DTZY<\/p>\n<\/li>\n<li data-start=\"1587\" data-end=\"1598\">\n<p data-start=\"1589\" data-end=\"1598\">4JH-HTZ<\/p>\n<\/li>\n<li data-start=\"1599\" data-end=\"1611\">\n<p data-start=\"1601\" data-end=\"1611\">4JH-HTZA<\/p>\n<\/li>\n<li data-start=\"1612\" data-end=\"1625\">\n<p data-start=\"1614\" data-end=\"1625\">4JH-HTZAE<\/p>\n<\/li>\n<li data-start=\"1626\" data-end=\"1638\">\n<p data-start=\"1628\" data-end=\"1638\">4JH-HTZY<\/p>\n<\/li>\n<li data-start=\"1639\" data-end=\"1649\">\n<p data-start=\"1641\" data-end=\"1649\">4JH-TE<\/p>\n<\/li>\n<li data-start=\"1650\" data-end=\"1660\">\n<p data-start=\"1652\" data-end=\"1660\">4JH-TZ<\/p>\n<\/li>\n<li data-start=\"1661\" data-end=\"1672\">\n<p data-start=\"1663\" data-end=\"1672\">4JH-TZ1<\/p>\n<\/li>\n<li data-start=\"1673\" data-end=\"1684\">\n<p data-start=\"1675\" data-end=\"1684\">4JH-TZ2<\/p>\n<\/li>\n<li data-start=\"1685\" data-end=\"1696\">\n<p data-start=\"1687\" data-end=\"1696\">4JH-TZA<\/p>\n<\/li>\n<li data-start=\"1697\" data-end=\"1709\">\n<p data-start=\"1699\" data-end=\"1709\">4JH-TZAE<\/p>\n<\/li>\n<li data-start=\"1710\" data-end=\"1722\">\n<p data-start=\"1712\" data-end=\"1722\">4JH-TZAY<\/p>\n<\/li>\n<\/ul>\n<h3 data-start=\"1724\" data-end=\"1741\">Serie 4JH2<\/h3>\n<ul data-start=\"1742\" data-end=\"1818\">\n<li data-start=\"1742\" data-end=\"1754\">\n<p data-start=\"1744\" data-end=\"1754\">4JH2-DTE<\/p>\n<\/li>\n<li data-start=\"1755\" data-end=\"1767\">\n<p data-start=\"1757\" data-end=\"1767\">4JH2-DTZ<\/p>\n<\/li>\n<li data-start=\"1768\" data-end=\"1780\">\n<p data-start=\"1770\" data-end=\"1780\">4JH2-HTE<\/p>\n<\/li>\n<li data-start=\"1781\" data-end=\"1792\">\n<p data-start=\"1783\" data-end=\"1792\">4JH2-TE<\/p>\n<\/li>\n<li data-start=\"1793\" data-end=\"1808\">\n<p data-start=\"1795\" data-end=\"1808\">4JH2-UTE(B)<\/p>\n<\/li>\n<li data-start=\"1809\" data-end=\"1818\">\n<p data-start=\"1811\" data-end=\"1818\">4JH2E<\/p>\n<\/li>\n<\/ul>\n<h3 data-start=\"1820\" data-end=\"1837\">Serie 4JH3<\/h3>\n<ul data-start=\"1838\" data-end=\"1985\">\n<li data-start=\"1838\" data-end=\"1850\">\n<p data-start=\"1840\" data-end=\"1850\">4JH3-DTZ<\/p>\n<\/li>\n<li data-start=\"1851\" data-end=\"1865\">\n<p data-start=\"1853\" data-end=\"1865\">4JH3-DTZAY<\/p>\n<\/li>\n<li data-start=\"1866\" data-end=\"1877\">\n<p data-start=\"1868\" data-end=\"1877\">4JH3-HT<\/p>\n<\/li>\n<li data-start=\"1878\" data-end=\"1891\">\n<p data-start=\"1880\" data-end=\"1891\">4JH3-HTZ1<\/p>\n<\/li>\n<li data-start=\"1892\" data-end=\"1905\">\n<p data-start=\"1894\" data-end=\"1905\">4JH3-HTZA<\/p>\n<\/li>\n<li data-start=\"1906\" data-end=\"1920\">\n<p data-start=\"1908\" data-end=\"1920\">4JH3-HTZAY<\/p>\n<\/li>\n<li data-start=\"1921\" data-end=\"1935\">\n<p data-start=\"1923\" data-end=\"1935\">4JH3-HTZY1<\/p>\n<\/li>\n<li data-start=\"1936\" data-end=\"1946\">\n<p data-start=\"1938\" data-end=\"1946\">4JH3-T<\/p>\n<\/li>\n<li data-start=\"1947\" data-end=\"1958\">\n<p data-start=\"1949\" data-end=\"1958\">4JH3-T1<\/p>\n<\/li>\n<li data-start=\"1959\" data-end=\"1971\">\n<p data-start=\"1961\" data-end=\"1971\">4JH3-TZA<\/p>\n<\/li>\n<li data-start=\"1972\" data-end=\"1985\">\n<p data-start=\"1974\" data-end=\"1985\">4JH3-TZAY<\/p>\n<\/li>\n<\/ul>\n<h3 data-start=\"1987\" data-end=\"1998\">Andere<\/h3>\n<ul data-start=\"1999\" data-end=\"2027\">\n<li data-start=\"1999\" data-end=\"2007\">\n<p data-start=\"2001\" data-end=\"2007\">4JHE<\/p>\n<\/li>\n<li data-start=\"2008\" data-end=\"2016\">\n<p data-start=\"2010\" data-end=\"2016\">4JHZ<\/p>\n<\/li>\n<li data-start=\"2017\" data-end=\"2027\">\n<p data-start=\"2019\" data-end=\"2027\">4JHZAE<\/p>\n<\/li>\n<\/ul>\n","protected":false},"excerpt":{"rendered":"<p>Der Yanmar Auspuffkr\u00fcmmer aus Edelstahl (129792-13552) wurde entwickelt, um die Abgase von Yanmar-Dieselmotoren der 4JH-Serie sicher vom Motor wegzuleiten. Dieser aus Edelstahl gefertigte Auspuffkr\u00fcmmer bietet eine hervorragende Best\u00e4ndigkeit gegen Korrosion, Hitze und Abgaskondensation und ist somit ideal f\u00fcr die raue Umgebung auf See. Dieser Auspuffkr\u00fcmmer ist f\u00fcr eine Vielzahl von 4JH-, 4JH2- und 4JH3-Motorvarianten geeignet [&hellip;]<\/p>\n","protected":false},"featured_media":46474,"comment_status":"open","ping_status":"closed","template":"","meta":[],"product_brand":[4236],"product_cat":[3207,3208,2532],"product_tag":[],"class_list":{"0":"post-46473","1":"product","2":"type-product","3":"status-publish","4":"has-post-thumbnail","6":"product_brand-yanmar","7":"product_cat-auspuffanlagen","8":"product_cat-auspuffkrummer","9":"product_cat-motorenteile","10":"pa_condition-neu","11":"pa_model-4jh","12":"pa_model-4jh-dt","13":"pa_model-4jh-dtz","14":"pa_model-4jh-dtza","15":"pa_model-4jh-dtzp","16":"pa_model-4jh2-dtz","17":"pa_model-4jh2dte","18":"pa_model-4jh2e","19":"pa_model-4jh2hte","20":"pa_model-4jh2te","21":"pa_model-4jh2utbe","22":"pa_model-4jh3-dtz","23":"pa_model-4jh3-dtzay","24":"pa_model-4jh3-ht","25":"pa_model-4jh3-htz1","26":"pa_model-4jh3-htza","27":"pa_model-4jh3-htzay","28":"pa_model-4jh3-htzy1","29":"pa_oem-or-aftermarket-aftermarket","31":"first","32":"onbackorder","33":"taxable","34":"shipping-taxable","35":"purchasable","36":"product-type-simple"},"supplier_id":7294,"supplier_sku":"MAR129792-13552INOX","barcode":null,"atum_controlled":true,"out_stock_date":"2026-01-20 11:24:34","out_stock_threshold":null,"inheritable":false,"inbound_stock":null,"stock_on_hold":null,"sold_today":null,"sales_last_days":null,"reserved_stock":null,"customer_returns":null,"warehouse_damage":null,"lost_in_post":null,"other_logs":null,"out_stock_days":0,"lost_sales":null,"has_location":false,"update_date":"2026-01-20T11:24:37","atum_locations":[],"atum_stock_status":"onbackorder","restock_status":false,"low_stock_amount":0,"sales_update_date":null,"calc_backorders":null,"_links":{"self":[{"href":"https:\/\/mps.digital-monkey.in\/de\/wp-json\/wp\/v2\/product\/46473","targetHints":{"allow":["GET"]}}],"collection":[{"href":"https:\/\/mps.digital-monkey.in\/de\/wp-json\/wp\/v2\/product"}],"about":[{"href":"https:\/\/mps.digital-monkey.in\/de\/wp-json\/wp\/v2\/types\/product"}],"replies":[{"embeddable":true,"href":"https:\/\/mps.digital-monkey.in\/de\/wp-json\/wp\/v2\/comments?post=46473"}],"wp:featuredmedia":[{"embeddable":true,"href":"https:\/\/mps.digital-monkey.in\/de\/wp-json\/wp\/v2\/media\/46474"}],"wp:attachment":[{"href":"https:\/\/mps.digital-monkey.in\/de\/wp-json\/wp\/v2\/media?parent=46473"}],"wp:term":[{"taxonomy":"product_brand","embeddable":true,"href":"https:\/\/mps.digital-monkey.in\/de\/wp-json\/wp\/v2\/product_brand?post=46473"},{"taxonomy":"product_cat","embeddable":true,"href":"https:\/\/mps.digital-monkey.in\/de\/wp-json\/wp\/v2\/product_cat?post=46473"},{"taxonomy":"product_tag","embeddable":true,"href":"https:\/\/mps.digital-monkey.in\/de\/wp-json\/wp\/v2\/product_tag?post=46473"}],"curies":[{"name":"wp","href":"https:\/\/api.w.org\/{rel}","templated":true}]}}