{"id":46482,"date":"2026-01-20T13:56:08","date_gmt":"2026-01-20T13:56:08","guid":{"rendered":"https:\/\/mps.digital-monkey.in\/product\/yanmar-lichtmaschine-12v-80a-6lp-6lpa-serie-119773-77200\/"},"modified":"2026-01-20T13:56:08","modified_gmt":"2026-01-20T13:56:08","slug":"yanmar-lichtmaschine-12v-80a-6lp-6lpa-serie-119773-77200","status":"publish","type":"product","link":"https:\/\/mps.digital-monkey.in\/de\/product\/yanmar-lichtmaschine-12v-80a-6lp-6lpa-serie-119773-77200\/","title":{"rendered":"Yanmar Lichtmaschine | 12V 80A | 6LP \/ 6LPA Serie | 119773-77200"},"content":{"rendered":"<p data-start=\"461\" data-end=\"729\">Die <strong data-start=\"465\" data-end=\"496\">Yanmar Lichtmaschine (12V 80A)<\/strong> wurde entwickelt, um zuverl\u00e4ssige Ladeleistung f\u00fcr <strong data-start=\"554\" data-end=\"599\">Yanmar 6LP und 6LPA Schiffsdieselmotoren<\/strong> zu liefern. Diese Lichtmaschine liefert eine stabile elektrische Leistung f\u00fcr den Motorbetrieb, das Laden der Batterie und die elektrischen Systeme an Bord. <\/p>\n<p data-start=\"731\" data-end=\"954\">Sie wird nach OEM-\u00e4quivalenten Spezifikationen hergestellt und bietet eine genaue Passgenauigkeit, eine zuverl\u00e4ssige Leistung und eine lange Lebensdauer in maritimen Umgebungen. Geeignet f\u00fcr den Austausch der Lichtmaschine bei der Wartung oder \u00dcberholung der elektrischen Anlage. <\/p>\n<h2 data-start=\"961\" data-end=\"978\">Produkttyp<\/h2>\n<p data-start=\"979\" data-end=\"989\">Lichtmaschine<\/p>\n<h2 data-start=\"996\" data-end=\"1026\">Elektrische Spezifikationen<\/h2>\n<ul data-start=\"1027\" data-end=\"1076\">\n<li data-start=\"1027\" data-end=\"1052\">\n<p data-start=\"1029\" data-end=\"1052\"><strong data-start=\"1029\" data-end=\"1041\">Spannung:<\/strong> 12 Volt<\/p>\n<\/li>\n<li data-start=\"1053\" data-end=\"1076\">\n<p data-start=\"1055\" data-end=\"1076\"><strong data-start=\"1055\" data-end=\"1066\">Leistung:<\/strong> 80 Ampere<\/p>\n<\/li>\n<\/ul>\n<h2 data-start=\"1083\" data-end=\"1111\">Physikalische Spezifikationen<\/h2>\n<ul data-start=\"1112\" data-end=\"1258\">\n<li data-start=\"1112\" data-end=\"1140\">\n<p data-start=\"1114\" data-end=\"1140\"><strong data-start=\"1114\" data-end=\"1135\">Riemenscheibe im Freilauf:<\/strong> Nein<\/p>\n<\/li>\n<li data-start=\"1141\" data-end=\"1171\">\n<p data-start=\"1143\" data-end=\"1171\"><strong data-start=\"1143\" data-end=\"1163\">Durchmesser der Riemenscheibe:<\/strong> 74 mm<\/p>\n<\/li>\n<li data-start=\"1172\" data-end=\"1206\">\n<p data-start=\"1174\" data-end=\"1206\"><strong data-start=\"1174\" data-end=\"1202\">Anzahl der Rippen (Riemenscheibe):<\/strong> 2<\/p>\n<\/li>\n<li data-start=\"1207\" data-end=\"1232\">\n<p data-start=\"1209\" data-end=\"1232\"><strong data-start=\"1209\" data-end=\"1227\">B+ Anschluss:<\/strong> M6<\/p>\n<\/li>\n<li data-start=\"1233\" data-end=\"1258\">\n<p data-start=\"1235\" data-end=\"1258\"><strong data-start=\"1235\" data-end=\"1254\">Befestigungsl\u00f6cher:<\/strong> 2<\/p>\n<\/li>\n<\/ul>\n<h2 data-start=\"1265\" data-end=\"1300\">Yanmar OEM \/ Referenz-Nummern<\/h2>\n<ul data-start=\"1301\" data-end=\"1340\">\n<li data-start=\"1301\" data-end=\"1321\">\n<p data-start=\"1303\" data-end=\"1321\">119773-77200<\/p>\n<\/li>\n<li data-start=\"1322\" data-end=\"1340\">\n<p data-start=\"1324\" data-end=\"1340\">119773-77201<\/p>\n<\/li>\n<\/ul>\n<h2 data-start=\"1347\" data-end=\"1365\">Kompatibilit\u00e4t<\/h2>\n<p data-start=\"1367\" data-end=\"1432\"><strong data-start=\"1367\" data-end=\"1430\">Geeignet f\u00fcr <span class=\"hover:entity-accent entity-underline inline cursor-pointer align-baseline\"><span class=\"whitespace-normal\">Yanmar<\/span><\/span> Motoren:<\/strong><\/p>\n<h3 data-start=\"1434\" data-end=\"1451\">Serie 6LPA<\/h3>\n<ul data-start=\"1452\" data-end=\"1595\">\n<li data-start=\"1452\" data-end=\"1464\">\n<p data-start=\"1454\" data-end=\"1464\">6LPA-DTP<\/p>\n<\/li>\n<li data-start=\"1465\" data-end=\"1478\">\n<p data-start=\"1467\" data-end=\"1478\">6LPA-DTZP<\/p>\n<\/li>\n<li data-start=\"1479\" data-end=\"1491\">\n<p data-start=\"1481\" data-end=\"1491\">6LPA-STP<\/p>\n<\/li>\n<li data-start=\"1492\" data-end=\"1504\">\n<p data-start=\"1494\" data-end=\"1504\">6LPA-STZ<\/p>\n<\/li>\n<li data-start=\"1505\" data-end=\"1518\">\n<p data-start=\"1507\" data-end=\"1518\">6LPA-STP2<\/p>\n<\/li>\n<li data-start=\"1519\" data-end=\"1533\">\n<p data-start=\"1521\" data-end=\"1533\">6LPA-STZP2<\/p>\n<\/li>\n<li data-start=\"1534\" data-end=\"1548\">\n<p data-start=\"1536\" data-end=\"1548\">6LPA-STZP3<\/p>\n<\/li>\n<li data-start=\"1549\" data-end=\"1564\">\n<p data-start=\"1551\" data-end=\"1564\">6LPA-DTZEP1<\/p>\n<\/li>\n<li data-start=\"1565\" data-end=\"1580\">\n<p data-start=\"1567\" data-end=\"1580\">6LPA-STZEP1<\/p>\n<\/li>\n<li data-start=\"1581\" data-end=\"1595\">\n<p data-start=\"1583\" data-end=\"1595\">6LPA-STZYJ<\/p>\n<\/li>\n<\/ul>\n<h3 data-start=\"1597\" data-end=\"1613\">6LP-Serie<\/h3>\n<ul data-start=\"1614\" data-end=\"1791\">\n<li data-start=\"1614\" data-end=\"1624\">\n<p data-start=\"1616\" data-end=\"1624\">6LP-DT<\/p>\n<\/li>\n<li data-start=\"1625\" data-end=\"1636\">\n<p data-start=\"1627\" data-end=\"1636\">6LP-DTE<\/p>\n<\/li>\n<li data-start=\"1637\" data-end=\"1649\">\n<p data-start=\"1639\" data-end=\"1649\">6LP-DTZE<\/p>\n<\/li>\n<li data-start=\"1650\" data-end=\"1662\">\n<p data-start=\"1652\" data-end=\"1662\">6LP-DTZY<\/p>\n<\/li>\n<li data-start=\"1663\" data-end=\"1673\">\n<p data-start=\"1665\" data-end=\"1673\">6LP-ST<\/p>\n<\/li>\n<li data-start=\"1674\" data-end=\"1685\">\n<p data-start=\"1676\" data-end=\"1685\">6LP-STE<\/p>\n<\/li>\n<li data-start=\"1686\" data-end=\"1698\">\n<p data-start=\"1688\" data-end=\"1698\">6LP-STZE<\/p>\n<\/li>\n<li data-start=\"1699\" data-end=\"1711\">\n<p data-start=\"1701\" data-end=\"1711\">6LP-STZY<\/p>\n<\/li>\n<li data-start=\"1712\" data-end=\"1723\">\n<p data-start=\"1714\" data-end=\"1723\">6LP-WDT<\/p>\n<\/li>\n<li data-start=\"1724\" data-end=\"1737\">\n<p data-start=\"1726\" data-end=\"1737\">6LP-WDTZY<\/p>\n<\/li>\n<li data-start=\"1738\" data-end=\"1749\">\n<p data-start=\"1740\" data-end=\"1749\">6LP-WST<\/p>\n<\/li>\n<li data-start=\"1750\" data-end=\"1763\">\n<p data-start=\"1752\" data-end=\"1763\">6LP-WSTZY<\/p>\n<\/li>\n<li data-start=\"1764\" data-end=\"1777\">\n<p data-start=\"1766\" data-end=\"1777\">6LP-DTZE1<\/p>\n<\/li>\n<li data-start=\"1778\" data-end=\"1791\">\n<p data-start=\"1780\" data-end=\"1791\">6LP-STZE1<\/p>\n<\/li>\n<\/ul>\n<h2 data-start=\"1798\" data-end=\"1811\"><\/h2>\n","protected":false},"excerpt":{"rendered":"<p>Die Yanmar Lichtmaschine (12V 80A) wurde entwickelt, um zuverl\u00e4ssige Ladeleistung f\u00fcr Yanmar 6LP und 6LPA Schiffsdieselmotoren zu liefern. Diese Lichtmaschine liefert eine stabile elektrische Leistung f\u00fcr den Motorbetrieb, das Laden der Batterie und die elektrischen Systeme an Bord. Sie wird nach OEM-\u00e4quivalenten Spezifikationen hergestellt und bietet eine genaue Passgenauigkeit, eine zuverl\u00e4ssige Leistung und eine lange [&hellip;]<\/p>\n","protected":false},"featured_media":46483,"comment_status":"open","ping_status":"closed","template":"","meta":[],"product_brand":[4236],"product_cat":[2533,2946,2532],"product_tag":[],"class_list":{"0":"post-46482","1":"product","2":"type-product","3":"status-publish","4":"has-post-thumbnail","6":"product_brand-yanmar","7":"product_cat-elektrische-systeme","8":"product_cat-lichtmaschinen","9":"product_cat-motorenteile","10":"pa_condition-neu","11":"pa_model-6lp-dt","12":"pa_model-6lp-dte","13":"pa_model-6lp-dtze","14":"pa_model-6lp-dtze1","15":"pa_model-6lp-dtzy","16":"pa_model-6lp-st","17":"pa_model-6lp-ste","18":"pa_model-6lp-stze","19":"pa_model-6lp-stze1","20":"pa_model-6lp-stzy","21":"pa_model-6lp-wdt","22":"pa_model-6lp-wdtzy","23":"pa_model-6lp-wst","24":"pa_model-6lp-wstzy","25":"pa_model-6lpa-dtp","26":"pa_model-6lpa-dtzp","27":"pa_model-6lpa-stp","28":"pa_model-6lpa-stp2","29":"pa_model-6lpa-stz","30":"pa_oem-or-aftermarket-aftermarket","32":"first","33":"instock","34":"taxable","35":"shipping-taxable","36":"purchasable","37":"product-type-simple"},"supplier_id":7294,"supplier_sku":"REC119773-77201","barcode":null,"atum_controlled":true,"out_stock_date":null,"out_stock_threshold":null,"inheritable":false,"inbound_stock":0,"stock_on_hold":0,"sold_today":0,"sales_last_days":0,"reserved_stock":0,"customer_returns":0,"warehouse_damage":0,"lost_in_post":0,"other_logs":0,"out_stock_days":0,"lost_sales":0,"has_location":false,"update_date":"2026-03-10T15:00:30","atum_locations":[],"atum_stock_status":"instock","restock_status":false,"low_stock_amount":"","sales_update_date":"2026-03-10T15:00:30","calc_backorders":null,"_links":{"self":[{"href":"https:\/\/mps.digital-monkey.in\/de\/wp-json\/wp\/v2\/product\/46482","targetHints":{"allow":["GET"]}}],"collection":[{"href":"https:\/\/mps.digital-monkey.in\/de\/wp-json\/wp\/v2\/product"}],"about":[{"href":"https:\/\/mps.digital-monkey.in\/de\/wp-json\/wp\/v2\/types\/product"}],"replies":[{"embeddable":true,"href":"https:\/\/mps.digital-monkey.in\/de\/wp-json\/wp\/v2\/comments?post=46482"}],"wp:featuredmedia":[{"embeddable":true,"href":"https:\/\/mps.digital-monkey.in\/de\/wp-json\/wp\/v2\/media\/46483"}],"wp:attachment":[{"href":"https:\/\/mps.digital-monkey.in\/de\/wp-json\/wp\/v2\/media?parent=46482"}],"wp:term":[{"taxonomy":"product_brand","embeddable":true,"href":"https:\/\/mps.digital-monkey.in\/de\/wp-json\/wp\/v2\/product_brand?post=46482"},{"taxonomy":"product_cat","embeddable":true,"href":"https:\/\/mps.digital-monkey.in\/de\/wp-json\/wp\/v2\/product_cat?post=46482"},{"taxonomy":"product_tag","embeddable":true,"href":"https:\/\/mps.digital-monkey.in\/de\/wp-json\/wp\/v2\/product_tag?post=46482"}],"curies":[{"name":"wp","href":"https:\/\/api.w.org\/{rel}","templated":true}]}}