{"id":46519,"date":"2026-01-20T15:40:48","date_gmt":"2026-01-20T15:40:48","guid":{"rendered":"https:\/\/mps.digital-monkey.in\/product\/yanmar-luftfilter-1gm-1gm-l-128170-12540\/"},"modified":"2026-01-20T15:40:48","modified_gmt":"2026-01-20T15:40:48","slug":"yanmar-luftfilter-1gm-1gm-l-128170-12540","status":"publish","type":"product","link":"https:\/\/mps.digital-monkey.in\/de\/product\/yanmar-luftfilter-1gm-1gm-l-128170-12540\/","title":{"rendered":"Yanmar Luftfilter | 1GM \/ 1GM-L | 128170-12540"},"content":{"rendered":"<p data-start=\"408\" data-end=\"655\">Der <strong data-start=\"412\" data-end=\"448\">Yanmar Luftfilter (128170-12540)<\/strong> wurde entwickelt, um eine effektive Filterung der Ansaugluft f\u00fcr <strong data-start=\"511\" data-end=\"554\">Yanmar Dieselmotoren der 1GM-Serie<\/strong> zu gew\u00e4hrleisten. Eine saubere Ansaugluft ist f\u00fcr eine ordnungsgem\u00e4\u00dfe Verbrennung, geringeren Motorverschlei\u00df und zuverl\u00e4ssige Leistung unerl\u00e4sslich. <\/p>\n<p data-start=\"657\" data-end=\"840\">Dieser nach OEM-\u00e4quivalenten Spezifikationen gefertigte Luftfilter ist ein direkter Ersatz f\u00fcr das Yanmar-Originalteil und eignet sich f\u00fcr die routinem\u00e4\u00dfige Wartung und den Luftfilterwechsel.<\/p>\n<h2 data-start=\"847\" data-end=\"864\">Produkttyp<\/h2>\n<p data-start=\"865\" data-end=\"902\">Luftfilter \/ Motorluftansaugfilter<\/p>\n<h2 data-start=\"909\" data-end=\"936\">OEM \/ Referenznummer<\/h2>\n<ul data-start=\"937\" data-end=\"955\">\n<li data-start=\"937\" data-end=\"955\">\n<p data-start=\"939\" data-end=\"955\">128170-12540<\/p>\n<\/li>\n<\/ul>\n<h2 data-start=\"962\" data-end=\"980\">Kompatibilit\u00e4t<\/h2>\n<p data-start=\"981\" data-end=\"1046\">Geeignet f\u00fcr <strong data-start=\"994\" data-end=\"1035\"><span class=\"hover:entity-accent entity-underline inline cursor-pointer align-baseline\"><span class=\"whitespace-normal\">Yanmar<\/span><\/span><\/strong> Motoren:<\/p>\n<ul data-start=\"1047\" data-end=\"1070\">\n<li data-start=\"1047\" data-end=\"1058\">\n<p data-start=\"1049\" data-end=\"1058\">1GM<\/p>\n<\/li>\n<li data-start=\"1059\" data-end=\"1070\">\n<p data-start=\"1061\" data-end=\"1070\">1GM-L<\/p>\n<\/li>\n<\/ul>\n","protected":false},"excerpt":{"rendered":"<p>Der Yanmar Luftfilter (128170-12540) wurde entwickelt, um eine effektive Filterung der Ansaugluft f\u00fcr Yanmar Dieselmotoren der 1GM-Serie zu gew\u00e4hrleisten. Eine saubere Ansaugluft ist f\u00fcr eine ordnungsgem\u00e4\u00dfe Verbrennung, geringeren Motorverschlei\u00df und zuverl\u00e4ssige Leistung unerl\u00e4sslich. Dieser nach OEM-\u00e4quivalenten Spezifikationen gefertigte Luftfilter ist ein direkter Ersatz f\u00fcr das Yanmar-Originalteil und eignet sich f\u00fcr die routinem\u00e4\u00dfige Wartung und den [&hellip;]<\/p>\n","protected":false},"featured_media":46520,"comment_status":"open","ping_status":"closed","template":"","meta":[],"product_brand":[4236],"product_cat":[4452,2498,2663,4441,4561,4531],"product_tag":[],"class_list":{"0":"post-46519","1":"product","2":"type-product","3":"status-publish","4":"has-post-thumbnail","6":"product_brand-yanmar","7":"product_cat-1gm-1gm10-teile","8":"product_cat-ersatzteile-fur-motoren","9":"product_cat-luftfilter","10":"product_cat-yanmar","11":"product_cat-yanmar-luftfilter","12":"product_cat-yanmar-service-teile","13":"pa_condition-neu","14":"pa_model-1gm","15":"pa_model-1gml","16":"pa_oem-or-aftermarket-aftermarket","18":"first","19":"instock","20":"taxable","21":"shipping-taxable","22":"purchasable","23":"product-type-simple"},"supplier_id":7294,"supplier_sku":"REC128170-12540","barcode":null,"atum_controlled":true,"out_stock_date":null,"out_stock_threshold":null,"inheritable":false,"inbound_stock":0,"stock_on_hold":0,"sold_today":0,"sales_last_days":0,"reserved_stock":0,"customer_returns":0,"warehouse_damage":0,"lost_in_post":0,"other_logs":0,"out_stock_days":0,"lost_sales":0,"has_location":false,"update_date":"2026-03-05T15:27:58","atum_locations":[],"atum_stock_status":"instock","restock_status":false,"low_stock_amount":0,"sales_update_date":"2026-03-05T15:27:58","calc_backorders":null,"_links":{"self":[{"href":"https:\/\/mps.digital-monkey.in\/de\/wp-json\/wp\/v2\/product\/46519","targetHints":{"allow":["GET"]}}],"collection":[{"href":"https:\/\/mps.digital-monkey.in\/de\/wp-json\/wp\/v2\/product"}],"about":[{"href":"https:\/\/mps.digital-monkey.in\/de\/wp-json\/wp\/v2\/types\/product"}],"replies":[{"embeddable":true,"href":"https:\/\/mps.digital-monkey.in\/de\/wp-json\/wp\/v2\/comments?post=46519"}],"wp:featuredmedia":[{"embeddable":true,"href":"https:\/\/mps.digital-monkey.in\/de\/wp-json\/wp\/v2\/media\/46520"}],"wp:attachment":[{"href":"https:\/\/mps.digital-monkey.in\/de\/wp-json\/wp\/v2\/media?parent=46519"}],"wp:term":[{"taxonomy":"product_brand","embeddable":true,"href":"https:\/\/mps.digital-monkey.in\/de\/wp-json\/wp\/v2\/product_brand?post=46519"},{"taxonomy":"product_cat","embeddable":true,"href":"https:\/\/mps.digital-monkey.in\/de\/wp-json\/wp\/v2\/product_cat?post=46519"},{"taxonomy":"product_tag","embeddable":true,"href":"https:\/\/mps.digital-monkey.in\/de\/wp-json\/wp\/v2\/product_tag?post=46519"}],"curies":[{"name":"wp","href":"https:\/\/api.w.org\/{rel}","templated":true}]}}