{"id":46543,"date":"2026-01-21T09:02:32","date_gmt":"2026-01-21T09:02:32","guid":{"rendered":"https:\/\/mps.digital-monkey.in\/product\/yanmar-grau-spruehfarbe-400-ml\/"},"modified":"2026-01-21T09:02:32","modified_gmt":"2026-01-21T09:02:32","slug":"yanmar-grau-spruehfarbe-400-ml","status":"publish","type":"product","link":"https:\/\/mps.digital-monkey.in\/de\/produkt\/yanmar-grau-spruehfarbe-400-ml\/","title":{"rendered":"Yanmar Grau Spr\u00fchfarbe | 400 ml"},"content":{"rendered":"<p data-start=\"372\" data-end=\"645\">Die <strong data-start=\"376\" data-end=\"412\">graue Yanmar Spr\u00fchfarbe (400 ml)<\/strong> ist f\u00fcr die Nachlackierung und Ausbesserung von <strong data-start=\"456\" data-end=\"510\">Yanmar Schiffsdieselmotoren und Motorkomponenten<\/strong> bestimmt. Die Farbe entspricht dem grauen Originalfarbton von Yanmar und bietet eine dauerhafte, korrosionsbest\u00e4ndige Oberfl\u00e4che, die sich f\u00fcr den Einsatz auf See eignet. <\/p>\n<p data-start=\"647\" data-end=\"732\">Ideal f\u00fcr die Restaurierung von Motoren, Reparaturen und die kosmetische Nachbearbeitung nach Wartungsarbeiten.<\/p>\n<h2 data-start=\"739\" data-end=\"756\">Produkttyp<\/h2>\n<p data-start=\"757\" data-end=\"783\">Spr\u00fchfarbe \/ Motorfarbe<\/p>\n<h2 data-start=\"790\" data-end=\"800\">Farbe<\/h2>\n<p data-start=\"801\" data-end=\"816\">Yanmar Grau<\/p>\n<h2 data-start=\"865\" data-end=\"881\">Anwendung<\/h2>\n<ul data-start=\"882\" data-end=\"955\">\n<li data-start=\"882\" data-end=\"899\">\n<p data-start=\"884\" data-end=\"899\">Motorbl\u00f6cke<\/p>\n<\/li>\n<li data-start=\"900\" data-end=\"921\">\n<p data-start=\"902\" data-end=\"921\">Komponenten des Motors<\/p>\n<\/li>\n<li data-start=\"922\" data-end=\"955\">\n<p data-start=\"924\" data-end=\"955\">Ausbesserungs- und Restaurierungsarbeiten<\/p>\n<\/li>\n<\/ul>\n<h2 data-start=\"962\" data-end=\"980\">Kompatibilit\u00e4t<\/h2>\n<p data-start=\"981\" data-end=\"1073\">Geeignet f\u00fcr <strong data-start=\"994\" data-end=\"1035\"><span class=\"hover:entity-accent entity-underline inline cursor-pointer align-baseline\"><span class=\"whitespace-normal\">Yanmar<\/span><\/span><\/strong> Schiffsdieselmotoren und Komponenten.<\/p>\n","protected":false},"excerpt":{"rendered":"<p>Die graue Yanmar Spr\u00fchfarbe (400 ml) ist f\u00fcr die Nachlackierung und Ausbesserung von Yanmar Schiffsdieselmotoren und Motorkomponenten bestimmt. Die Farbe entspricht dem grauen Originalfarbton von Yanmar und bietet eine dauerhafte, korrosionsbest\u00e4ndige Oberfl\u00e4che, die sich f\u00fcr den Einsatz auf See eignet. Ideal f\u00fcr die Restaurierung von Motoren, Reparaturen und die kosmetische Nachbearbeitung nach Wartungsarbeiten. Produkttyp Spr\u00fchfarbe [&hellip;]<\/p>\n","protected":false},"featured_media":46544,"comment_status":"open","ping_status":"closed","template":"","meta":[],"product_brand":[4236],"product_cat":[4122,2498],"product_tag":[],"class_list":{"0":"post-46543","1":"product","2":"type-product","3":"status-publish","4":"has-post-thumbnail","6":"product_brand-yanmar","7":"product_cat-dichtungsmittel-schmiermittel-und-farbe","8":"product_cat-ersatzteile-fur-motoren","9":"pa_condition-neu","10":"pa_oem-or-aftermarket-aftermarket","12":"first","13":"onbackorder","14":"taxable","15":"shipping-taxable","16":"purchasable","17":"product-type-simple"},"supplier_id":7294,"supplier_sku":"GS90004","barcode":null,"atum_controlled":true,"out_stock_date":"2026-01-21 09:02:37","out_stock_threshold":null,"inheritable":false,"inbound_stock":0,"stock_on_hold":0,"sold_today":0,"sales_last_days":0,"reserved_stock":0,"customer_returns":0,"warehouse_damage":0,"lost_in_post":0,"other_logs":0,"out_stock_days":8,"lost_sales":0,"has_location":false,"update_date":"2026-01-29T09:08:41","atum_locations":[],"atum_stock_status":"onbackorder","restock_status":false,"low_stock_amount":0,"sales_update_date":"2026-01-29T09:08:41","calc_backorders":null,"_links":{"self":[{"href":"https:\/\/mps.digital-monkey.in\/de\/wp-json\/wp\/v2\/product\/46543","targetHints":{"allow":["GET"]}}],"collection":[{"href":"https:\/\/mps.digital-monkey.in\/de\/wp-json\/wp\/v2\/product"}],"about":[{"href":"https:\/\/mps.digital-monkey.in\/de\/wp-json\/wp\/v2\/types\/product"}],"replies":[{"embeddable":true,"href":"https:\/\/mps.digital-monkey.in\/de\/wp-json\/wp\/v2\/comments?post=46543"}],"wp:featuredmedia":[{"embeddable":true,"href":"https:\/\/mps.digital-monkey.in\/de\/wp-json\/wp\/v2\/media\/46544"}],"wp:attachment":[{"href":"https:\/\/mps.digital-monkey.in\/de\/wp-json\/wp\/v2\/media?parent=46543"}],"wp:term":[{"taxonomy":"product_brand","embeddable":true,"href":"https:\/\/mps.digital-monkey.in\/de\/wp-json\/wp\/v2\/product_brand?post=46543"},{"taxonomy":"product_cat","embeddable":true,"href":"https:\/\/mps.digital-monkey.in\/de\/wp-json\/wp\/v2\/product_cat?post=46543"},{"taxonomy":"product_tag","embeddable":true,"href":"https:\/\/mps.digital-monkey.in\/de\/wp-json\/wp\/v2\/product_tag?post=46543"}],"curies":[{"name":"wp","href":"https:\/\/api.w.org\/{rel}","templated":true}]}}