{"id":46551,"date":"2026-01-21T09:16:02","date_gmt":"2026-01-21T09:16:02","guid":{"rendered":"https:\/\/mps.digital-monkey.in\/product\/cummins-marine-weiss-spruehfarbe-400-ml\/"},"modified":"2026-01-21T09:16:02","modified_gmt":"2026-01-21T09:16:02","slug":"cummins-marine-weiss-spruehfarbe-400-ml","status":"publish","type":"product","link":"https:\/\/mps.digital-monkey.in\/de\/produkt\/cummins-marine-weiss-spruehfarbe-400-ml\/","title":{"rendered":"Cummins Marine Wei\u00df Spr\u00fchfarbe | 400 ml"},"content":{"rendered":"<p data-start=\"382\" data-end=\"690\">Die <strong data-start=\"386\" data-end=\"431\">Cummins Marine White Spr\u00fchfarbe (400 ml)<\/strong> ist f\u00fcr die Nachlackierung und Ausbesserung von <strong data-start=\"475\" data-end=\"516\"><span class=\"hover:entity-accent entity-underline inline cursor-pointer align-baseline\"><span class=\"whitespace-normal\">Cummins Marine<\/span><\/span><\/strong> Motoren und Motorkomponenten. Die Farbe entspricht dem originalen Cummins Marine-Wei\u00df und bietet eine dauerhafte, korrosionsbest\u00e4ndige Oberfl\u00e4che, die f\u00fcr die Verwendung im Meer geeignet ist. <\/p>\n<p data-start=\"692\" data-end=\"777\">Ideal f\u00fcr die Restaurierung von Motoren, Wartungsarbeiten und kosmetische Reparaturen nach der Wartung.<\/p>\n<h2 data-start=\"784\" data-end=\"801\">Produkttyp<\/h2>\n<p data-start=\"802\" data-end=\"828\">Spr\u00fchfarbe \/ Motorfarbe<\/p>\n<h2 data-start=\"835\" data-end=\"845\">Farbe<\/h2>\n<p data-start=\"846\" data-end=\"870\"><strong data-start=\"846\" data-end=\"870\">Cummins Marine Wei\u00df<\/strong><\/p>\n<h2 data-start=\"877\" data-end=\"889\">Inhalt<\/h2>\n<p data-start=\"890\" data-end=\"912\"><strong data-start=\"890\" data-end=\"912\">400 ml Aerosoldose<\/strong><\/p>\n<h2 data-start=\"919\" data-end=\"935\">Anwendung<\/h2>\n<ul data-start=\"936\" data-end=\"1009\">\n<li data-start=\"936\" data-end=\"953\">\n<p data-start=\"938\" data-end=\"953\">Motorbl\u00f6cke<\/p>\n<\/li>\n<li data-start=\"954\" data-end=\"975\">\n<p data-start=\"956\" data-end=\"975\">Komponenten des Motors<\/p>\n<\/li>\n<li data-start=\"976\" data-end=\"1009\">\n<p data-start=\"978\" data-end=\"1009\">Ausbesserungs- und Restaurierungsarbeiten<\/p>\n<\/li>\n<\/ul>\n<h2 data-start=\"1016\" data-end=\"1033\"><\/h2>\n","protected":false},"excerpt":{"rendered":"<p>Die Cummins Marine White Spr\u00fchfarbe (400 ml) ist f\u00fcr die Nachlackierung und Ausbesserung von Cummins Marine Motoren und Motorkomponenten. Die Farbe entspricht dem originalen Cummins Marine-Wei\u00df und bietet eine dauerhafte, korrosionsbest\u00e4ndige Oberfl\u00e4che, die f\u00fcr die Verwendung im Meer geeignet ist. Ideal f\u00fcr die Restaurierung von Motoren, Wartungsarbeiten und kosmetische Reparaturen nach der Wartung. Produkttyp Spr\u00fchfarbe [&hellip;]<\/p>\n","protected":false},"featured_media":46552,"comment_status":"open","ping_status":"closed","template":"","meta":[],"product_brand":[],"product_cat":[4122],"product_tag":[],"class_list":{"0":"post-46551","1":"product","2":"type-product","3":"status-publish","4":"has-post-thumbnail","6":"product_cat-dichtungsmittel-schmiermittel-und-farbe","7":"pa_condition-neu","9":"first","10":"onbackorder","11":"taxable","12":"shipping-taxable","13":"purchasable","14":"product-type-simple"},"supplier_id":7294,"supplier_sku":"GS90053","barcode":null,"atum_controlled":true,"out_stock_date":"2026-01-21 09:16:07","out_stock_threshold":null,"inheritable":false,"inbound_stock":0,"stock_on_hold":0,"sold_today":0,"sales_last_days":0,"reserved_stock":0,"customer_returns":0,"warehouse_damage":0,"lost_in_post":0,"other_logs":0,"out_stock_days":7,"lost_sales":0,"has_location":false,"update_date":"2026-01-29T09:08:41","atum_locations":[],"atum_stock_status":"onbackorder","restock_status":false,"low_stock_amount":0,"sales_update_date":"2026-01-29T09:08:41","calc_backorders":null,"_links":{"self":[{"href":"https:\/\/mps.digital-monkey.in\/de\/wp-json\/wp\/v2\/product\/46551","targetHints":{"allow":["GET"]}}],"collection":[{"href":"https:\/\/mps.digital-monkey.in\/de\/wp-json\/wp\/v2\/product"}],"about":[{"href":"https:\/\/mps.digital-monkey.in\/de\/wp-json\/wp\/v2\/types\/product"}],"replies":[{"embeddable":true,"href":"https:\/\/mps.digital-monkey.in\/de\/wp-json\/wp\/v2\/comments?post=46551"}],"wp:featuredmedia":[{"embeddable":true,"href":"https:\/\/mps.digital-monkey.in\/de\/wp-json\/wp\/v2\/media\/46552"}],"wp:attachment":[{"href":"https:\/\/mps.digital-monkey.in\/de\/wp-json\/wp\/v2\/media?parent=46551"}],"wp:term":[{"taxonomy":"product_brand","embeddable":true,"href":"https:\/\/mps.digital-monkey.in\/de\/wp-json\/wp\/v2\/product_brand?post=46551"},{"taxonomy":"product_cat","embeddable":true,"href":"https:\/\/mps.digital-monkey.in\/de\/wp-json\/wp\/v2\/product_cat?post=46551"},{"taxonomy":"product_tag","embeddable":true,"href":"https:\/\/mps.digital-monkey.in\/de\/wp-json\/wp\/v2\/product_tag?post=46551"}],"curies":[{"name":"wp","href":"https:\/\/api.w.org\/{rel}","templated":true}]}}