{"id":46570,"date":"2026-01-21T09:52:10","date_gmt":"2026-01-21T09:52:10","guid":{"rendered":"https:\/\/mps.digital-monkey.in\/product\/sterndrive-schwarz-spruehfarbe-volvo-penta-mercruiser-omc-400-ml-1141568\/"},"modified":"2026-01-21T09:52:10","modified_gmt":"2026-01-21T09:52:10","slug":"sterndrive-schwarz-spruehfarbe-volvo-penta-mercruiser-omc-400-ml-1141568","status":"publish","type":"product","link":"https:\/\/mps.digital-monkey.in\/de\/product\/sterndrive-schwarz-spruehfarbe-volvo-penta-mercruiser-omc-400-ml-1141568\/","title":{"rendered":"Sterndrive Schwarz Spr\u00fchfarbe | Volvo Penta \/ MerCruiser \/ OMC | 400 ml | 1141568"},"content":{"rendered":"<p data-start=\"450\" data-end=\"719\">Die <strong data-start=\"454\" data-end=\"496\">schwarze Spr\u00fchfarbe f\u00fcr Sterndrive (1141568<\/strong> ) wurde f\u00fcr die Nachlackierung und Ausbesserung von <strong data-start=\"540\" data-end=\"588\">Heckantrieben und Komponenten des Schiffsantriebsstrangs<\/strong> entwickelt. Die schwarze Beschichtung bietet eine dauerhafte, korrosionsbest\u00e4ndige Oberfl\u00e4che, die f\u00fcr raue Meeresumgebungen, einschlie\u00dflich Salzwasser, geeignet ist. <\/p>\n<p data-start=\"721\" data-end=\"964\">Dieser Spr\u00fchlack ist kompatibel mit Z-Antrieben von <strong data-start=\"774\" data-end=\"815\"><span class=\"hover:entity-accent entity-underline inline cursor-pointer align-baseline\"><span class=\"whitespace-normal\">Volvo Penta<\/span><\/span><\/strong>, <strong data-start=\"817\" data-end=\"871\"><span class=\"hover:entity-accent entity-underline inline cursor-pointer align-baseline\"><span class=\"whitespace-normal\">Mercury Marine<\/span><\/span> (MerCruiser)<\/strong>, und <strong data-start=\"877\" data-end=\"918\"><span class=\"hover:entity-accent entity-underline inline cursor-pointer align-baseline\"><span class=\"whitespace-normal\">OMC<\/span><\/span><\/strong>und ersetzt mehrere OEM-Referenznummern.<\/p>\n<h2 data-start=\"971\" data-end=\"988\"><\/h2>\n<h2 data-start=\"971\" data-end=\"988\">Produkttyp<\/h2>\n<p data-start=\"989\" data-end=\"1019\">Spr\u00fchfarbe \/ Farbe f\u00fcr den Heckantrieb<\/p>\n<h2 data-start=\"1026\" data-end=\"1053\"><\/h2>\n<h2 data-start=\"1026\" data-end=\"1053\">Produkt Spezifikationen<\/h2>\n<ul data-start=\"1054\" data-end=\"1130\">\n<li data-start=\"1054\" data-end=\"1074\">\n<p data-start=\"1056\" data-end=\"1074\"><strong data-start=\"1056\" data-end=\"1066\">Farbe:<\/strong> Schwarz<\/p>\n<\/li>\n<li data-start=\"1075\" data-end=\"1098\">\n<p data-start=\"1077\" data-end=\"1098\"><strong data-start=\"1077\" data-end=\"1089\">Inhalt:<\/strong> 400 ml<\/p>\n<\/li>\n<li data-start=\"1099\" data-end=\"1130\">\n<p data-start=\"1101\" data-end=\"1130\"><strong data-start=\"1101\" data-end=\"1110\">Typ:<\/strong> Aerosol-Spr\u00fchdose<\/p>\n<\/li>\n<\/ul>\n<h2 data-start=\"1137\" data-end=\"1169\"><\/h2>\n<h2 data-start=\"1137\" data-end=\"1169\">Teilenummern\/Ersatzteile<\/h2>\n<h3 data-start=\"1171\" data-end=\"1188\">Volvo Penta<\/h3>\n<ul data-start=\"1189\" data-end=\"1217\">\n<li data-start=\"1189\" data-end=\"1204\">\n<p data-start=\"1191\" data-end=\"1204\">1141568<\/p>\n<\/li>\n<li data-start=\"1205\" data-end=\"1217\">\n<p data-start=\"1207\" data-end=\"1217\">282907<\/p>\n<\/li>\n<\/ul>\n<h3 data-start=\"1219\" data-end=\"1235\">MerCruiser<\/h3>\n<ul data-start=\"1236\" data-end=\"1343\">\n<li data-start=\"1236\" data-end=\"1251\">\n<p data-start=\"1238\" data-end=\"1251\">8279331<\/p>\n<\/li>\n<li data-start=\"1252\" data-end=\"1269\">\n<p data-start=\"1254\" data-end=\"1269\">8M0133908<\/p>\n<\/li>\n<li data-start=\"1270\" data-end=\"1287\">\n<p data-start=\"1272\" data-end=\"1287\">8M0185749<\/p>\n<\/li>\n<li data-start=\"1288\" data-end=\"1306\">\n<p data-start=\"1290\" data-end=\"1306\">92-7837312<\/p>\n<\/li>\n<li data-start=\"1307\" data-end=\"1325\">\n<p data-start=\"1309\" data-end=\"1325\">92-8028781<\/p>\n<\/li>\n<li data-start=\"1326\" data-end=\"1343\">\n<p data-start=\"1328\" data-end=\"1343\">92-802878Q1<\/p>\n<\/li>\n<\/ul>\n<h3 data-start=\"1345\" data-end=\"1354\">OMC<\/h3>\n<ul data-start=\"1355\" data-end=\"1368\">\n<li data-start=\"1355\" data-end=\"1368\">\n<p data-start=\"1357\" data-end=\"1368\">0771241<\/p>\n<\/li>\n<\/ul>\n<h2 data-start=\"1375\" data-end=\"1391\"><\/h2>\n<h2 data-start=\"1375\" data-end=\"1391\">Anwendung<\/h2>\n<ul data-start=\"1392\" data-end=\"1496\">\n<li data-start=\"1392\" data-end=\"1407\">\n<p data-start=\"1394\" data-end=\"1407\">Heckantriebe<\/p>\n<\/li>\n<li data-start=\"1408\" data-end=\"1425\">\n<p data-start=\"1410\" data-end=\"1425\">Getriebe-Geh\u00e4use<\/p>\n<\/li>\n<li data-start=\"1426\" data-end=\"1458\">\n<p data-start=\"1428\" data-end=\"1458\">Komponenten des Schiffsantriebsstrangs<\/p>\n<\/li>\n<li data-start=\"1459\" data-end=\"1496\">\n<p data-start=\"1461\" data-end=\"1496\">Ausbesserung und Korrosionsschutz<\/p>\n<\/li>\n<\/ul>\n","protected":false},"excerpt":{"rendered":"<p>Die schwarze Spr\u00fchfarbe f\u00fcr Sterndrive (1141568 ) wurde f\u00fcr die Nachlackierung und Ausbesserung von Heckantrieben und Komponenten des Schiffsantriebsstrangs entwickelt. Die schwarze Beschichtung bietet eine dauerhafte, korrosionsbest\u00e4ndige Oberfl\u00e4che, die f\u00fcr raue Meeresumgebungen, einschlie\u00dflich Salzwasser, geeignet ist. Dieser Spr\u00fchlack ist kompatibel mit Z-Antrieben von Volvo Penta, Mercury Marine (MerCruiser), und OMCund ersetzt mehrere OEM-Referenznummern. Produkttyp Spr\u00fchfarbe [&hellip;]<\/p>\n","protected":false},"featured_media":46571,"comment_status":"open","ping_status":"closed","template":"","meta":[],"product_brand":[4230],"product_cat":[4122,2498],"product_tag":[],"class_list":{"0":"post-46570","1":"product","2":"type-product","3":"status-publish","4":"has-post-thumbnail","6":"product_brand-volvo-penta","7":"product_cat-dichtungsmittel-schmiermittel-und-farbe","8":"product_cat-ersatzteile-fur-motoren","9":"pa_condition-neu","11":"first","12":"onbackorder","13":"taxable","14":"shipping-taxable","15":"purchasable","16":"product-type-simple"},"supplier_id":7294,"supplier_sku":"GS90002","barcode":null,"atum_controlled":true,"out_stock_date":"2026-01-21 09:52:15","out_stock_threshold":null,"inheritable":false,"inbound_stock":0,"stock_on_hold":0,"sold_today":0,"sales_last_days":0,"reserved_stock":0,"customer_returns":0,"warehouse_damage":0,"lost_in_post":0,"other_logs":0,"out_stock_days":7,"lost_sales":0,"has_location":false,"update_date":"2026-01-29T09:08:41","atum_locations":[],"atum_stock_status":"onbackorder","restock_status":false,"low_stock_amount":0,"sales_update_date":"2026-01-29T09:08:41","calc_backorders":null,"_links":{"self":[{"href":"https:\/\/mps.digital-monkey.in\/de\/wp-json\/wp\/v2\/product\/46570","targetHints":{"allow":["GET"]}}],"collection":[{"href":"https:\/\/mps.digital-monkey.in\/de\/wp-json\/wp\/v2\/product"}],"about":[{"href":"https:\/\/mps.digital-monkey.in\/de\/wp-json\/wp\/v2\/types\/product"}],"replies":[{"embeddable":true,"href":"https:\/\/mps.digital-monkey.in\/de\/wp-json\/wp\/v2\/comments?post=46570"}],"wp:featuredmedia":[{"embeddable":true,"href":"https:\/\/mps.digital-monkey.in\/de\/wp-json\/wp\/v2\/media\/46571"}],"wp:attachment":[{"href":"https:\/\/mps.digital-monkey.in\/de\/wp-json\/wp\/v2\/media?parent=46570"}],"wp:term":[{"taxonomy":"product_brand","embeddable":true,"href":"https:\/\/mps.digital-monkey.in\/de\/wp-json\/wp\/v2\/product_brand?post=46570"},{"taxonomy":"product_cat","embeddable":true,"href":"https:\/\/mps.digital-monkey.in\/de\/wp-json\/wp\/v2\/product_cat?post=46570"},{"taxonomy":"product_tag","embeddable":true,"href":"https:\/\/mps.digital-monkey.in\/de\/wp-json\/wp\/v2\/product_tag?post=46570"}],"curies":[{"name":"wp","href":"https:\/\/api.w.org\/{rel}","templated":true}]}}