{"id":46583,"date":"2026-01-21T10:04:27","date_gmt":"2026-01-21T10:04:27","guid":{"rendered":"https:\/\/mps.digital-monkey.in\/product\/perkins-blaue-spruehfarbe-1983-400-ml\/"},"modified":"2026-01-21T10:04:27","modified_gmt":"2026-01-21T10:04:27","slug":"perkins-blaue-spruehfarbe-1983-400-ml","status":"publish","type":"product","link":"https:\/\/mps.digital-monkey.in\/de\/produkt\/perkins-blaue-spruehfarbe-1983-400-ml\/","title":{"rendered":"Perkins Blaue Spr\u00fchfarbe (1983+) | 400 ml"},"content":{"rendered":"<p data-start=\"399\" data-end=\"676\">Die <strong data-start=\"403\" data-end=\"448\">Perkins Blaue Spr\u00fchfarbe (1983+) - 400 ml<\/strong> ist so formuliert, dass sie der <strong data-start=\"476\" data-end=\"541\">blauen Originalfarbe von Perkins entspricht, die f\u00fcr Motoren ab 1983 verwendet wurde<\/strong>. Er bietet eine dauerhafte, korrosionsbest\u00e4ndige Oberfl\u00e4che, die sich f\u00fcr die Neulackierung, Restaurierung und Ausbesserung von Motorbl\u00f6cken und Komponenten eignet. <\/p>\n<p data-start=\"678\" data-end=\"757\">Ideal f\u00fcr Wartungsarbeiten und die kosmetische Wiederherstellung nach Reparaturen oder \u00dcberholungen.<\/p>\n<h2 data-start=\"764\" data-end=\"781\"><\/h2>\n<h2 data-start=\"764\" data-end=\"781\">Produkttyp<\/h2>\n<p data-start=\"782\" data-end=\"808\">Spr\u00fchfarbe \/ Motorfarbe<\/p>\n<h2 data-start=\"815\" data-end=\"825\">Farbe<\/h2>\n<p data-start=\"826\" data-end=\"864\"><strong data-start=\"826\" data-end=\"864\">Perkins Blau (Spezifikation 1983+)<\/strong><\/p>\n<h2 data-start=\"871\" data-end=\"883\">Inhalt<\/h2>\n<p data-start=\"884\" data-end=\"906\"><strong data-start=\"884\" data-end=\"906\">400 ml Aerosoldose<\/strong><\/p>\n<h2 data-start=\"913\" data-end=\"931\">Kompatibilit\u00e4t<\/h2>\n<p data-start=\"932\" data-end=\"1017\">Geeignet f\u00fcr <strong data-start=\"945\" data-end=\"986\"><span class=\"hover:entity-accent entity-underline inline cursor-pointer align-baseline\"><span class=\"whitespace-normal\">Perkins-Motoren<\/span><\/span><\/strong> Motoren <strong data-start=\"995\" data-end=\"1016\">ab 1983<\/strong>.<\/p>\n<h2 data-start=\"1024\" data-end=\"1040\">Anwendung<\/h2>\n<ul data-start=\"1041\" data-end=\"1114\">\n<li data-start=\"1041\" data-end=\"1058\">\n<p data-start=\"1043\" data-end=\"1058\">Motorbl\u00f6cke<\/p>\n<\/li>\n<li data-start=\"1059\" data-end=\"1080\">\n<p data-start=\"1061\" data-end=\"1080\">Komponenten des Motors<\/p>\n<\/li>\n<li data-start=\"1081\" data-end=\"1114\">\n<p data-start=\"1083\" data-end=\"1114\">Restaurierung und Ausbesserungsarbeiten<\/p>\n<\/li>\n<\/ul>\n","protected":false},"excerpt":{"rendered":"<p>Die Perkins Blaue Spr\u00fchfarbe (1983+) - 400 ml ist so formuliert, dass sie der blauen Originalfarbe von Perkins entspricht, die f\u00fcr Motoren ab 1983 verwendet wurde. Er bietet eine dauerhafte, korrosionsbest\u00e4ndige Oberfl\u00e4che, die sich f\u00fcr die Neulackierung, Restaurierung und Ausbesserung von Motorbl\u00f6cken und Komponenten eignet. Ideal f\u00fcr Wartungsarbeiten und die kosmetische Wiederherstellung nach Reparaturen oder [&hellip;]<\/p>\n","protected":false},"featured_media":46584,"comment_status":"open","ping_status":"closed","template":"","meta":[],"product_brand":[],"product_cat":[4122,2498],"product_tag":[],"class_list":{"0":"post-46583","1":"product","2":"type-product","3":"status-publish","4":"has-post-thumbnail","6":"product_cat-dichtungsmittel-schmiermittel-und-farbe","7":"product_cat-ersatzteile-fur-motoren","8":"pa_condition-neu","10":"first","11":"onbackorder","12":"taxable","13":"shipping-taxable","14":"purchasable","15":"product-type-simple"},"supplier_id":7294,"supplier_sku":"PS114700","barcode":null,"atum_controlled":true,"out_stock_date":"2026-01-21 10:04:32","out_stock_threshold":null,"inheritable":false,"inbound_stock":0,"stock_on_hold":0,"sold_today":0,"sales_last_days":0,"reserved_stock":0,"customer_returns":0,"warehouse_damage":0,"lost_in_post":0,"other_logs":0,"out_stock_days":7,"lost_sales":0,"has_location":false,"update_date":"2026-01-29T09:08:41","atum_locations":[],"atum_stock_status":"onbackorder","restock_status":false,"low_stock_amount":0,"sales_update_date":"2026-01-29T09:08:41","calc_backorders":null,"_links":{"self":[{"href":"https:\/\/mps.digital-monkey.in\/de\/wp-json\/wp\/v2\/product\/46583","targetHints":{"allow":["GET"]}}],"collection":[{"href":"https:\/\/mps.digital-monkey.in\/de\/wp-json\/wp\/v2\/product"}],"about":[{"href":"https:\/\/mps.digital-monkey.in\/de\/wp-json\/wp\/v2\/types\/product"}],"replies":[{"embeddable":true,"href":"https:\/\/mps.digital-monkey.in\/de\/wp-json\/wp\/v2\/comments?post=46583"}],"wp:featuredmedia":[{"embeddable":true,"href":"https:\/\/mps.digital-monkey.in\/de\/wp-json\/wp\/v2\/media\/46584"}],"wp:attachment":[{"href":"https:\/\/mps.digital-monkey.in\/de\/wp-json\/wp\/v2\/media?parent=46583"}],"wp:term":[{"taxonomy":"product_brand","embeddable":true,"href":"https:\/\/mps.digital-monkey.in\/de\/wp-json\/wp\/v2\/product_brand?post=46583"},{"taxonomy":"product_cat","embeddable":true,"href":"https:\/\/mps.digital-monkey.in\/de\/wp-json\/wp\/v2\/product_cat?post=46583"},{"taxonomy":"product_tag","embeddable":true,"href":"https:\/\/mps.digital-monkey.in\/de\/wp-json\/wp\/v2\/product_tag?post=46583"}],"curies":[{"name":"wp","href":"https:\/\/api.w.org\/{rel}","templated":true}]}}