{"id":46592,"date":"2026-01-21T10:31:33","date_gmt":"2026-01-21T10:31:33","guid":{"rendered":"https:\/\/mps.digital-monkey.in\/product\/sole-mini-blue-spruehfarbe-400-ml\/"},"modified":"2026-01-21T10:31:33","modified_gmt":"2026-01-21T10:31:33","slug":"sole-mini-blue-spruehfarbe-400-ml","status":"publish","type":"product","link":"https:\/\/mps.digital-monkey.in\/de\/produkt\/sole-mini-blue-spruehfarbe-400-ml\/","title":{"rendered":"Sol\u00e9 Mini Blue Spr\u00fchfarbe | 400 ml"},"content":{"rendered":"<p data-start=\"374\" data-end=\"684\">Die <strong data-start=\"378\" data-end=\"417\">Sol\u00e9 Mini Blue Spr\u00fchfarbe (400 ml)<\/strong> ist f\u00fcr das Nachlackieren und Ausbessern von <strong data-start=\"461\" data-end=\"502\"><span class=\"hover:entity-accent entity-underline inline cursor-pointer align-baseline\"><span class=\"whitespace-normal\">Sol\u00e9 Diesel<\/span><\/span><\/strong> Schiffsdieselmotoren und Motorkomponenten. Die Farbe entspricht der blauen Originalfarbe von Sol\u00e9 Mini und bietet eine haltbare, korrosionsbest\u00e4ndige Oberfl\u00e4che, die f\u00fcr die Schifffahrt geeignet ist. <\/p>\n<p data-start=\"686\" data-end=\"766\">Ideal f\u00fcr die Wartung von Motoren, die Restaurierung und die kosmetische Nachbearbeitung nach Reparaturen.<\/p>\n<h2 data-start=\"773\" data-end=\"790\">Produkttyp<\/h2>\n<p data-start=\"791\" data-end=\"817\">Spr\u00fchfarbe \/ Motorfarbe<\/p>\n<h2 data-start=\"824\" data-end=\"834\">Farbe<\/h2>\n<p data-start=\"835\" data-end=\"853\">Sol\u00e9 Mini Blau<\/p>\n<h2 data-start=\"860\" data-end=\"872\">Inhalt<\/h2>\n<p data-start=\"873\" data-end=\"895\">400 ml Aerosoldose<\/p>\n<h2 data-start=\"902\" data-end=\"918\">Anwendung<\/h2>\n<ul data-start=\"919\" data-end=\"992\">\n<li data-start=\"919\" data-end=\"936\">\n<p data-start=\"921\" data-end=\"936\">Motorbl\u00f6cke<\/p>\n<\/li>\n<li data-start=\"937\" data-end=\"958\">\n<p data-start=\"939\" data-end=\"958\">Komponenten des Motors<\/p>\n<\/li>\n<li data-start=\"959\" data-end=\"992\">\n<p data-start=\"961\" data-end=\"992\">Ausbesserungs- und Restaurierungsarbeiten<\/p>\n<\/li>\n<\/ul>\n","protected":false},"excerpt":{"rendered":"<p>Die Sol\u00e9 Mini Blue Spr\u00fchfarbe (400 ml) ist f\u00fcr das Nachlackieren und Ausbessern von Sol\u00e9 Diesel Schiffsdieselmotoren und Motorkomponenten. Die Farbe entspricht der blauen Originalfarbe von Sol\u00e9 Mini und bietet eine haltbare, korrosionsbest\u00e4ndige Oberfl\u00e4che, die f\u00fcr die Schifffahrt geeignet ist. Ideal f\u00fcr die Wartung von Motoren, die Restaurierung und die kosmetische Nachbearbeitung nach Reparaturen. Produkttyp [&hellip;]<\/p>\n","protected":false},"featured_media":46593,"comment_status":"open","ping_status":"closed","template":"","meta":[],"product_brand":[4411],"product_cat":[4122,4681,2498,4682],"product_tag":[],"class_list":{"0":"post-46592","1":"product","2":"type-product","3":"status-publish","4":"has-post-thumbnail","6":"product_brand-sole","7":"product_cat-dichtungsmittel-schmiermittel-und-farbe","8":"product_cat-einzige","9":"product_cat-ersatzteile-fur-motoren","10":"product_cat-sole-mini-17-teile","11":"pa_condition-neu","12":"pa_oem-or-aftermarket-aftermarket","14":"first","15":"onbackorder","16":"taxable","17":"shipping-taxable","18":"purchasable","19":"product-type-simple"},"supplier_id":7294,"supplier_sku":"GS90031","barcode":null,"atum_controlled":true,"out_stock_date":"2026-01-21 10:31:38","out_stock_threshold":null,"inheritable":false,"inbound_stock":0,"stock_on_hold":0,"sold_today":0,"sales_last_days":0,"reserved_stock":0,"customer_returns":0,"warehouse_damage":0,"lost_in_post":0,"other_logs":0,"out_stock_days":7,"lost_sales":0,"has_location":false,"update_date":"2026-01-29T09:08:41","atum_locations":[],"atum_stock_status":"onbackorder","restock_status":false,"low_stock_amount":0,"sales_update_date":"2026-01-29T09:08:41","calc_backorders":null,"_links":{"self":[{"href":"https:\/\/mps.digital-monkey.in\/de\/wp-json\/wp\/v2\/product\/46592","targetHints":{"allow":["GET"]}}],"collection":[{"href":"https:\/\/mps.digital-monkey.in\/de\/wp-json\/wp\/v2\/product"}],"about":[{"href":"https:\/\/mps.digital-monkey.in\/de\/wp-json\/wp\/v2\/types\/product"}],"replies":[{"embeddable":true,"href":"https:\/\/mps.digital-monkey.in\/de\/wp-json\/wp\/v2\/comments?post=46592"}],"wp:featuredmedia":[{"embeddable":true,"href":"https:\/\/mps.digital-monkey.in\/de\/wp-json\/wp\/v2\/media\/46593"}],"wp:attachment":[{"href":"https:\/\/mps.digital-monkey.in\/de\/wp-json\/wp\/v2\/media?parent=46592"}],"wp:term":[{"taxonomy":"product_brand","embeddable":true,"href":"https:\/\/mps.digital-monkey.in\/de\/wp-json\/wp\/v2\/product_brand?post=46592"},{"taxonomy":"product_cat","embeddable":true,"href":"https:\/\/mps.digital-monkey.in\/de\/wp-json\/wp\/v2\/product_cat?post=46592"},{"taxonomy":"product_tag","embeddable":true,"href":"https:\/\/mps.digital-monkey.in\/de\/wp-json\/wp\/v2\/product_tag?post=46592"}],"curies":[{"name":"wp","href":"https:\/\/api.w.org\/{rel}","templated":true}]}}