{"id":46606,"date":"2026-01-21T10:45:35","date_gmt":"2026-01-21T10:45:35","guid":{"rendered":"https:\/\/mps.digital-monkey.in\/product\/iveco-rote-spruehfarbe-400-ml\/"},"modified":"2026-01-21T10:45:35","modified_gmt":"2026-01-21T10:45:35","slug":"iveco-rote-spruehfarbe-400-ml","status":"publish","type":"product","link":"https:\/\/mps.digital-monkey.in\/de\/produkt\/iveco-rote-spruehfarbe-400-ml\/","title":{"rendered":"Iveco Rote Spr\u00fchfarbe | 400 ml"},"content":{"rendered":"<p data-start=\"358\" data-end=\"594\">Die <strong data-start=\"362\" data-end=\"396\">Iveco Rot Spr\u00fchfarbe (400 ml)<\/strong> ist so formuliert, dass sie der <strong data-start=\"433\" data-end=\"446\">roten<\/strong> Originalfarbe des <strong data-start=\"433\" data-end=\"446\">Iveco<\/strong> Motors entspricht. Er bietet eine dauerhafte, korrosionsbest\u00e4ndige Oberfl\u00e4che, die sich f\u00fcr die Neulackierung, Restaurierung und Ausbesserung von Motorbl\u00f6cken und Komponenten eignet. <\/p>\n<p data-start=\"596\" data-end=\"675\">Ideal f\u00fcr Wartungsarbeiten und die kosmetische Wiederherstellung nach Wartungen oder Reparaturen.<\/p>\n<h2 data-start=\"682\" data-end=\"699\">Produkttyp<\/h2>\n<p data-start=\"700\" data-end=\"726\">Spr\u00fchfarbe \/ Motorfarbe<\/p>\n<h2 data-start=\"733\" data-end=\"743\">Farbe<\/h2>\n<p data-start=\"744\" data-end=\"757\"><strong data-start=\"744\" data-end=\"757\">Iveco Rot<\/strong><\/p>\n<h2 data-start=\"764\" data-end=\"776\">Inhalt<\/h2>\n<p data-start=\"777\" data-end=\"799\">400 ml Aerosoldose<\/p>\n<h2 data-start=\"806\" data-end=\"824\">Kompatibilit\u00e4t<\/h2>\n<p data-start=\"825\" data-end=\"910\">Geeignet f\u00fcr <strong data-start=\"838\" data-end=\"879\"><span class=\"hover:entity-accent entity-underline inline cursor-pointer align-baseline\"><span class=\"whitespace-normal\">Iveco<\/span><\/span><\/strong> Motoren und Motorkomponenten.<\/p>\n<h2 data-start=\"917\" data-end=\"933\">Anwendung<\/h2>\n<ul data-start=\"934\" data-end=\"1007\">\n<li data-start=\"934\" data-end=\"951\">\n<p data-start=\"936\" data-end=\"951\">Motorbl\u00f6cke<\/p>\n<\/li>\n<li data-start=\"952\" data-end=\"973\">\n<p data-start=\"954\" data-end=\"973\">Komponenten des Motors<\/p>\n<\/li>\n<li data-start=\"974\" data-end=\"1007\">\n<p data-start=\"976\" data-end=\"1007\">Restaurierung und Ausbesserungsarbeiten<\/p>\n<\/li>\n<\/ul>\n","protected":false},"excerpt":{"rendered":"<p>Die Iveco Rot Spr\u00fchfarbe (400 ml) ist so formuliert, dass sie der roten Originalfarbe des Iveco Motors entspricht. Er bietet eine dauerhafte, korrosionsbest\u00e4ndige Oberfl\u00e4che, die sich f\u00fcr die Neulackierung, Restaurierung und Ausbesserung von Motorbl\u00f6cken und Komponenten eignet. Ideal f\u00fcr Wartungsarbeiten und die kosmetische Wiederherstellung nach Wartungen oder Reparaturen. Produkttyp Spr\u00fchfarbe \/ Motorfarbe Farbe Iveco Rot [&hellip;]<\/p>\n","protected":false},"featured_media":46607,"comment_status":"open","ping_status":"closed","template":"","meta":[],"product_brand":[],"product_cat":[4122,2498],"product_tag":[],"class_list":{"0":"post-46606","1":"product","2":"type-product","3":"status-publish","4":"has-post-thumbnail","6":"product_cat-dichtungsmittel-schmiermittel-und-farbe","7":"product_cat-ersatzteile-fur-motoren","8":"pa_condition-neu","9":"pa_oem-or-aftermarket-aftermarket","11":"first","12":"onbackorder","13":"taxable","14":"shipping-taxable","15":"purchasable","16":"product-type-simple"},"supplier_id":7294,"supplier_sku":"GS90058","barcode":null,"atum_controlled":true,"out_stock_date":"2026-01-21 10:45:40","out_stock_threshold":null,"inheritable":false,"inbound_stock":0,"stock_on_hold":0,"sold_today":0,"sales_last_days":0,"reserved_stock":0,"customer_returns":0,"warehouse_damage":0,"lost_in_post":0,"other_logs":0,"out_stock_days":7,"lost_sales":0,"has_location":false,"update_date":"2026-01-29T09:08:41","atum_locations":[],"atum_stock_status":"onbackorder","restock_status":false,"low_stock_amount":0,"sales_update_date":"2026-01-29T09:08:41","calc_backorders":null,"_links":{"self":[{"href":"https:\/\/mps.digital-monkey.in\/de\/wp-json\/wp\/v2\/product\/46606","targetHints":{"allow":["GET"]}}],"collection":[{"href":"https:\/\/mps.digital-monkey.in\/de\/wp-json\/wp\/v2\/product"}],"about":[{"href":"https:\/\/mps.digital-monkey.in\/de\/wp-json\/wp\/v2\/types\/product"}],"replies":[{"embeddable":true,"href":"https:\/\/mps.digital-monkey.in\/de\/wp-json\/wp\/v2\/comments?post=46606"}],"wp:featuredmedia":[{"embeddable":true,"href":"https:\/\/mps.digital-monkey.in\/de\/wp-json\/wp\/v2\/media\/46607"}],"wp:attachment":[{"href":"https:\/\/mps.digital-monkey.in\/de\/wp-json\/wp\/v2\/media?parent=46606"}],"wp:term":[{"taxonomy":"product_brand","embeddable":true,"href":"https:\/\/mps.digital-monkey.in\/de\/wp-json\/wp\/v2\/product_brand?post=46606"},{"taxonomy":"product_cat","embeddable":true,"href":"https:\/\/mps.digital-monkey.in\/de\/wp-json\/wp\/v2\/product_cat?post=46606"},{"taxonomy":"product_tag","embeddable":true,"href":"https:\/\/mps.digital-monkey.in\/de\/wp-json\/wp\/v2\/product_tag?post=46606"}],"curies":[{"name":"wp","href":"https:\/\/api.w.org\/{rel}","templated":true}]}}