{"id":46619,"date":"2026-01-21T10:57:59","date_gmt":"2026-01-21T10:57:59","guid":{"rendered":"https:\/\/mps.digital-monkey.in\/product\/nanni-diesel-blue-spruehfarbe-400-ml\/"},"modified":"2026-01-21T10:57:59","modified_gmt":"2026-01-21T10:57:59","slug":"nanni-diesel-blue-spruehfarbe-400-ml","status":"publish","type":"product","link":"https:\/\/mps.digital-monkey.in\/de\/produkt\/nanni-diesel-blue-spruehfarbe-400-ml\/","title":{"rendered":"Nanni Diesel Blue Spr\u00fchfarbe | 400 ml"},"content":{"rendered":"<p data-start=\"381\" data-end=\"656\">Die <strong data-start=\"385\" data-end=\"427\">Nanni Diesel Blue Spr\u00fchfarbe (400 ml)<\/strong> wurde so formuliert, dass sie der originalen <strong data-start=\"464\" data-end=\"485\">blauen<\/strong> Motorfarbe <strong data-start=\"464\" data-end=\"485\">von Nanni Diesel<\/strong> entspricht. Sie bietet eine dauerhafte, korrosionsbest\u00e4ndige Oberfl\u00e4che, die sich f\u00fcr die Neulackierung, Restaurierung und Ausbesserung von Motorbl\u00f6cken und Komponenten in maritimer Umgebung eignet. <\/p>\n<p data-start=\"658\" data-end=\"735\">Ideal f\u00fcr routinem\u00e4\u00dfige Wartungsarbeiten, kosmetische Reparaturen und die Restaurierung von Motoren.<\/p>\n<h2 data-start=\"742\" data-end=\"759\">Produkttyp<\/h2>\n<p data-start=\"760\" data-end=\"786\">Spr\u00fchfarbe \/ Motorfarbe<\/p>\n<h2 data-start=\"793\" data-end=\"803\">Farbe<\/h2>\n<p data-start=\"804\" data-end=\"825\"><strong data-start=\"804\" data-end=\"825\">Nanni Diesel Blau<\/strong><\/p>\n<h2 data-start=\"832\" data-end=\"844\">Inhalt<\/h2>\n<p data-start=\"845\" data-end=\"867\"><strong data-start=\"845\" data-end=\"867\">400 ml Aerosoldose<\/strong><\/p>\n<h2 data-start=\"874\" data-end=\"892\">Kompatibilit\u00e4t<\/h2>\n<p data-start=\"893\" data-end=\"978\">Geeignet f\u00fcr <strong data-start=\"906\" data-end=\"947\"><span class=\"hover:entity-accent entity-underline inline cursor-pointer align-baseline\"><span class=\"whitespace-normal\">Nanni Diesel<\/span><\/span><\/strong> Motoren und Motorkomponenten.<\/p>\n<h2 data-start=\"985\" data-end=\"1001\">Anwendung<\/h2>\n<ul data-start=\"1002\" data-end=\"1075\">\n<li data-start=\"1002\" data-end=\"1019\">\n<p data-start=\"1004\" data-end=\"1019\">Motorbl\u00f6cke<\/p>\n<\/li>\n<li data-start=\"1020\" data-end=\"1041\">\n<p data-start=\"1022\" data-end=\"1041\">Komponenten des Motors<\/p>\n<\/li>\n<li data-start=\"1042\" data-end=\"1075\">\n<p data-start=\"1044\" data-end=\"1075\">Ausbesserungs- und Restaurierungsarbeiten<\/p>\n<\/li>\n<\/ul>\n","protected":false},"excerpt":{"rendered":"<p>Die Nanni Diesel Blue Spr\u00fchfarbe (400 ml) wurde so formuliert, dass sie der originalen blauen Motorfarbe von Nanni Diesel entspricht. Sie bietet eine dauerhafte, korrosionsbest\u00e4ndige Oberfl\u00e4che, die sich f\u00fcr die Neulackierung, Restaurierung und Ausbesserung von Motorbl\u00f6cken und Komponenten in maritimer Umgebung eignet. Ideal f\u00fcr routinem\u00e4\u00dfige Wartungsarbeiten, kosmetische Reparaturen und die Restaurierung von Motoren. Produkttyp Spr\u00fchfarbe [&hellip;]<\/p>\n","protected":false},"featured_media":46620,"comment_status":"open","ping_status":"closed","template":"","meta":[],"product_brand":[4238],"product_cat":[4122,2498],"product_tag":[],"class_list":{"0":"post-46619","1":"product","2":"type-product","3":"status-publish","4":"has-post-thumbnail","6":"product_brand-nanni","7":"product_cat-dichtungsmittel-schmiermittel-und-farbe","8":"product_cat-ersatzteile-fur-motoren","9":"pa_condition-neu","10":"pa_oem-or-aftermarket-aftermarket","12":"first","13":"onbackorder","14":"taxable","15":"shipping-taxable","16":"purchasable","17":"product-type-simple"},"supplier_id":7294,"supplier_sku":"GS90056","barcode":null,"atum_controlled":true,"out_stock_date":"2026-01-21 10:58:04","out_stock_threshold":null,"inheritable":false,"inbound_stock":0,"stock_on_hold":0,"sold_today":0,"sales_last_days":0,"reserved_stock":0,"customer_returns":0,"warehouse_damage":0,"lost_in_post":0,"other_logs":0,"out_stock_days":7,"lost_sales":0,"has_location":false,"update_date":"2026-01-29T09:08:41","atum_locations":[],"atum_stock_status":"onbackorder","restock_status":false,"low_stock_amount":0,"sales_update_date":"2026-01-29T09:08:41","calc_backorders":null,"_links":{"self":[{"href":"https:\/\/mps.digital-monkey.in\/de\/wp-json\/wp\/v2\/product\/46619","targetHints":{"allow":["GET"]}}],"collection":[{"href":"https:\/\/mps.digital-monkey.in\/de\/wp-json\/wp\/v2\/product"}],"about":[{"href":"https:\/\/mps.digital-monkey.in\/de\/wp-json\/wp\/v2\/types\/product"}],"replies":[{"embeddable":true,"href":"https:\/\/mps.digital-monkey.in\/de\/wp-json\/wp\/v2\/comments?post=46619"}],"wp:featuredmedia":[{"embeddable":true,"href":"https:\/\/mps.digital-monkey.in\/de\/wp-json\/wp\/v2\/media\/46620"}],"wp:attachment":[{"href":"https:\/\/mps.digital-monkey.in\/de\/wp-json\/wp\/v2\/media?parent=46619"}],"wp:term":[{"taxonomy":"product_brand","embeddable":true,"href":"https:\/\/mps.digital-monkey.in\/de\/wp-json\/wp\/v2\/product_brand?post=46619"},{"taxonomy":"product_cat","embeddable":true,"href":"https:\/\/mps.digital-monkey.in\/de\/wp-json\/wp\/v2\/product_cat?post=46619"},{"taxonomy":"product_tag","embeddable":true,"href":"https:\/\/mps.digital-monkey.in\/de\/wp-json\/wp\/v2\/product_tag?post=46619"}],"curies":[{"name":"wp","href":"https:\/\/api.w.org\/{rel}","templated":true}]}}