{"id":46631,"date":"2026-01-21T13:17:42","date_gmt":"2026-01-21T13:17:42","guid":{"rendered":"https:\/\/mps.digital-monkey.in\/product\/yanmar-auspuffdichtung-3jh-4jh-serie-129472-18090\/"},"modified":"2026-01-21T13:17:42","modified_gmt":"2026-01-21T13:17:42","slug":"yanmar-auspuffdichtung-3jh-4jh-serie-129472-18090","status":"publish","type":"product","link":"https:\/\/mps.digital-monkey.in\/de\/product\/yanmar-auspuffdichtung-3jh-4jh-serie-129472-18090\/","title":{"rendered":"Yanmar Auspuffdichtung | 3JH \/ 4JH Serie | 129472-18090"},"content":{"rendered":"<p data-start=\"510\" data-end=\"831\">Die <strong data-start=\"514\" data-end=\"569\">Yanmar Auspuffdichtung (129472-18090 \/ 129792-18090)<\/strong> wurde entwickelt, um eine zuverl\u00e4ssige, gasdichte Abdichtung zwischen den Auspuffkomponenten von <strong data-start=\"650\" data-end=\"692\">Yanmar Schiffsdieselmotoren der JH-Serie<\/strong> zu gew\u00e4hrleisten. Eine ordnungsgem\u00e4\u00dfe Auspuffdichtung ist unerl\u00e4sslich, um das Austreten von Abgasen zu verhindern, nahe gelegene Komponenten vor Hitze zu sch\u00fctzen und einen korrekten Abgasfluss zu gew\u00e4hrleisten. <\/p>\n<p data-start=\"833\" data-end=\"987\">Diese Dichtung wird nach OEM-\u00e4quivalenten Spezifikationen hergestellt und gew\u00e4hrleistet eine genaue Passgenauigkeit und zuverl\u00e4ssige Leistung bei der Wartung von Auspuffkr\u00fcmmern oder Kr\u00fcmmern.<\/p>\n<h2 data-start=\"994\" data-end=\"1011\">Produkttyp<\/h2>\n<p data-start=\"1012\" data-end=\"1026\">Auspuff Dichtung<\/p>\n<h2 data-start=\"1033\" data-end=\"1068\">Yanmar OEM \/ Referenz-Nummern<\/h2>\n<ul data-start=\"1069\" data-end=\"1108\">\n<li data-start=\"1069\" data-end=\"1089\">\n<p data-start=\"1071\" data-end=\"1089\">129472-18090<\/p>\n<\/li>\n<li data-start=\"1090\" data-end=\"1108\">\n<p data-start=\"1092\" data-end=\"1108\">129792-18090<\/p>\n<\/li>\n<\/ul>\n<h2 data-start=\"1115\" data-end=\"1133\">Kompatibilit\u00e4t<\/h2>\n<p data-start=\"1135\" data-end=\"1200\"><strong data-start=\"1135\" data-end=\"1198\">Geeignet f\u00fcr <span class=\"hover:entity-accent entity-underline inline cursor-pointer align-baseline\"><span class=\"whitespace-normal\">Yanmar<\/span><\/span> Motoren:<\/strong><\/p>\n<h3 data-start=\"1202\" data-end=\"1218\">Serie 3JH<\/h3>\n<ul data-start=\"1219\" data-end=\"1369\">\n<li data-start=\"1219\" data-end=\"1231\">\n<p data-start=\"1221\" data-end=\"1231\">3JH2<\/p>\n<\/li>\n<li data-start=\"1232\" data-end=\"1245\">\n<p data-start=\"1234\" data-end=\"1245\">3JH2E<\/p>\n<\/li>\n<li data-start=\"1246\" data-end=\"1259\">\n<p data-start=\"1248\" data-end=\"1259\">3JH2L<\/p>\n<\/li>\n<li data-start=\"1260\" data-end=\"1276\">\n<p data-start=\"1262\" data-end=\"1276\">3JH2-TCE<\/p>\n<\/li>\n<li data-start=\"1277\" data-end=\"1291\">\n<p data-start=\"1279\" data-end=\"1291\">3JH25A<\/p>\n<\/li>\n<li data-start=\"1292\" data-end=\"1304\">\n<p data-start=\"1294\" data-end=\"1304\">3JH3<\/p>\n<\/li>\n<li data-start=\"1305\" data-end=\"1328\">\n<p data-start=\"1307\" data-end=\"1328\">3JH3E \/ E-YEU-E<\/p>\n<\/li>\n<li data-start=\"1329\" data-end=\"1342\">\n<p data-start=\"1331\" data-end=\"1342\">3JH4E<\/p>\n<\/li>\n<li data-start=\"1343\" data-end=\"1357\">\n<p data-start=\"1345\" data-end=\"1357\">3JH5AE<\/p>\n<\/li>\n<li data-start=\"1358\" data-end=\"1369\">\n<p data-start=\"1360\" data-end=\"1369\">3JH5E<\/p>\n<\/li>\n<\/ul>\n<h3 data-start=\"1371\" data-end=\"1387\">Serie 4JH<\/h3>\n<ul data-start=\"1388\" data-end=\"1724\">\n<li data-start=\"1388\" data-end=\"1404\">\n<p data-start=\"1390\" data-end=\"1404\">4JH2-DTE<\/p>\n<\/li>\n<li data-start=\"1405\" data-end=\"1418\">\n<p data-start=\"1407\" data-end=\"1418\">4JH2E<\/p>\n<\/li>\n<li data-start=\"1419\" data-end=\"1435\">\n<p data-start=\"1421\" data-end=\"1435\">4JH2-HTE<\/p>\n<\/li>\n<li data-start=\"1436\" data-end=\"1451\">\n<p data-start=\"1438\" data-end=\"1451\">4JH2-TE<\/p>\n<\/li>\n<li data-start=\"1452\" data-end=\"1468\">\n<p data-start=\"1454\" data-end=\"1468\">4JH2-UTE<\/p>\n<\/li>\n<li data-start=\"1469\" data-end=\"1480\">\n<p data-start=\"1471\" data-end=\"1480\">4JH<\/p>\n<\/li>\n<li data-start=\"1481\" data-end=\"1493\">\n<p data-start=\"1483\" data-end=\"1493\">4JHE<\/p>\n<\/li>\n<li data-start=\"1494\" data-end=\"1509\">\n<p data-start=\"1496\" data-end=\"1509\">4JH-HTE<\/p>\n<\/li>\n<li data-start=\"1510\" data-end=\"1525\">\n<p data-start=\"1512\" data-end=\"1525\">4JH-HTZ<\/p>\n<\/li>\n<li data-start=\"1526\" data-end=\"1543\">\n<p data-start=\"1528\" data-end=\"1543\">4JH-HTZAE<\/p>\n<\/li>\n<li data-start=\"1544\" data-end=\"1558\">\n<p data-start=\"1546\" data-end=\"1558\">4JH-TE<\/p>\n<\/li>\n<li data-start=\"1559\" data-end=\"1573\">\n<p data-start=\"1561\" data-end=\"1573\">4JH-TZ<\/p>\n<\/li>\n<li data-start=\"1574\" data-end=\"1586\">\n<p data-start=\"1576\" data-end=\"1586\">4JH3<\/p>\n<\/li>\n<li data-start=\"1587\" data-end=\"1600\">\n<p data-start=\"1589\" data-end=\"1600\">4JH3E<\/p>\n<\/li>\n<li data-start=\"1601\" data-end=\"1615\">\n<p data-start=\"1603\" data-end=\"1615\">4JH3CE<\/p>\n<\/li>\n<li data-start=\"1616\" data-end=\"1630\">\n<p data-start=\"1618\" data-end=\"1630\">4JH3ZA<\/p>\n<\/li>\n<li data-start=\"1631\" data-end=\"1647\">\n<p data-start=\"1633\" data-end=\"1647\">4JH3-TCE<\/p>\n<\/li>\n<li data-start=\"1648\" data-end=\"1663\">\n<p data-start=\"1650\" data-end=\"1663\">4JH3-TE<\/p>\n<\/li>\n<li data-start=\"1664\" data-end=\"1680\">\n<p data-start=\"1666\" data-end=\"1680\">4JH3-DTE<\/p>\n<\/li>\n<li data-start=\"1681\" data-end=\"1697\">\n<p data-start=\"1683\" data-end=\"1697\">4JH3-HTE<\/p>\n<\/li>\n<li data-start=\"1698\" data-end=\"1712\">\n<p data-start=\"1700\" data-end=\"1712\">4JH4AE<\/p>\n<\/li>\n<li data-start=\"1713\" data-end=\"1724\">\n<p data-start=\"1715\" data-end=\"1724\">4JH5E<\/p>\n<\/li>\n<\/ul>\n","protected":false},"excerpt":{"rendered":"<p>Die Yanmar Auspuffdichtung (129472-18090 \/ 129792-18090) wurde entwickelt, um eine zuverl\u00e4ssige, gasdichte Abdichtung zwischen den Auspuffkomponenten von Yanmar Schiffsdieselmotoren der JH-Serie zu gew\u00e4hrleisten. Eine ordnungsgem\u00e4\u00dfe Auspuffdichtung ist unerl\u00e4sslich, um das Austreten von Abgasen zu verhindern, nahe gelegene Komponenten vor Hitze zu sch\u00fctzen und einen korrekten Abgasfluss zu gew\u00e4hrleisten. Diese Dichtung wird nach OEM-\u00e4quivalenten Spezifikationen hergestellt [&hellip;]<\/p>\n","protected":false},"featured_media":46632,"comment_status":"open","ping_status":"closed","template":"","meta":[],"product_brand":[4236],"product_cat":[2498,3037,3038],"product_tag":[],"class_list":{"0":"post-46631","1":"product","2":"type-product","3":"status-publish","4":"has-post-thumbnail","6":"product_brand-yanmar","7":"product_cat-ersatzteile-fur-motoren","8":"product_cat-kits-fur-wartung-und-reparatur","9":"product_cat-motor-dichtungen","10":"pa_condition-neu","11":"pa_model-3jh2","12":"pa_model-3jh2e","13":"pa_model-4jh-e","14":"pa_model-4jh-hte","15":"pa_model-4jh-te","16":"pa_model-4jh2hte","17":"pa_model-4jh2te","18":"pa_model-4jh2ute","19":"pa_model-4jh3","20":"pa_model-4jh3-dte","21":"pa_model-4jh3-e","22":"pa_model-4jh3-hte","23":"pa_model-4jh3-tce","24":"pa_model-4jh3-te","25":"pa_model-4jh3dte","26":"pa_model-4jh3e","27":"pa_model-4jh3hte","28":"pa_model-4jh4-ae","29":"pa_model-4jh5-e","30":"pa_oem-or-aftermarket-aftermarket","32":"first","33":"instock","34":"taxable","35":"shipping-taxable","36":"purchasable","37":"product-type-simple"},"supplier_id":7294,"supplier_sku":"REC129472-18090","barcode":null,"atum_controlled":true,"out_stock_date":null,"out_stock_threshold":null,"inheritable":false,"inbound_stock":0,"stock_on_hold":1,"sold_today":0,"sales_last_days":0,"reserved_stock":0,"customer_returns":0,"warehouse_damage":0,"lost_in_post":0,"other_logs":0,"out_stock_days":0,"lost_sales":0,"has_location":false,"update_date":"2026-03-05T15:27:58","atum_locations":[],"atum_stock_status":"instock","restock_status":false,"low_stock_amount":1,"sales_update_date":"2026-03-05T15:27:58","calc_backorders":0,"_links":{"self":[{"href":"https:\/\/mps.digital-monkey.in\/de\/wp-json\/wp\/v2\/product\/46631","targetHints":{"allow":["GET"]}}],"collection":[{"href":"https:\/\/mps.digital-monkey.in\/de\/wp-json\/wp\/v2\/product"}],"about":[{"href":"https:\/\/mps.digital-monkey.in\/de\/wp-json\/wp\/v2\/types\/product"}],"replies":[{"embeddable":true,"href":"https:\/\/mps.digital-monkey.in\/de\/wp-json\/wp\/v2\/comments?post=46631"}],"wp:featuredmedia":[{"embeddable":true,"href":"https:\/\/mps.digital-monkey.in\/de\/wp-json\/wp\/v2\/media\/46632"}],"wp:attachment":[{"href":"https:\/\/mps.digital-monkey.in\/de\/wp-json\/wp\/v2\/media?parent=46631"}],"wp:term":[{"taxonomy":"product_brand","embeddable":true,"href":"https:\/\/mps.digital-monkey.in\/de\/wp-json\/wp\/v2\/product_brand?post=46631"},{"taxonomy":"product_cat","embeddable":true,"href":"https:\/\/mps.digital-monkey.in\/de\/wp-json\/wp\/v2\/product_cat?post=46631"},{"taxonomy":"product_tag","embeddable":true,"href":"https:\/\/mps.digital-monkey.in\/de\/wp-json\/wp\/v2\/product_tag?post=46631"}],"curies":[{"name":"wp","href":"https:\/\/api.w.org\/{rel}","templated":true}]}}