{"id":46638,"date":"2026-01-21T14:13:23","date_gmt":"2026-01-21T14:13:23","guid":{"rendered":"https:\/\/mps.digital-monkey.in\/product\/yanmar-impeller-pumpe-6ly3-serie-119578-42501\/"},"modified":"2026-01-21T14:13:23","modified_gmt":"2026-01-21T14:13:23","slug":"yanmar-impeller-pumpe-6ly3-serie-119578-42501","status":"publish","type":"product","link":"https:\/\/mps.digital-monkey.in\/de\/produkt\/yanmar-impeller-pumpe-6ly3-serie-119578-42501\/","title":{"rendered":"Yanmar Impeller Pumpe | 6LY3 Serie | 119578-42501"},"content":{"rendered":"<p data-start=\"416\" data-end=\"663\">Die <strong data-start=\"420\" data-end=\"444\">Yanmar Impeller-Pumpe<\/strong> wurde entwickelt, um einen zuverl\u00e4ssigen Seewasserdurchfluss zur K\u00fchlung von <strong data-start=\"504\" data-end=\"548\">Yanmar-Schiffsdieselmotoren der Serie 6LY3<\/strong> zu gew\u00e4hrleisten. Eine korrekt funktionierende Impeller-Pumpe ist wichtig, um die richtige Motortemperatur aufrechtzuerhalten und eine \u00dcberhitzung zu vermeiden. <\/p>\n<p data-start=\"665\" data-end=\"894\">Diese Pumpe wird nach OEM-\u00e4quivalenten Spezifikationen hergestellt und dient als direkter Ersatz f\u00fcr die Original-Yanmar-Pumpe. Sie eignet sich f\u00fcr den Austausch w\u00e4hrend der Wartung des K\u00fchlsystems oder wenn ein verminderter Wasserdurchfluss oder eine Leckage festgestellt wird. <\/p>\n<h2 data-start=\"901\" data-end=\"918\">Produkttyp<\/h2>\n<p data-start=\"919\" data-end=\"944\">Rohwasser \/ Impeller Pumpe<\/p>\n<h2 data-start=\"951\" data-end=\"979\">OEM \/ Referenz-Nummern<\/h2>\n<p data-start=\"980\" data-end=\"991\">Ersetzt:<\/p>\n<ul data-start=\"992\" data-end=\"1045\">\n<li data-start=\"992\" data-end=\"1019\">\n<p data-start=\"994\" data-end=\"1019\">Yanmar 119578-42501<\/p>\n<\/li>\n<li data-start=\"1020\" data-end=\"1045\">\n<p data-start=\"1022\" data-end=\"1045\">Johnson 10-13286-01<\/p>\n<\/li>\n<\/ul>\n<h2 data-start=\"1052\" data-end=\"1070\">Kompatibilit\u00e4t<\/h2>\n<p data-start=\"1072\" data-end=\"1137\"><strong data-start=\"1072\" data-end=\"1135\">Geeignet f\u00fcr <span class=\"hover:entity-accent entity-underline inline cursor-pointer align-baseline\"><span class=\"whitespace-normal\">Yanmar<\/span><\/span> Motoren:<\/strong><\/p>\n<h3 data-start=\"1139\" data-end=\"1156\">Serie 6LY3<\/h3>\n<ul data-start=\"1157\" data-end=\"1319\">\n<li data-start=\"1157\" data-end=\"1173\">\n<p data-start=\"1159\" data-end=\"1173\">6LY3-ETP<\/p>\n<\/li>\n<li data-start=\"1174\" data-end=\"1190\">\n<p data-start=\"1176\" data-end=\"1190\">6LY3-STP<\/p>\n<\/li>\n<li data-start=\"1191\" data-end=\"1207\">\n<p data-start=\"1193\" data-end=\"1207\">6LY3-UTP<\/p>\n<\/li>\n<li data-start=\"1208\" data-end=\"1224\">\n<p data-start=\"1210\" data-end=\"1224\">6LY3-STC<\/p>\n<\/li>\n<li data-start=\"1225\" data-end=\"1241\">\n<p data-start=\"1227\" data-end=\"1241\">6LY3-UTC<\/p>\n<\/li>\n<li data-start=\"1242\" data-end=\"1261\">\n<p data-start=\"1244\" data-end=\"1261\">6LY3-ETP 24<\/p>\n<\/li>\n<li data-start=\"1262\" data-end=\"1281\">\n<p data-start=\"1264\" data-end=\"1281\">6LY3-STP 24<\/p>\n<\/li>\n<li data-start=\"1282\" data-end=\"1301\">\n<p data-start=\"1284\" data-end=\"1301\">6LY3-UTP 24<\/p>\n<\/li>\n<li data-start=\"1302\" data-end=\"1319\">\n<p data-start=\"1304\" data-end=\"1319\">6LY3-STC 24<\/p>\n<\/li>\n<\/ul>\n","protected":false},"excerpt":{"rendered":"<p>Die Yanmar Impeller-Pumpe wurde entwickelt, um einen zuverl\u00e4ssigen Seewasserdurchfluss zur K\u00fchlung von Yanmar-Schiffsdieselmotoren der Serie 6LY3 zu gew\u00e4hrleisten. Eine korrekt funktionierende Impeller-Pumpe ist wichtig, um die richtige Motortemperatur aufrechtzuerhalten und eine \u00dcberhitzung zu vermeiden. Diese Pumpe wird nach OEM-\u00e4quivalenten Spezifikationen hergestellt und dient als direkter Ersatz f\u00fcr die Original-Yanmar-Pumpe. Sie eignet sich f\u00fcr den Austausch [&hellip;]<\/p>\n","protected":false},"featured_media":46639,"comment_status":"open","ping_status":"closed","template":"","meta":[],"product_brand":[4236],"product_cat":[3228,2532,3394],"product_tag":[],"class_list":{"0":"post-46638","1":"product","2":"type-product","3":"status-publish","4":"has-post-thumbnail","6":"product_brand-yanmar","7":"product_cat-kuhlsysteme","8":"product_cat-motorenteile","9":"product_cat-wasserpumpen","10":"pa_condition-neu","11":"pa_model-6ly3-etp","12":"pa_model-6ly3-serie","13":"pa_model-6ly3-stc","14":"pa_model-6ly3-stp","15":"pa_model-6ly3-utc","16":"pa_model-6ly3-utp","17":"pa_oem-or-aftermarket-aftermarket","19":"first","20":"onbackorder","21":"taxable","22":"shipping-taxable","23":"purchasable","24":"product-type-simple"},"supplier_id":7294,"supplier_sku":"REC119578-42501","barcode":null,"atum_controlled":true,"out_stock_date":"2026-01-21 14:13:29","out_stock_threshold":null,"inheritable":false,"inbound_stock":0,"stock_on_hold":0,"sold_today":0,"sales_last_days":0,"reserved_stock":0,"customer_returns":0,"warehouse_damage":0,"lost_in_post":0,"other_logs":0,"out_stock_days":7,"lost_sales":0,"has_location":false,"update_date":"2026-01-29T09:08:41","atum_locations":[],"atum_stock_status":"onbackorder","restock_status":false,"low_stock_amount":0,"sales_update_date":"2026-01-29T09:08:41","calc_backorders":null,"_links":{"self":[{"href":"https:\/\/mps.digital-monkey.in\/de\/wp-json\/wp\/v2\/product\/46638","targetHints":{"allow":["GET"]}}],"collection":[{"href":"https:\/\/mps.digital-monkey.in\/de\/wp-json\/wp\/v2\/product"}],"about":[{"href":"https:\/\/mps.digital-monkey.in\/de\/wp-json\/wp\/v2\/types\/product"}],"replies":[{"embeddable":true,"href":"https:\/\/mps.digital-monkey.in\/de\/wp-json\/wp\/v2\/comments?post=46638"}],"wp:featuredmedia":[{"embeddable":true,"href":"https:\/\/mps.digital-monkey.in\/de\/wp-json\/wp\/v2\/media\/46639"}],"wp:attachment":[{"href":"https:\/\/mps.digital-monkey.in\/de\/wp-json\/wp\/v2\/media?parent=46638"}],"wp:term":[{"taxonomy":"product_brand","embeddable":true,"href":"https:\/\/mps.digital-monkey.in\/de\/wp-json\/wp\/v2\/product_brand?post=46638"},{"taxonomy":"product_cat","embeddable":true,"href":"https:\/\/mps.digital-monkey.in\/de\/wp-json\/wp\/v2\/product_cat?post=46638"},{"taxonomy":"product_tag","embeddable":true,"href":"https:\/\/mps.digital-monkey.in\/de\/wp-json\/wp\/v2\/product_tag?post=46638"}],"curies":[{"name":"wp","href":"https:\/\/api.w.org\/{rel}","templated":true}]}}