{"id":46664,"date":"2026-01-21T14:53:39","date_gmt":"2026-01-21T14:53:39","guid":{"rendered":"https:\/\/mps.digital-monkey.in\/product\/yanmar-edelstahl-auspuffkruemmer-3jh-4jh-serie-129470-13560\/"},"modified":"2026-01-21T14:53:39","modified_gmt":"2026-01-21T14:53:39","slug":"yanmar-edelstahl-auspuffkruemmer-3jh-4jh-serie-129470-13560","status":"publish","type":"product","link":"https:\/\/mps.digital-monkey.in\/de\/product\/yanmar-edelstahl-auspuffkruemmer-3jh-4jh-serie-129470-13560\/","title":{"rendered":"Yanmar Edelstahl Auspuffkr\u00fcmmer | 3JH \/ 4JH Serie | 129470-13560"},"content":{"rendered":"<p data-start=\"420\" data-end=\"784\">Der <strong data-start=\"424\" data-end=\"479\">Yanmar Auspuffkr\u00fcmmer aus Edelstahl (129470-13560)<\/strong> wurde entwickelt, um die Abgase von <strong data-start=\"546\" data-end=\"588\">Yanmar Schiffsdieselmotoren der JH-Serie<\/strong> sicher vom Motor wegzuleiten. Dieser aus <strong data-start=\"608\" data-end=\"634\">rostfreiem Stahl (Inox)<\/strong> gefertigte und <strong data-start=\"639\" data-end=\"655\">CNC-gefr\u00e4ste<\/strong> Auspuffkr\u00fcmmer bietet eine hervorragende Korrosionsbest\u00e4ndigkeit, eine genaue Passform und eine lange Lebensdauer in rauer Meeresumgebung. <\/p>\n<p data-start=\"786\" data-end=\"870\">Ideal f\u00fcr den Austausch von Auspuffanlagen, die Reparatur von Korrosion oder die vorbeugende Wartung.<\/p>\n<h2 data-start=\"877\" data-end=\"894\">Produkttyp<\/h2>\n<p data-start=\"895\" data-end=\"923\">Auspuffkr\u00fcmmer \/ Auspuffkr\u00fcmmer<\/p>\n<h2 data-start=\"930\" data-end=\"943\">Material<\/h2>\n<p data-start=\"944\" data-end=\"970\">Rostfreier Stahl (Inox)<\/p>\n<h2 data-start=\"977\" data-end=\"995\">Herstellung<\/h2>\n<p data-start=\"996\" data-end=\"1030\"><strong data-start=\"996\" data-end=\"1012\">CNC-gefr\u00e4st<\/strong> f\u00fcr pr\u00e4zise Passform<\/p>\n<h2 data-start=\"1037\" data-end=\"1064\">OEM \/ Referenznummer<\/h2>\n<ul data-start=\"1065\" data-end=\"1083\">\n<li data-start=\"1065\" data-end=\"1083\">\n<p data-start=\"1067\" data-end=\"1083\">129470-13560<\/p>\n<\/li>\n<\/ul>\n<h2 data-start=\"1090\" data-end=\"1108\">Kompatibilit\u00e4t<\/h2>\n<p data-start=\"1110\" data-end=\"1175\"><strong data-start=\"1110\" data-end=\"1173\">Geeignet f\u00fcr <span class=\"hover:entity-accent entity-underline inline cursor-pointer align-baseline\"><span class=\"whitespace-normal\">Yanmar<\/span><\/span> Motoren:<\/strong><\/p>\n<h3 data-start=\"1177\" data-end=\"1193\">Serie 3JH<\/h3>\n<ul data-start=\"1194\" data-end=\"1245\">\n<li data-start=\"1194\" data-end=\"1206\">\n<p data-start=\"1196\" data-end=\"1206\">3JH2<\/p>\n<\/li>\n<li data-start=\"1207\" data-end=\"1219\">\n<p data-start=\"1209\" data-end=\"1219\">3JH3<\/p>\n<\/li>\n<li data-start=\"1220\" data-end=\"1233\">\n<p data-start=\"1222\" data-end=\"1233\">3JH3E<\/p>\n<\/li>\n<li data-start=\"1234\" data-end=\"1245\">\n<p data-start=\"1236\" data-end=\"1245\">3JH5E<\/p>\n<\/li>\n<\/ul>\n<h3 data-start=\"1247\" data-end=\"1263\">Serie 4JH<\/h3>\n<ul data-start=\"1264\" data-end=\"1349\">\n<li data-start=\"1264\" data-end=\"1277\">\n<p data-start=\"1266\" data-end=\"1277\">4JH2E<\/p>\n<\/li>\n<li data-start=\"1278\" data-end=\"1292\">\n<p data-start=\"1280\" data-end=\"1292\">4JH2CE<\/p>\n<\/li>\n<li data-start=\"1293\" data-end=\"1307\">\n<p data-start=\"1295\" data-end=\"1307\">4JH2TE<\/p>\n<\/li>\n<li data-start=\"1308\" data-end=\"1324\">\n<p data-start=\"1310\" data-end=\"1324\">4JH2-DTE<\/p>\n<\/li>\n<li data-start=\"1325\" data-end=\"1337\">\n<p data-start=\"1327\" data-end=\"1337\">4JH3<\/p>\n<\/li>\n<li data-start=\"1338\" data-end=\"1349\">\n<p data-start=\"1340\" data-end=\"1349\">4JH3E<\/p>\n<\/li>\n<\/ul>\n","protected":false},"excerpt":{"rendered":"<p>Der Yanmar Auspuffkr\u00fcmmer aus Edelstahl (129470-13560) wurde entwickelt, um die Abgase von Yanmar Schiffsdieselmotoren der JH-Serie sicher vom Motor wegzuleiten. Dieser aus rostfreiem Stahl (Inox) gefertigte und CNC-gefr\u00e4ste Auspuffkr\u00fcmmer bietet eine hervorragende Korrosionsbest\u00e4ndigkeit, eine genaue Passform und eine lange Lebensdauer in rauer Meeresumgebung. Ideal f\u00fcr den Austausch von Auspuffanlagen, die Reparatur von Korrosion oder die [&hellip;]<\/p>\n","protected":false},"featured_media":46665,"comment_status":"open","ping_status":"closed","template":"","meta":[],"product_brand":[4236],"product_cat":[3207,3208,2532],"product_tag":[],"class_list":{"0":"post-46664","1":"product","2":"type-product","3":"status-publish","4":"has-post-thumbnail","6":"product_brand-yanmar","7":"product_cat-auspuffanlagen","8":"product_cat-auspuffkrummer","9":"product_cat-motorenteile","10":"pa_condition-neu","11":"pa_model-3jh2","12":"pa_model-3jh3","13":"pa_model-3jh3e","14":"pa_model-3jh5e","15":"pa_model-4jh2dte","16":"pa_model-4jh2e","17":"pa_model-4jh2te","18":"pa_model-4jh3","19":"pa_model-4jh3-e","20":"pa_oem-or-aftermarket-aftermarket","22":"first","23":"instock","24":"sale","25":"taxable","26":"shipping-taxable","27":"purchasable","28":"product-type-simple"},"supplier_id":7294,"supplier_sku":"REC129470-13560","barcode":null,"atum_controlled":true,"out_stock_date":null,"out_stock_threshold":null,"inheritable":false,"inbound_stock":0,"stock_on_hold":0,"sold_today":0,"sales_last_days":0,"reserved_stock":0,"customer_returns":0,"warehouse_damage":0,"lost_in_post":0,"other_logs":0,"out_stock_days":0,"lost_sales":0,"has_location":false,"update_date":"2026-03-05T15:27:58","atum_locations":[],"atum_stock_status":"instock","restock_status":false,"low_stock_amount":0,"sales_update_date":"2026-03-05T15:27:58","calc_backorders":null,"_links":{"self":[{"href":"https:\/\/mps.digital-monkey.in\/de\/wp-json\/wp\/v2\/product\/46664","targetHints":{"allow":["GET"]}}],"collection":[{"href":"https:\/\/mps.digital-monkey.in\/de\/wp-json\/wp\/v2\/product"}],"about":[{"href":"https:\/\/mps.digital-monkey.in\/de\/wp-json\/wp\/v2\/types\/product"}],"replies":[{"embeddable":true,"href":"https:\/\/mps.digital-monkey.in\/de\/wp-json\/wp\/v2\/comments?post=46664"}],"wp:featuredmedia":[{"embeddable":true,"href":"https:\/\/mps.digital-monkey.in\/de\/wp-json\/wp\/v2\/media\/46665"}],"wp:attachment":[{"href":"https:\/\/mps.digital-monkey.in\/de\/wp-json\/wp\/v2\/media?parent=46664"}],"wp:term":[{"taxonomy":"product_brand","embeddable":true,"href":"https:\/\/mps.digital-monkey.in\/de\/wp-json\/wp\/v2\/product_brand?post=46664"},{"taxonomy":"product_cat","embeddable":true,"href":"https:\/\/mps.digital-monkey.in\/de\/wp-json\/wp\/v2\/product_cat?post=46664"},{"taxonomy":"product_tag","embeddable":true,"href":"https:\/\/mps.digital-monkey.in\/de\/wp-json\/wp\/v2\/product_tag?post=46664"}],"curies":[{"name":"wp","href":"https:\/\/api.w.org\/{rel}","templated":true}]}}