{"id":46686,"date":"2026-01-23T13:24:11","date_gmt":"2026-01-23T13:24:11","guid":{"rendered":"https:\/\/mps.digital-monkey.in\/product\/yanmar-edelstahl-auspuffkruemmer-4jh4-serie-129671-13552\/"},"modified":"2026-01-23T13:24:11","modified_gmt":"2026-01-23T13:24:11","slug":"yanmar-edelstahl-auspuffkruemmer-4jh4-serie-129671-13552","status":"publish","type":"product","link":"https:\/\/mps.digital-monkey.in\/de\/produkt\/yanmar-edelstahl-auspuffkruemmer-4jh4-serie-129671-13552\/","title":{"rendered":"Yanmar Edelstahl Auspuffkr\u00fcmmer | 4JH4 Serie | 129671-13552"},"content":{"rendered":"<p data-start=\"476\" data-end=\"821\">Der <strong data-start=\"480\" data-end=\"535\">Yanmar Auspuffkr\u00fcmmer aus Edelstahl (129671-13552)<\/strong> wurde entwickelt, um die Abgase bei <strong data-start=\"602\" data-end=\"639\">Yanmar 4JH4 Schiffsdieselmotoren<\/strong> sicher vom Motor wegzuleiten. Dieser aus <strong data-start=\"659\" data-end=\"678\">Edelstahl<\/strong> gefertigte Auspuffkr\u00fcmmer bietet eine hervorragende Best\u00e4ndigkeit gegen Korrosion und hohe Abgastemperaturen und gew\u00e4hrleistet eine lange Lebensdauer in maritimen Umgebungen. <\/p>\n<h2 data-start=\"957\" data-end=\"974\">Produkttyp<\/h2>\n<p data-start=\"975\" data-end=\"1003\">Auspuffkr\u00fcmmer \/ Auspuffkr\u00fcmmer<\/p>\n<h2 data-start=\"1010\" data-end=\"1023\">Material<\/h2>\n<p data-start=\"1024\" data-end=\"1043\">Rostfreier Stahl<\/p>\n<h2 data-start=\"1082\" data-end=\"1116\">Yanmar OEM \/ Referenznummer<\/h2>\n<ul data-start=\"1117\" data-end=\"1135\">\n<li data-start=\"1117\" data-end=\"1135\">\n<p data-start=\"1119\" data-end=\"1135\">129671-13552<\/p>\n<\/li>\n<\/ul>\n<h2 data-start=\"1142\" data-end=\"1160\">Kompatibilit\u00e4t<\/h2>\n<p data-start=\"1162\" data-end=\"1227\"><strong data-start=\"1162\" data-end=\"1225\">Geeignet f\u00fcr <span class=\"hover:entity-accent entity-underline inline cursor-pointer align-baseline\"><span class=\"whitespace-normal\">Yanmar<\/span><\/span> Motoren:<\/strong><\/p>\n<ul data-start=\"1228\" data-end=\"1276\">\n<li data-start=\"1228\" data-end=\"1243\">\n<p data-start=\"1230\" data-end=\"1243\">4JH4-TE<\/p>\n<\/li>\n<li data-start=\"1244\" data-end=\"1260\">\n<p data-start=\"1246\" data-end=\"1260\">4JH4-HTE<\/p>\n<\/li>\n<li data-start=\"1261\" data-end=\"1276\">\n<p data-start=\"1263\" data-end=\"1276\">4JH4-HTE1<\/p>\n<\/li>\n<\/ul>\n","protected":false},"excerpt":{"rendered":"<p>Der Yanmar Auspuffkr\u00fcmmer aus Edelstahl (129671-13552) wurde entwickelt, um die Abgase bei Yanmar 4JH4 Schiffsdieselmotoren sicher vom Motor wegzuleiten. Dieser aus Edelstahl gefertigte Auspuffkr\u00fcmmer bietet eine hervorragende Best\u00e4ndigkeit gegen Korrosion und hohe Abgastemperaturen und gew\u00e4hrleistet eine lange Lebensdauer in maritimen Umgebungen. Produkttyp Auspuffkr\u00fcmmer \/ Auspuffkr\u00fcmmer Material Rostfreier Stahl Yanmar OEM \/ Referenznummer 129671-13552 Kompatibilit\u00e4t Geeignet [&hellip;]<\/p>\n","protected":false},"featured_media":46687,"comment_status":"open","ping_status":"closed","template":"","meta":[],"product_brand":[4236],"product_cat":[3207,3208,2532],"product_tag":[],"class_list":{"0":"post-46686","1":"product","2":"type-product","3":"status-publish","4":"has-post-thumbnail","6":"product_brand-yanmar","7":"product_cat-auspuffanlagen","8":"product_cat-auspuffkrummer","9":"product_cat-motorenteile","10":"pa_condition-neu","11":"pa_model-4jh4-hte","12":"pa_model-4jh4-te","13":"pa_oem-or-aftermarket-aftermarket","15":"first","16":"onbackorder","17":"taxable","18":"shipping-taxable","19":"purchasable","20":"product-type-simple"},"supplier_id":7294,"supplier_sku":"MAR129671-13552INOX","barcode":null,"atum_controlled":true,"out_stock_date":"2026-01-23 13:24:16","out_stock_threshold":null,"inheritable":false,"inbound_stock":0,"stock_on_hold":0,"sold_today":0,"sales_last_days":0,"reserved_stock":0,"customer_returns":0,"warehouse_damage":0,"lost_in_post":0,"other_logs":0,"out_stock_days":55,"lost_sales":0,"has_location":false,"update_date":"2026-03-20T11:17:07","atum_locations":[],"atum_stock_status":"onbackorder","restock_status":false,"low_stock_amount":0,"sales_update_date":"2026-03-20T11:17:07","calc_backorders":null,"_links":{"self":[{"href":"https:\/\/mps.digital-monkey.in\/de\/wp-json\/wp\/v2\/product\/46686","targetHints":{"allow":["GET"]}}],"collection":[{"href":"https:\/\/mps.digital-monkey.in\/de\/wp-json\/wp\/v2\/product"}],"about":[{"href":"https:\/\/mps.digital-monkey.in\/de\/wp-json\/wp\/v2\/types\/product"}],"replies":[{"embeddable":true,"href":"https:\/\/mps.digital-monkey.in\/de\/wp-json\/wp\/v2\/comments?post=46686"}],"wp:featuredmedia":[{"embeddable":true,"href":"https:\/\/mps.digital-monkey.in\/de\/wp-json\/wp\/v2\/media\/46687"}],"wp:attachment":[{"href":"https:\/\/mps.digital-monkey.in\/de\/wp-json\/wp\/v2\/media?parent=46686"}],"wp:term":[{"taxonomy":"product_brand","embeddable":true,"href":"https:\/\/mps.digital-monkey.in\/de\/wp-json\/wp\/v2\/product_brand?post=46686"},{"taxonomy":"product_cat","embeddable":true,"href":"https:\/\/mps.digital-monkey.in\/de\/wp-json\/wp\/v2\/product_cat?post=46686"},{"taxonomy":"product_tag","embeddable":true,"href":"https:\/\/mps.digital-monkey.in\/de\/wp-json\/wp\/v2\/product_tag?post=46686"}],"curies":[{"name":"wp","href":"https:\/\/api.w.org\/{rel}","templated":true}]}}