{"id":46701,"date":"2026-01-23T13:49:56","date_gmt":"2026-01-23T13:49:56","guid":{"rendered":"https:\/\/mps.digital-monkey.in\/product\/yanmar-luftfilter-6lp-6ly-6cx-serie-119593-18880\/"},"modified":"2026-01-23T13:49:56","modified_gmt":"2026-01-23T13:49:56","slug":"yanmar-luftfilter-6lp-6ly-6cx-serie-119593-18880","status":"publish","type":"product","link":"https:\/\/mps.digital-monkey.in\/de\/product\/yanmar-luftfilter-6lp-6ly-6cx-serie-119593-18880\/","title":{"rendered":"Yanmar Luftfilter | 6LP \/ 6LY \/ 6CX Serie | 119593-18880"},"content":{"rendered":"<p data-start=\"440\" data-end=\"747\">Der <strong data-start=\"444\" data-end=\"480\">Yanmar Luftfilter (119593-18880)<\/strong> wurde entwickelt, um eine effektive Filtration der Ansaugluft f\u00fcr eine breite Palette von <strong data-start=\"559\" data-end=\"603\">Yanmar Hochleistungs-Schiffsdieselmotoren<\/strong> zu gew\u00e4hrleisten. Saubere Ansaugluft ist eine wesentliche Voraussetzung f\u00fcr eine effiziente Verbrennung, geringeren Motorverschlei\u00df und eine zuverl\u00e4ssige Leistung im Dauerbetrieb auf See. <\/p>\n<p data-start=\"749\" data-end=\"942\">Dieser nach OEM-\u00e4quivalenten Spezifikationen gefertigte Luftfilter ist ein direkter Ersatz f\u00fcr das Yanmar-Originalteil und eignet sich f\u00fcr die routinem\u00e4\u00dfige Wartung und den planm\u00e4\u00dfigen Luftfilterwechsel.<\/p>\n<h2 data-start=\"949\" data-end=\"966\">Produkttyp<\/h2>\n<p data-start=\"967\" data-end=\"1004\">Luftfilter \/ Motorluftansaugfilter<\/p>\n<h2 data-start=\"1011\" data-end=\"1038\">OEM \/ Referenznummer<\/h2>\n<ul data-start=\"1039\" data-end=\"1057\">\n<li data-start=\"1039\" data-end=\"1057\">\n<p data-start=\"1041\" data-end=\"1057\"><strong data-start=\"1041\" data-end=\"1057\">119593-18880<\/strong><\/p>\n<\/li>\n<\/ul>\n<h2 data-start=\"1064\" data-end=\"1082\">Kompatibilit\u00e4t<\/h2>\n<p data-start=\"1084\" data-end=\"1149\"><strong data-start=\"1084\" data-end=\"1147\">Geeignet f\u00fcr <span class=\"hover:entity-accent entity-underline inline cursor-pointer align-baseline\"><span class=\"whitespace-normal\">Yanmar<\/span><\/span> Motoren:<\/strong><\/p>\n<h3 data-start=\"1151\" data-end=\"1167\">Serie 6CX<\/h3>\n<ul data-start=\"1168\" data-end=\"1181\">\n<li data-start=\"1168\" data-end=\"1181\">\n<p data-start=\"1170\" data-end=\"1181\">6CX-ETE<\/p>\n<\/li>\n<\/ul>\n<h3 data-start=\"1183\" data-end=\"1200\">Serie 6LPA<\/h3>\n<ul data-start=\"1201\" data-end=\"1267\">\n<li data-start=\"1201\" data-end=\"1217\">\n<p data-start=\"1203\" data-end=\"1217\">6LPA-DTP<\/p>\n<\/li>\n<li data-start=\"1218\" data-end=\"1235\">\n<p data-start=\"1220\" data-end=\"1235\">6LPA-DTZP<\/p>\n<\/li>\n<li data-start=\"1236\" data-end=\"1252\">\n<p data-start=\"1238\" data-end=\"1252\">6LPA-STP<\/p>\n<\/li>\n<li data-start=\"1253\" data-end=\"1267\">\n<p data-start=\"1255\" data-end=\"1267\">6LPA-STZ<\/p>\n<\/li>\n<\/ul>\n<h3 data-start=\"1269\" data-end=\"1285\">6LP-Serie<\/h3>\n<ul data-start=\"1286\" data-end=\"1447\">\n<li data-start=\"1286\" data-end=\"1300\">\n<p data-start=\"1288\" data-end=\"1300\">6LP-DT<\/p>\n<\/li>\n<li data-start=\"1301\" data-end=\"1316\">\n<p data-start=\"1303\" data-end=\"1316\">6LP-DTE<\/p>\n<\/li>\n<li data-start=\"1317\" data-end=\"1333\">\n<p data-start=\"1319\" data-end=\"1333\">6LP-DTZE<\/p>\n<\/li>\n<li data-start=\"1334\" data-end=\"1350\">\n<p data-start=\"1336\" data-end=\"1350\">6LP-DTZY<\/p>\n<\/li>\n<li data-start=\"1351\" data-end=\"1365\">\n<p data-start=\"1353\" data-end=\"1365\">6LP-ST<\/p>\n<\/li>\n<li data-start=\"1366\" data-end=\"1381\">\n<p data-start=\"1368\" data-end=\"1381\">6LP-STE<\/p>\n<\/li>\n<li data-start=\"1382\" data-end=\"1398\">\n<p data-start=\"1384\" data-end=\"1398\">6LP-STZE<\/p>\n<\/li>\n<li data-start=\"1399\" data-end=\"1415\">\n<p data-start=\"1401\" data-end=\"1415\">6LP-STZY<\/p>\n<\/li>\n<li data-start=\"1416\" data-end=\"1431\">\n<p data-start=\"1418\" data-end=\"1431\">6LP-WDT<\/p>\n<\/li>\n<li data-start=\"1432\" data-end=\"1447\">\n<p data-start=\"1434\" data-end=\"1447\">6LP-WDTZY<\/p>\n<\/li>\n<\/ul>\n<h3 data-start=\"1449\" data-end=\"1474\">6LY2 \/ 6LY2A Serie<\/h3>\n<ul data-start=\"1475\" data-end=\"1633\">\n<li data-start=\"1475\" data-end=\"1492\">\n<p data-start=\"1477\" data-end=\"1492\">6LY2-STVY<\/p>\n<\/li>\n<li data-start=\"1493\" data-end=\"1509\">\n<p data-start=\"1495\" data-end=\"1509\">6LY2-WDT<\/p>\n<\/li>\n<li data-start=\"1510\" data-end=\"1528\">\n<p data-start=\"1512\" data-end=\"1528\">6LY2-WDTZY<\/p>\n<\/li>\n<li data-start=\"1529\" data-end=\"1545\">\n<p data-start=\"1531\" data-end=\"1545\">6LY2-WST<\/p>\n<\/li>\n<li data-start=\"1546\" data-end=\"1563\">\n<p data-start=\"1548\" data-end=\"1563\">6LY2A-STE<\/p>\n<\/li>\n<li data-start=\"1564\" data-end=\"1581\">\n<p data-start=\"1566\" data-end=\"1581\">6LY2A-STP<\/p>\n<\/li>\n<li data-start=\"1582\" data-end=\"1599\">\n<p data-start=\"1584\" data-end=\"1599\">6LY2A-UTP<\/p>\n<\/li>\n<li data-start=\"1600\" data-end=\"1617\">\n<p data-start=\"1602\" data-end=\"1617\">6LY2M-WDT<\/p>\n<\/li>\n<li data-start=\"1618\" data-end=\"1633\">\n<p data-start=\"1620\" data-end=\"1633\">6LY2M-WST<\/p>\n<\/li>\n<\/ul>\n<h3 data-start=\"1635\" data-end=\"1652\">Serie 6LY3<\/h3>\n<ul data-start=\"1653\" data-end=\"1701\">\n<li data-start=\"1653\" data-end=\"1669\">\n<p data-start=\"1655\" data-end=\"1669\">6LY3-ETP<\/p>\n<\/li>\n<li data-start=\"1670\" data-end=\"1686\">\n<p data-start=\"1672\" data-end=\"1686\">6LY3-STP<\/p>\n<\/li>\n<li data-start=\"1687\" data-end=\"1701\">\n<p data-start=\"1689\" data-end=\"1701\">6LY3-UTP<\/p>\n<\/li>\n<\/ul>\n<h3 data-start=\"1703\" data-end=\"1720\">Serie 6LYA<\/h3>\n<ul data-start=\"1721\" data-end=\"1769\">\n<li data-start=\"1721\" data-end=\"1737\">\n<p data-start=\"1723\" data-end=\"1737\">6LYA-STE<\/p>\n<\/li>\n<li data-start=\"1738\" data-end=\"1754\">\n<p data-start=\"1740\" data-end=\"1754\">6LYA-STP<\/p>\n<\/li>\n<li data-start=\"1755\" data-end=\"1769\">\n<p data-start=\"1757\" data-end=\"1769\">6LYA-UTE<\/p>\n<\/li>\n<\/ul>\n<h3 data-start=\"1771\" data-end=\"1794\">6LY \/ 6LYM Serie<\/h3>\n<ul data-start=\"1795\" data-end=\"2041\">\n<li data-start=\"1795\" data-end=\"1811\">\n<p data-start=\"1797\" data-end=\"1811\">6LYM-UTE<\/p>\n<\/li>\n<li data-start=\"1812\" data-end=\"1828\">\n<p data-start=\"1814\" data-end=\"1828\">6LYM-STE<\/p>\n<\/li>\n<li data-start=\"1829\" data-end=\"1847\">\n<p data-start=\"1831\" data-end=\"1847\">6LYM-UTEHD<\/p>\n<\/li>\n<li data-start=\"1848\" data-end=\"1862\">\n<p data-start=\"1850\" data-end=\"1862\">6LY-ST<\/p>\n<\/li>\n<li data-start=\"1863\" data-end=\"1878\">\n<p data-start=\"1865\" data-end=\"1878\">6LY-STE<\/p>\n<\/li>\n<li data-start=\"1879\" data-end=\"1894\">\n<p data-start=\"1881\" data-end=\"1894\">6LY-STM<\/p>\n<\/li>\n<li data-start=\"1895\" data-end=\"1911\">\n<p data-start=\"1897\" data-end=\"1911\">6LY-STZY<\/p>\n<\/li>\n<li data-start=\"1912\" data-end=\"1926\">\n<p data-start=\"1914\" data-end=\"1926\">6LY-UT<\/p>\n<\/li>\n<li data-start=\"1927\" data-end=\"1942\">\n<p data-start=\"1929\" data-end=\"1942\">6LY-UTE<\/p>\n<\/li>\n<li data-start=\"1943\" data-end=\"1958\">\n<p data-start=\"1945\" data-end=\"1958\">6LY-UTM<\/p>\n<\/li>\n<li data-start=\"1959\" data-end=\"1975\">\n<p data-start=\"1961\" data-end=\"1975\">6LY-UTZY<\/p>\n<\/li>\n<li data-start=\"1976\" data-end=\"1991\">\n<p data-start=\"1978\" data-end=\"1991\">6LY-WST<\/p>\n<\/li>\n<li data-start=\"1992\" data-end=\"2009\">\n<p data-start=\"1994\" data-end=\"2009\">6LY-WSTZY<\/p>\n<\/li>\n<li data-start=\"2010\" data-end=\"2025\">\n<p data-start=\"2012\" data-end=\"2025\">6LY-WUT<\/p>\n<\/li>\n<li data-start=\"2026\" data-end=\"2041\">\n<p data-start=\"2028\" data-end=\"2041\">6LY-WUTZY<\/p>\n<\/li>\n<\/ul>\n","protected":false},"excerpt":{"rendered":"<p>Der Yanmar Luftfilter (119593-18880) wurde entwickelt, um eine effektive Filtration der Ansaugluft f\u00fcr eine breite Palette von Yanmar Hochleistungs-Schiffsdieselmotoren zu gew\u00e4hrleisten. Saubere Ansaugluft ist eine wesentliche Voraussetzung f\u00fcr eine effiziente Verbrennung, geringeren Motorverschlei\u00df und eine zuverl\u00e4ssige Leistung im Dauerbetrieb auf See. Dieser nach OEM-\u00e4quivalenten Spezifikationen gefertigte Luftfilter ist ein direkter Ersatz f\u00fcr das Yanmar-Originalteil und [&hellip;]<\/p>\n","protected":false},"featured_media":46702,"comment_status":"open","ping_status":"closed","template":"","meta":[],"product_brand":[4236],"product_cat":[2498,2663,4441,4561,4531],"product_tag":[],"class_list":{"0":"post-46701","1":"product","2":"type-product","3":"status-publish","4":"has-post-thumbnail","6":"product_brand-yanmar","7":"product_cat-ersatzteile-fur-motoren","8":"product_cat-luftfilter","9":"product_cat-yanmar","10":"product_cat-yanmar-luftfilter","11":"product_cat-yanmar-service-teile","12":"pa_condition-neu","13":"pa_oem-or-aftermarket-aftermarket","15":"first","16":"onbackorder","17":"taxable","18":"shipping-taxable","19":"purchasable","20":"product-type-simple"},"supplier_id":7294,"supplier_sku":"REC119593-18880","barcode":null,"atum_controlled":true,"out_stock_date":"2026-01-28 10:48:26","out_stock_threshold":null,"inheritable":false,"inbound_stock":0,"stock_on_hold":0,"sold_today":0,"sales_last_days":0,"reserved_stock":0,"customer_returns":0,"warehouse_damage":0,"lost_in_post":0,"other_logs":0,"out_stock_days":51,"lost_sales":0,"has_location":false,"update_date":"2026-03-20T11:17:07","atum_locations":[],"atum_stock_status":"onbackorder","restock_status":false,"low_stock_amount":"","sales_update_date":"2026-03-20T11:17:07","calc_backorders":null,"_links":{"self":[{"href":"https:\/\/mps.digital-monkey.in\/de\/wp-json\/wp\/v2\/product\/46701","targetHints":{"allow":["GET"]}}],"collection":[{"href":"https:\/\/mps.digital-monkey.in\/de\/wp-json\/wp\/v2\/product"}],"about":[{"href":"https:\/\/mps.digital-monkey.in\/de\/wp-json\/wp\/v2\/types\/product"}],"replies":[{"embeddable":true,"href":"https:\/\/mps.digital-monkey.in\/de\/wp-json\/wp\/v2\/comments?post=46701"}],"wp:featuredmedia":[{"embeddable":true,"href":"https:\/\/mps.digital-monkey.in\/de\/wp-json\/wp\/v2\/media\/46702"}],"wp:attachment":[{"href":"https:\/\/mps.digital-monkey.in\/de\/wp-json\/wp\/v2\/media?parent=46701"}],"wp:term":[{"taxonomy":"product_brand","embeddable":true,"href":"https:\/\/mps.digital-monkey.in\/de\/wp-json\/wp\/v2\/product_brand?post=46701"},{"taxonomy":"product_cat","embeddable":true,"href":"https:\/\/mps.digital-monkey.in\/de\/wp-json\/wp\/v2\/product_cat?post=46701"},{"taxonomy":"product_tag","embeddable":true,"href":"https:\/\/mps.digital-monkey.in\/de\/wp-json\/wp\/v2\/product_tag?post=46701"}],"curies":[{"name":"wp","href":"https:\/\/api.w.org\/{rel}","templated":true}]}}