{"id":46728,"date":"2026-01-27T13:37:16","date_gmt":"2026-01-27T13:37:16","guid":{"rendered":"https:\/\/mps.digital-monkey.in\/product\/yanmar-saildrive-dichtung-a-sd20-sd25-sd30-sd40-sd50-196420-02711-196420-02712\/"},"modified":"2026-01-27T13:37:16","modified_gmt":"2026-01-27T13:37:16","slug":"yanmar-saildrive-dichtung-a-sd20-sd25-sd30-sd40-sd50-196420-02711-196420-02712","status":"publish","type":"product","link":"https:\/\/mps.digital-monkey.in\/de\/produkt\/yanmar-saildrive-dichtung-a-sd20-sd25-sd30-sd40-sd50-196420-02711-196420-02712\/","title":{"rendered":"Yanmar Saildrive Dichtung A | SD20 \/ SD25 \/ SD30 \/ SD40 \/ SD50 | 196420-02711 \/ 196420-02712"},"content":{"rendered":"<p data-start=\"466\" data-end=\"706\">Die <strong data-start=\"470\" data-end=\"497\">Yanmar Saildrive Seal A<\/strong> ist eine <strong data-start=\"504\" data-end=\"523\">OEM-Gummidichtung<\/strong>, die f\u00fcr <strong data-start=\"544\" data-end=\"565\">Yanmar-Segelantriebe<\/strong> entwickelt wurde. Diese Dichtung ist eine wichtige Komponente, die f\u00fcr eine wasserdichte Abdichtung zwischen dem Segelantrieb und dem Rumpf sorgt und das Schiff vor eindringendem Wasser sch\u00fctzt. <\/p>\n<h2 data-start=\"922\" data-end=\"939\">Produkttyp<\/h2>\n<p data-start=\"940\" data-end=\"975\">Saildrive Dichtung \/ Membrane (Dichtung A)<\/p>\n<h2 data-start=\"982\" data-end=\"1010\">OEM \/ Referenz-Nummern<\/h2>\n<ul data-start=\"1011\" data-end=\"1050\">\n<li data-start=\"1011\" data-end=\"1031\">\n<p data-start=\"1013\" data-end=\"1031\"><strong data-start=\"1013\" data-end=\"1029\">196420-02711<\/strong><\/p>\n<\/li>\n<li data-start=\"1032\" data-end=\"1050\">\n<p data-start=\"1034\" data-end=\"1050\"><strong data-start=\"1034\" data-end=\"1050\">196420-02712<\/strong><\/p>\n<\/li>\n<\/ul>\n<h2 data-start=\"1057\" data-end=\"1075\">Kompatibilit\u00e4t<\/h2>\n<p data-start=\"1077\" data-end=\"1145\"><strong data-start=\"1077\" data-end=\"1143\">Geeignet f\u00fcr <span class=\"hover:entity-accent entity-underline inline cursor-pointer align-baseline\"><span class=\"whitespace-normal\">Yanmar<\/span><\/span> Segelantriebe:<\/strong><\/p>\n<ul data-start=\"1146\" data-end=\"1208\">\n<li data-start=\"1146\" data-end=\"1158\">\n<p data-start=\"1148\" data-end=\"1158\"><strong data-start=\"1148\" data-end=\"1156\">SD20<\/strong><\/p>\n<\/li>\n<li data-start=\"1159\" data-end=\"1171\">\n<p data-start=\"1161\" data-end=\"1171\"><strong data-start=\"1161\" data-end=\"1169\">SD25<\/strong><\/p>\n<\/li>\n<li data-start=\"1172\" data-end=\"1184\">\n<p data-start=\"1174\" data-end=\"1184\"><strong data-start=\"1174\" data-end=\"1182\">SD30<\/strong><\/p>\n<\/li>\n<li data-start=\"1185\" data-end=\"1197\">\n<p data-start=\"1187\" data-end=\"1197\"><strong data-start=\"1187\" data-end=\"1195\">SD40<\/strong><\/p>\n<\/li>\n<li data-start=\"1198\" data-end=\"1208\">\n<p data-start=\"1200\" data-end=\"1208\"><strong data-start=\"1200\" data-end=\"1208\">SD50<\/strong><\/p>\n<\/li>\n<\/ul>\n","protected":false},"excerpt":{"rendered":"<p>Die Yanmar Saildrive Seal A ist eine OEM-Gummidichtung, die f\u00fcr Yanmar-Segelantriebe entwickelt wurde. Diese Dichtung ist eine wichtige Komponente, die f\u00fcr eine wasserdichte Abdichtung zwischen dem Segelantrieb und dem Rumpf sorgt und das Schiff vor eindringendem Wasser sch\u00fctzt. Produkttyp Saildrive Dichtung \/ Membrane (Dichtung A) OEM \/ Referenz-Nummern 196420-02711 196420-02712 Kompatibilit\u00e4t Geeignet f\u00fcr Yanmar Segelantriebe: [&hellip;]<\/p>\n","protected":false},"featured_media":46729,"comment_status":"open","ping_status":"closed","template":"","meta":[],"product_brand":[4236],"product_cat":[4113,2498,4570,4531],"product_tag":[],"class_list":{"0":"post-46728","1":"product","2":"type-product","3":"status-publish","4":"has-post-thumbnail","6":"product_brand-yanmar","7":"product_cat-balg","8":"product_cat-ersatzteile-fur-motoren","9":"product_cat-yanmar-saildrive-service-teile","10":"product_cat-yanmar-service-teile","11":"pa_condition-neu","12":"pa_model-sd20","13":"pa_model-sd25","14":"pa_model-sd30","15":"pa_model-sd40","16":"pa_model-sd50","17":"pa_oem-or-aftermarket-oem","19":"first","20":"onbackorder","21":"sale","22":"taxable","23":"shipping-taxable","24":"purchasable","25":"product-type-simple"},"supplier_id":32143,"supplier_sku":"196420-02711","barcode":null,"atum_controlled":true,"out_stock_date":"2026-01-27 15:33:12","out_stock_threshold":null,"inheritable":false,"inbound_stock":0,"stock_on_hold":0,"sold_today":0,"sales_last_days":0,"reserved_stock":0,"customer_returns":0,"warehouse_damage":0,"lost_in_post":0,"other_logs":0,"out_stock_days":51,"lost_sales":7815,"has_location":false,"update_date":"2026-03-20T11:17:07","atum_locations":[],"atum_stock_status":"onbackorder","restock_status":false,"low_stock_amount":0,"sales_update_date":"2026-03-20T11:17:07","calc_backorders":0,"_links":{"self":[{"href":"https:\/\/mps.digital-monkey.in\/de\/wp-json\/wp\/v2\/product\/46728","targetHints":{"allow":["GET"]}}],"collection":[{"href":"https:\/\/mps.digital-monkey.in\/de\/wp-json\/wp\/v2\/product"}],"about":[{"href":"https:\/\/mps.digital-monkey.in\/de\/wp-json\/wp\/v2\/types\/product"}],"replies":[{"embeddable":true,"href":"https:\/\/mps.digital-monkey.in\/de\/wp-json\/wp\/v2\/comments?post=46728"}],"wp:featuredmedia":[{"embeddable":true,"href":"https:\/\/mps.digital-monkey.in\/de\/wp-json\/wp\/v2\/media\/46729"}],"wp:attachment":[{"href":"https:\/\/mps.digital-monkey.in\/de\/wp-json\/wp\/v2\/media?parent=46728"}],"wp:term":[{"taxonomy":"product_brand","embeddable":true,"href":"https:\/\/mps.digital-monkey.in\/de\/wp-json\/wp\/v2\/product_brand?post=46728"},{"taxonomy":"product_cat","embeddable":true,"href":"https:\/\/mps.digital-monkey.in\/de\/wp-json\/wp\/v2\/product_cat?post=46728"},{"taxonomy":"product_tag","embeddable":true,"href":"https:\/\/mps.digital-monkey.in\/de\/wp-json\/wp\/v2\/product_tag?post=46728"}],"curies":[{"name":"wp","href":"https:\/\/api.w.org\/{rel}","templated":true}]}}