{"id":46744,"date":"2026-01-27T14:43:21","date_gmt":"2026-01-27T14:43:21","guid":{"rendered":"https:\/\/mps.digital-monkey.in\/product\/yanmar-keilriemen-25152-004300e\/"},"modified":"2026-01-27T14:43:21","modified_gmt":"2026-01-27T14:43:21","slug":"yanmar-keilriemen-25152-004300e","status":"publish","type":"product","link":"https:\/\/mps.digital-monkey.in\/de\/produkt\/yanmar-keilriemen-25152-004300e\/","title":{"rendered":"Yanmar Keilriemen | 25152-004300E"},"content":{"rendered":"<p data-start=\"409\" data-end=\"676\">Der <strong data-start=\"413\" data-end=\"457\">Yanmar Keilriemen f\u00fcr die Lichtmaschine (25152-004300E)<\/strong> ist ein <strong data-start=\"463\" data-end=\"486\">Original Yanmar Keilriemen<\/strong> f\u00fcr den Antrieb der Lichtmaschine ausgew\u00e4hlter <strong data-start=\"535\" data-end=\"567\">Yanmar Schiffsdieselmotoren<\/strong>.<\/p>\n<h2 data-start=\"838\" data-end=\"855\">Produkttyp<\/h2>\n<p data-start=\"856\" data-end=\"873\">Keilriemen der Lichtmaschine<\/p>\n<h2 data-start=\"880\" data-end=\"907\">OEM \/ Referenznummer<\/h2>\n<ul data-start=\"908\" data-end=\"927\">\n<li data-start=\"908\" data-end=\"927\">\n<p data-start=\"910\" data-end=\"927\"><strong data-start=\"910\" data-end=\"927\">25152-004300E<\/strong><\/p>\n<\/li>\n<\/ul>\n<p data-start=\"1060\" data-end=\"1125\"><strong data-start=\"1060\" data-end=\"1123\">Geeignet f\u00fcr <span class=\"hover:entity-accent entity-underline inline cursor-pointer align-baseline\"><span class=\"whitespace-normal\">Yanmar<\/span><\/span> Motoren:<\/strong><\/p>\n<p>- 3JH4E<br \/>\n- 3JH5E<br \/>\n- 4JH4E<br \/>\n- 4JH4AE<br \/>\n- 4JH5E<\/p>\n<p>&nbsp;<\/p>\n<p><strong>Ersatz f\u00fcr das 25152-004300<\/strong><\/p>\n","protected":false},"excerpt":{"rendered":"<p>Der Yanmar Keilriemen f\u00fcr die Lichtmaschine (25152-004300E) ist ein Original Yanmar Keilriemen f\u00fcr den Antrieb der Lichtmaschine ausgew\u00e4hlter Yanmar Schiffsdieselmotoren. Produkttyp Keilriemen der Lichtmaschine OEM \/ Referenznummer 25152-004300E Geeignet f\u00fcr Yanmar Motoren: - 3JH4E - 3JH5E - 4JH4E - 4JH4AE - 4JH5E &nbsp; Ersatz f\u00fcr das 25152-004300<\/p>\n","protected":false},"featured_media":46745,"comment_status":"open","ping_status":"closed","template":"","meta":[],"product_brand":[4236],"product_cat":[2498,4119,4531],"product_tag":[],"class_list":{"0":"post-46744","1":"product","2":"type-product","3":"status-publish","4":"has-post-thumbnail","6":"product_brand-yanmar","7":"product_cat-ersatzteile-fur-motoren","8":"product_cat-keilriemen","9":"product_cat-yanmar-service-teile","10":"pa_condition-neu","11":"pa_oem-or-aftermarket-oem","13":"first","14":"onbackorder","15":"taxable","16":"shipping-taxable","17":"purchasable","18":"product-type-simple"},"supplier_id":32143,"supplier_sku":"25152-004300E","barcode":null,"atum_controlled":true,"out_stock_date":"2026-01-28 10:49:20","out_stock_threshold":null,"inheritable":false,"inbound_stock":0,"stock_on_hold":0,"sold_today":0,"sales_last_days":0,"reserved_stock":0,"customer_returns":0,"warehouse_damage":0,"lost_in_post":0,"other_logs":0,"out_stock_days":51,"lost_sales":405,"has_location":false,"update_date":"2026-03-20T11:17:07","atum_locations":[],"atum_stock_status":"onbackorder","restock_status":false,"low_stock_amount":1,"sales_update_date":"2026-03-20T11:17:07","calc_backorders":0,"_links":{"self":[{"href":"https:\/\/mps.digital-monkey.in\/de\/wp-json\/wp\/v2\/product\/46744","targetHints":{"allow":["GET"]}}],"collection":[{"href":"https:\/\/mps.digital-monkey.in\/de\/wp-json\/wp\/v2\/product"}],"about":[{"href":"https:\/\/mps.digital-monkey.in\/de\/wp-json\/wp\/v2\/types\/product"}],"replies":[{"embeddable":true,"href":"https:\/\/mps.digital-monkey.in\/de\/wp-json\/wp\/v2\/comments?post=46744"}],"wp:featuredmedia":[{"embeddable":true,"href":"https:\/\/mps.digital-monkey.in\/de\/wp-json\/wp\/v2\/media\/46745"}],"wp:attachment":[{"href":"https:\/\/mps.digital-monkey.in\/de\/wp-json\/wp\/v2\/media?parent=46744"}],"wp:term":[{"taxonomy":"product_brand","embeddable":true,"href":"https:\/\/mps.digital-monkey.in\/de\/wp-json\/wp\/v2\/product_brand?post=46744"},{"taxonomy":"product_cat","embeddable":true,"href":"https:\/\/mps.digital-monkey.in\/de\/wp-json\/wp\/v2\/product_cat?post=46744"},{"taxonomy":"product_tag","embeddable":true,"href":"https:\/\/mps.digital-monkey.in\/de\/wp-json\/wp\/v2\/product_tag?post=46744"}],"curies":[{"name":"wp","href":"https:\/\/api.w.org\/{rel}","templated":true}]}}