{"id":46761,"date":"2026-01-29T10:01:55","date_gmt":"2026-01-29T10:01:55","guid":{"rendered":"https:\/\/mps.digital-monkey.in\/product\/volvo-penta-saildrive-ablassschraube-3854539\/"},"modified":"2026-01-29T10:01:55","modified_gmt":"2026-01-29T10:01:55","slug":"volvo-penta-saildrive-ablassschraube-3854539","status":"publish","type":"product","link":"https:\/\/mps.digital-monkey.in\/de\/produkt\/volvo-penta-saildrive-ablassschraube-3854539\/","title":{"rendered":"Volvo Penta Saildrive Ablassschraube - 3854539"},"content":{"rendered":"<p data-start=\"425\" data-end=\"689\">Die <strong data-start=\"429\" data-end=\"475\">Volvo Penta Saildrive Ablassschraube 3854539<\/strong> ist f\u00fcr das Ablassen und Abdichten der \u00d6lkammer von <strong data-start=\"532\" data-end=\"574\">Volvo Penta Saildrives und Z-Antrieben<\/strong> bestimmt. Eine richtig abdichtende Ablassschraube ist wichtig, um \u00d6llecks zu verhindern und eine korrekte Schmierung der Antriebseinheit zu gew\u00e4hrleisten. <\/p>\n<p data-start=\"691\" data-end=\"829\">Diese nach OEM-Spezifikationen gefertigte Ablassschraube eignet sich f\u00fcr routinem\u00e4\u00dfige Wartungsarbeiten, \u00d6lwechsel oder den Austausch von besch\u00e4digten oder abgenutzten Schrauben.<\/p>\n<h2 data-start=\"836\" data-end=\"853\">Produkttyp<\/h2>\n<p data-start=\"854\" data-end=\"887\">Ablassschraube Saildrive \/ Sterndrive<\/p>\n<h2 data-start=\"894\" data-end=\"934\">Volvo Penta OEM \/ Referenz-Nummern<\/h2>\n<ul data-start=\"935\" data-end=\"964\">\n<li data-start=\"935\" data-end=\"950\">\n<p data-start=\"937\" data-end=\"950\">3854539<\/p>\n<\/li>\n<li data-start=\"951\" data-end=\"964\">\n<p data-start=\"953\" data-end=\"964\">3852152<\/p>\n<\/li>\n<\/ul>\n<h2 data-start=\"971\" data-end=\"989\">Kompatibilit\u00e4t<\/h2>\n<p data-start=\"991\" data-end=\"1075\"><strong data-start=\"991\" data-end=\"1073\">Geeignet f\u00fcr <span class=\"hover:entity-accent entity-underline inline cursor-pointer align-baseline\"><span class=\"whitespace-normal\">Volvo Penta<\/span><\/span> Segelantriebe und Heckantriebe:<\/strong><\/p>\n<ul data-start=\"1076\" data-end=\"1176\">\n<li data-start=\"1076\" data-end=\"1088\">\n<p data-start=\"1078\" data-end=\"1088\">120S<\/p>\n<\/li>\n<li data-start=\"1089\" data-end=\"1101\">\n<p data-start=\"1091\" data-end=\"1101\">130S<\/p>\n<\/li>\n<li data-start=\"1102\" data-end=\"1114\">\n<p data-start=\"1104\" data-end=\"1114\">150S<\/p>\n<\/li>\n<li data-start=\"1115\" data-end=\"1128\">\n<p data-start=\"1117\" data-end=\"1128\">MS25S<\/p>\n<\/li>\n<li data-start=\"1129\" data-end=\"1141\">\n<p data-start=\"1131\" data-end=\"1141\">DP-G<\/p>\n<\/li>\n<li data-start=\"1142\" data-end=\"1154\">\n<p data-start=\"1144\" data-end=\"1154\">DP-S<\/p>\n<\/li>\n<li data-start=\"1155\" data-end=\"1166\">\n<p data-start=\"1157\" data-end=\"1166\">DPS<\/p>\n<\/li>\n<li data-start=\"1167\" data-end=\"1176\">\n<p data-start=\"1169\" data-end=\"1176\"><strong data-start=\"1169\" data-end=\"1176\">DPX<\/strong><\/p>\n<\/li>\n<\/ul>\n","protected":false},"excerpt":{"rendered":"<p>Die Volvo Penta Saildrive Ablassschraube 3854539 ist f\u00fcr das Ablassen und Abdichten der \u00d6lkammer von Volvo Penta Saildrives und Z-Antrieben bestimmt. Eine richtig abdichtende Ablassschraube ist wichtig, um \u00d6llecks zu verhindern und eine korrekte Schmierung der Antriebseinheit zu gew\u00e4hrleisten. Diese nach OEM-Spezifikationen gefertigte Ablassschraube eignet sich f\u00fcr routinem\u00e4\u00dfige Wartungsarbeiten, \u00d6lwechsel oder den Austausch von besch\u00e4digten [&hellip;]<\/p>\n","protected":false},"featured_media":46762,"comment_status":"open","ping_status":"closed","template":"","meta":[],"product_brand":[4230],"product_cat":[4488,2498,3037,3972,4308],"product_tag":[],"class_list":{"0":"post-46761","1":"product","2":"type-product","3":"status-publish","4":"has-post-thumbnail","6":"product_brand-volvo-penta","7":"product_cat-brauchen-sie-volvo-penta-teile","8":"product_cat-ersatzteile-fur-motoren","9":"product_cat-kits-fur-wartung-und-reparatur","10":"product_cat-saildrive-reparatur-kits","11":"product_cat-volvo-penta","12":"pa_condition-neu","13":"pa_model-120s","14":"pa_model-130s","15":"pa_model-150s","16":"pa_model-ms25","17":"pa_oem-or-aftermarket-aftermarket","19":"first","20":"instock","21":"taxable","22":"shipping-taxable","23":"purchasable","24":"product-type-simple"},"supplier_id":7294,"supplier_sku":"REC22-67892A05","barcode":null,"atum_controlled":true,"out_stock_date":null,"out_stock_threshold":null,"inheritable":false,"inbound_stock":0,"stock_on_hold":0,"sold_today":0,"sales_last_days":0,"reserved_stock":0,"customer_returns":0,"warehouse_damage":0,"lost_in_post":0,"other_logs":0,"out_stock_days":0,"lost_sales":0,"has_location":false,"update_date":"2026-03-05T15:27:58","atum_locations":[],"atum_stock_status":"instock","restock_status":false,"low_stock_amount":0,"sales_update_date":"2026-03-05T15:27:58","calc_backorders":null,"_links":{"self":[{"href":"https:\/\/mps.digital-monkey.in\/de\/wp-json\/wp\/v2\/product\/46761","targetHints":{"allow":["GET"]}}],"collection":[{"href":"https:\/\/mps.digital-monkey.in\/de\/wp-json\/wp\/v2\/product"}],"about":[{"href":"https:\/\/mps.digital-monkey.in\/de\/wp-json\/wp\/v2\/types\/product"}],"replies":[{"embeddable":true,"href":"https:\/\/mps.digital-monkey.in\/de\/wp-json\/wp\/v2\/comments?post=46761"}],"wp:featuredmedia":[{"embeddable":true,"href":"https:\/\/mps.digital-monkey.in\/de\/wp-json\/wp\/v2\/media\/46762"}],"wp:attachment":[{"href":"https:\/\/mps.digital-monkey.in\/de\/wp-json\/wp\/v2\/media?parent=46761"}],"wp:term":[{"taxonomy":"product_brand","embeddable":true,"href":"https:\/\/mps.digital-monkey.in\/de\/wp-json\/wp\/v2\/product_brand?post=46761"},{"taxonomy":"product_cat","embeddable":true,"href":"https:\/\/mps.digital-monkey.in\/de\/wp-json\/wp\/v2\/product_cat?post=46761"},{"taxonomy":"product_tag","embeddable":true,"href":"https:\/\/mps.digital-monkey.in\/de\/wp-json\/wp\/v2\/product_tag?post=46761"}],"curies":[{"name":"wp","href":"https:\/\/api.w.org\/{rel}","templated":true}]}}