{"id":46825,"date":"2026-01-30T09:31:42","date_gmt":"2026-01-30T09:31:42","guid":{"rendered":"https:\/\/mps.digital-monkey.in\/product\/volvo-penta-o-ring-saildrive-getriebe-925256\/"},"modified":"2026-01-30T09:31:42","modified_gmt":"2026-01-30T09:31:42","slug":"volvo-penta-o-ring-saildrive-getriebe-925256","status":"publish","type":"product","link":"https:\/\/mps.digital-monkey.in\/de\/produkt\/volvo-penta-o-ring-saildrive-getriebe-925256\/","title":{"rendered":"Volvo Penta O-Ring | Saildrive &amp; Getriebe | 925256"},"content":{"rendered":"<p data-start=\"460\" data-end=\"715\">Der <strong data-start=\"464\" data-end=\"495\">Volvo Penta O-Ring (925256<\/strong> ) ist f\u00fcr die Abdichtung von <strong data-start=\"536\" data-end=\"583\">Volvo Penta Segelantrieben und Schiffsgetrieben<\/strong> vorgesehen.<\/p>\n<p data-start=\"831\" data-end=\"969\">\u26a0 <strong data-start=\"833\" data-end=\"852\">Wichtiger Hinweis:<\/strong><br data-start=\"852\" data-end=\"855\">Bei Verwendung an einem <strong data-start=\"870\" data-end=\"883\">Segelantrieb<\/strong> <strong data-start=\"885\" data-end=\"913\">werden zwei O-Ringe ben\u00f6tigt<\/strong>. Bitte bestellen Sie <strong data-start=\"928\" data-end=\"940\">2 St\u00fcck<\/strong> f\u00fcr eine vollst\u00e4ndige Installation. <\/p>\n<h2 data-start=\"976\" data-end=\"993\">Produkttyp<\/h2>\n<p data-start=\"994\" data-end=\"1015\">O-Ring \/ Dichtungsring<\/p>\n<h2 data-start=\"1022\" data-end=\"1061\">Volvo Penta OEM \/ Referenznummer<\/h2>\n<ul data-start=\"1062\" data-end=\"1074\">\n<li data-start=\"1062\" data-end=\"1074\">\n<p data-start=\"1064\" data-end=\"1074\">925256<\/p>\n<\/li>\n<\/ul>\n<h2 data-start=\"1081\" data-end=\"1099\">Kompatibilit\u00e4t<\/h2>\n<p data-start=\"1101\" data-end=\"1183\"><strong data-start=\"1101\" data-end=\"1181\">Geeignet f\u00fcr <span class=\"hover:entity-accent entity-underline inline cursor-pointer align-baseline\"><span class=\"whitespace-normal\">Volvo Penta<\/span><\/span> Segelantriebe und Getriebe:<\/strong><\/p>\n<h3 data-start=\"1185\" data-end=\"1210\">Segelantriebe<\/h3>\n<ul data-start=\"1211\" data-end=\"1475\">\n<li data-start=\"1211\" data-end=\"1224\">\n<p data-start=\"1213\" data-end=\"1224\">120SC<\/p>\n<\/li>\n<li data-start=\"1225\" data-end=\"1237\">\n<p data-start=\"1227\" data-end=\"1237\">130S<\/p>\n<\/li>\n<li data-start=\"1238\" data-end=\"1252\">\n<p data-start=\"1240\" data-end=\"1252\">130S-B<\/p>\n<\/li>\n<li data-start=\"1253\" data-end=\"1267\">\n<p data-start=\"1255\" data-end=\"1267\">130S-C<\/p>\n<\/li>\n<li data-start=\"1268\" data-end=\"1282\">\n<p data-start=\"1270\" data-end=\"1282\">130S-D<\/p>\n<\/li>\n<li data-start=\"1283\" data-end=\"1296\">\n<p data-start=\"1285\" data-end=\"1296\">130SR<\/p>\n<\/li>\n<li data-start=\"1297\" data-end=\"1312\">\n<p data-start=\"1299\" data-end=\"1312\">130SR-A<\/p>\n<\/li>\n<li data-start=\"1313\" data-end=\"1328\">\n<p data-start=\"1315\" data-end=\"1328\">130SR-B<\/p>\n<\/li>\n<li data-start=\"1329\" data-end=\"1344\">\n<p data-start=\"1331\" data-end=\"1344\">130SR-C<\/p>\n<\/li>\n<li data-start=\"1345\" data-end=\"1360\">\n<p data-start=\"1347\" data-end=\"1360\">130SR-D<\/p>\n<\/li>\n<li data-start=\"1361\" data-end=\"1373\">\n<p data-start=\"1363\" data-end=\"1373\">150S<\/p>\n<\/li>\n<li data-start=\"1374\" data-end=\"1388\">\n<p data-start=\"1376\" data-end=\"1388\">150S-B<\/p>\n<\/li>\n<li data-start=\"1389\" data-end=\"1403\">\n<p data-start=\"1391\" data-end=\"1403\">150S-C<\/p>\n<\/li>\n<li data-start=\"1404\" data-end=\"1418\">\n<p data-start=\"1406\" data-end=\"1418\">150S-D<\/p>\n<\/li>\n<li data-start=\"1419\" data-end=\"1432\">\n<p data-start=\"1421\" data-end=\"1432\">150SR<\/p>\n<\/li>\n<li data-start=\"1433\" data-end=\"1448\">\n<p data-start=\"1435\" data-end=\"1448\">150SR-B<\/p>\n<\/li>\n<li data-start=\"1449\" data-end=\"1464\">\n<p data-start=\"1451\" data-end=\"1464\">150SR-D<\/p>\n<\/li>\n<\/ul>\n<h3 data-start=\"1477\" data-end=\"1494\">Heckantriebe<\/h3>\n<ul data-start=\"1495\" data-end=\"1586\">\n<li data-start=\"1495\" data-end=\"1507\">\n<p data-start=\"1497\" data-end=\"1507\">DP-A<\/p>\n<\/li>\n<li data-start=\"1508\" data-end=\"1521\">\n<p data-start=\"1510\" data-end=\"1521\">DP-A2<\/p>\n<\/li>\n<li data-start=\"1522\" data-end=\"1534\">\n<p data-start=\"1524\" data-end=\"1534\">DP-C<\/p>\n<\/li>\n<li data-start=\"1535\" data-end=\"1547\">\n<p data-start=\"1537\" data-end=\"1547\">DP-D<\/p>\n<\/li>\n<li data-start=\"1548\" data-end=\"1561\">\n<p data-start=\"1550\" data-end=\"1561\">SP-A2<\/p>\n<\/li>\n<li data-start=\"1562\" data-end=\"1574\">\n<p data-start=\"1564\" data-end=\"1574\">SP-C<\/p>\n<\/li>\n<li data-start=\"1575\" data-end=\"1586\">\n<p data-start=\"1577\" data-end=\"1586\">SP-C1<\/p>\n<\/li>\n<\/ul>\n<h3 data-start=\"1588\" data-end=\"1603\">Getriebe<\/h3>\n<ul data-start=\"1604\" data-end=\"1679\">\n<li data-start=\"1604\" data-end=\"1616\">\n<p data-start=\"1606\" data-end=\"1616\">MS2B<\/p>\n<\/li>\n<li data-start=\"1617\" data-end=\"1629\">\n<p data-start=\"1619\" data-end=\"1629\">MS2V<\/p>\n<\/li>\n<li data-start=\"1630\" data-end=\"1642\">\n<p data-start=\"1632\" data-end=\"1642\">MS3B<\/p>\n<\/li>\n<li data-start=\"1643\" data-end=\"1655\">\n<p data-start=\"1645\" data-end=\"1655\">MS3C<\/p>\n<\/li>\n<li data-start=\"1656\" data-end=\"1668\">\n<p data-start=\"1658\" data-end=\"1668\">MS4A<\/p>\n<\/li>\n<li data-start=\"1669\" data-end=\"1679\">\n<p data-start=\"1671\" data-end=\"1679\">MS4B<\/p>\n<\/li>\n<\/ul>\n","protected":false},"excerpt":{"rendered":"<p>Der Volvo Penta O-Ring (925256 ) ist f\u00fcr die Abdichtung von Volvo Penta Segelantrieben und Schiffsgetrieben vorgesehen. \u26a0 Wichtiger Hinweis:Bei Verwendung an einem Segelantrieb werden zwei O-Ringe ben\u00f6tigt. Bitte bestellen Sie 2 St\u00fcck f\u00fcr eine vollst\u00e4ndige Installation. Produkttyp O-Ring \/ Dichtungsring Volvo Penta OEM \/ Referenznummer 925256 Kompatibilit\u00e4t Geeignet f\u00fcr Volvo Penta Segelantriebe und Getriebe: [&hellip;]<\/p>\n","protected":false},"featured_media":46827,"comment_status":"open","ping_status":"closed","template":"","meta":[],"product_brand":[4230],"product_cat":[4488,2498,3037,3038,3972,4308],"product_tag":[],"class_list":{"0":"post-46825","1":"product","2":"type-product","3":"status-publish","4":"has-post-thumbnail","6":"product_brand-volvo-penta","7":"product_cat-brauchen-sie-volvo-penta-teile","8":"product_cat-ersatzteile-fur-motoren","9":"product_cat-kits-fur-wartung-und-reparatur","10":"product_cat-motor-dichtungen","11":"product_cat-saildrive-reparatur-kits","12":"product_cat-volvo-penta","13":"pa_condition-neu","14":"pa_model-120s","15":"pa_model-130s","16":"pa_model-150s","17":"pa_model-ms2b","18":"pa_model-ms3","19":"pa_model-ms4","20":"pa_oem-or-aftermarket-aftermarket","22":"first","23":"instock","24":"taxable","25":"shipping-taxable","26":"purchasable","27":"product-type-simple"},"supplier_id":null,"supplier_sku":"","barcode":null,"atum_controlled":true,"out_stock_date":null,"out_stock_threshold":null,"inheritable":false,"inbound_stock":0,"stock_on_hold":0,"sold_today":0,"sales_last_days":0,"reserved_stock":0,"customer_returns":0,"warehouse_damage":0,"lost_in_post":0,"other_logs":0,"out_stock_days":0,"lost_sales":0,"has_location":false,"update_date":"2026-03-05T15:27:58","atum_locations":[],"atum_stock_status":"instock","restock_status":false,"low_stock_amount":0,"sales_update_date":"2026-03-05T15:27:58","calc_backorders":null,"_links":{"self":[{"href":"https:\/\/mps.digital-monkey.in\/de\/wp-json\/wp\/v2\/product\/46825","targetHints":{"allow":["GET"]}}],"collection":[{"href":"https:\/\/mps.digital-monkey.in\/de\/wp-json\/wp\/v2\/product"}],"about":[{"href":"https:\/\/mps.digital-monkey.in\/de\/wp-json\/wp\/v2\/types\/product"}],"replies":[{"embeddable":true,"href":"https:\/\/mps.digital-monkey.in\/de\/wp-json\/wp\/v2\/comments?post=46825"}],"wp:featuredmedia":[{"embeddable":true,"href":"https:\/\/mps.digital-monkey.in\/de\/wp-json\/wp\/v2\/media\/46827"}],"wp:attachment":[{"href":"https:\/\/mps.digital-monkey.in\/de\/wp-json\/wp\/v2\/media?parent=46825"}],"wp:term":[{"taxonomy":"product_brand","embeddable":true,"href":"https:\/\/mps.digital-monkey.in\/de\/wp-json\/wp\/v2\/product_brand?post=46825"},{"taxonomy":"product_cat","embeddable":true,"href":"https:\/\/mps.digital-monkey.in\/de\/wp-json\/wp\/v2\/product_cat?post=46825"},{"taxonomy":"product_tag","embeddable":true,"href":"https:\/\/mps.digital-monkey.in\/de\/wp-json\/wp\/v2\/product_tag?post=46825"}],"curies":[{"name":"wp","href":"https:\/\/api.w.org\/{rel}","templated":true}]}}