{"id":46866,"date":"2026-01-30T13:18:30","date_gmt":"2026-01-30T13:18:30","guid":{"rendered":"https:\/\/mps.digital-monkey.in\/product\/volvo-penta-waermetauscher-dichtungssatz-md40a-tmd40a-aqd40a\/"},"modified":"2026-01-30T13:18:30","modified_gmt":"2026-01-30T13:18:30","slug":"volvo-penta-waermetauscher-dichtungssatz-md40a-tmd40a-aqd40a","status":"publish","type":"product","link":"https:\/\/mps.digital-monkey.in\/de\/produkt\/volvo-penta-waermetauscher-dichtungssatz-md40a-tmd40a-aqd40a\/","title":{"rendered":"Volvo Penta W\u00e4rmetauscher-Dichtungssatz | MD40A \/ TMD40A \/ AQD40A"},"content":{"rendered":"<p data-start=\"418\" data-end=\"734\"><strong data-start=\"422\" data-end=\"463\">Volvo Penta W\u00e4rmetauscher-Dichtungssatz<\/strong><\/p>\n<h2 data-start=\"984\" data-end=\"1001\">Produkttyp<\/h2>\n<p data-start=\"1002\" data-end=\"1027\">Dichtungssatz f\u00fcr W\u00e4rmetauscher<\/p>\n<h2 data-start=\"1034\" data-end=\"1050\">Anwendung<\/h2>\n<ul data-start=\"1051\" data-end=\"1154\">\n<li data-start=\"1051\" data-end=\"1078\">\n<p data-start=\"1053\" data-end=\"1078\">\u00dcberholung des W\u00e4rmetauschers<\/p>\n<\/li>\n<li data-start=\"1079\" data-end=\"1109\">\n<p data-start=\"1081\" data-end=\"1109\">Wartung des K\u00fchlsystems<\/p>\n<\/li>\n<li data-start=\"1110\" data-end=\"1154\">\n<p data-start=\"1112\" data-end=\"1154\">Pr\u00e4vention von K\u00fchlmittel- und Seewasserlecks<\/p>\n<\/li>\n<\/ul>\n<h2 data-start=\"1161\" data-end=\"1179\">Kompatibilit\u00e4t<\/h2>\n<p data-start=\"1181\" data-end=\"1246\"><strong data-start=\"1181\" data-end=\"1244\">Geeignet f\u00fcr <span class=\"hover:entity-accent entity-underline inline cursor-pointer align-baseline\"><span class=\"whitespace-normal\">Volvo Penta<\/span><\/span> Motoren:<\/strong><\/p>\n<ul data-start=\"1247\" data-end=\"1288\">\n<li data-start=\"1247\" data-end=\"1260\">\n<p data-start=\"1249\" data-end=\"1260\"><strong data-start=\"1249\" data-end=\"1258\">MD40A<\/strong><\/p>\n<\/li>\n<li data-start=\"1261\" data-end=\"1275\">\n<p data-start=\"1263\" data-end=\"1275\"><strong data-start=\"1263\" data-end=\"1273\">TMD40A<\/strong><\/p>\n<\/li>\n<li data-start=\"1276\" data-end=\"1288\">\n<p data-start=\"1278\" data-end=\"1288\"><strong data-start=\"1278\" data-end=\"1288\">AQD40A<\/strong><\/p>\n<\/li>\n<\/ul>\n","protected":false},"excerpt":{"rendered":"<p>Volvo Penta W\u00e4rmetauscher-Dichtungssatz Produkttyp Dichtungssatz f\u00fcr W\u00e4rmetauscher Anwendung \u00dcberholung des W\u00e4rmetauschers Wartung des K\u00fchlsystems Pr\u00e4vention von K\u00fchlmittel- und Seewasserlecks Kompatibilit\u00e4t Geeignet f\u00fcr Volvo Penta Motoren: MD40A TMD40A AQD40A<\/p>\n","protected":false},"featured_media":46867,"comment_status":"open","ping_status":"closed","template":"","meta":[],"product_brand":[4230],"product_cat":[4488,2498,3037,3038,4308,4309],"product_tag":[],"class_list":{"0":"post-46866","1":"product","2":"type-product","3":"status-publish","4":"has-post-thumbnail","6":"product_brand-volvo-penta","7":"product_cat-brauchen-sie-volvo-penta-teile","8":"product_cat-ersatzteile-fur-motoren","9":"product_cat-kits-fur-wartung-und-reparatur","10":"product_cat-motor-dichtungen","11":"product_cat-volvo-penta","12":"product_cat-volvo-penta-md-serie","13":"pa_condition-neu","14":"pa_model-aqd40","15":"pa_model-md40","16":"pa_model-tmd40","17":"pa_oem-or-aftermarket-aftermarket","19":"first","20":"instock","21":"taxable","22":"shipping-taxable","23":"purchasable","24":"product-type-simple"},"supplier_id":7294,"supplier_sku":"REC22106","barcode":null,"atum_controlled":true,"out_stock_date":null,"out_stock_threshold":null,"inheritable":false,"inbound_stock":null,"stock_on_hold":0,"sold_today":0,"sales_last_days":1,"reserved_stock":null,"customer_returns":null,"warehouse_damage":null,"lost_in_post":null,"other_logs":null,"out_stock_days":0,"lost_sales":0,"has_location":false,"update_date":"2026-03-13T12:31:44","atum_locations":[],"atum_stock_status":"instock","restock_status":false,"low_stock_amount":0,"sales_update_date":"2026-02-19T12:36:01","calc_backorders":0,"_links":{"self":[{"href":"https:\/\/mps.digital-monkey.in\/de\/wp-json\/wp\/v2\/product\/46866","targetHints":{"allow":["GET"]}}],"collection":[{"href":"https:\/\/mps.digital-monkey.in\/de\/wp-json\/wp\/v2\/product"}],"about":[{"href":"https:\/\/mps.digital-monkey.in\/de\/wp-json\/wp\/v2\/types\/product"}],"replies":[{"embeddable":true,"href":"https:\/\/mps.digital-monkey.in\/de\/wp-json\/wp\/v2\/comments?post=46866"}],"wp:featuredmedia":[{"embeddable":true,"href":"https:\/\/mps.digital-monkey.in\/de\/wp-json\/wp\/v2\/media\/46867"}],"wp:attachment":[{"href":"https:\/\/mps.digital-monkey.in\/de\/wp-json\/wp\/v2\/media?parent=46866"}],"wp:term":[{"taxonomy":"product_brand","embeddable":true,"href":"https:\/\/mps.digital-monkey.in\/de\/wp-json\/wp\/v2\/product_brand?post=46866"},{"taxonomy":"product_cat","embeddable":true,"href":"https:\/\/mps.digital-monkey.in\/de\/wp-json\/wp\/v2\/product_cat?post=46866"},{"taxonomy":"product_tag","embeddable":true,"href":"https:\/\/mps.digital-monkey.in\/de\/wp-json\/wp\/v2\/product_tag?post=46866"}],"curies":[{"name":"wp","href":"https:\/\/api.w.org\/{rel}","templated":true}]}}