{"id":46938,"date":"2026-02-03T07:58:53","date_gmt":"2026-02-03T07:58:53","guid":{"rendered":"https:\/\/mps.digital-monkey.in\/product\/volvo-penta-zylinderlaufbuchsen-dichtungssatz-md11-md17-875550\/"},"modified":"2026-02-03T07:58:53","modified_gmt":"2026-02-03T07:58:53","slug":"volvo-penta-zylinderlaufbuchsen-dichtungssatz-md11-md17-875550","status":"publish","type":"product","link":"https:\/\/mps.digital-monkey.in\/de\/produkt\/volvo-penta-zylinderlaufbuchsen-dichtungssatz-md11-md17-875550\/","title":{"rendered":"Volvo Penta Zylinderlaufbuchsen-Dichtungssatz | MD11 \/ MD17 | 875550"},"content":{"rendered":"<p data-start=\"369\" data-end=\"519\">Zylinderlaufbuchsen-Dichtungssatz f\u00fcr <strong data-start=\"399\" data-end=\"440\"><span class=\"hover:entity-accent entity-underline inline cursor-pointer align-baseline\"><span class=\"whitespace-normal\">Volvo Penta<\/span><\/span><\/strong> Schiffsdieselmotoren.<br data-start=\"463\" data-end=\"466\">Direkter Ersatz f\u00fcr das Originalteil von Volvo Penta.<\/p>\n<h2 data-start=\"526\" data-end=\"543\">Produkttyp<\/h2>\n<p data-start=\"544\" data-end=\"569\">Dichtungssatz f\u00fcr die Zylinderlaufbuchse<\/p>\n<h2 data-start=\"576\" data-end=\"615\">Volvo Penta OEM \/ Referenznummer<\/h2>\n<ul data-start=\"616\" data-end=\"628\">\n<li data-start=\"616\" data-end=\"628\">\n<p data-start=\"618\" data-end=\"628\">875550<\/p>\n<\/li>\n<\/ul>\n<h2 data-start=\"635\" data-end=\"653\">Kompatibilit\u00e4t<\/h2>\n<p data-start=\"654\" data-end=\"689\">Geeignet f\u00fcr Volvo Penta Motoren:<\/p>\n<ul data-start=\"690\" data-end=\"713\">\n<li data-start=\"690\" data-end=\"702\">\n<p data-start=\"692\" data-end=\"702\">MD11<\/p>\n<\/li>\n<li data-start=\"703\" data-end=\"713\">\n<p data-start=\"705\" data-end=\"713\">MD17<\/p>\n<\/li>\n<\/ul>\n<h2 data-start=\"80\" data-end=\"102\">Erforderliche Menge<\/h2>\n<p data-start=\"104\" data-end=\"160\">F\u00fcr <strong data-start=\"108\" data-end=\"158\"><span class=\"hover:entity-accent entity-underline inline cursor-pointer align-baseline\"><span class=\"whitespace-normal\">Volvo Penta<\/span><\/span> Motoren:<\/strong><\/p>\n<ul data-start=\"161\" data-end=\"248\">\n<li data-start=\"161\" data-end=\"205\">\n<p data-start=\"163\" data-end=\"205\">MD11C \/ MD11D: 2 St\u00fcck erforderlich<\/p>\n<\/li>\n<li data-start=\"206\" data-end=\"248\">\n<p data-start=\"208\" data-end=\"248\">MD17C \/ MD17D: 3 St\u00fcck erforderlich<\/p>\n<\/li>\n<\/ul>\n","protected":false},"excerpt":{"rendered":"<p>Zylinderlaufbuchsen-Dichtungssatz f\u00fcr Volvo Penta Schiffsdieselmotoren.Direkter Ersatz f\u00fcr das Originalteil von Volvo Penta. Produkttyp Dichtungssatz f\u00fcr die Zylinderlaufbuchse Volvo Penta OEM \/ Referenznummer 875550 Kompatibilit\u00e4t Geeignet f\u00fcr Volvo Penta Motoren: MD11 MD17 Erforderliche Menge F\u00fcr Volvo Penta Motoren: MD11C \/ MD11D: 2 St\u00fcck erforderlich MD17C \/ MD17D: 3 St\u00fcck erforderlich<\/p>\n","protected":false},"featured_media":46939,"comment_status":"open","ping_status":"closed","template":"","meta":[],"product_brand":[4230],"product_cat":[4488,2498,3037,3038,4308,4309,4366,4369],"product_tag":[],"class_list":{"0":"post-46938","1":"product","2":"type-product","3":"status-publish","4":"has-post-thumbnail","6":"product_brand-volvo-penta","7":"product_cat-brauchen-sie-volvo-penta-teile","8":"product_cat-ersatzteile-fur-motoren","9":"product_cat-kits-fur-wartung-und-reparatur","10":"product_cat-motor-dichtungen","11":"product_cat-volvo-penta","12":"product_cat-volvo-penta-md-serie","13":"product_cat-volvo-penta-md11","14":"product_cat-volvo-penta-md17","15":"pa_condition-neu","16":"pa_model-md11","17":"pa_model-md11c","18":"pa_model-md11d","19":"pa_model-md17","20":"pa_model-md17c","21":"pa_model-md17d","22":"pa_oem-or-aftermarket-aftermarket","24":"first","25":"instock","26":"taxable","27":"shipping-taxable","28":"purchasable","29":"product-type-simple"},"supplier_id":7294,"supplier_sku":"REC875550","barcode":null,"atum_controlled":true,"out_stock_date":null,"out_stock_threshold":null,"inheritable":false,"inbound_stock":0,"stock_on_hold":0,"sold_today":0,"sales_last_days":0,"reserved_stock":0,"customer_returns":0,"warehouse_damage":0,"lost_in_post":0,"other_logs":0,"out_stock_days":0,"lost_sales":0,"has_location":false,"update_date":"2026-03-10T15:00:30","atum_locations":[],"atum_stock_status":"instock","restock_status":false,"low_stock_amount":"","sales_update_date":"2026-03-10T15:00:30","calc_backorders":null,"_links":{"self":[{"href":"https:\/\/mps.digital-monkey.in\/de\/wp-json\/wp\/v2\/product\/46938","targetHints":{"allow":["GET"]}}],"collection":[{"href":"https:\/\/mps.digital-monkey.in\/de\/wp-json\/wp\/v2\/product"}],"about":[{"href":"https:\/\/mps.digital-monkey.in\/de\/wp-json\/wp\/v2\/types\/product"}],"replies":[{"embeddable":true,"href":"https:\/\/mps.digital-monkey.in\/de\/wp-json\/wp\/v2\/comments?post=46938"}],"wp:featuredmedia":[{"embeddable":true,"href":"https:\/\/mps.digital-monkey.in\/de\/wp-json\/wp\/v2\/media\/46939"}],"wp:attachment":[{"href":"https:\/\/mps.digital-monkey.in\/de\/wp-json\/wp\/v2\/media?parent=46938"}],"wp:term":[{"taxonomy":"product_brand","embeddable":true,"href":"https:\/\/mps.digital-monkey.in\/de\/wp-json\/wp\/v2\/product_brand?post=46938"},{"taxonomy":"product_cat","embeddable":true,"href":"https:\/\/mps.digital-monkey.in\/de\/wp-json\/wp\/v2\/product_cat?post=46938"},{"taxonomy":"product_tag","embeddable":true,"href":"https:\/\/mps.digital-monkey.in\/de\/wp-json\/wp\/v2\/product_tag?post=46938"}],"curies":[{"name":"wp","href":"https:\/\/api.w.org\/{rel}","templated":true}]}}