{"id":46965,"date":"2026-02-04T12:41:24","date_gmt":"2026-02-04T12:41:24","guid":{"rendered":"https:\/\/mps.digital-monkey.in\/product\/volvo-penta-zylinderkopfdichtungssatz-md5a-md5b-md5c-875561-876341\/"},"modified":"2026-02-04T12:41:24","modified_gmt":"2026-02-04T12:41:24","slug":"volvo-penta-zylinderkopfdichtungssatz-md5a-md5b-md5c-875561-876341","status":"publish","type":"product","link":"https:\/\/mps.digital-monkey.in\/de\/produkt\/volvo-penta-zylinderkopfdichtungssatz-md5a-md5b-md5c-875561-876341\/","title":{"rendered":"Volvo Penta Zylinderkopfdichtungssatz | MD5A \/ MD5B \/ MD5C | 875561 \/ 876341"},"content":{"rendered":"<p data-start=\"451\" data-end=\"606\">Kompletter Zylinderkopfdichtungssatz f\u00fcr <strong data-start=\"489\" data-end=\"530\"><span class=\"hover:entity-accent entity-underline inline cursor-pointer align-baseline\"><span class=\"whitespace-normal\">Volvo Penta<\/span><\/span><\/strong> Schiffsdieselmotoren.<br data-start=\"553\" data-end=\"556\">Direkter Ersatz f\u00fcr Originalteile von Volvo Penta.<\/p>\n<h2 data-start=\"613\" data-end=\"630\">Produkttyp<\/h2>\n<p data-start=\"631\" data-end=\"664\">Kompletter Zylinderkopfdichtungssatz<\/p>\n<h2 data-start=\"671\" data-end=\"711\">Volvo Penta OEM \/ Referenz-Nummern<\/h2>\n<ul data-start=\"712\" data-end=\"739\">\n<li data-start=\"712\" data-end=\"726\">\n<p data-start=\"714\" data-end=\"726\">875561<\/p>\n<\/li>\n<li data-start=\"727\" data-end=\"739\">\n<p data-start=\"729\" data-end=\"739\">876341<\/p>\n<\/li>\n<\/ul>\n<h3 data-start=\"741\" data-end=\"778\">Inklusive Kopfdichtung Referenzen<\/h3>\n<ul data-start=\"779\" data-end=\"806\">\n<li data-start=\"779\" data-end=\"793\">\n<p data-start=\"781\" data-end=\"793\">838127<\/p>\n<\/li>\n<li data-start=\"794\" data-end=\"806\">\n<p data-start=\"796\" data-end=\"806\">859134<\/p>\n<\/li>\n<\/ul>\n<h2 data-start=\"813\" data-end=\"830\">Inhalt des Sets<\/h2>\n<ul data-start=\"831\" data-end=\"1032\">\n<li data-start=\"831\" data-end=\"855\">\n<p data-start=\"833\" data-end=\"855\">Zylinderkopfdichtung<\/p>\n<\/li>\n<li data-start=\"856\" data-end=\"878\">\n<p data-start=\"858\" data-end=\"878\">Ventildeckeldichtung<\/p>\n<\/li>\n<li data-start=\"879\" data-end=\"899\">\n<p data-start=\"881\" data-end=\"899\">Ventilschaftdichtungen<\/p>\n<\/li>\n<li data-start=\"900\" data-end=\"927\">\n<p data-start=\"902\" data-end=\"927\">Dichtung Auspuffkr\u00fcmmer<\/p>\n<\/li>\n<li data-start=\"928\" data-end=\"952\">\n<p data-start=\"930\" data-end=\"952\">Auspuffkr\u00fcmmer Dichtung<\/p>\n<\/li>\n<li data-start=\"953\" data-end=\"979\">\n<p data-start=\"955\" data-end=\"979\">Ansaugkr\u00fcmmer Dichtung<\/p>\n<\/li>\n<li data-start=\"980\" data-end=\"1009\">\n<p data-start=\"982\" data-end=\"1009\">Dichtung Thermostatgeh\u00e4use<\/p>\n<\/li>\n<li data-start=\"1010\" data-end=\"1032\">\n<p data-start=\"1012\" data-end=\"1032\">Verschiedene Gummidichtungen<\/p>\n<\/li>\n<\/ul>\n<h2 data-start=\"1039\" data-end=\"1057\">Kompatibilit\u00e4t<\/h2>\n<p data-start=\"1058\" data-end=\"1093\">Geeignet f\u00fcr Volvo Penta Motoren:<\/p>\n<ul data-start=\"1094\" data-end=\"1130\">\n<li data-start=\"1094\" data-end=\"1106\">\n<p data-start=\"1096\" data-end=\"1106\">MD5A<\/p>\n<\/li>\n<li data-start=\"1107\" data-end=\"1119\">\n<p data-start=\"1109\" data-end=\"1119\">MD5B<\/p>\n<\/li>\n<li data-start=\"1120\" data-end=\"1130\">\n<p data-start=\"1122\" data-end=\"1130\">MD5C<\/p>\n<\/li>\n<\/ul>\n","protected":false},"excerpt":{"rendered":"<p>Kompletter Zylinderkopfdichtungssatz f\u00fcr Volvo Penta Schiffsdieselmotoren.Direkter Ersatz f\u00fcr Originalteile von Volvo Penta. Produkttyp Kompletter Zylinderkopfdichtungssatz Volvo Penta OEM \/ Referenz-Nummern 875561 876341 Inklusive Kopfdichtung Referenzen 838127 859134 Inhalt des Sets Zylinderkopfdichtung Ventildeckeldichtung Ventilschaftdichtungen Dichtung Auspuffkr\u00fcmmer Auspuffkr\u00fcmmer Dichtung Ansaugkr\u00fcmmer Dichtung Dichtung Thermostatgeh\u00e4use Verschiedene Gummidichtungen Kompatibilit\u00e4t Geeignet f\u00fcr Volvo Penta Motoren: MD5A MD5B MD5C<\/p>\n","protected":false},"featured_media":46966,"comment_status":"open","ping_status":"closed","template":"","meta":[],"product_brand":[4230],"product_cat":[2498,3037,3038,4309,4357],"product_tag":[],"class_list":{"0":"post-46965","1":"product","2":"type-product","3":"status-publish","4":"has-post-thumbnail","6":"product_brand-volvo-penta","7":"product_cat-ersatzteile-fur-motoren","8":"product_cat-kits-fur-wartung-und-reparatur","9":"product_cat-motor-dichtungen","10":"product_cat-volvo-penta-md-serie","11":"product_cat-volvo-penta-md5","12":"pa_condition-neu","13":"pa_model-md5","14":"pa_oem-or-aftermarket-aftermarket","16":"first","17":"onbackorder","18":"taxable","19":"shipping-taxable","20":"purchasable","21":"product-type-simple"},"supplier_id":7294,"supplier_sku":"REC876341","barcode":null,"atum_controlled":true,"out_stock_date":"2026-02-04 12:41:30","out_stock_threshold":null,"inheritable":false,"inbound_stock":0,"stock_on_hold":0,"sold_today":0,"sales_last_days":0,"reserved_stock":0,"customer_returns":0,"warehouse_damage":0,"lost_in_post":0,"other_logs":0,"out_stock_days":43,"lost_sales":0,"has_location":false,"update_date":"2026-03-20T11:17:07","atum_locations":[],"atum_stock_status":"onbackorder","restock_status":false,"low_stock_amount":0,"sales_update_date":"2026-03-20T11:17:07","calc_backorders":null,"_links":{"self":[{"href":"https:\/\/mps.digital-monkey.in\/de\/wp-json\/wp\/v2\/product\/46965","targetHints":{"allow":["GET"]}}],"collection":[{"href":"https:\/\/mps.digital-monkey.in\/de\/wp-json\/wp\/v2\/product"}],"about":[{"href":"https:\/\/mps.digital-monkey.in\/de\/wp-json\/wp\/v2\/types\/product"}],"replies":[{"embeddable":true,"href":"https:\/\/mps.digital-monkey.in\/de\/wp-json\/wp\/v2\/comments?post=46965"}],"wp:featuredmedia":[{"embeddable":true,"href":"https:\/\/mps.digital-monkey.in\/de\/wp-json\/wp\/v2\/media\/46966"}],"wp:attachment":[{"href":"https:\/\/mps.digital-monkey.in\/de\/wp-json\/wp\/v2\/media?parent=46965"}],"wp:term":[{"taxonomy":"product_brand","embeddable":true,"href":"https:\/\/mps.digital-monkey.in\/de\/wp-json\/wp\/v2\/product_brand?post=46965"},{"taxonomy":"product_cat","embeddable":true,"href":"https:\/\/mps.digital-monkey.in\/de\/wp-json\/wp\/v2\/product_cat?post=46965"},{"taxonomy":"product_tag","embeddable":true,"href":"https:\/\/mps.digital-monkey.in\/de\/wp-json\/wp\/v2\/product_tag?post=46965"}],"curies":[{"name":"wp","href":"https:\/\/api.w.org\/{rel}","templated":true}]}}