{"id":47051,"date":"2026-02-16T14:28:48","date_gmt":"2026-02-16T14:28:48","guid":{"rendered":"https:\/\/mps.digital-monkey.in\/product\/ventildeckel-fuer-bukh-dv20\/"},"modified":"2026-02-16T14:28:48","modified_gmt":"2026-02-16T14:28:48","slug":"ventildeckel-fuer-bukh-dv20","status":"publish","type":"product","link":"https:\/\/mps.digital-monkey.in\/de\/produkt\/ventildeckel-fuer-bukh-dv20\/","title":{"rendered":"Ventildeckel f\u00fcr Bukh DV20"},"content":{"rendered":"<p data-start=\"482\" data-end=\"637\">Dieser <strong data-start=\"487\" data-end=\"502\">Ventildeckel<\/strong> ist f\u00fcr den Bukh DV20 Schiffsdieselmotor geeignet. Er ist ein Originalteil und ideal als Ersatz f\u00fcr einen besch\u00e4digten oder korrodierten Deckel. <\/p>\n<p data-start=\"639\" data-end=\"741\">Das Teil ist <strong data-start=\"651\" data-end=\"659\">gebraucht<\/strong>, aber in gutem, funktionsf\u00e4higem Zustand. Sorgf\u00e4ltig inspiziert und einbaufertig. <\/p>\n<h3 data-start=\"743\" data-end=\"777\">Warum sollten Sie diesen Ventildeckel w\u00e4hlen?<\/h3>\n<ul data-start=\"778\" data-end=\"904\">\n<li data-start=\"778\" data-end=\"805\">\n<p data-start=\"780\" data-end=\"805\">Original Bukh Komponente<\/p>\n<\/li>\n<li data-start=\"806\" data-end=\"835\">\n<p data-start=\"808\" data-end=\"835\">Gepr\u00fcft und einsatzbereit<\/p>\n<\/li>\n<li data-start=\"836\" data-end=\"875\">\n<p data-start=\"838\" data-end=\"875\">Kosteng\u00fcnstige Ersatzl\u00f6sung<\/p>\n<\/li>\n<li data-start=\"876\" data-end=\"904\">\n<p data-start=\"878\" data-end=\"904\">Schnelle Lieferung ab Lager<\/p>\n<\/li>\n<\/ul>\n<h3 data-start=\"906\" data-end=\"929\">Kompatibler Motor<\/h3>\n<ul data-start=\"930\" data-end=\"943\">\n<li data-start=\"930\" data-end=\"943\">\n<p data-start=\"932\" data-end=\"943\">Bukh DV20<\/p>\n<\/li>\n<\/ul>\n<p data-start=\"945\" data-end=\"1028\">Fragen zum Zustand oder zur Passform?  <strong data-start=\"983\" data-end=\"1028\">Unsere Marinespezialisten helfen Ihnen gerne weiter.<\/strong><\/p>\n","protected":false},"excerpt":{"rendered":"<p>Dieser Ventildeckel ist f\u00fcr den Bukh DV20 Schiffsdieselmotor geeignet. Er ist ein Originalteil und ideal als Ersatz f\u00fcr einen besch\u00e4digten oder korrodierten Deckel. Das Teil ist gebraucht, aber in gutem, funktionsf\u00e4higem Zustand. Sorgf\u00e4ltig inspiziert und einbaufertig. Warum sollten Sie diesen Ventildeckel w\u00e4hlen? Original Bukh Komponente Gepr\u00fcft und einsatzbereit Kosteng\u00fcnstige Ersatzl\u00f6sung Schnelle Lieferung ab Lager Kompatibler [&hellip;]<\/p>\n","protected":false},"featured_media":47054,"comment_status":"open","ping_status":"closed","template":"","meta":[],"product_brand":[4456],"product_cat":[2796,2532,3585],"product_tag":[],"class_list":{"0":"post-47051","1":"product","2":"type-product","3":"status-publish","4":"has-post-thumbnail","6":"product_brand-bukh","7":"product_cat-motorblock","8":"product_cat-motorenteile","9":"product_cat-ventilabdeckungen-olwannen","10":"pa_condition-gebraucht","11":"pa_model-dv20","12":"pa_oem-or-aftermarket-oem","14":"first","15":"instock","16":"taxable","17":"shipping-taxable","18":"purchasable","19":"product-type-simple"},"supplier_id":null,"supplier_sku":"","barcode":null,"atum_controlled":true,"out_stock_date":null,"out_stock_threshold":null,"inheritable":false,"inbound_stock":0,"stock_on_hold":0,"sold_today":0,"sales_last_days":0,"reserved_stock":0,"customer_returns":0,"warehouse_damage":0,"lost_in_post":0,"other_logs":0,"out_stock_days":0,"lost_sales":0,"has_location":false,"update_date":"2026-03-05T15:27:58","atum_locations":[],"atum_stock_status":"instock","restock_status":false,"low_stock_amount":0,"sales_update_date":"2026-03-05T15:27:58","calc_backorders":null,"_links":{"self":[{"href":"https:\/\/mps.digital-monkey.in\/de\/wp-json\/wp\/v2\/product\/47051","targetHints":{"allow":["GET"]}}],"collection":[{"href":"https:\/\/mps.digital-monkey.in\/de\/wp-json\/wp\/v2\/product"}],"about":[{"href":"https:\/\/mps.digital-monkey.in\/de\/wp-json\/wp\/v2\/types\/product"}],"replies":[{"embeddable":true,"href":"https:\/\/mps.digital-monkey.in\/de\/wp-json\/wp\/v2\/comments?post=47051"}],"wp:featuredmedia":[{"embeddable":true,"href":"https:\/\/mps.digital-monkey.in\/de\/wp-json\/wp\/v2\/media\/47054"}],"wp:attachment":[{"href":"https:\/\/mps.digital-monkey.in\/de\/wp-json\/wp\/v2\/media?parent=47051"}],"wp:term":[{"taxonomy":"product_brand","embeddable":true,"href":"https:\/\/mps.digital-monkey.in\/de\/wp-json\/wp\/v2\/product_brand?post=47051"},{"taxonomy":"product_cat","embeddable":true,"href":"https:\/\/mps.digital-monkey.in\/de\/wp-json\/wp\/v2\/product_cat?post=47051"},{"taxonomy":"product_tag","embeddable":true,"href":"https:\/\/mps.digital-monkey.in\/de\/wp-json\/wp\/v2\/product_tag?post=47051"}],"curies":[{"name":"wp","href":"https:\/\/api.w.org\/{rel}","templated":true}]}}