{"id":47059,"date":"2026-02-16T14:43:59","date_gmt":"2026-02-16T14:43:59","guid":{"rendered":"https:\/\/mps.digital-monkey.in\/product\/daempferplatte-flexible-kupplung-fuer-volvo-penta-d2-serie-3889314-3812226\/"},"modified":"2026-02-16T14:43:59","modified_gmt":"2026-02-16T14:43:59","slug":"daempferplatte-flexible-kupplung-fuer-volvo-penta-d2-serie-3889314-3812226","status":"publish","type":"product","link":"https:\/\/mps.digital-monkey.in\/de\/product\/daempferplatte-flexible-kupplung-fuer-volvo-penta-d2-serie-3889314-3812226\/","title":{"rendered":"D\u00e4mpferplatte \/ Flexible Kupplung f\u00fcr Volvo Penta D2 Serie &#8211; 3889314 \/ 3812226"},"content":{"rendered":"<p data-start=\"568\" data-end=\"733\">Diese <strong data-start=\"573\" data-end=\"609\">D\u00e4mpferplatte (flexible Kupplung)<\/strong> ist f\u00fcr verschiedene Schiffsmotoren der Serie D2 von Volvo Penta geeignet. Sie ersetzt die <strong data-start=\"684\" data-end=\"732\">Volvo Penta Teilenummern 3889314 und 3812226<\/strong>. <\/p>\n<p data-start=\"735\" data-end=\"918\">Das Teil ist <strong data-start=\"747\" data-end=\"782\">gebraucht und in sehr gutem Zustand<\/strong>. Die Gummielemente zeigen keine Abnutzung und sehen fast neu aus. Sie sorgen f\u00fcr eine zuverl\u00e4ssige D\u00e4mpfung von Drehschwingungen zwischen Motor und Getriebe. <\/p>\n<p data-start=\"920\" data-end=\"992\">Eine kosteng\u00fcnstige Alternative zu einem neuen Modell, ohne Kompromisse bei der Funktionalit\u00e4t.<\/p>\n<h3 data-start=\"994\" data-end=\"1029\">Warum diese D\u00e4mpfungsplatte w\u00e4hlen?<\/h3>\n<ul data-start=\"1030\" data-end=\"1187\">\n<li data-start=\"1030\" data-end=\"1064\">\n<p data-start=\"1032\" data-end=\"1064\">Original Volvo Penta Bauteil<\/p>\n<\/li>\n<li data-start=\"1065\" data-end=\"1088\">\n<p data-start=\"1067\" data-end=\"1088\">Sehr guter Zustand<\/p>\n<\/li>\n<li data-start=\"1089\" data-end=\"1127\">\n<p data-start=\"1091\" data-end=\"1127\">Gummielemente in ausgezeichnetem Zustand<\/p>\n<\/li>\n<li data-start=\"1128\" data-end=\"1158\">\n<p data-start=\"1130\" data-end=\"1158\">Zuverl\u00e4ssige Vibrationsd\u00e4mpfung<\/p>\n<\/li>\n<li data-start=\"1159\" data-end=\"1187\">\n<p data-start=\"1161\" data-end=\"1187\">Schnelle Lieferung ab Lager<\/p>\n<\/li>\n<\/ul>\n<h3 data-start=\"1189\" data-end=\"1225\">Kompatible Volvo Penta-Motoren<\/h3>\n<ul data-start=\"1226\" data-end=\"1355\">\n<li data-start=\"1226\" data-end=\"1236\">\n<p data-start=\"1228\" data-end=\"1236\">D2-50F<\/p>\n<\/li>\n<li data-start=\"1237\" data-end=\"1246\">\n<p data-start=\"1239\" data-end=\"1246\">D2-55<\/p>\n<\/li>\n<li data-start=\"1247\" data-end=\"1257\">\n<p data-start=\"1249\" data-end=\"1257\">D2-55B<\/p>\n<\/li>\n<li data-start=\"1258\" data-end=\"1268\">\n<p data-start=\"1260\" data-end=\"1268\">D2-55C<\/p>\n<\/li>\n<li data-start=\"1269\" data-end=\"1279\">\n<p data-start=\"1271\" data-end=\"1279\">D2-55D<\/p>\n<\/li>\n<li data-start=\"1280\" data-end=\"1290\">\n<p data-start=\"1282\" data-end=\"1290\">D2-55E<\/p>\n<\/li>\n<li data-start=\"1291\" data-end=\"1301\">\n<p data-start=\"1293\" data-end=\"1301\">D2-55F<\/p>\n<\/li>\n<li data-start=\"1302\" data-end=\"1312\">\n<p data-start=\"1304\" data-end=\"1312\">D2-60F<\/p>\n<\/li>\n<li data-start=\"1313\" data-end=\"1322\">\n<p data-start=\"1315\" data-end=\"1322\">D2-75<\/p>\n<\/li>\n<li data-start=\"1323\" data-end=\"1333\">\n<p data-start=\"1325\" data-end=\"1333\">D2-75B<\/p>\n<\/li>\n<li data-start=\"1334\" data-end=\"1344\">\n<p data-start=\"1336\" data-end=\"1344\">D2-75C<\/p>\n<\/li>\n<li data-start=\"1345\" data-end=\"1355\">\n<p data-start=\"1347\" data-end=\"1355\">D2-75F<\/p>\n<\/li>\n<\/ul>\n<p data-start=\"1357\" data-end=\"1446\">Fragen zur Kompatibilit\u00e4t oder zum Zustand?  <strong data-start=\"1401\" data-end=\"1446\">Unsere Marinespezialisten helfen Ihnen gerne weiter.<\/strong><\/p>\n","protected":false},"excerpt":{"rendered":"<p>Diese D\u00e4mpferplatte (flexible Kupplung) ist f\u00fcr verschiedene Schiffsmotoren der Serie D2 von Volvo Penta geeignet. Sie ersetzt die Volvo Penta Teilenummern 3889314 und 3812226. Das Teil ist gebraucht und in sehr gutem Zustand. Die Gummielemente zeigen keine Abnutzung und sehen fast neu aus. Sie sorgen f\u00fcr eine zuverl\u00e4ssige D\u00e4mpfung von Drehschwingungen zwischen Motor und Getriebe. [&hellip;]<\/p>\n","protected":false},"featured_media":47060,"comment_status":"open","ping_status":"closed","template":"","meta":[],"product_brand":[4230],"product_cat":[4496,4308,4335,4336,4331],"product_tag":[],"class_list":{"0":"post-47059","1":"product","2":"type-product","3":"status-publish","4":"has-post-thumbnail","6":"product_brand-volvo-penta","7":"product_cat-gebrauchte-volvo-penta-teile-kaufen","8":"product_cat-volvo-penta","9":"product_cat-volvo-penta-d2-55-teile","10":"product_cat-volvo-penta-d2-75-teile","11":"product_cat-volvo-penta-serie-d2","12":"pa_condition-gebraucht","13":"pa_model-d2-50","14":"pa_model-d2-55","15":"pa_model-d2-60","16":"pa_model-d2-75","17":"pa_oem-or-aftermarket-oem","19":"first","20":"outofstock","21":"taxable","22":"shipping-taxable","23":"purchasable","24":"product-type-simple"},"supplier_id":null,"supplier_sku":"","barcode":null,"atum_controlled":true,"out_stock_date":"2026-03-10 15:58:09","out_stock_threshold":null,"inheritable":false,"inbound_stock":0,"stock_on_hold":1,"sold_today":0,"sales_last_days":0,"reserved_stock":0,"customer_returns":0,"warehouse_damage":0,"lost_in_post":0,"other_logs":0,"out_stock_days":9,"lost_sales":0,"has_location":false,"update_date":"2026-03-20T11:16:33","atum_locations":[],"atum_stock_status":"outofstock","restock_status":false,"low_stock_amount":0,"sales_update_date":"2026-03-20T11:16:33","calc_backorders":null,"_links":{"self":[{"href":"https:\/\/mps.digital-monkey.in\/de\/wp-json\/wp\/v2\/product\/47059","targetHints":{"allow":["GET"]}}],"collection":[{"href":"https:\/\/mps.digital-monkey.in\/de\/wp-json\/wp\/v2\/product"}],"about":[{"href":"https:\/\/mps.digital-monkey.in\/de\/wp-json\/wp\/v2\/types\/product"}],"replies":[{"embeddable":true,"href":"https:\/\/mps.digital-monkey.in\/de\/wp-json\/wp\/v2\/comments?post=47059"}],"wp:featuredmedia":[{"embeddable":true,"href":"https:\/\/mps.digital-monkey.in\/de\/wp-json\/wp\/v2\/media\/47060"}],"wp:attachment":[{"href":"https:\/\/mps.digital-monkey.in\/de\/wp-json\/wp\/v2\/media?parent=47059"}],"wp:term":[{"taxonomy":"product_brand","embeddable":true,"href":"https:\/\/mps.digital-monkey.in\/de\/wp-json\/wp\/v2\/product_brand?post=47059"},{"taxonomy":"product_cat","embeddable":true,"href":"https:\/\/mps.digital-monkey.in\/de\/wp-json\/wp\/v2\/product_cat?post=47059"},{"taxonomy":"product_tag","embeddable":true,"href":"https:\/\/mps.digital-monkey.in\/de\/wp-json\/wp\/v2\/product_tag?post=47059"}],"curies":[{"name":"wp","href":"https:\/\/api.w.org\/{rel}","templated":true}]}}