{"id":47077,"date":"2026-02-05T08:51:34","date_gmt":"2026-02-05T08:51:34","guid":{"rendered":"https:\/\/mps.digital-monkey.in\/product\/impeller-pumpe-fuer-volvo-penta-md1-md2-md6-md7-md11-833883-858065\/"},"modified":"2026-02-05T08:51:34","modified_gmt":"2026-02-05T08:51:34","slug":"impeller-pumpe-fuer-volvo-penta-md1-md2-md6-md7-md11-833883-858065","status":"publish","type":"product","link":"https:\/\/mps.digital-monkey.in\/de\/produkt\/impeller-pumpe-fuer-volvo-penta-md1-md2-md6-md7-md11-833883-858065\/","title":{"rendered":"Impeller Pumpe f\u00fcr Volvo Penta MD1 \/ MD2 \/ MD6 \/ MD7 \/ MD11 833883 - 858065"},"content":{"rendered":"<p data-start=\"181\" data-end=\"345\">Diese Pumpe ersetzt die <strong data-start=\"200\" data-end=\"246\">Volvo Penta Teilenummern 833883 und 858065<\/strong>. Sie wird komplett mit einem <strong data-start=\"273\" data-end=\"299\">vorinstallierten Impeller<\/strong> geliefert und ist somit schnell und einfach zu installieren. <\/p>\n<h3 data-start=\"347\" data-end=\"374\">Warum diese Pumpe w\u00e4hlen?<\/h3>\n<ul data-start=\"375\" data-end=\"530\">\n<li data-start=\"375\" data-end=\"399\">\n<p data-start=\"377\" data-end=\"399\">Marine-Qualit\u00e4t<\/p>\n<\/li>\n<li data-start=\"400\" data-end=\"429\">\n<p data-start=\"402\" data-end=\"429\">Wird einbaufertig geliefert<\/p>\n<\/li>\n<li data-start=\"430\" data-end=\"459\">\n<p data-start=\"432\" data-end=\"459\">Ausgezeichnetes Preis-Leistungs-Verh\u00e4ltnis<\/p>\n<\/li>\n<li data-start=\"489\" data-end=\"530\">\n<p data-start=\"491\" data-end=\"530\">2 Jahre Garantie und technischer Support<\/p>\n<\/li>\n<\/ul>\n<h3 data-start=\"532\" data-end=\"556\">Kompatible Motoren<\/h3>\n<ul data-start=\"557\" data-end=\"650\">\n<li data-start=\"557\" data-end=\"571\">\n<p data-start=\"559\" data-end=\"571\">MD1A, MD1B<\/p>\n<\/li>\n<li data-start=\"572\" data-end=\"581\">\n<p data-start=\"574\" data-end=\"581\">AQD2B<\/p>\n<\/li>\n<li data-start=\"582\" data-end=\"601\">\n<p data-start=\"584\" data-end=\"601\">MD2, MD2A, MD2B<\/p>\n<\/li>\n<li data-start=\"602\" data-end=\"616\">\n<p data-start=\"604\" data-end=\"616\">MD5A, MD5B<\/p>\n<\/li>\n<li data-start=\"617\" data-end=\"631\">\n<p data-start=\"619\" data-end=\"631\">MD6A, MD6B<\/p>\n<\/li>\n<li data-start=\"632\" data-end=\"640\">\n<p data-start=\"634\" data-end=\"640\">MD7A<\/p>\n<\/li>\n<li data-start=\"641\" data-end=\"650\">\n<p data-start=\"643\" data-end=\"650\">MD11C<\/p>\n<\/li>\n<\/ul>\n<p data-start=\"652\" data-end=\"744\">Fragen zur Kompatibilit\u00e4t oder Installation?  <strong data-start=\"699\" data-end=\"744\">Unsere Marinespezialisten helfen Ihnen gerne weiter.<\/strong><\/p>\n<p data-start=\"746\" data-end=\"900\" data-is-last-node=\"\" data-is-only-node=\"\">\n","protected":false},"excerpt":{"rendered":"<p>Diese Pumpe ersetzt die Volvo Penta Teilenummern 833883 und 858065. Sie wird komplett mit einem vorinstallierten Impeller geliefert und ist somit schnell und einfach zu installieren. Warum diese Pumpe w\u00e4hlen? Marine-Qualit\u00e4t Wird einbaufertig geliefert Ausgezeichnetes Preis-Leistungs-Verh\u00e4ltnis 2 Jahre Garantie und technischer Support Kompatible Motoren MD1A, MD1B AQD2B MD2, MD2A, MD2B MD5A, MD5B MD6A, MD6B MD7A [&hellip;]<\/p>\n","protected":false},"featured_media":47079,"comment_status":"open","ping_status":"closed","template":"","meta":[],"product_brand":[4230],"product_cat":[3228,2532,3394],"product_tag":[],"class_list":{"0":"post-47077","1":"product","2":"type-product","3":"status-publish","4":"has-post-thumbnail","6":"product_brand-volvo-penta","7":"product_cat-kuhlsysteme","8":"product_cat-motorenteile","9":"product_cat-wasserpumpen","10":"pa_condition-neu","11":"pa_oem-or-aftermarket-aftermarket","13":"first","14":"onbackorder","15":"taxable","16":"shipping-taxable","17":"purchasable","18":"product-type-simple"},"supplier_id":7294,"supplier_sku":"JOH10-35157-3","barcode":null,"atum_controlled":true,"out_stock_date":"2026-02-05 08:51:38","out_stock_threshold":null,"inheritable":false,"inbound_stock":0,"stock_on_hold":0,"sold_today":0,"sales_last_days":0,"reserved_stock":0,"customer_returns":0,"warehouse_damage":0,"lost_in_post":0,"other_logs":0,"out_stock_days":43,"lost_sales":0,"has_location":false,"update_date":"2026-03-20T11:17:07","atum_locations":[],"atum_stock_status":"onbackorder","restock_status":false,"low_stock_amount":0,"sales_update_date":"2026-03-20T11:17:07","calc_backorders":null,"_links":{"self":[{"href":"https:\/\/mps.digital-monkey.in\/de\/wp-json\/wp\/v2\/product\/47077","targetHints":{"allow":["GET"]}}],"collection":[{"href":"https:\/\/mps.digital-monkey.in\/de\/wp-json\/wp\/v2\/product"}],"about":[{"href":"https:\/\/mps.digital-monkey.in\/de\/wp-json\/wp\/v2\/types\/product"}],"replies":[{"embeddable":true,"href":"https:\/\/mps.digital-monkey.in\/de\/wp-json\/wp\/v2\/comments?post=47077"}],"wp:featuredmedia":[{"embeddable":true,"href":"https:\/\/mps.digital-monkey.in\/de\/wp-json\/wp\/v2\/media\/47079"}],"wp:attachment":[{"href":"https:\/\/mps.digital-monkey.in\/de\/wp-json\/wp\/v2\/media?parent=47077"}],"wp:term":[{"taxonomy":"product_brand","embeddable":true,"href":"https:\/\/mps.digital-monkey.in\/de\/wp-json\/wp\/v2\/product_brand?post=47077"},{"taxonomy":"product_cat","embeddable":true,"href":"https:\/\/mps.digital-monkey.in\/de\/wp-json\/wp\/v2\/product_cat?post=47077"},{"taxonomy":"product_tag","embeddable":true,"href":"https:\/\/mps.digital-monkey.in\/de\/wp-json\/wp\/v2\/product_tag?post=47077"}],"curies":[{"name":"wp","href":"https:\/\/api.w.org\/{rel}","templated":true}]}}