{"id":47090,"date":"2026-02-05T09:21:14","date_gmt":"2026-02-05T09:21:14","guid":{"rendered":"https:\/\/mps.digital-monkey.in\/product\/impeller-pumpendeckel-dichtung-fuer-volvo-penta-833994\/"},"modified":"2026-02-05T09:21:14","modified_gmt":"2026-02-05T09:21:14","slug":"impeller-pumpendeckel-dichtung-fuer-volvo-penta-833994","status":"publish","type":"product","link":"https:\/\/mps.digital-monkey.in\/de\/produkt\/impeller-pumpendeckel-dichtung-fuer-volvo-penta-833994\/","title":{"rendered":"Impeller Pumpendeckel Dichtung f\u00fcr Volvo Penta - 833994"},"content":{"rendered":"<p data-start=\"537\" data-end=\"756\">Diese <strong data-start=\"542\" data-end=\"572\">Impeller-Pumpenabdeckungsdichtung<\/strong> ersetzt die <strong data-start=\"582\" data-end=\"616\">Volvo Penta Teilenummer 833994<\/strong>. Sie sorgt f\u00fcr eine zuverl\u00e4ssige Abdichtung zwischen dem Impeller-Pumpengeh\u00e4use und dem Deckel und hilft so, Leckagen zu vermeiden und die K\u00fchlleistung aufrechtzuerhalten. <\/p>\n<h3 data-start=\"1103\" data-end=\"1127\">Kompatible Motoren<\/h3>\n<ul data-start=\"1128\" data-end=\"1222\">\n<li data-start=\"1128\" data-end=\"1135\">\n<p data-start=\"1130\" data-end=\"1135\">MD1<\/p>\n<\/li>\n<li data-start=\"1136\" data-end=\"1143\">\n<p data-start=\"1138\" data-end=\"1143\">MD2<\/p>\n<\/li>\n<li data-start=\"1144\" data-end=\"1151\">\n<p data-start=\"1146\" data-end=\"1151\">MD5<\/p>\n<\/li>\n<li data-start=\"1152\" data-end=\"1159\">\n<p data-start=\"1154\" data-end=\"1159\">MD6<\/p>\n<\/li>\n<li data-start=\"1160\" data-end=\"1167\">\n<p data-start=\"1162\" data-end=\"1167\">MD7<\/p>\n<\/li>\n<li data-start=\"1168\" data-end=\"1176\">\n<p data-start=\"1170\" data-end=\"1176\">MD11<\/p>\n<\/li>\n<li data-start=\"1177\" data-end=\"1185\">\n<p data-start=\"1179\" data-end=\"1185\">MD17<\/p>\n<\/li>\n<li data-start=\"1186\" data-end=\"1194\">\n<p data-start=\"1188\" data-end=\"1194\">2001<\/p>\n<\/li>\n<li data-start=\"1195\" data-end=\"1203\">\n<p data-start=\"1197\" data-end=\"1203\">2002<\/p>\n<\/li>\n<li data-start=\"1204\" data-end=\"1212\">\n<p data-start=\"1206\" data-end=\"1212\">2003<\/p>\n<\/li>\n<li data-start=\"1213\" data-end=\"1222\">\n<p data-start=\"1215\" data-end=\"1222\">MB10A<\/p>\n<\/li>\n<\/ul>\n<p data-start=\"1224\" data-end=\"1316\">Fragen zur Kompatibilit\u00e4t oder Installation?  <strong data-start=\"1271\" data-end=\"1316\">Unsere Marinespezialisten helfen Ihnen gerne weiter.<\/strong><\/p>\n<p data-start=\"1323\" data-end=\"1347\">\n","protected":false},"excerpt":{"rendered":"<p>Diese Impeller-Pumpenabdeckungsdichtung ersetzt die Volvo Penta Teilenummer 833994. Sie sorgt f\u00fcr eine zuverl\u00e4ssige Abdichtung zwischen dem Impeller-Pumpengeh\u00e4use und dem Deckel und hilft so, Leckagen zu vermeiden und die K\u00fchlleistung aufrechtzuerhalten. Kompatible Motoren MD1 MD2 MD5 MD6 MD7 MD11 MD17 2001 2002 2003 MB10A Fragen zur Kompatibilit\u00e4t oder Installation? Unsere Marinespezialisten helfen Ihnen gerne weiter.<\/p>\n","protected":false},"featured_media":47093,"comment_status":"open","ping_status":"closed","template":"","meta":[],"product_brand":[4230],"product_cat":[2498,3037,3038,3215],"product_tag":[],"class_list":{"0":"post-47090","1":"product","2":"type-product","3":"status-publish","4":"has-post-thumbnail","6":"product_brand-volvo-penta","7":"product_cat-ersatzteile-fur-motoren","8":"product_cat-kits-fur-wartung-und-reparatur","9":"product_cat-motor-dichtungen","10":"product_cat-wasserpumpen-teile","11":"pa_condition-neu","12":"pa_model-3088","13":"pa_model-3089","14":"pa_model-3090","15":"pa_model-md1","16":"pa_model-md11","17":"pa_model-md11c","18":"pa_model-md11d","19":"pa_model-md17","20":"pa_model-md17c","21":"pa_model-md17d","22":"pa_model-md2","23":"pa_model-md5","24":"pa_model-md6","25":"pa_model-md7","26":"pa_oem-or-aftermarket-aftermarket","28":"first","29":"instock","30":"taxable","31":"shipping-taxable","32":"purchasable","33":"product-type-simple"},"supplier_id":7294,"supplier_sku":"REC833994","barcode":null,"atum_controlled":true,"out_stock_date":null,"out_stock_threshold":null,"inheritable":false,"inbound_stock":0,"stock_on_hold":0,"sold_today":0,"sales_last_days":0,"reserved_stock":0,"customer_returns":0,"warehouse_damage":0,"lost_in_post":0,"other_logs":0,"out_stock_days":0,"lost_sales":0,"has_location":false,"update_date":"2026-03-05T15:27:58","atum_locations":[],"atum_stock_status":"instock","restock_status":false,"low_stock_amount":0,"sales_update_date":"2026-03-05T15:27:58","calc_backorders":null,"_links":{"self":[{"href":"https:\/\/mps.digital-monkey.in\/de\/wp-json\/wp\/v2\/product\/47090","targetHints":{"allow":["GET"]}}],"collection":[{"href":"https:\/\/mps.digital-monkey.in\/de\/wp-json\/wp\/v2\/product"}],"about":[{"href":"https:\/\/mps.digital-monkey.in\/de\/wp-json\/wp\/v2\/types\/product"}],"replies":[{"embeddable":true,"href":"https:\/\/mps.digital-monkey.in\/de\/wp-json\/wp\/v2\/comments?post=47090"}],"wp:featuredmedia":[{"embeddable":true,"href":"https:\/\/mps.digital-monkey.in\/de\/wp-json\/wp\/v2\/media\/47093"}],"wp:attachment":[{"href":"https:\/\/mps.digital-monkey.in\/de\/wp-json\/wp\/v2\/media?parent=47090"}],"wp:term":[{"taxonomy":"product_brand","embeddable":true,"href":"https:\/\/mps.digital-monkey.in\/de\/wp-json\/wp\/v2\/product_brand?post=47090"},{"taxonomy":"product_cat","embeddable":true,"href":"https:\/\/mps.digital-monkey.in\/de\/wp-json\/wp\/v2\/product_cat?post=47090"},{"taxonomy":"product_tag","embeddable":true,"href":"https:\/\/mps.digital-monkey.in\/de\/wp-json\/wp\/v2\/product_tag?post=47090"}],"curies":[{"name":"wp","href":"https:\/\/api.w.org\/{rel}","templated":true}]}}