{"id":47099,"date":"2026-02-16T15:24:00","date_gmt":"2026-02-16T15:24:00","guid":{"rendered":"https:\/\/mps.digital-monkey.in\/product\/oelkuehlergehaeuse-fuer-volvo-penta-2003t-840957-858053\/"},"modified":"2026-02-16T15:24:00","modified_gmt":"2026-02-16T15:24:00","slug":"oelkuehlergehaeuse-fuer-volvo-penta-2003t-840957-858053","status":"publish","type":"product","link":"https:\/\/mps.digital-monkey.in\/de\/product\/oelkuehlergehaeuse-fuer-volvo-penta-2003t-840957-858053\/","title":{"rendered":"\u00d6lk\u00fchlergeh\u00e4use f\u00fcr Volvo Penta 2003T &#8211; 840957 \/ 858053"},"content":{"rendered":"<p data-start=\"542\" data-end=\"689\">Dieses <strong data-start=\"547\" data-end=\"569\">\u00d6lk\u00fchlergeh\u00e4use<\/strong> ist f\u00fcr den Volvo Penta 2003T Schiffsdieselmotor geeignet. Es ersetzt die <strong data-start=\"642\" data-end=\"688\">Volvo Penta Teilenummern 840957 und 858053<\/strong>. <\/p>\n<p data-start=\"691\" data-end=\"771\"><strong data-start=\"694\" data-end=\"729\">Wird ohne K\u00fchlereinsatz geliefert.<\/strong><br data-start=\"729\" data-end=\"732\">Dieses Angebot umfasst nur das Geh\u00e4use.<\/p>\n<p data-start=\"773\" data-end=\"886\">Ideal als Ersatz f\u00fcr ein besch\u00e4digtes, korrodiertes oder undichtes \u00d6lk\u00fchlergeh\u00e4use unter Wiederverwendung Ihres vorhandenen Einsatzes.<\/p>\n<h3 data-start=\"888\" data-end=\"929\">Warum sollten Sie dieses \u00d6lk\u00fchlergeh\u00e4use w\u00e4hlen?<\/h3>\n<ul data-start=\"930\" data-end=\"1107\">\n<li data-start=\"930\" data-end=\"968\">\n<p data-start=\"932\" data-end=\"968\">Passgenau f\u00fcr Volvo Penta 2003T<\/p>\n<\/li>\n<li data-start=\"969\" data-end=\"1012\">\n<p data-start=\"971\" data-end=\"1012\">Direkter Ersatz f\u00fcr das Originalgeh\u00e4use<\/p>\n<\/li>\n<li data-start=\"1013\" data-end=\"1050\">\n<p data-start=\"1015\" data-end=\"1050\">Langlebige Konstruktion in Marinequalit\u00e4t<\/p>\n<\/li>\n<li data-start=\"1051\" data-end=\"1078\">\n<p data-start=\"1053\" data-end=\"1078\">Kosteng\u00fcnstige L\u00f6sung<\/p>\n<\/li>\n<li data-start=\"1079\" data-end=\"1107\">\n<p data-start=\"1081\" data-end=\"1107\">Schnelle Lieferung ab Lager<\/p>\n<\/li>\n<\/ul>\n<h3 data-start=\"1109\" data-end=\"1132\">Kompatibler Motor<\/h3>\n<ul data-start=\"1133\" data-end=\"1154\">\n<li data-start=\"1133\" data-end=\"1154\">\n<p data-start=\"1135\" data-end=\"1154\">Volvo Penta 2003T<\/p>\n<\/li>\n<\/ul>\n<p data-start=\"1156\" data-end=\"1255\">Fragen zur Kompatibilit\u00e4t oder zu den enthaltenen Komponenten?  <strong data-start=\"1210\" data-end=\"1255\">Unsere Marinespezialisten helfen Ihnen gerne weiter.<\/strong><\/p>\n","protected":false},"excerpt":{"rendered":"<p>Dieses \u00d6lk\u00fchlergeh\u00e4use ist f\u00fcr den Volvo Penta 2003T Schiffsdieselmotor geeignet. Es ersetzt die Volvo Penta Teilenummern 840957 und 858053. Wird ohne K\u00fchlereinsatz geliefert.Dieses Angebot umfasst nur das Geh\u00e4use. Ideal als Ersatz f\u00fcr ein besch\u00e4digtes, korrodiertes oder undichtes \u00d6lk\u00fchlergeh\u00e4use unter Wiederverwendung Ihres vorhandenen Einsatzes. Warum sollten Sie dieses \u00d6lk\u00fchlergeh\u00e4use w\u00e4hlen? Passgenau f\u00fcr Volvo Penta 2003T Direkter [&hellip;]<\/p>\n","protected":false},"featured_media":47102,"comment_status":"open","ping_status":"closed","template":"","meta":[],"product_brand":[4230],"product_cat":[3228,2532,3582],"product_tag":[],"class_list":{"0":"post-47099","1":"product","2":"type-product","3":"status-publish","4":"has-post-thumbnail","6":"product_brand-volvo-penta","7":"product_cat-kuhlsysteme","8":"product_cat-motorenteile","9":"product_cat-warmetauscher-nachkuhler","10":"pa_condition-gebraucht","11":"pa_model-2003t","12":"pa_model-2003tb","13":"pa_oem-or-aftermarket-oem","15":"first","16":"outofstock","17":"taxable","18":"shipping-taxable","19":"purchasable","20":"product-type-simple"},"supplier_id":null,"supplier_sku":"","barcode":null,"atum_controlled":true,"out_stock_date":"2026-03-09 15:30:49","out_stock_threshold":null,"inheritable":false,"inbound_stock":0,"stock_on_hold":1,"sold_today":0,"sales_last_days":0,"reserved_stock":0,"customer_returns":0,"warehouse_damage":0,"lost_in_post":0,"other_logs":0,"out_stock_days":10,"lost_sales":0,"has_location":false,"update_date":"2026-03-20T11:16:33","atum_locations":[],"atum_stock_status":"outofstock","restock_status":false,"low_stock_amount":0,"sales_update_date":"2026-03-20T11:16:33","calc_backorders":null,"_links":{"self":[{"href":"https:\/\/mps.digital-monkey.in\/de\/wp-json\/wp\/v2\/product\/47099","targetHints":{"allow":["GET"]}}],"collection":[{"href":"https:\/\/mps.digital-monkey.in\/de\/wp-json\/wp\/v2\/product"}],"about":[{"href":"https:\/\/mps.digital-monkey.in\/de\/wp-json\/wp\/v2\/types\/product"}],"replies":[{"embeddable":true,"href":"https:\/\/mps.digital-monkey.in\/de\/wp-json\/wp\/v2\/comments?post=47099"}],"wp:featuredmedia":[{"embeddable":true,"href":"https:\/\/mps.digital-monkey.in\/de\/wp-json\/wp\/v2\/media\/47102"}],"wp:attachment":[{"href":"https:\/\/mps.digital-monkey.in\/de\/wp-json\/wp\/v2\/media?parent=47099"}],"wp:term":[{"taxonomy":"product_brand","embeddable":true,"href":"https:\/\/mps.digital-monkey.in\/de\/wp-json\/wp\/v2\/product_brand?post=47099"},{"taxonomy":"product_cat","embeddable":true,"href":"https:\/\/mps.digital-monkey.in\/de\/wp-json\/wp\/v2\/product_cat?post=47099"},{"taxonomy":"product_tag","embeddable":true,"href":"https:\/\/mps.digital-monkey.in\/de\/wp-json\/wp\/v2\/product_tag?post=47099"}],"curies":[{"name":"wp","href":"https:\/\/api.w.org\/{rel}","templated":true}]}}