{"id":47103,"date":"2026-02-16T14:52:25","date_gmt":"2026-02-16T14:52:25","guid":{"rendered":"https:\/\/mps.digital-monkey.in\/product\/getriebe-ms-rb-fuer-volvo-penta-807370-803223\/"},"modified":"2026-02-16T14:52:25","modified_gmt":"2026-02-16T14:52:25","slug":"getriebe-ms-rb-fuer-volvo-penta-807370-803223","status":"publish","type":"product","link":"https:\/\/mps.digital-monkey.in\/de\/produkt\/getriebe-ms-rb-fuer-volvo-penta-807370-803223\/","title":{"rendered":"Getriebe MS RB f\u00fcr Volvo Penta - 807370 \/ 803223"},"content":{"rendered":"<p data-start=\"466\" data-end=\"545\">Dieses <strong data-start=\"471\" data-end=\"500\">Volvo Penta MS RB-Getriebe<\/strong> ersetzt die <strong data-start=\"510\" data-end=\"544\">Teilenummern 807370 und 803223<\/strong>.<\/p>\n<p data-start=\"547\" data-end=\"686\">Das Getriebe ist <strong data-start=\"562\" data-end=\"600\">gebraucht und in gutem Zustand<\/strong>. Es schaltet reibungslos vorw\u00e4rts und r\u00fcckw\u00e4rts und wurde auf seine Funktionst\u00fcchtigkeit \u00fcberpr\u00fcft. <\/p>\n<p data-start=\"688\" data-end=\"766\">Eine kosteng\u00fcnstige L\u00f6sung f\u00fcr den Ersatz eines besch\u00e4digten oder verschlissenen Schiffsgetriebes.<\/p>\n<h3 data-start=\"768\" data-end=\"798\">Warum sollten Sie dieses Getriebe w\u00e4hlen?<\/h3>\n<ul data-start=\"799\" data-end=\"962\">\n<li data-start=\"799\" data-end=\"833\">\n<p data-start=\"801\" data-end=\"833\">Original Volvo Penta Bauteil<\/p>\n<\/li>\n<li data-start=\"834\" data-end=\"869\">\n<p data-start=\"836\" data-end=\"869\">Gebraucht, getestet und gut schaltend<\/p>\n<\/li>\n<li data-start=\"870\" data-end=\"902\">\n<p data-start=\"872\" data-end=\"902\">Zuverl\u00e4ssige Getriebe f\u00fcr die Schifffahrt<\/p>\n<\/li>\n<li data-start=\"903\" data-end=\"933\">\n<p data-start=\"905\" data-end=\"933\">Kosteng\u00fcnstiger Ersatz<\/p>\n<\/li>\n<li data-start=\"934\" data-end=\"962\">\n<p data-start=\"936\" data-end=\"962\">Schnelle Lieferung ab Lager<\/p>\n<\/li>\n<\/ul>\n<h3 data-start=\"964\" data-end=\"1003\">Ersetzt Volvo Penta Teilenummern<\/h3>\n<ul data-start=\"1004\" data-end=\"1025\">\n<li data-start=\"1004\" data-end=\"1014\">\n<p data-start=\"1006\" data-end=\"1014\">807370<\/p>\n<\/li>\n<li data-start=\"1015\" data-end=\"1025\">\n<p data-start=\"1017\" data-end=\"1025\">803223<\/p>\n<\/li>\n<\/ul>\n<p data-start=\"1027\" data-end=\"1129\">Fragen zur \u00dcbersetzung, zum Zustand oder zur Kompatibilit\u00e4t?  <strong data-start=\"1084\" data-end=\"1129\">Unsere Marinespezialisten helfen Ihnen gerne weiter.<\/strong><\/p>\n","protected":false},"excerpt":{"rendered":"<p>Dieses Volvo Penta MS RB-Getriebe ersetzt die Teilenummern 807370 und 803223. Das Getriebe ist gebraucht und in gutem Zustand. Es schaltet reibungslos vorw\u00e4rts und r\u00fcckw\u00e4rts und wurde auf seine Funktionst\u00fcchtigkeit \u00fcberpr\u00fcft. Eine kosteng\u00fcnstige L\u00f6sung f\u00fcr den Ersatz eines besch\u00e4digten oder verschlissenen Schiffsgetriebes. Warum sollten Sie dieses Getriebe w\u00e4hlen? Original Volvo Penta Bauteil Gebraucht, getestet und [&hellip;]<\/p>\n","protected":false},"featured_media":47105,"comment_status":"open","ping_status":"closed","template":"","meta":[],"product_brand":[4230],"product_cat":[4253,2532],"product_tag":[],"class_list":{"0":"post-47103","1":"product","2":"type-product","3":"status-publish","4":"has-post-thumbnail","6":"product_brand-volvo-penta","7":"product_cat-getriebe-saildrives","8":"product_cat-motorenteile","9":"pa_condition-gebraucht","10":"pa_oem-or-aftermarket-oem","12":"first","13":"instock","14":"taxable","15":"shipping-taxable","16":"purchasable","17":"product-type-simple"},"supplier_id":null,"supplier_sku":"","barcode":null,"atum_controlled":true,"out_stock_date":null,"out_stock_threshold":null,"inheritable":false,"inbound_stock":0,"stock_on_hold":0,"sold_today":0,"sales_last_days":0,"reserved_stock":0,"customer_returns":0,"warehouse_damage":0,"lost_in_post":0,"other_logs":0,"out_stock_days":0,"lost_sales":0,"has_location":false,"update_date":"2026-03-05T15:27:50","atum_locations":[],"atum_stock_status":"instock","restock_status":false,"low_stock_amount":0,"sales_update_date":"2026-03-05T15:27:50","calc_backorders":null,"_links":{"self":[{"href":"https:\/\/mps.digital-monkey.in\/de\/wp-json\/wp\/v2\/product\/47103","targetHints":{"allow":["GET"]}}],"collection":[{"href":"https:\/\/mps.digital-monkey.in\/de\/wp-json\/wp\/v2\/product"}],"about":[{"href":"https:\/\/mps.digital-monkey.in\/de\/wp-json\/wp\/v2\/types\/product"}],"replies":[{"embeddable":true,"href":"https:\/\/mps.digital-monkey.in\/de\/wp-json\/wp\/v2\/comments?post=47103"}],"wp:featuredmedia":[{"embeddable":true,"href":"https:\/\/mps.digital-monkey.in\/de\/wp-json\/wp\/v2\/media\/47105"}],"wp:attachment":[{"href":"https:\/\/mps.digital-monkey.in\/de\/wp-json\/wp\/v2\/media?parent=47103"}],"wp:term":[{"taxonomy":"product_brand","embeddable":true,"href":"https:\/\/mps.digital-monkey.in\/de\/wp-json\/wp\/v2\/product_brand?post=47103"},{"taxonomy":"product_cat","embeddable":true,"href":"https:\/\/mps.digital-monkey.in\/de\/wp-json\/wp\/v2\/product_cat?post=47103"},{"taxonomy":"product_tag","embeddable":true,"href":"https:\/\/mps.digital-monkey.in\/de\/wp-json\/wp\/v2\/product_tag?post=47103"}],"curies":[{"name":"wp","href":"https:\/\/api.w.org\/{rel}","templated":true}]}}