{"id":47109,"date":"2026-02-16T14:21:02","date_gmt":"2026-02-16T14:21:02","guid":{"rendered":"https:\/\/mps.digital-monkey.in\/product\/impeller-pumpe-fuer-vetus-m4-motoren-stm7630\/"},"modified":"2026-02-16T14:21:02","modified_gmt":"2026-02-16T14:21:02","slug":"impeller-pumpe-fuer-vetus-m4-motoren-stm7630","status":"publish","type":"product","link":"https:\/\/mps.digital-monkey.in\/de\/product\/impeller-pumpe-fuer-vetus-m4-motoren-stm7630\/","title":{"rendered":"Impeller-Pumpe f\u00fcr Vetus M4-Motoren &#8211; STM7630"},"content":{"rendered":"<p data-start=\"605\" data-end=\"741\">Diese <strong data-start=\"610\" data-end=\"638\">\u00fcberholte Impeller-Pumpe<\/strong> ist ein direkter Ersatz f\u00fcr die <strong data-start=\"667\" data-end=\"684\">Vetus STM7630<\/strong> und geeignet f\u00fcr verschiedene Vetus M4 Schiffsdieselmotoren.<\/p>\n<p data-start=\"743\" data-end=\"954\">Jede Pumpe wurde professionell \u00fcberholt, inspiziert und getestet, um eine zuverl\u00e4ssige Seewasserzirkulation und eine einwandfreie Motork\u00fchlung zu gew\u00e4hrleisten. Eine kosteneffektive L\u00f6sung ohne Kompromisse bei der Leistung oder Haltbarkeit. <\/p>\n<p data-start=\"956\" data-end=\"1036\">Ideal zum Ersetzen einer verschlissenen oder undichten Pumpe unter Beibehaltung der OEM-Spezifikationen.<\/p>\n<h3 data-start=\"1038\" data-end=\"1063\">Ersetzt die OE-Nummern<\/h3>\n<p data-start=\"1065\" data-end=\"1088\"><strong data-start=\"1065\" data-end=\"1086\">Ersetzt Johnson:<\/strong><\/p>\n<ul data-start=\"1089\" data-end=\"1136\">\n<li data-start=\"1089\" data-end=\"1104\">\n<p data-start=\"1091\" data-end=\"1104\">10-24734-01<\/p>\n<\/li>\n<li data-start=\"1105\" data-end=\"1120\">\n<p data-start=\"1107\" data-end=\"1120\">10-24734-02<\/p>\n<\/li>\n<li data-start=\"1121\" data-end=\"1136\">\n<p data-start=\"1123\" data-end=\"1136\">10-24734-03<\/p>\n<\/li>\n<\/ul>\n<p data-start=\"1138\" data-end=\"1160\"><strong data-start=\"1138\" data-end=\"1158\">Ersetzt Jabsco:<\/strong><\/p>\n<ul data-start=\"1161\" data-end=\"1253\">\n<li data-start=\"1161\" data-end=\"1175\">\n<p data-start=\"1163\" data-end=\"1175\">29460-1251<\/p>\n<\/li>\n<li data-start=\"1176\" data-end=\"1190\">\n<p data-start=\"1178\" data-end=\"1190\">29460-1101<\/p>\n<\/li>\n<li data-start=\"1191\" data-end=\"1205\">\n<p data-start=\"1193\" data-end=\"1205\">29460-1201<\/p>\n<\/li>\n<li data-start=\"1206\" data-end=\"1220\">\n<p data-start=\"1208\" data-end=\"1220\">18653-0001<\/p>\n<\/li>\n<li data-start=\"1221\" data-end=\"1238\">\n<p data-start=\"1223\" data-end=\"1238\">29460-10-1081<\/p>\n<\/li>\n<li data-start=\"1239\" data-end=\"1253\">\n<p data-start=\"1241\" data-end=\"1253\">29460-1261<\/p>\n<\/li>\n<\/ul>\n<p data-start=\"1255\" data-end=\"1280\"><strong data-start=\"1255\" data-end=\"1278\">Ersetzt Craftsman:<\/strong><\/p>\n<ul data-start=\"1281\" data-end=\"1298\">\n<li data-start=\"1281\" data-end=\"1298\">\n<p data-start=\"1283\" data-end=\"1298\">AA.200.900.20<\/p>\n<\/li>\n<\/ul>\n<p data-start=\"1300\" data-end=\"1321\"><strong data-start=\"1300\" data-end=\"1319\">Ersetzt Vetus:<\/strong><\/p>\n<ul data-start=\"1322\" data-end=\"1333\">\n<li data-start=\"1322\" data-end=\"1333\">\n<p data-start=\"1324\" data-end=\"1333\">STM7630<\/p>\n<\/li>\n<\/ul>\n<h3 data-start=\"1335\" data-end=\"1373\">Warum sollten Sie sich f\u00fcr diese \u00fcberholte Pumpe entscheiden?<\/h3>\n<ul data-start=\"1374\" data-end=\"1539\">\n<li data-start=\"1374\" data-end=\"1417\">\n<p data-start=\"1376\" data-end=\"1417\">Professionell \u00fcberholt und getestet<\/p>\n<\/li>\n<li data-start=\"1418\" data-end=\"1442\">\n<p data-start=\"1420\" data-end=\"1442\">OEM-spezifische Leistung<\/p>\n<\/li>\n<li data-start=\"1443\" data-end=\"1472\">\n<p data-start=\"1445\" data-end=\"1472\">Zuverl\u00e4ssige Seewasserk\u00fchlung<\/p>\n<\/li>\n<li data-start=\"1473\" data-end=\"1510\">\n<p data-start=\"1475\" data-end=\"1510\">Kosteng\u00fcnstige Alternative zu neuen<\/p>\n<\/li>\n<li data-start=\"1511\" data-end=\"1539\">\n<p data-start=\"1513\" data-end=\"1539\">Schnelle Lieferung ab Lager<\/p>\n<\/li>\n<\/ul>\n<h3 data-start=\"1541\" data-end=\"1571\">Kompatible Vetus-Motoren<\/h3>\n<ul data-start=\"1572\" data-end=\"1611\">\n<li data-start=\"1572\" data-end=\"1581\">\n<p data-start=\"1574\" data-end=\"1581\">M4.15<\/p>\n<\/li>\n<li data-start=\"1582\" data-end=\"1591\">\n<p data-start=\"1584\" data-end=\"1591\">M4.17<\/p>\n<\/li>\n<li data-start=\"1592\" data-end=\"1601\">\n<p data-start=\"1594\" data-end=\"1601\">M4.35<\/p>\n<\/li>\n<li data-start=\"1602\" data-end=\"1611\">\n<p data-start=\"1604\" data-end=\"1611\">M4.45<\/p>\n<\/li>\n<\/ul>\n<p data-start=\"1613\" data-end=\"1721\">Haben Sie Fragen zur Kompatibilit\u00e4t, zum Kerntausch oder zur Installation?  <strong data-start=\"1676\" data-end=\"1721\">Unsere Marinespezialisten helfen Ihnen gerne weiter.<\/strong><\/p>\n","protected":false},"excerpt":{"rendered":"<p>Diese \u00fcberholte Impeller-Pumpe ist ein direkter Ersatz f\u00fcr die Vetus STM7630 und geeignet f\u00fcr verschiedene Vetus M4 Schiffsdieselmotoren. Jede Pumpe wurde professionell \u00fcberholt, inspiziert und getestet, um eine zuverl\u00e4ssige Seewasserzirkulation und eine einwandfreie Motork\u00fchlung zu gew\u00e4hrleisten. Eine kosteneffektive L\u00f6sung ohne Kompromisse bei der Leistung oder Haltbarkeit. Ideal zum Ersetzen einer verschlissenen oder undichten Pumpe unter [&hellip;]<\/p>\n","protected":false},"featured_media":47112,"comment_status":"open","ping_status":"closed","template":"","meta":[],"product_brand":[4242],"product_cat":[3228,2532,3394],"product_tag":[],"class_list":{"0":"post-47109","1":"product","2":"type-product","3":"status-publish","4":"has-post-thumbnail","6":"product_brand-vetus","7":"product_cat-kuhlsysteme","8":"product_cat-motorenteile","9":"product_cat-wasserpumpen","10":"pa_condition-uberholte","11":"pa_model-m4-15","12":"pa_model-m4-17","13":"pa_model-m4-35","14":"pa_model-m4-45","15":"pa_oem-or-aftermarket-oem","17":"first","18":"instock","19":"taxable","20":"shipping-taxable","21":"purchasable","22":"product-type-simple"},"supplier_id":null,"supplier_sku":"","barcode":null,"atum_controlled":true,"out_stock_date":null,"out_stock_threshold":null,"inheritable":false,"inbound_stock":0,"stock_on_hold":0,"sold_today":0,"sales_last_days":0,"reserved_stock":0,"customer_returns":0,"warehouse_damage":0,"lost_in_post":0,"other_logs":0,"out_stock_days":0,"lost_sales":0,"has_location":false,"update_date":"2026-03-05T15:27:58","atum_locations":[],"atum_stock_status":"instock","restock_status":false,"low_stock_amount":0,"sales_update_date":"2026-03-05T15:27:58","calc_backorders":null,"_links":{"self":[{"href":"https:\/\/mps.digital-monkey.in\/de\/wp-json\/wp\/v2\/product\/47109","targetHints":{"allow":["GET"]}}],"collection":[{"href":"https:\/\/mps.digital-monkey.in\/de\/wp-json\/wp\/v2\/product"}],"about":[{"href":"https:\/\/mps.digital-monkey.in\/de\/wp-json\/wp\/v2\/types\/product"}],"replies":[{"embeddable":true,"href":"https:\/\/mps.digital-monkey.in\/de\/wp-json\/wp\/v2\/comments?post=47109"}],"wp:featuredmedia":[{"embeddable":true,"href":"https:\/\/mps.digital-monkey.in\/de\/wp-json\/wp\/v2\/media\/47112"}],"wp:attachment":[{"href":"https:\/\/mps.digital-monkey.in\/de\/wp-json\/wp\/v2\/media?parent=47109"}],"wp:term":[{"taxonomy":"product_brand","embeddable":true,"href":"https:\/\/mps.digital-monkey.in\/de\/wp-json\/wp\/v2\/product_brand?post=47109"},{"taxonomy":"product_cat","embeddable":true,"href":"https:\/\/mps.digital-monkey.in\/de\/wp-json\/wp\/v2\/product_cat?post=47109"},{"taxonomy":"product_tag","embeddable":true,"href":"https:\/\/mps.digital-monkey.in\/de\/wp-json\/wp\/v2\/product_tag?post=47109"}],"curies":[{"name":"wp","href":"https:\/\/api.w.org\/{rel}","templated":true}]}}