{"id":47141,"date":"2026-02-18T08:40:07","date_gmt":"2026-02-18T08:40:07","guid":{"rendered":"https:\/\/mps.digital-monkey.in\/product\/turbo-dichtungssatz-komplett-fuer-volvo-penta-31-41-42-43-44-3582563\/"},"modified":"2026-02-18T08:40:07","modified_gmt":"2026-02-18T08:40:07","slug":"turbo-dichtungssatz-komplett-fuer-volvo-penta-31-41-42-43-44-3582563","status":"publish","type":"product","link":"https:\/\/mps.digital-monkey.in\/de\/produkt\/turbo-dichtungssatz-komplett-fuer-volvo-penta-31-41-42-43-44-3582563\/","title":{"rendered":"Turbo-Dichtungssatz komplett f\u00fcr Volvo Penta 31 \/ 41 \/ 42 \/ 43 \/ 44 - 3582563"},"content":{"rendered":"<p data-start=\"539\" data-end=\"750\">Dieser <strong data-start=\"544\" data-end=\"573\">komplette Turbodichtungssatz<\/strong> ist f\u00fcr eine Vielzahl von Volvo Penta Motoren der Serien 31, 41, 42, 43 und 44 geeignet. Entwickelt, um eine zuverl\u00e4ssige Abdichtung des Turboladersystems bei der Wartung oder beim Austausch zu gew\u00e4hrleisten. <\/p>\n<p data-start=\"752\" data-end=\"912\">Die nach Marinestandards gefertigten Dichtungen bieten eine hervorragende Best\u00e4ndigkeit gegen Hitze, Druck und Abgase und gew\u00e4hrleisten eine dauerhafte und zuverl\u00e4ssige Leistung.<\/p>\n<h3 data-start=\"914\" data-end=\"953\">Ersetzt Volvo Penta Teilenummern<\/h3>\n<ul data-start=\"954\" data-end=\"987\">\n<li data-start=\"954\" data-end=\"965\">\n<p data-start=\"956\" data-end=\"965\">3582563<\/p>\n<\/li>\n<li data-start=\"966\" data-end=\"976\">\n<p data-start=\"968\" data-end=\"976\">876108<\/p>\n<\/li>\n<li data-start=\"977\" data-end=\"987\">\n<p data-start=\"979\" data-end=\"987\">876312<\/p>\n<\/li>\n<\/ul>\n<h3 data-start=\"1221\" data-end=\"1257\">Kompatible Volvo Penta-Motoren<\/h3>\n<p data-start=\"1259\" data-end=\"1281\"><strong data-start=\"1259\" data-end=\"1279\">AQ \/ AQAD Serie<\/strong><\/p>\n<ul data-start=\"1282\" data-end=\"1316\">\n<li data-start=\"1282\" data-end=\"1292\">\n<p data-start=\"1284\" data-end=\"1292\">AQD41A<\/p>\n<\/li>\n<li data-start=\"1293\" data-end=\"1304\">\n<p data-start=\"1295\" data-end=\"1304\">AQAD31A<\/p>\n<\/li>\n<li data-start=\"1305\" data-end=\"1316\">\n<p data-start=\"1307\" data-end=\"1316\">AQAD41A<\/p>\n<\/li>\n<\/ul>\n<p data-start=\"1318\" data-end=\"1337\"><strong data-start=\"1318\" data-end=\"1335\">AD \/ D Serie<\/strong><\/p>\n<ul data-start=\"1338\" data-end=\"1436\">\n<li data-start=\"1338\" data-end=\"1349\">\n<p data-start=\"1340\" data-end=\"1349\">AD31P-A<\/p>\n<\/li>\n<li data-start=\"1350\" data-end=\"1361\">\n<p data-start=\"1352\" data-end=\"1361\">AD31L-A<\/p>\n<\/li>\n<li data-start=\"1362\" data-end=\"1371\">\n<p data-start=\"1364\" data-end=\"1371\">AD41B<\/p>\n<\/li>\n<li data-start=\"1372\" data-end=\"1383\">\n<p data-start=\"1374\" data-end=\"1383\">AD41L-A<\/p>\n<\/li>\n<li data-start=\"1384\" data-end=\"1392\">\n<p data-start=\"1386\" data-end=\"1392\">D31B<\/p>\n<\/li>\n<li data-start=\"1393\" data-end=\"1401\">\n<p data-start=\"1395\" data-end=\"1401\">D41B<\/p>\n<\/li>\n<li data-start=\"1402\" data-end=\"1412\">\n<p data-start=\"1404\" data-end=\"1412\">D41L-A<\/p>\n<\/li>\n<li data-start=\"1413\" data-end=\"1420\">\n<p data-start=\"1415\" data-end=\"1420\">D42<\/p>\n<\/li>\n<li data-start=\"1421\" data-end=\"1428\">\n<p data-start=\"1423\" data-end=\"1428\">D43<\/p>\n<\/li>\n<li data-start=\"1429\" data-end=\"1436\">\n<p data-start=\"1431\" data-end=\"1436\">D44<\/p>\n<\/li>\n<\/ul>\n<p data-start=\"1438\" data-end=\"1461\"><strong data-start=\"1438\" data-end=\"1459\">TMD \/ TAMD Serie<\/strong><\/p>\n<ul data-start=\"1462\" data-end=\"1663\">\n<li data-start=\"1462\" data-end=\"1472\">\n<p data-start=\"1464\" data-end=\"1472\">TMD31A<\/p>\n<\/li>\n<li data-start=\"1473\" data-end=\"1483\">\n<p data-start=\"1475\" data-end=\"1483\">TMD31B<\/p>\n<\/li>\n<li data-start=\"1484\" data-end=\"1496\">\n<p data-start=\"1486\" data-end=\"1496\">TMD31L-A<\/p>\n<\/li>\n<li data-start=\"1497\" data-end=\"1507\">\n<p data-start=\"1499\" data-end=\"1507\">TMD41A<\/p>\n<\/li>\n<li data-start=\"1508\" data-end=\"1518\">\n<p data-start=\"1510\" data-end=\"1518\">TMD41B<\/p>\n<\/li>\n<li data-start=\"1519\" data-end=\"1531\">\n<p data-start=\"1521\" data-end=\"1531\">TMD41L-A<\/p>\n<\/li>\n<li data-start=\"1532\" data-end=\"1543\">\n<p data-start=\"1534\" data-end=\"1543\">TAMD31A<\/p>\n<\/li>\n<li data-start=\"1544\" data-end=\"1555\">\n<p data-start=\"1546\" data-end=\"1555\">TAMD31B<\/p>\n<\/li>\n<li data-start=\"1556\" data-end=\"1569\">\n<p data-start=\"1558\" data-end=\"1569\">TAMD31P-A<\/p>\n<\/li>\n<li data-start=\"1570\" data-end=\"1583\">\n<p data-start=\"1572\" data-end=\"1583\">TAMD31L-A<\/p>\n<\/li>\n<li data-start=\"1584\" data-end=\"1597\">\n<p data-start=\"1586\" data-end=\"1597\">TAMD31M-A<\/p>\n<\/li>\n<li data-start=\"1598\" data-end=\"1609\">\n<p data-start=\"1600\" data-end=\"1609\">TAMD41A<\/p>\n<\/li>\n<li data-start=\"1610\" data-end=\"1621\">\n<p data-start=\"1612\" data-end=\"1621\">TAMD41B<\/p>\n<\/li>\n<li data-start=\"1622\" data-end=\"1635\">\n<p data-start=\"1624\" data-end=\"1635\">TAMD41L-A<\/p>\n<\/li>\n<li data-start=\"1636\" data-end=\"1649\">\n<p data-start=\"1638\" data-end=\"1649\">TAMD41M-A<\/p>\n<\/li>\n<li data-start=\"1650\" data-end=\"1663\">\n<p data-start=\"1652\" data-end=\"1663\">TAMD41H-A<\/p>\n<\/li>\n<\/ul>\n<p data-start=\"1665\" data-end=\"1676\"><strong data-start=\"1665\" data-end=\"1674\">Andere<\/strong><\/p>\n<ul data-start=\"1677\" data-end=\"1684\">\n<li data-start=\"1677\" data-end=\"1684\">\n<p data-start=\"1679\" data-end=\"1684\">300<\/p>\n<\/li>\n<\/ul>\n<p data-start=\"1686\" data-end=\"1778\">Fragen zur Kompatibilit\u00e4t oder Installation?  <strong data-start=\"1733\" data-end=\"1778\">Unsere Marinespezialisten helfen Ihnen gerne weiter.<\/strong><\/p>\n","protected":false},"excerpt":{"rendered":"<p>Dieser komplette Turbodichtungssatz ist f\u00fcr eine Vielzahl von Volvo Penta Motoren der Serien 31, 41, 42, 43 und 44 geeignet. Entwickelt, um eine zuverl\u00e4ssige Abdichtung des Turboladersystems bei der Wartung oder beim Austausch zu gew\u00e4hrleisten. Die nach Marinestandards gefertigten Dichtungen bieten eine hervorragende Best\u00e4ndigkeit gegen Hitze, Druck und Abgase und gew\u00e4hrleisten eine dauerhafte und zuverl\u00e4ssige [&hellip;]<\/p>\n","protected":false},"featured_media":47142,"comment_status":"open","ping_status":"closed","template":"","meta":[],"product_brand":[4230],"product_cat":[4488,2498,3037,3038,4308],"product_tag":[],"class_list":{"0":"post-47141","1":"product","2":"type-product","3":"status-publish","4":"has-post-thumbnail","6":"product_brand-volvo-penta","7":"product_cat-brauchen-sie-volvo-penta-teile","8":"product_cat-ersatzteile-fur-motoren","9":"product_cat-kits-fur-wartung-und-reparatur","10":"product_cat-motor-dichtungen","11":"product_cat-volvo-penta","12":"pa_condition-neu","13":"pa_model-ad31","14":"pa_model-ad41","15":"pa_model-aqad31","16":"pa_model-aqad41","17":"pa_model-aqd41","18":"pa_model-d41","19":"pa_model-tamd31","20":"pa_model-tamd41","21":"pa_model-tmd31","22":"pa_model-tmd41","23":"pa_oem-or-aftermarket-aftermarket","25":"first","26":"onbackorder","27":"taxable","28":"shipping-taxable","29":"purchasable","30":"product-type-simple"},"supplier_id":7294,"supplier_sku":"REC3582563","barcode":null,"atum_controlled":true,"out_stock_date":"2026-02-18 08:40:12","out_stock_threshold":null,"inheritable":false,"inbound_stock":0,"stock_on_hold":0,"sold_today":0,"sales_last_days":0,"reserved_stock":0,"customer_returns":0,"warehouse_damage":0,"lost_in_post":0,"other_logs":0,"out_stock_days":30,"lost_sales":0,"has_location":false,"update_date":"2026-03-20T11:17:07","atum_locations":[],"atum_stock_status":"onbackorder","restock_status":false,"low_stock_amount":0,"sales_update_date":"2026-03-20T11:17:07","calc_backorders":null,"_links":{"self":[{"href":"https:\/\/mps.digital-monkey.in\/de\/wp-json\/wp\/v2\/product\/47141","targetHints":{"allow":["GET"]}}],"collection":[{"href":"https:\/\/mps.digital-monkey.in\/de\/wp-json\/wp\/v2\/product"}],"about":[{"href":"https:\/\/mps.digital-monkey.in\/de\/wp-json\/wp\/v2\/types\/product"}],"replies":[{"embeddable":true,"href":"https:\/\/mps.digital-monkey.in\/de\/wp-json\/wp\/v2\/comments?post=47141"}],"wp:featuredmedia":[{"embeddable":true,"href":"https:\/\/mps.digital-monkey.in\/de\/wp-json\/wp\/v2\/media\/47142"}],"wp:attachment":[{"href":"https:\/\/mps.digital-monkey.in\/de\/wp-json\/wp\/v2\/media?parent=47141"}],"wp:term":[{"taxonomy":"product_brand","embeddable":true,"href":"https:\/\/mps.digital-monkey.in\/de\/wp-json\/wp\/v2\/product_brand?post=47141"},{"taxonomy":"product_cat","embeddable":true,"href":"https:\/\/mps.digital-monkey.in\/de\/wp-json\/wp\/v2\/product_cat?post=47141"},{"taxonomy":"product_tag","embeddable":true,"href":"https:\/\/mps.digital-monkey.in\/de\/wp-json\/wp\/v2\/product_tag?post=47141"}],"curies":[{"name":"wp","href":"https:\/\/api.w.org\/{rel}","templated":true}]}}