{"id":47159,"date":"2026-02-18T09:58:00","date_gmt":"2026-02-18T09:58:00","guid":{"rendered":"https:\/\/mps.digital-monkey.in\/product\/kraftstofffiltereinsatz-fuer-bukh-dv10-dv20-610d0053\/"},"modified":"2026-02-18T09:58:00","modified_gmt":"2026-02-18T09:58:00","slug":"kraftstofffiltereinsatz-fuer-bukh-dv10-dv20-610d0053","status":"publish","type":"product","link":"https:\/\/mps.digital-monkey.in\/de\/product\/kraftstofffiltereinsatz-fuer-bukh-dv10-dv20-610d0053\/","title":{"rendered":"Kraftstofffiltereinsatz f\u00fcr Bukh DV10 \/ DV20 &#8211; 610D0053"},"content":{"rendered":"<p data-start=\"458\" data-end=\"590\">Dieser <strong data-start=\"463\" data-end=\"485\">Kraftstofffiltereinsatz<\/strong> ist f\u00fcr die Bukh DV10 und DV20 Schiffsdieselmotoren geeignet. Er ersetzt die <strong data-start=\"560\" data-end=\"589\">Bukh Teilenummer 610D0053<\/strong>. <\/p>\n<p data-start=\"592\" data-end=\"738\">Entwickelt f\u00fcr eine zuverl\u00e4ssige Kraftstofffiltration, die das Einspritzsystem vor Schmutz und Verunreinigungen sch\u00fctzt und gleichzeitig eine reibungslose Motorleistung gew\u00e4hrleistet.<\/p>\n<p data-start=\"740\" data-end=\"794\">Ideal f\u00fcr die routinem\u00e4\u00dfige Wartung und planm\u00e4\u00dfige Instandhaltung.<\/p>\n<h3 data-start=\"796\" data-end=\"827\">Ersetzt die Bukh Teilenummer<\/h3>\n<ul data-start=\"828\" data-end=\"840\">\n<li data-start=\"828\" data-end=\"840\">\n<p data-start=\"830\" data-end=\"840\">610D0053<\/p>\n<\/li>\n<\/ul>\n<h3 data-start=\"842\" data-end=\"883\">Warum sollten Sie diesen Kraftstofffiltereinsatz w\u00e4hlen?<\/h3>\n<ul data-start=\"884\" data-end=\"1045\">\n<li data-start=\"884\" data-end=\"918\">\n<p data-start=\"886\" data-end=\"918\">Genaue Passform f\u00fcr DV10 und DV20<\/p>\n<\/li>\n<li data-start=\"919\" data-end=\"947\">\n<p data-start=\"921\" data-end=\"947\">Zuverl\u00e4ssige Kraftstofffiltration<\/p>\n<\/li>\n<li data-start=\"948\" data-end=\"986\">\n<p data-start=\"950\" data-end=\"986\">Sch\u00fctzt Einspritzd\u00fcsen und Kraftstoffsystem<\/p>\n<\/li>\n<li data-start=\"987\" data-end=\"1016\">\n<p data-start=\"989\" data-end=\"1016\">Ausgezeichnetes Preis-Leistungs-Verh\u00e4ltnis<\/p>\n<\/li>\n<li data-start=\"1017\" data-end=\"1045\">\n<p data-start=\"1019\" data-end=\"1045\">Schnelle Lieferung ab Lager<\/p>\n<\/li>\n<\/ul>\n<h3 data-start=\"1047\" data-end=\"1071\">Kompatible Motoren<\/h3>\n<ul data-start=\"1072\" data-end=\"1099\">\n<li data-start=\"1072\" data-end=\"1085\">\n<p data-start=\"1074\" data-end=\"1085\">Bukh DV10<\/p>\n<\/li>\n<li data-start=\"1086\" data-end=\"1099\">\n<p data-start=\"1088\" data-end=\"1099\">Bukh DV20<\/p>\n<\/li>\n<\/ul>\n<p data-start=\"1101\" data-end=\"1198\">Fragen zur Kompatibilit\u00e4t oder zu den Wartungsintervallen?  <strong data-start=\"1153\" data-end=\"1198\">Unsere Marinespezialisten helfen Ihnen gerne weiter.<\/strong><\/p>\n","protected":false},"excerpt":{"rendered":"<p>Dieser Kraftstofffiltereinsatz ist f\u00fcr die Bukh DV10 und DV20 Schiffsdieselmotoren geeignet. Er ersetzt die Bukh Teilenummer 610D0053. Entwickelt f\u00fcr eine zuverl\u00e4ssige Kraftstofffiltration, die das Einspritzsystem vor Schmutz und Verunreinigungen sch\u00fctzt und gleichzeitig eine reibungslose Motorleistung gew\u00e4hrleistet. Ideal f\u00fcr die routinem\u00e4\u00dfige Wartung und planm\u00e4\u00dfige Instandhaltung. Ersetzt die Bukh Teilenummer 610D0053 Warum sollten Sie diesen Kraftstofffiltereinsatz w\u00e4hlen? [&hellip;]<\/p>\n","protected":false},"featured_media":47160,"comment_status":"open","ping_status":"closed","template":"","meta":[],"product_brand":[4456],"product_cat":[2498,2681],"product_tag":[],"class_list":{"0":"post-47159","1":"product","2":"type-product","3":"status-publish","4":"has-post-thumbnail","6":"product_brand-bukh","7":"product_cat-ersatzteile-fur-motoren","8":"product_cat-kraftstofffilter","9":"pa_condition-neu","10":"pa_model-dv10","11":"pa_model-dv20","12":"pa_oem-or-aftermarket-aftermarket","14":"first","15":"onbackorder","16":"sale","17":"taxable","18":"shipping-taxable","19":"purchasable","20":"product-type-simple"},"supplier_id":null,"supplier_sku":"P715","barcode":null,"atum_controlled":true,"out_stock_date":"2026-02-18 09:58:05","out_stock_threshold":null,"inheritable":false,"inbound_stock":0,"stock_on_hold":0,"sold_today":0,"sales_last_days":0,"reserved_stock":0,"customer_returns":0,"warehouse_damage":0,"lost_in_post":0,"other_logs":0,"out_stock_days":30,"lost_sales":0,"has_location":false,"update_date":"2026-03-20T11:17:07","atum_locations":[],"atum_stock_status":"onbackorder","restock_status":false,"low_stock_amount":0,"sales_update_date":"2026-03-20T11:17:07","calc_backorders":null,"_links":{"self":[{"href":"https:\/\/mps.digital-monkey.in\/de\/wp-json\/wp\/v2\/product\/47159","targetHints":{"allow":["GET"]}}],"collection":[{"href":"https:\/\/mps.digital-monkey.in\/de\/wp-json\/wp\/v2\/product"}],"about":[{"href":"https:\/\/mps.digital-monkey.in\/de\/wp-json\/wp\/v2\/types\/product"}],"replies":[{"embeddable":true,"href":"https:\/\/mps.digital-monkey.in\/de\/wp-json\/wp\/v2\/comments?post=47159"}],"wp:featuredmedia":[{"embeddable":true,"href":"https:\/\/mps.digital-monkey.in\/de\/wp-json\/wp\/v2\/media\/47160"}],"wp:attachment":[{"href":"https:\/\/mps.digital-monkey.in\/de\/wp-json\/wp\/v2\/media?parent=47159"}],"wp:term":[{"taxonomy":"product_brand","embeddable":true,"href":"https:\/\/mps.digital-monkey.in\/de\/wp-json\/wp\/v2\/product_brand?post=47159"},{"taxonomy":"product_cat","embeddable":true,"href":"https:\/\/mps.digital-monkey.in\/de\/wp-json\/wp\/v2\/product_cat?post=47159"},{"taxonomy":"product_tag","embeddable":true,"href":"https:\/\/mps.digital-monkey.in\/de\/wp-json\/wp\/v2\/product_tag?post=47159"}],"curies":[{"name":"wp","href":"https:\/\/api.w.org\/{rel}","templated":true}]}}